{"id":5326,"date":"2019-11-09T18:05:38","date_gmt":"2019-11-09T17:05:38","guid":{"rendered":"http:\/\/meeplendice.net\/?page_id=5326"},"modified":"2020-09-02T11:34:48","modified_gmt":"2020-09-02T10:34:48","slug":"terreurs-nocturnes","status":"publish","type":"page","link":"https:\/\/meeplendice.net\/?page_id=5326","title":{"rendered":"Terreurs Nocturnes"},"content":{"rendered":"<div class=\"p_collection\">\n<div class=\"p_collection\">\n<div class=\"p_collection\">\n<p><em>Ne vous Endormez Pas !<\/em><\/p>\n<p><em>Aux heures les plus noires de la nuit, alors que les bonnes gens d\u2019Arkham dorment derri\u00e8re leurs portes closes et leurs volets baiss\u00e9s, les zones d\u2019ombre et les lieux pa\u00efens sont le th\u00e9\u00e2tre de rassemblements d\u2019individus aux desseins malveillants et aux intentions hostiles. Qui s\u2019\u00e9l\u00e8vera contre les criminels sans foi ni loi et les cultes malsains dont le seul objectif est de mener \u00e0 bien leurs sinistres projets\u00a0?<\/em><\/p>\n<p>Terreurs Nocturnes d\u00e9veloppe l\u2019exp\u00e9rience propos\u00e9e dans la bo\u00eete de base d\u2019Horreur \u00e0 Arkham en doublant le nombre de cartes Rencontre disponibles et en ajoutant des investigateurs et sc\u00e9narios in\u00e9dits. Les joueurs pourront ainsi vivre de nouvelles interactions avec l\u2019histoire et la population d\u2019Arkham dans leur lutte pour sauver la ville et le monde entier des maux ant\u00e9diluviens qui les menacent.<\/p>\n<\/div>\n<\/div>\n<\/div>\n<p>&nbsp;<\/p>\n<p><span id=\"result_box\" class=\"\" lang=\"fr\"><span class=\"\">\u00a0<\/span><\/span><\/p>\n","protected":false},"excerpt":{"rendered":"<p>Ne vous Endormez Pas ! Aux heures les plus noires de la nuit, alors que les bonnes gens d\u2019Arkham dorment derri\u00e8re leurs portes closes et leurs volets baiss\u00e9s, les zones d\u2019ombre et les lieux pa\u00efens sont le th\u00e9\u00e2tre de rassemblements d\u2019individus aux desseins malveillants et aux intentions hostiles. Qui s\u2019\u00e9l\u00e8vera contre les criminels sans foi ni loi et les cultes malsains dont le seul objectif est de mener \u00e0 bien leurs sinistres projets\u00a0? Terreurs Nocturnes d\u00e9veloppe l\u2019exp\u00e9rience propos\u00e9e dans la bo\u00eete de base d\u2019Horreur \u00e0 Arkham en doublant le nombre de cartes Rencontre disponibles et en ajoutant des investigateurs et sc\u00e9narios in\u00e9dits. Les joueurs pourront ainsi vivre de nouvelles interactions avec l\u2019histoire et la population d\u2019Arkham dans leur lutte pour sauver la ville et le monde entier des maux ant\u00e9diluviens qui les menacent. &nbsp; \u00a0<\/p>\n","protected":false},"author":2,"featured_media":5291,"parent":4928,"menu_order":1,"comment_status":"closed","ping_status":"closed","template":"","meta":{"footnotes":""},"class_list":["post-5326","page","type-page","status-publish","has-post-thumbnail","hentry"],"acf":[],"rttpg_featured_image_url":{"full":["https:\/\/meeplendice.net\/wp-content\/uploads\/2019\/11\/HaAv3_TerreursNocturnes.png",350,350,false],"landscape":["https:\/\/meeplendice.net\/wp-content\/uploads\/2019\/11\/HaAv3_TerreursNocturnes.png",350,350,false],"portraits":["https:\/\/meeplendice.net\/wp-content\/uploads\/2019\/11\/HaAv3_TerreursNocturnes.png",350,350,false],"thumbnail":["https:\/\/meeplendice.net\/wp-content\/uploads\/2019\/11\/HaAv3_TerreursNocturnes-150x150.png",150,150,true],"medium":["https:\/\/meeplendice.net\/wp-content\/uploads\/2019\/11\/HaAv3_TerreursNocturnes-300x300.png",300,300,true],"large":["https:\/\/meeplendice.net\/wp-content\/uploads\/2019\/11\/HaAv3_TerreursNocturnes.png",350,350,false],"ug_big":["https:\/\/meeplendice.net\/wp-content\/uploads\/2019\/11\/HaAv3_TerreursNocturnes.png",350,350,false],"1536x1536":["https:\/\/meeplendice.net\/wp-content\/uploads\/2019\/11\/HaAv3_TerreursNocturnes.png",350,350,false],"2048x2048":["https:\/\/meeplendice.net\/wp-content\/uploads\/2019\/11\/HaAv3_TerreursNocturnes.png",350,350,false],"ashe-slider-grid-thumbnail":["https:\/\/meeplendice.net\/wp-content\/uploads\/2019\/11\/HaAv3_TerreursNocturnes.png",350,350,false],"ashe-full-thumbnail":["https:\/\/meeplendice.net\/wp-content\/uploads\/2019\/11\/HaAv3_TerreursNocturnes.png",350,350,false],"ashe-grid-thumbnail":["https:\/\/meeplendice.net\/wp-content\/uploads\/2019\/11\/HaAv3_TerreursNocturnes-350x330.png",350,330,true],"ashe-list-thumbnail":["https:\/\/meeplendice.net\/wp-content\/uploads\/2019\/11\/HaAv3_TerreursNocturnes-300x300.png",300,300,true],"ashe-single-navigation":["https:\/\/meeplendice.net\/wp-content\/uploads\/2019\/11\/HaAv3_TerreursNocturnes-75x75.png",75,75,true],"mailpoet_newsletter_max":["https:\/\/meeplendice.net\/wp-content\/uploads\/2019\/11\/HaAv3_TerreursNocturnes.png",350,350,false],"rpwe-thumbnail":["https:\/\/meeplendice.net\/wp-content\/uploads\/2019\/11\/HaAv3_TerreursNocturnes-45x45.png",45,45,true],"sow-carousel-default":["https:\/\/meeplendice.net\/wp-content\/uploads\/2019\/11\/HaAv3_TerreursNocturnes-272x182.png",272,182,true],"rt_custom":["https:\/\/meeplendice.net\/wp-content\/uploads\/2019\/11\/HaAv3_TerreursNocturnes.png",350,350,false]},"rttpg_author":{"display_name":"Karnby","author_link":"https:\/\/meeplendice.net\/?author=2"},"rttpg_comment":0,"rttpg_category":null,"rttpg_excerpt":"Ne vous Endormez Pas ! Aux heures les plus noires de la nuit, alors que les bonnes gens d\u2019Arkham dorment derri\u00e8re leurs portes closes et leurs volets baiss\u00e9s, les zones d\u2019ombre et les lieux pa\u00efens sont le th\u00e9\u00e2tre de rassemblements d\u2019individus aux desseins malveillants et aux intentions hostiles. Qui s\u2019\u00e9l\u00e8vera contre les criminels sans foi\u2026","_links":{"self":[{"href":"https:\/\/meeplendice.net\/index.php?rest_route=\/wp\/v2\/pages\/5326","targetHints":{"allow":["GET"]}}],"collection":[{"href":"https:\/\/meeplendice.net\/index.php?rest_route=\/wp\/v2\/pages"}],"about":[{"href":"https:\/\/meeplendice.net\/index.php?rest_route=\/wp\/v2\/types\/page"}],"author":[{"embeddable":true,"href":"https:\/\/meeplendice.net\/index.php?rest_route=\/wp\/v2\/users\/2"}],"replies":[{"embeddable":true,"href":"https:\/\/meeplendice.net\/index.php?rest_route=%2Fwp%2Fv2%2Fcomments&post=5326"}],"version-history":[{"count":2,"href":"https:\/\/meeplendice.net\/index.php?rest_route=\/wp\/v2\/pages\/5326\/revisions"}],"predecessor-version":[{"id":6647,"href":"https:\/\/meeplendice.net\/index.php?rest_route=\/wp\/v2\/pages\/5326\/revisions\/6647"}],"up":[{"embeddable":true,"href":"https:\/\/meeplendice.net\/index.php?rest_route=\/wp\/v2\/pages\/4928"}],"wp:featuredmedia":[{"embeddable":true,"href":"https:\/\/meeplendice.net\/index.php?rest_route=\/wp\/v2\/media\/5291"}],"wp:attachment":[{"href":"https:\/\/meeplendice.net\/index.php?rest_route=%2Fwp%2Fv2%2Fmedia&parent=5326"}],"curies":[{"name":"wp","href":"https:\/\/api.w.org\/{rel}","templated":true}]}}