{"id":5330,"date":"2019-11-09T18:12:51","date_gmt":"2019-11-09T17:12:51","guid":{"rendered":"http:\/\/meeplendice.net\/?page_id=5330"},"modified":"2020-11-22T16:33:18","modified_gmt":"2020-11-22T15:33:18","slug":"tiny-epic-defenders","status":"publish","type":"page","link":"https:\/\/meeplendice.net\/?page_id=5330","title":{"rendered":"Tiny Epic Defenders"},"content":{"rendered":"<div id=\"pl-5330\"  class=\"panel-layout\" ><div id=\"pg-5330-0\"  class=\"panel-grid panel-no-style\" ><div id=\"pgc-5330-0-0\"  class=\"panel-grid-cell\" ><div id=\"panel-5330-0-0-0\" class=\"so-panel widget widget_sow-editor panel-first-child panel-last-child\" data-index=\"0\" ><div\n\t\t\t\n\t\t\tclass=\"so-widget-sow-editor so-widget-sow-editor-base\"\n\t\t\t\n\t\t>\n<div class=\"siteorigin-widget-tinymce textwidget\">\n\t<p style=\"text-align: center;\"><strong>Nombre de joueurs :<\/strong><br \/>\n1 - 4<\/p>\n<\/div>\n<\/div><\/div><\/div><div id=\"pgc-5330-0-1\"  class=\"panel-grid-cell\" ><div id=\"panel-5330-0-1-0\" class=\"so-panel widget widget_sow-editor panel-first-child panel-last-child\" data-index=\"1\" ><div\n\t\t\t\n\t\t\tclass=\"so-widget-sow-editor so-widget-sow-editor-base\"\n\t\t\t\n\t\t>\n<div class=\"siteorigin-widget-tinymce textwidget\">\n\t<p style=\"text-align: center;\"><strong>Dur\u00e9e moyenne :<\/strong><br \/>\n30 min<\/p>\n<\/div>\n<\/div><\/div><\/div><div id=\"pgc-5330-0-2\"  class=\"panel-grid-cell\" ><div id=\"panel-5330-0-2-0\" class=\"so-panel widget widget_sow-editor panel-first-child panel-last-child\" data-index=\"2\" ><div\n\t\t\t\n\t\t\tclass=\"so-widget-sow-editor so-widget-sow-editor-base\"\n\t\t\t\n\t\t>\n<div class=\"siteorigin-widget-tinymce textwidget\">\n\t<p style=\"text-align: center;\"><strong>Age :<\/strong><br \/>\n14 ans et plus<\/p>\n<\/div>\n<\/div><\/div><\/div><\/div><div id=\"pg-5330-1\"  class=\"panel-grid panel-no-style\" ><div id=\"pgc-5330-1-0\"  class=\"panel-grid-cell\" ><div id=\"panel-5330-1-0-0\" class=\"so-panel widget widget_sow-editor panel-first-child panel-last-child\" data-index=\"3\" ><div\n\t\t\t\n\t\t\tclass=\"so-widget-sow-editor so-widget-sow-editor-base\"\n\t\t\t\n\t\t>\n<div class=\"siteorigin-widget-tinymce textwidget\">\n\t<p style=\"text-align: center;\"><strong>Auteur(s) :<br \/>\n<\/strong>Scott Almes<\/p>\n<\/div>\n<\/div><\/div><\/div><div id=\"pgc-5330-1-1\"  class=\"panel-grid-cell\" ><div id=\"panel-5330-1-1-0\" class=\"so-panel widget widget_sow-editor panel-first-child panel-last-child\" data-index=\"4\" ><div\n\t\t\t\n\t\t\tclass=\"so-widget-sow-editor so-widget-sow-editor-base\"\n\t\t\t\n\t\t>\n<div class=\"siteorigin-widget-tinymce textwidget\">\n\t<p style=\"text-align: center;\"><strong>Illustrations :<\/strong><br \/>\nIan Rosenthaler<\/p>\n<\/div>\n<\/div><\/div><\/div><div id=\"pgc-5330-1-2\"  class=\"panel-grid-cell\" ><div id=\"panel-5330-1-2-0\" class=\"so-panel widget widget_sow-editor panel-first-child panel-last-child\" data-index=\"5\" ><div\n\t\t\t\n\t\t\tclass=\"so-widget-sow-editor so-widget-sow-editor-base\"\n\t\t\t\n\t\t>\n<div class=\"siteorigin-widget-tinymce textwidget\">\n\t<p style=\"text-align: center;\"><strong>\u00c9dition :<\/strong><br \/>\nGamelyn Games<br \/>\nPixie Games<br \/>\n2019<\/p>\n<\/div>\n<\/div><\/div><\/div><div id=\"pgc-5330-1-3\"  class=\"panel-grid-cell\" ><div id=\"panel-5330-1-3-0\" class=\"so-panel widget widget_sow-editor panel-first-child panel-last-child\" data-index=\"6\" ><div\n\t\t\t\n\t\t\tclass=\"so-widget-sow-editor so-widget-sow-editor-base\"\n\t\t\t\n\t\t>\n<div class=\"siteorigin-widget-tinymce textwidget\">\n\t<p style=\"text-align: center;\"><strong>Version :<\/strong><br \/>\nFran\u00e7aise<\/p>\n<\/div>\n<\/div><\/div><\/div><\/div><div id=\"pg-5330-2\"  class=\"panel-grid panel-no-style\" ><div id=\"pgc-5330-2-0\"  class=\"panel-grid-cell\" ><div id=\"panel-5330-2-0-0\" class=\"so-panel widget widget_sow-editor panel-first-child panel-last-child\" data-index=\"7\" ><div\n\t\t\t\n\t\t\tclass=\"so-widget-sow-editor so-widget-sow-editor-base\"\n\t\t\t\n\t\t>\n<div class=\"siteorigin-widget-tinymce textwidget\">\n\t<hr \/>\n<p>Apr\u00e8s la Grande Guerre, la brillante cit\u00e9 d'Edenmoore, au c\u0153ur des terres d'Aughmoore, fut \u00e9rig\u00e9e comme Capitale et toutes les factions du royaume r\u00e9pondirent \u00e0 son appel. Enfin, le monde \u00e9tait en paix... mais gu\u00e8re pour longtemps.<\/p>\n<p>Une sombre temp\u00eate enfle aux fronti\u00e8res de la Capitale, et au c\u0153ur de cette obscurit\u00e9 grandissante, grouillent des D\u00e9mons.<\/p>\n<\/div>\n<\/div><\/div><\/div><\/div><div id=\"pg-5330-3\"  class=\"panel-grid panel-no-style\" ><div id=\"pgc-5330-3-0\"  class=\"panel-grid-cell\" ><div id=\"panel-5330-3-0-0\" class=\"so-panel widget widget_sow-editor panel-first-child panel-last-child\" data-index=\"8\" ><div\n\t\t\t\n\t\t\tclass=\"so-widget-sow-editor so-widget-sow-editor-base\"\n\t\t\t\n\t\t>\n<div class=\"siteorigin-widget-tinymce textwidget\">\n\t<hr \/>\n<p style=\"text-align: center;\"><strong>En vid\u00e9o<\/strong><\/p>\n<\/div>\n<\/div><\/div><\/div><div id=\"pgc-5330-3-1\"  class=\"panel-grid-cell\" ><div id=\"panel-5330-3-1-0\" class=\"so-panel widget widget_sow-editor panel-first-child panel-last-child\" data-index=\"9\" ><div\n\t\t\t\n\t\t\tclass=\"so-widget-sow-editor so-widget-sow-editor-base\"\n\t\t\t\n\t\t>\n<div class=\"siteorigin-widget-tinymce textwidget\">\n\t<hr \/>\n<p style=\"text-align: center;\"><strong>Extension(s)<\/strong><\/p>\n<p>&nbsp;<\/p>\n<style type='text\/css' media='all'>#rt-tpg-container-2779903008 .read-more a{border-radius:px;}#rt-tpg-container-2779903008 .rt-img-holder img.rt-img-responsive,#rt-tpg-container-2779903008 .rt-img-holder,\n\t\t\t\t\t#rt-tpg-container-2779903008 .rt-post-overlay .post-img,\n\t\t\t\t\t#rt-tpg-container-2779903008 .post-sm .post-img,\n\t\t\t\t\t#rt-tpg-container-2779903008 .rt-post-grid .post-img,\n\t\t\t\t\t#rt-tpg-container-2779903008 .post-img img {border-radius:px;}#rt-tpg-container-2779903008 .layout9 .rt-holder h2.entry-title,\n\t\t\t\t\t#rt-tpg-container-2779903008 .layout9 .rt-holder h3.entry-title,\n\t\t\t\t\t#rt-tpg-container-2779903008 .layout9 .rt-holder h4.entry-title,\n\t\t\t\t\t#rt-tpg-container-2779903008 .layout9 .rt-holder h2.entry-title a,\n\t\t\t\t\t#rt-tpg-container-2779903008 .layout9 .rt-holder h3.entry-title a,\n\t\t\t\t\t#rt-tpg-container-2779903008 .layout9 .rt-holder h4.entry-title a,\n\t\t\t\t\t#rt-tpg-container-2779903008 .rt-holder .rt-woo-info h2 a,\n\t\t\t\t\t#rt-tpg-container-2779903008 .rt-holder .rt-woo-info h3 a,\n\t\t\t\t\t#rt-tpg-container-2779903008 .rt-holder .rt-woo-info h4 a,\n\t\t\t\t\t#rt-tpg-container-2779903008 .post-content .post-title,\n\t\t\t\t\t#rt-tpg-container-2779903008 .rt-post-grid .post-title,\n\t\t\t\t\t#rt-tpg-container-2779903008 .rt-post-grid .post-title a,\n\t\t\t\t\t#rt-tpg-container-2779903008 .post-content .post-title a,\n\t\t\t\t\t#rt-tpg-container-2779903008 .rt-holder .rt-woo-info h2,\n\t\t\t\t\t#rt-tpg-container-2779903008 .rt-holder .rt-woo-info h3,\n\t\t\t\t\t#rt-tpg-container-2779903008 .rt-holder .rt-woo-info h4{font-size:16px;line-height:26px;font-weight:normal;text-align:center;}#rt-tpg-container-2779903008 .post-grid-lg-style-1 .post-title,\n\t\t\t\t\t\t#rt-tpg-container-2779903008 .post-grid-lg-style-1 .post-title a,\n\t\t\t\t\t\t#rt-tpg-container-2779903008 .big-layout .post-title,\n\t\t\t\t\t\t#rt-tpg-container-2779903008 .big-layout .post-title a,\n\t\t\t\t\t\t#rt-tpg-container-2779903008 .post-grid-lg-style-1 .post-title,\n\t\t\t\t\t\t#rt-tpg-container-2779903008 .post-grid-lg-style-1 .post-title a {font-size:24px;line-height:34px;}<\/style><div class='rt-container-fluid rt-tpg-container tpg-shortcode-main-wrapper ' id='rt-tpg-container-2779903008'   data-layout='layout9' data-grid-style='even' data-desktop-col='3'  data-tab-col='2'  data-mobile-col='1' data-sc-id='5334'><div data-title='Loading ...' class='rt-row rt-content-loader   layout9 tpg-even '><div class=\"rt-col-md-4 rt-col-sm-6 rt-col-xs-12 even-grid-item rt-grid-item img_zoom_in\" data-id=\"5335\"><div class=\"rt-holder\"><div class='overlay'><a data-id='5335' class=' tpg-single-popup' href='https:\/\/meeplendice.net\/?page_id=5335'><img loading=\"lazy\" decoding=\"async\" width=\"350\" height=\"350\" src=\"https:\/\/meeplendice.net\/wp-content\/uploads\/2019\/11\/TED_DarkWar.png\" class=\"rt-img-responsive \" alt=\"\" \/><\/a><\/div><div class='post-info'><h2 class=\"entry-title\"><a data-id=\"5335\" class=\" tpg-single-popup\" href=\"https:\/\/meeplendice.net\/?page_id=5335\">The Dark War<\/a><\/h2><div class='post-meta-user '><\/div><\/div><\/div><\/div><\/div><div class='rt-pagination-wrap' data-total-pages='1' data-posts-per-page='3' data-type='pagination_ajax'  ><div class='rt-page-numbers'><\/div><\/div><\/div>\n<\/div>\n<\/div><\/div><\/div><\/div><div id=\"pg-5330-4\"  class=\"panel-grid panel-no-style\" ><div id=\"pgc-5330-4-0\"  class=\"panel-grid-cell\" ><div id=\"panel-5330-4-0-0\" class=\"so-panel widget widget_sow-editor panel-first-child panel-last-child\" data-index=\"10\" ><div\n\t\t\t\n\t\t\tclass=\"so-widget-sow-editor so-widget-sow-editor-base\"\n\t\t\t\n\t\t>\n<div class=\"siteorigin-widget-tinymce textwidget\">\n\t<hr \/>\n<p style=\"text-align: center;\"><strong>Pour aller plus loin<\/strong><\/p>\n<\/div>\n<\/div><\/div><\/div><\/div><\/div>","protected":false},"excerpt":{"rendered":"<p>Nombre de joueurs : 1 &#8211; 4 Dur\u00e9e moyenne : 30 min Age : 14 ans et plus Auteur(s) : Scott Almes Illustrations : Ian Rosenthaler \u00c9dition : Gamelyn Games Pixie Games 2019 Version : Fran\u00e7aise<\/p>\n","protected":false},"author":2,"featured_media":5212,"parent":0,"menu_order":0,"comment_status":"closed","ping_status":"closed","template":"","meta":{"footnotes":""},"class_list":["post-5330","page","type-page","status-publish","has-post-thumbnail","hentry"],"acf":[],"rttpg_featured_image_url":{"full":["https:\/\/meeplendice.net\/wp-content\/uploads\/2019\/11\/Tinyepicdefenders.png",350,350,false],"landscape":["https:\/\/meeplendice.net\/wp-content\/uploads\/2019\/11\/Tinyepicdefenders.png",350,350,false],"portraits":["https:\/\/meeplendice.net\/wp-content\/uploads\/2019\/11\/Tinyepicdefenders.png",350,350,false],"thumbnail":["https:\/\/meeplendice.net\/wp-content\/uploads\/2019\/11\/Tinyepicdefenders-150x150.png",150,150,true],"medium":["https:\/\/meeplendice.net\/wp-content\/uploads\/2019\/11\/Tinyepicdefenders-300x300.png",300,300,true],"large":["https:\/\/meeplendice.net\/wp-content\/uploads\/2019\/11\/Tinyepicdefenders.png",350,350,false],"ug_big":["https:\/\/meeplendice.net\/wp-content\/uploads\/2019\/11\/Tinyepicdefenders.png",350,350,false],"1536x1536":["https:\/\/meeplendice.net\/wp-content\/uploads\/2019\/11\/Tinyepicdefenders.png",350,350,false],"2048x2048":["https:\/\/meeplendice.net\/wp-content\/uploads\/2019\/11\/Tinyepicdefenders.png",350,350,false],"ashe-slider-grid-thumbnail":["https:\/\/meeplendice.net\/wp-content\/uploads\/2019\/11\/Tinyepicdefenders.png",350,350,false],"ashe-full-thumbnail":["https:\/\/meeplendice.net\/wp-content\/uploads\/2019\/11\/Tinyepicdefenders.png",350,350,false],"ashe-grid-thumbnail":["https:\/\/meeplendice.net\/wp-content\/uploads\/2019\/11\/Tinyepicdefenders-350x330.png",350,330,true],"ashe-list-thumbnail":["https:\/\/meeplendice.net\/wp-content\/uploads\/2019\/11\/Tinyepicdefenders-300x300.png",300,300,true],"ashe-single-navigation":["https:\/\/meeplendice.net\/wp-content\/uploads\/2019\/11\/Tinyepicdefenders-75x75.png",75,75,true],"mailpoet_newsletter_max":["https:\/\/meeplendice.net\/wp-content\/uploads\/2019\/11\/Tinyepicdefenders.png",350,350,false],"rpwe-thumbnail":["https:\/\/meeplendice.net\/wp-content\/uploads\/2019\/11\/Tinyepicdefenders-45x45.png",45,45,true],"sow-carousel-default":["https:\/\/meeplendice.net\/wp-content\/uploads\/2019\/11\/Tinyepicdefenders-272x182.png",272,182,true],"rt_custom":["https:\/\/meeplendice.net\/wp-content\/uploads\/2019\/11\/Tinyepicdefenders.png",350,350,false]},"rttpg_author":{"display_name":"Karnby","author_link":"https:\/\/meeplendice.net\/?author=2"},"rttpg_comment":0,"rttpg_category":null,"rttpg_excerpt":"Nombre de joueurs : 1 - 4 Dur\u00e9e moyenne : 30 min Age : 14 ans et plus Auteur(s) : Scott Almes Illustrations : Ian Rosenthaler \u00c9dition : Gamelyn Games Pixie Games 2019 Version : Fran\u00e7aise","_links":{"self":[{"href":"https:\/\/meeplendice.net\/index.php?rest_route=\/wp\/v2\/pages\/5330","targetHints":{"allow":["GET"]}}],"collection":[{"href":"https:\/\/meeplendice.net\/index.php?rest_route=\/wp\/v2\/pages"}],"about":[{"href":"https:\/\/meeplendice.net\/index.php?rest_route=\/wp\/v2\/types\/page"}],"author":[{"embeddable":true,"href":"https:\/\/meeplendice.net\/index.php?rest_route=\/wp\/v2\/users\/2"}],"replies":[{"embeddable":true,"href":"https:\/\/meeplendice.net\/index.php?rest_route=%2Fwp%2Fv2%2Fcomments&post=5330"}],"version-history":[{"count":5,"href":"https:\/\/meeplendice.net\/index.php?rest_route=\/wp\/v2\/pages\/5330\/revisions"}],"predecessor-version":[{"id":7610,"href":"https:\/\/meeplendice.net\/index.php?rest_route=\/wp\/v2\/pages\/5330\/revisions\/7610"}],"wp:featuredmedia":[{"embeddable":true,"href":"https:\/\/meeplendice.net\/index.php?rest_route=\/wp\/v2\/media\/5212"}],"wp:attachment":[{"href":"https:\/\/meeplendice.net\/index.php?rest_route=%2Fwp%2Fv2%2Fmedia&parent=5330"}],"curies":[{"name":"wp","href":"https:\/\/api.w.org\/{rel}","templated":true}]}}