{"id":5335,"date":"2019-11-09T18:18:13","date_gmt":"2019-11-09T17:18:13","guid":{"rendered":"http:\/\/meeplendice.net\/?page_id=5335"},"modified":"2020-11-22T16:33:40","modified_gmt":"2020-11-22T15:33:40","slug":"the-dark-war","status":"publish","type":"page","link":"https:\/\/meeplendice.net\/?page_id=5335","title":{"rendered":"The Dark War"},"content":{"rendered":"<div class=\"p_collection\">\n<div class=\"p_collection\">\n<div class=\"p_collection\">La Guerre Noire a infect\u00e9 Aughmoore. Ce mal contagieux n&rsquo;a pu \u00eatre contenu hors de nos fronti\u00e8res et ses t\u00e9n\u00e8bres se r\u00e9pandent maintenant dans chaque r\u00e9gion, laissant les villages et les fermes en ruines. Les r\u00e9fugi\u00e9s s&rsquo;entassent dans les Caravanes et partent trouver refuge en Edenmoore. Mais une mort avide les traque et aura t\u00f4t fait de rattraper ces attelages trop lentes et trop vieux.<\/div>\n<div><\/div>\n<\/div>\n<div>Aughmoore n&rsquo;a jamais eu plus grand besoin ses D\u00e9fenseurs. Nous devons nous lever, nous unir et une fois encore tenter l&rsquo;impossible pour pr\u00e9server le peu d&rsquo;esprit qu&rsquo;il nous reste et prot\u00e9ger les d\u00e9j\u00e0 trop rares survivants&#8230;<\/div>\n<\/div>\n","protected":false},"excerpt":{"rendered":"<p>La Guerre Noire a infect\u00e9 Aughmoore. Ce mal contagieux n&rsquo;a pu \u00eatre contenu hors de nos fronti\u00e8res et ses t\u00e9n\u00e8bres se r\u00e9pandent maintenant dans chaque r\u00e9gion, laissant les villages et les fermes en ruines. Les r\u00e9fugi\u00e9s s&rsquo;entassent dans les Caravanes et partent trouver refuge en Edenmoore. Mais une mort avide les traque et aura t\u00f4t fait de rattraper ces attelages trop lentes et trop vieux. Aughmoore n&rsquo;a jamais eu plus grand besoin ses D\u00e9fenseurs. Nous devons nous lever, nous unir et une fois encore tenter l&rsquo;impossible pour pr\u00e9server le peu d&rsquo;esprit qu&rsquo;il nous reste et prot\u00e9ger les d\u00e9j\u00e0 trop rares survivants&#8230;<\/p>\n","protected":false},"author":2,"featured_media":5294,"parent":5330,"menu_order":1,"comment_status":"closed","ping_status":"closed","template":"","meta":{"footnotes":""},"class_list":["post-5335","page","type-page","status-publish","has-post-thumbnail","hentry"],"acf":[],"rttpg_featured_image_url":{"full":["https:\/\/meeplendice.net\/wp-content\/uploads\/2019\/11\/TED_DarkWar.png",350,350,false],"landscape":["https:\/\/meeplendice.net\/wp-content\/uploads\/2019\/11\/TED_DarkWar.png",350,350,false],"portraits":["https:\/\/meeplendice.net\/wp-content\/uploads\/2019\/11\/TED_DarkWar.png",350,350,false],"thumbnail":["https:\/\/meeplendice.net\/wp-content\/uploads\/2019\/11\/TED_DarkWar-150x150.png",150,150,true],"medium":["https:\/\/meeplendice.net\/wp-content\/uploads\/2019\/11\/TED_DarkWar-300x300.png",300,300,true],"large":["https:\/\/meeplendice.net\/wp-content\/uploads\/2019\/11\/TED_DarkWar.png",350,350,false],"ug_big":["https:\/\/meeplendice.net\/wp-content\/uploads\/2019\/11\/TED_DarkWar.png",350,350,false],"1536x1536":["https:\/\/meeplendice.net\/wp-content\/uploads\/2019\/11\/TED_DarkWar.png",350,350,false],"2048x2048":["https:\/\/meeplendice.net\/wp-content\/uploads\/2019\/11\/TED_DarkWar.png",350,350,false],"ashe-slider-grid-thumbnail":["https:\/\/meeplendice.net\/wp-content\/uploads\/2019\/11\/TED_DarkWar.png",350,350,false],"ashe-full-thumbnail":["https:\/\/meeplendice.net\/wp-content\/uploads\/2019\/11\/TED_DarkWar.png",350,350,false],"ashe-grid-thumbnail":["https:\/\/meeplendice.net\/wp-content\/uploads\/2019\/11\/TED_DarkWar-350x330.png",350,330,true],"ashe-list-thumbnail":["https:\/\/meeplendice.net\/wp-content\/uploads\/2019\/11\/TED_DarkWar-300x300.png",300,300,true],"ashe-single-navigation":["https:\/\/meeplendice.net\/wp-content\/uploads\/2019\/11\/TED_DarkWar-75x75.png",75,75,true],"mailpoet_newsletter_max":["https:\/\/meeplendice.net\/wp-content\/uploads\/2019\/11\/TED_DarkWar.png",350,350,false],"rpwe-thumbnail":["https:\/\/meeplendice.net\/wp-content\/uploads\/2019\/11\/TED_DarkWar-45x45.png",45,45,true],"sow-carousel-default":["https:\/\/meeplendice.net\/wp-content\/uploads\/2019\/11\/TED_DarkWar-272x182.png",272,182,true],"rt_custom":["https:\/\/meeplendice.net\/wp-content\/uploads\/2019\/11\/TED_DarkWar.png",350,350,false]},"rttpg_author":{"display_name":"Karnby","author_link":"https:\/\/meeplendice.net\/?author=2"},"rttpg_comment":0,"rttpg_category":null,"rttpg_excerpt":"La Guerre Noire a infect\u00e9 Aughmoore. Ce mal contagieux n&rsquo;a pu \u00eatre contenu hors de nos fronti\u00e8res et ses t\u00e9n\u00e8bres se r\u00e9pandent maintenant dans chaque r\u00e9gion, laissant les villages et les fermes en ruines. Les r\u00e9fugi\u00e9s s&rsquo;entassent dans les Caravanes et partent trouver refuge en Edenmoore. Mais une mort avide les traque et aura t\u00f4t\u2026","_links":{"self":[{"href":"https:\/\/meeplendice.net\/index.php?rest_route=\/wp\/v2\/pages\/5335","targetHints":{"allow":["GET"]}}],"collection":[{"href":"https:\/\/meeplendice.net\/index.php?rest_route=\/wp\/v2\/pages"}],"about":[{"href":"https:\/\/meeplendice.net\/index.php?rest_route=\/wp\/v2\/types\/page"}],"author":[{"embeddable":true,"href":"https:\/\/meeplendice.net\/index.php?rest_route=\/wp\/v2\/users\/2"}],"replies":[{"embeddable":true,"href":"https:\/\/meeplendice.net\/index.php?rest_route=%2Fwp%2Fv2%2Fcomments&post=5335"}],"version-history":[{"count":2,"href":"https:\/\/meeplendice.net\/index.php?rest_route=\/wp\/v2\/pages\/5335\/revisions"}],"predecessor-version":[{"id":7611,"href":"https:\/\/meeplendice.net\/index.php?rest_route=\/wp\/v2\/pages\/5335\/revisions\/7611"}],"up":[{"embeddable":true,"href":"https:\/\/meeplendice.net\/index.php?rest_route=\/wp\/v2\/pages\/5330"}],"wp:featuredmedia":[{"embeddable":true,"href":"https:\/\/meeplendice.net\/index.php?rest_route=\/wp\/v2\/media\/5294"}],"wp:attachment":[{"href":"https:\/\/meeplendice.net\/index.php?rest_route=%2Fwp%2Fv2%2Fmedia&parent=5335"}],"curies":[{"name":"wp","href":"https:\/\/api.w.org\/{rel}","templated":true}]}}