{"id":5415,"date":"2019-12-31T12:58:06","date_gmt":"2019-12-31T11:58:06","guid":{"rendered":"http:\/\/meeplendice.net\/?page_id=5415"},"modified":"2020-09-01T15:26:50","modified_gmt":"2020-09-01T14:26:50","slug":"halloween-lumieres-de-noel","status":"publish","type":"page","link":"https:\/\/meeplendice.net\/?page_id=5415","title":{"rendered":"Halloween &#038; Lumi\u00e8res de No\u00ebl"},"content":{"rendered":"<p>Avec cette nouvelle extension de Welcome, d\u00e9couvrez 2 nouvelles th\u00e9matique ainsi que le mode solo.<\/p>\n<p>Halloween ! Franchissez les paliers et r\u00e9coltez les bonus fant\u00f4mes et bonbons .<br \/>\nLes lumi\u00e8res de No\u00ebl ! D\u00e9corez vos rues pour No\u00ebl avec les guirlandes les plus longues possibles.<\/p>\n<p>&nbsp;<\/p>\n<p><span id=\"result_box\" class=\"\" lang=\"fr\"><span class=\"\">\u00a0<\/span><\/span><\/p>\n","protected":false},"excerpt":{"rendered":"<p>Avec cette nouvelle extension de Welcome, d\u00e9couvrez 2 nouvelles th\u00e9matique ainsi que le mode solo. Halloween ! Franchissez les paliers et r\u00e9coltez les bonus fant\u00f4mes et bonbons . Les lumi\u00e8res de No\u00ebl ! D\u00e9corez vos rues pour No\u00ebl avec les guirlandes les plus longues possibles. &nbsp; \u00a0<\/p>\n","protected":false},"author":2,"featured_media":5296,"parent":4062,"menu_order":3,"comment_status":"closed","ping_status":"closed","template":"","meta":{"footnotes":""},"class_list":["post-5415","page","type-page","status-publish","has-post-thumbnail","hentry"],"acf":[],"rttpg_featured_image_url":{"full":["https:\/\/meeplendice.net\/wp-content\/uploads\/2019\/11\/Welcome_HalloweenNoel.png",350,350,false],"landscape":["https:\/\/meeplendice.net\/wp-content\/uploads\/2019\/11\/Welcome_HalloweenNoel.png",350,350,false],"portraits":["https:\/\/meeplendice.net\/wp-content\/uploads\/2019\/11\/Welcome_HalloweenNoel.png",350,350,false],"thumbnail":["https:\/\/meeplendice.net\/wp-content\/uploads\/2019\/11\/Welcome_HalloweenNoel-150x150.png",150,150,true],"medium":["https:\/\/meeplendice.net\/wp-content\/uploads\/2019\/11\/Welcome_HalloweenNoel-300x300.png",300,300,true],"large":["https:\/\/meeplendice.net\/wp-content\/uploads\/2019\/11\/Welcome_HalloweenNoel.png",350,350,false],"ug_big":["https:\/\/meeplendice.net\/wp-content\/uploads\/2019\/11\/Welcome_HalloweenNoel.png",350,350,false],"1536x1536":["https:\/\/meeplendice.net\/wp-content\/uploads\/2019\/11\/Welcome_HalloweenNoel.png",350,350,false],"2048x2048":["https:\/\/meeplendice.net\/wp-content\/uploads\/2019\/11\/Welcome_HalloweenNoel.png",350,350,false],"ashe-slider-grid-thumbnail":["https:\/\/meeplendice.net\/wp-content\/uploads\/2019\/11\/Welcome_HalloweenNoel.png",350,350,false],"ashe-full-thumbnail":["https:\/\/meeplendice.net\/wp-content\/uploads\/2019\/11\/Welcome_HalloweenNoel.png",350,350,false],"ashe-grid-thumbnail":["https:\/\/meeplendice.net\/wp-content\/uploads\/2019\/11\/Welcome_HalloweenNoel-350x330.png",350,330,true],"ashe-list-thumbnail":["https:\/\/meeplendice.net\/wp-content\/uploads\/2019\/11\/Welcome_HalloweenNoel-300x300.png",300,300,true],"ashe-single-navigation":["https:\/\/meeplendice.net\/wp-content\/uploads\/2019\/11\/Welcome_HalloweenNoel-75x75.png",75,75,true],"mailpoet_newsletter_max":["https:\/\/meeplendice.net\/wp-content\/uploads\/2019\/11\/Welcome_HalloweenNoel.png",350,350,false],"rpwe-thumbnail":["https:\/\/meeplendice.net\/wp-content\/uploads\/2019\/11\/Welcome_HalloweenNoel-45x45.png",45,45,true],"sow-carousel-default":["https:\/\/meeplendice.net\/wp-content\/uploads\/2019\/11\/Welcome_HalloweenNoel-272x182.png",272,182,true],"rt_custom":["https:\/\/meeplendice.net\/wp-content\/uploads\/2019\/11\/Welcome_HalloweenNoel.png",350,350,false]},"rttpg_author":{"display_name":"Karnby","author_link":"https:\/\/meeplendice.net\/?author=2"},"rttpg_comment":0,"rttpg_category":null,"rttpg_excerpt":"Avec cette nouvelle extension de Welcome, d\u00e9couvrez 2 nouvelles th\u00e9matique ainsi que le mode solo. Halloween ! Franchissez les paliers et r\u00e9coltez les bonus fant\u00f4mes et bonbons . Les lumi\u00e8res de No\u00ebl ! D\u00e9corez vos rues pour No\u00ebl avec les guirlandes les plus longues possibles. &nbsp; \u00a0","_links":{"self":[{"href":"https:\/\/meeplendice.net\/index.php?rest_route=\/wp\/v2\/pages\/5415","targetHints":{"allow":["GET"]}}],"collection":[{"href":"https:\/\/meeplendice.net\/index.php?rest_route=\/wp\/v2\/pages"}],"about":[{"href":"https:\/\/meeplendice.net\/index.php?rest_route=\/wp\/v2\/types\/page"}],"author":[{"embeddable":true,"href":"https:\/\/meeplendice.net\/index.php?rest_route=\/wp\/v2\/users\/2"}],"replies":[{"embeddable":true,"href":"https:\/\/meeplendice.net\/index.php?rest_route=%2Fwp%2Fv2%2Fcomments&post=5415"}],"version-history":[{"count":3,"href":"https:\/\/meeplendice.net\/index.php?rest_route=\/wp\/v2\/pages\/5415\/revisions"}],"predecessor-version":[{"id":6590,"href":"https:\/\/meeplendice.net\/index.php?rest_route=\/wp\/v2\/pages\/5415\/revisions\/6590"}],"up":[{"embeddable":true,"href":"https:\/\/meeplendice.net\/index.php?rest_route=\/wp\/v2\/pages\/4062"}],"wp:featuredmedia":[{"embeddable":true,"href":"https:\/\/meeplendice.net\/index.php?rest_route=\/wp\/v2\/media\/5296"}],"wp:attachment":[{"href":"https:\/\/meeplendice.net\/index.php?rest_route=%2Fwp%2Fv2%2Fmedia&parent=5415"}],"curies":[{"name":"wp","href":"https:\/\/api.w.org\/{rel}","templated":true}]}}