{"id":5418,"date":"2019-12-31T13:03:36","date_gmt":"2019-12-31T12:03:36","guid":{"rendered":"http:\/\/meeplendice.net\/?page_id=5418"},"modified":"2020-09-07T16:09:30","modified_gmt":"2020-09-07T15:09:30","slug":"course-a-la-science","status":"publish","type":"page","link":"https:\/\/meeplendice.net\/?page_id=5418","title":{"rendered":"Course \u00e0 la Science"},"content":{"rendered":"<p><span id=\"result_box\" lang=\"fr\"><span class=\"hps\">Avec cette extension, ce sont en fait DEUX nouvelles Extensions.<\/span><\/span><\/p>\n<p>Les Grands G\u00e9nies<\/p>\n<p>Cross Country de la Mort<\/p>\n<p>L\u2019une vous apporte de nouveaux \u00e9v\u00e9nements, les Accomplissement Majeurs, lorsque les Grands G\u00e9nies ach\u00e8veront leurs \u0153uvres ; l\u2019autre, un tout nouveau mode de jeu : une course \u00e0 la Mooort !<\/p>\n<p>&nbsp;<\/p>\n<p><span id=\"result_box\" class=\"\" lang=\"fr\"><span class=\"\">\u00a0<\/span><\/span><\/p>\n","protected":false},"excerpt":{"rendered":"<p>Avec cette extension, ce sont en fait DEUX nouvelles Extensions. Les Grands G\u00e9nies Cross Country de la Mort L\u2019une vous apporte de nouveaux \u00e9v\u00e9nements, les Accomplissement Majeurs, lorsque les Grands G\u00e9nies ach\u00e8veront leurs \u0153uvres ; l\u2019autre, un tout nouveau mode de jeu : une course \u00e0 la Mooort ! &nbsp; \u00a0<\/p>\n","protected":false},"author":2,"featured_media":5403,"parent":4663,"menu_order":2,"comment_status":"closed","ping_status":"closed","template":"","meta":{"footnotes":""},"class_list":["post-5418","page","type-page","status-publish","has-post-thumbnail","hentry"],"acf":[],"rttpg_featured_image_url":{"full":["https:\/\/meeplendice.net\/wp-content\/uploads\/2019\/12\/LPM_coursescience.png",350,350,false],"landscape":["https:\/\/meeplendice.net\/wp-content\/uploads\/2019\/12\/LPM_coursescience.png",350,350,false],"portraits":["https:\/\/meeplendice.net\/wp-content\/uploads\/2019\/12\/LPM_coursescience.png",350,350,false],"thumbnail":["https:\/\/meeplendice.net\/wp-content\/uploads\/2019\/12\/LPM_coursescience-150x150.png",150,150,true],"medium":["https:\/\/meeplendice.net\/wp-content\/uploads\/2019\/12\/LPM_coursescience-300x300.png",300,300,true],"large":["https:\/\/meeplendice.net\/wp-content\/uploads\/2019\/12\/LPM_coursescience.png",350,350,false],"ug_big":["https:\/\/meeplendice.net\/wp-content\/uploads\/2019\/12\/LPM_coursescience.png",350,350,false],"1536x1536":["https:\/\/meeplendice.net\/wp-content\/uploads\/2019\/12\/LPM_coursescience.png",350,350,false],"2048x2048":["https:\/\/meeplendice.net\/wp-content\/uploads\/2019\/12\/LPM_coursescience.png",350,350,false],"ashe-slider-grid-thumbnail":["https:\/\/meeplendice.net\/wp-content\/uploads\/2019\/12\/LPM_coursescience.png",350,350,false],"ashe-full-thumbnail":["https:\/\/meeplendice.net\/wp-content\/uploads\/2019\/12\/LPM_coursescience.png",350,350,false],"ashe-grid-thumbnail":["https:\/\/meeplendice.net\/wp-content\/uploads\/2019\/12\/LPM_coursescience-350x330.png",350,330,true],"ashe-list-thumbnail":["https:\/\/meeplendice.net\/wp-content\/uploads\/2019\/12\/LPM_coursescience-300x300.png",300,300,true],"ashe-single-navigation":["https:\/\/meeplendice.net\/wp-content\/uploads\/2019\/12\/LPM_coursescience-75x75.png",75,75,true],"mailpoet_newsletter_max":["https:\/\/meeplendice.net\/wp-content\/uploads\/2019\/12\/LPM_coursescience.png",350,350,false],"rpwe-thumbnail":["https:\/\/meeplendice.net\/wp-content\/uploads\/2019\/12\/LPM_coursescience-45x45.png",45,45,true],"sow-carousel-default":["https:\/\/meeplendice.net\/wp-content\/uploads\/2019\/12\/LPM_coursescience-272x182.png",272,182,true],"rt_custom":["https:\/\/meeplendice.net\/wp-content\/uploads\/2019\/12\/LPM_coursescience.png",350,350,false]},"rttpg_author":{"display_name":"Karnby","author_link":"https:\/\/meeplendice.net\/?author=2"},"rttpg_comment":0,"rttpg_category":null,"rttpg_excerpt":"Avec cette extension, ce sont en fait DEUX nouvelles Extensions. Les Grands G\u00e9nies Cross Country de la Mort L\u2019une vous apporte de nouveaux \u00e9v\u00e9nements, les Accomplissement Majeurs, lorsque les Grands G\u00e9nies ach\u00e8veront leurs \u0153uvres ; l\u2019autre, un tout nouveau mode de jeu : une course \u00e0 la Mooort ! &nbsp; \u00a0","_links":{"self":[{"href":"https:\/\/meeplendice.net\/index.php?rest_route=\/wp\/v2\/pages\/5418","targetHints":{"allow":["GET"]}}],"collection":[{"href":"https:\/\/meeplendice.net\/index.php?rest_route=\/wp\/v2\/pages"}],"about":[{"href":"https:\/\/meeplendice.net\/index.php?rest_route=\/wp\/v2\/types\/page"}],"author":[{"embeddable":true,"href":"https:\/\/meeplendice.net\/index.php?rest_route=\/wp\/v2\/users\/2"}],"replies":[{"embeddable":true,"href":"https:\/\/meeplendice.net\/index.php?rest_route=%2Fwp%2Fv2%2Fcomments&post=5418"}],"version-history":[{"count":2,"href":"https:\/\/meeplendice.net\/index.php?rest_route=\/wp\/v2\/pages\/5418\/revisions"}],"predecessor-version":[{"id":6857,"href":"https:\/\/meeplendice.net\/index.php?rest_route=\/wp\/v2\/pages\/5418\/revisions\/6857"}],"up":[{"embeddable":true,"href":"https:\/\/meeplendice.net\/index.php?rest_route=\/wp\/v2\/pages\/4663"}],"wp:featuredmedia":[{"embeddable":true,"href":"https:\/\/meeplendice.net\/index.php?rest_route=\/wp\/v2\/media\/5403"}],"wp:attachment":[{"href":"https:\/\/meeplendice.net\/index.php?rest_route=%2Fwp%2Fv2%2Fmedia&parent=5418"}],"curies":[{"name":"wp","href":"https:\/\/api.w.org\/{rel}","templated":true}]}}