{"id":5420,"date":"2019-12-31T13:12:34","date_gmt":"2019-12-31T12:12:34","guid":{"rendered":"http:\/\/meeplendice.net\/?page_id=5420"},"modified":"2024-11-21T16:49:57","modified_gmt":"2024-11-21T14:49:57","slug":"turmoil","status":"publish","type":"page","link":"https:\/\/meeplendice.net\/?page_id=5420","title":{"rendered":"Tourmente"},"content":{"rendered":"<p><em>Les humains install\u00e9s sur Mars sont dans la tourmente. Diff\u00e9rentes id\u00e9ologies et aspirations se disputent le pouvoir politiques, tans que de terribles temp\u00eates de poussi\u00e8res et d&rsquo;autres catastrophes menacent le d\u00e9veloppement des soci\u00e9t\u00e9s martiennes.<\/em><br \/>\n<em>Envoyez vos d\u00e9l\u00e9gu\u00e9s pour influencer le Comit\u00e9 pour la Terraformation et pr\u00e9parez votre corporation aux \u00e9v\u00e9nements qui se profilent \u00e0 l&rsquo;horizon.<\/em><\/p>\n<p><em>Trouvez le moyen de prosp\u00e9rer malgr\u00e9 les d\u00e9fis qui s&rsquo;annoncent !<\/em><\/p>\n<p><em>Tourmente<\/em> vous plonge dans les rouages de la politique et vous propose de naviguer dans un monde en mutation. Vos d\u00e9l\u00e9gu\u00e9s influencent le Comit\u00e9 pour la Terraformation et des Ev\u00e9nements Globaux mod\u00e8lent le futur de l&rsquo;Humanit\u00e9.<br \/>\nCette extension propose \u00e9galement de nouveaux Projets et de nouvelles Corporations.<\/p>\n<p>Il s&rsquo;agit de la premi\u00e8re extension <strong>EXPERTE<\/strong>. Elle peut \u00eatre utilis\u00e9e seule avec le jeu de base ou \u00eatre combin\u00e9e avec toutes les autres extensions ou variantes. Les parties sont rallong\u00e9es d&rsquo;environ 30 minutes.<\/p>\n<p><em>Tourmente<\/em> n\u00e9cessite le jeu de base et peut \u00eatre combin\u00e9e avec n&rsquo;importe quelle autre extension ou variante.<\/p>\n","protected":false},"excerpt":{"rendered":"<p>Les humains install\u00e9s sur Mars sont dans la tourmente. Diff\u00e9rentes id\u00e9ologies et aspirations se disputent le pouvoir politiques, tans que de terribles temp\u00eates de poussi\u00e8res et d&rsquo;autres catastrophes menacent le d\u00e9veloppement des soci\u00e9t\u00e9s martiennes. Envoyez vos d\u00e9l\u00e9gu\u00e9s pour influencer le Comit\u00e9 pour la Terraformation et pr\u00e9parez votre corporation aux \u00e9v\u00e9nements qui se profilent \u00e0 l&rsquo;horizon. Trouvez le moyen de prosp\u00e9rer malgr\u00e9 les d\u00e9fis qui s&rsquo;annoncent ! Tourmente vous plonge dans les rouages de la politique et vous propose de naviguer dans un monde en mutation. Vos d\u00e9l\u00e9gu\u00e9s influencent le Comit\u00e9 pour la Terraformation et des Ev\u00e9nements Globaux mod\u00e8lent le futur de l&rsquo;Humanit\u00e9. Cette extension propose \u00e9galement de nouveaux Projets et de nouvelles Corporations. Il s&rsquo;agit de la premi\u00e8re extension EXPERTE. Elle peut \u00eatre utilis\u00e9e seule avec le jeu de base ou \u00eatre combin\u00e9e avec toutes les autres extensions ou variantes. Les parties sont rallong\u00e9es d&rsquo;environ 30 minutes. Tourmente n\u00e9cessite le jeu de base et peut \u00eatre combin\u00e9e avec n&rsquo;importe quelle autre extension ou variante.<\/p>\n","protected":false},"author":2,"featured_media":5395,"parent":3120,"menu_order":5,"comment_status":"closed","ping_status":"closed","template":"","meta":{"footnotes":""},"class_list":["post-5420","page","type-page","status-publish","has-post-thumbnail","hentry"],"acf":[],"rttpg_featured_image_url":{"full":["https:\/\/meeplendice.net\/wp-content\/uploads\/2019\/12\/Terraformingmars_Turmoil.png",350,350,false],"landscape":["https:\/\/meeplendice.net\/wp-content\/uploads\/2019\/12\/Terraformingmars_Turmoil.png",350,350,false],"portraits":["https:\/\/meeplendice.net\/wp-content\/uploads\/2019\/12\/Terraformingmars_Turmoil.png",350,350,false],"thumbnail":["https:\/\/meeplendice.net\/wp-content\/uploads\/2019\/12\/Terraformingmars_Turmoil-150x150.png",150,150,true],"medium":["https:\/\/meeplendice.net\/wp-content\/uploads\/2019\/12\/Terraformingmars_Turmoil-300x300.png",300,300,true],"large":["https:\/\/meeplendice.net\/wp-content\/uploads\/2019\/12\/Terraformingmars_Turmoil.png",350,350,false],"ug_big":["https:\/\/meeplendice.net\/wp-content\/uploads\/2019\/12\/Terraformingmars_Turmoil.png",350,350,false],"1536x1536":["https:\/\/meeplendice.net\/wp-content\/uploads\/2019\/12\/Terraformingmars_Turmoil.png",350,350,false],"2048x2048":["https:\/\/meeplendice.net\/wp-content\/uploads\/2019\/12\/Terraformingmars_Turmoil.png",350,350,false],"ashe-slider-grid-thumbnail":["https:\/\/meeplendice.net\/wp-content\/uploads\/2019\/12\/Terraformingmars_Turmoil.png",350,350,false],"ashe-full-thumbnail":["https:\/\/meeplendice.net\/wp-content\/uploads\/2019\/12\/Terraformingmars_Turmoil.png",350,350,false],"ashe-grid-thumbnail":["https:\/\/meeplendice.net\/wp-content\/uploads\/2019\/12\/Terraformingmars_Turmoil-350x330.png",350,330,true],"ashe-list-thumbnail":["https:\/\/meeplendice.net\/wp-content\/uploads\/2019\/12\/Terraformingmars_Turmoil-300x300.png",300,300,true],"ashe-single-navigation":["https:\/\/meeplendice.net\/wp-content\/uploads\/2019\/12\/Terraformingmars_Turmoil-75x75.png",75,75,true],"mailpoet_newsletter_max":["https:\/\/meeplendice.net\/wp-content\/uploads\/2019\/12\/Terraformingmars_Turmoil.png",350,350,false],"rpwe-thumbnail":["https:\/\/meeplendice.net\/wp-content\/uploads\/2019\/12\/Terraformingmars_Turmoil-45x45.png",45,45,true],"sow-carousel-default":["https:\/\/meeplendice.net\/wp-content\/uploads\/2019\/12\/Terraformingmars_Turmoil-272x182.png",272,182,true],"rt_custom":["https:\/\/meeplendice.net\/wp-content\/uploads\/2019\/12\/Terraformingmars_Turmoil.png",350,350,false]},"rttpg_author":{"display_name":"Karnby","author_link":"https:\/\/meeplendice.net\/?author=2"},"rttpg_comment":0,"rttpg_category":null,"rttpg_excerpt":"Les humains install\u00e9s sur Mars sont dans la tourmente. Diff\u00e9rentes id\u00e9ologies et aspirations se disputent le pouvoir politiques, tans que de terribles temp\u00eates de poussi\u00e8res et d&rsquo;autres catastrophes menacent le d\u00e9veloppement des soci\u00e9t\u00e9s martiennes. Envoyez vos d\u00e9l\u00e9gu\u00e9s pour influencer le Comit\u00e9 pour la Terraformation et pr\u00e9parez votre corporation aux \u00e9v\u00e9nements qui se profilent \u00e0 l&rsquo;horizon.\u2026","_links":{"self":[{"href":"https:\/\/meeplendice.net\/index.php?rest_route=\/wp\/v2\/pages\/5420","targetHints":{"allow":["GET"]}}],"collection":[{"href":"https:\/\/meeplendice.net\/index.php?rest_route=\/wp\/v2\/pages"}],"about":[{"href":"https:\/\/meeplendice.net\/index.php?rest_route=\/wp\/v2\/types\/page"}],"author":[{"embeddable":true,"href":"https:\/\/meeplendice.net\/index.php?rest_route=\/wp\/v2\/users\/2"}],"replies":[{"embeddable":true,"href":"https:\/\/meeplendice.net\/index.php?rest_route=%2Fwp%2Fv2%2Fcomments&post=5420"}],"version-history":[{"count":5,"href":"https:\/\/meeplendice.net\/index.php?rest_route=\/wp\/v2\/pages\/5420\/revisions"}],"predecessor-version":[{"id":12949,"href":"https:\/\/meeplendice.net\/index.php?rest_route=\/wp\/v2\/pages\/5420\/revisions\/12949"}],"up":[{"embeddable":true,"href":"https:\/\/meeplendice.net\/index.php?rest_route=\/wp\/v2\/pages\/3120"}],"wp:featuredmedia":[{"embeddable":true,"href":"https:\/\/meeplendice.net\/index.php?rest_route=\/wp\/v2\/media\/5395"}],"wp:attachment":[{"href":"https:\/\/meeplendice.net\/index.php?rest_route=%2Fwp%2Fv2%2Fmedia&parent=5420"}],"curies":[{"name":"wp","href":"https:\/\/api.w.org\/{rel}","templated":true}]}}