{"id":5431,"date":"2019-12-31T18:48:10","date_gmt":"2019-12-31T17:48:10","guid":{"rendered":"http:\/\/meeplendice.net\/?page_id=5431"},"modified":"2020-11-22T16:40:22","modified_gmt":"2020-11-22T15:40:22","slug":"terrors-of-london","status":"publish","type":"page","link":"https:\/\/meeplendice.net\/?page_id=5431","title":{"rendered":"Terrors of London"},"content":{"rendered":"<div id=\"pl-5431\"  class=\"panel-layout\" ><div id=\"pg-5431-0\"  class=\"panel-grid panel-no-style\" ><div id=\"pgc-5431-0-0\"  class=\"panel-grid-cell\" ><div id=\"panel-5431-0-0-0\" class=\"so-panel widget widget_sow-editor panel-first-child panel-last-child\" data-index=\"0\" ><div\n\t\t\t\n\t\t\tclass=\"so-widget-sow-editor so-widget-sow-editor-base\"\n\t\t\t\n\t\t>\n<div class=\"siteorigin-widget-tinymce textwidget\">\n\t<p style=\"text-align: center;\"><strong>Nombre de joueurs :<\/strong><br \/>\n2 - 4<\/p>\n<\/div>\n<\/div><\/div><\/div><div id=\"pgc-5431-0-1\"  class=\"panel-grid-cell\" ><div id=\"panel-5431-0-1-0\" class=\"so-panel widget widget_sow-editor panel-first-child panel-last-child\" data-index=\"1\" ><div\n\t\t\t\n\t\t\tclass=\"so-widget-sow-editor so-widget-sow-editor-base\"\n\t\t\t\n\t\t>\n<div class=\"siteorigin-widget-tinymce textwidget\">\n\t<p style=\"text-align: center;\"><strong>Dur\u00e9e moyenne :<\/strong><br \/>\n60 min<\/p>\n<\/div>\n<\/div><\/div><\/div><div id=\"pgc-5431-0-2\"  class=\"panel-grid-cell\" ><div id=\"panel-5431-0-2-0\" class=\"so-panel widget widget_sow-editor panel-first-child panel-last-child\" data-index=\"2\" ><div\n\t\t\t\n\t\t\tclass=\"so-widget-sow-editor so-widget-sow-editor-base\"\n\t\t\t\n\t\t>\n<div class=\"siteorigin-widget-tinymce textwidget\">\n\t<p style=\"text-align: center;\"><strong>Age :<\/strong><br \/>\n14 ans et plus<\/p>\n<\/div>\n<\/div><\/div><\/div><\/div><div id=\"pg-5431-1\"  class=\"panel-grid panel-no-style\" ><div id=\"pgc-5431-1-0\"  class=\"panel-grid-cell\" ><div id=\"panel-5431-1-0-0\" class=\"so-panel widget widget_sow-editor panel-first-child panel-last-child\" data-index=\"3\" ><div\n\t\t\t\n\t\t\tclass=\"so-widget-sow-editor so-widget-sow-editor-base\"\n\t\t\t\n\t\t>\n<div class=\"siteorigin-widget-tinymce textwidget\">\n\t<p style=\"text-align: center;\"><strong>Auteur(s) :<br \/>\n<\/strong>Bard Pye<\/p>\n<\/div>\n<\/div><\/div><\/div><div id=\"pgc-5431-1-1\"  class=\"panel-grid-cell\" ><div id=\"panel-5431-1-1-0\" class=\"so-panel widget widget_sow-editor panel-first-child panel-last-child\" data-index=\"4\" ><div\n\t\t\t\n\t\t\tclass=\"so-widget-sow-editor so-widget-sow-editor-base\"\n\t\t\t\n\t\t>\n<div class=\"siteorigin-widget-tinymce textwidget\">\n\t<p style=\"text-align: center;\"><strong>Illustrations :<\/strong><br \/>\nRayn Pye<\/p>\n<\/div>\n<\/div><\/div><\/div><div id=\"pgc-5431-1-2\"  class=\"panel-grid-cell\" ><div id=\"panel-5431-1-2-0\" class=\"so-panel widget widget_sow-editor panel-first-child panel-last-child\" data-index=\"5\" ><div\n\t\t\t\n\t\t\tclass=\"so-widget-sow-editor so-widget-sow-editor-base\"\n\t\t\t\n\t\t>\n<div class=\"siteorigin-widget-tinymce textwidget\">\n\t<p style=\"text-align: center;\"><strong>\u00c9dition :<\/strong><br \/>\nKolossal Games<br \/>\n2019<\/p>\n<\/div>\n<\/div><\/div><\/div><div id=\"pgc-5431-1-3\"  class=\"panel-grid-cell\" ><div id=\"panel-5431-1-3-0\" class=\"so-panel widget widget_sow-editor panel-first-child panel-last-child\" data-index=\"6\" ><div\n\t\t\t\n\t\t\tclass=\"so-widget-sow-editor so-widget-sow-editor-base\"\n\t\t\t\n\t\t>\n<div class=\"siteorigin-widget-tinymce textwidget\">\n\t<p style=\"text-align: center;\"><strong>Version :<\/strong><br \/>\nFran\u00e7aise<\/p>\n<\/div>\n<\/div><\/div><\/div><\/div><div id=\"pg-5431-2\"  class=\"panel-grid panel-no-style\" ><div id=\"pgc-5431-2-0\"  class=\"panel-grid-cell\" ><div id=\"panel-5431-2-0-0\" class=\"so-panel widget widget_sow-editor panel-first-child panel-last-child\" data-index=\"7\" ><div\n\t\t\t\n\t\t\tclass=\"so-widget-sow-editor so-widget-sow-editor-base\"\n\t\t\t\n\t\t>\n<div class=\"siteorigin-widget-tinymce textwidget\">\n\t<hr \/>\n<p>Bienvenue dans les sombres ruelles du Londres Victorien, un endroit o\u00f9 le mal s'est \u00e9lev\u00e9 des profondeurs et o\u00f9 le destin des mortels repose entre les mains des brutes et des d\u00e9mons.<\/p>\n<p>Dans Terrors of London, les joueurs endossent le r\u00f4le de puissant personnages appel\u00e9es les Overlords. Chaque Overlords repr\u00e9sente une des quatre factions : les Morts-vivants, les B\u00eates, les Mortels et les Esprits. Chaque joueurs re\u00e7oit une pioche de cartes qui mat\u00e9rialise son pouvoir au d\u00e9but de la partie. Lors de chaque tour, les joueurs ach\u00e8tent de nouvelles cartes pour am\u00e9liorer leur pioche, tout en combattant les autres Overlords.<\/p>\n<\/div>\n<\/div><\/div><\/div><\/div><div id=\"pg-5431-3\"  class=\"panel-grid panel-no-style\" ><div id=\"pgc-5431-3-0\"  class=\"panel-grid-cell\" ><div id=\"panel-5431-3-0-0\" class=\"so-panel widget widget_sow-editor panel-first-child panel-last-child\" data-index=\"8\" ><div\n\t\t\t\n\t\t\tclass=\"so-widget-sow-editor so-widget-sow-editor-base\"\n\t\t\t\n\t\t>\n<div class=\"siteorigin-widget-tinymce textwidget\">\n\t<hr \/>\n<p style=\"text-align: center;\"><strong>En vid\u00e9o<\/strong><\/p>\n<\/div>\n<\/div><\/div><\/div><div id=\"pgc-5431-3-1\"  class=\"panel-grid-cell\" ><div id=\"panel-5431-3-1-0\" class=\"so-panel widget widget_sow-editor panel-first-child panel-last-child\" data-index=\"9\" ><div\n\t\t\t\n\t\t\tclass=\"so-widget-sow-editor so-widget-sow-editor-base\"\n\t\t\t\n\t\t>\n<div class=\"siteorigin-widget-tinymce textwidget\">\n\t<hr \/>\n<p style=\"text-align: center;\"><strong>Extension(s)<\/strong><\/p>\n<p>&nbsp;<\/p>\n<style type='text\/css' media='all'>#rt-tpg-container-2544381064 .read-more a{border-radius:px;}#rt-tpg-container-2544381064 .rt-img-holder img.rt-img-responsive,#rt-tpg-container-2544381064 .rt-img-holder,\n\t\t\t\t\t#rt-tpg-container-2544381064 .rt-post-overlay .post-img,\n\t\t\t\t\t#rt-tpg-container-2544381064 .post-sm .post-img,\n\t\t\t\t\t#rt-tpg-container-2544381064 .rt-post-grid .post-img,\n\t\t\t\t\t#rt-tpg-container-2544381064 .post-img img {border-radius:px;}#rt-tpg-container-2544381064 .layout9 .rt-holder h2.entry-title,\n\t\t\t\t\t#rt-tpg-container-2544381064 .layout9 .rt-holder h3.entry-title,\n\t\t\t\t\t#rt-tpg-container-2544381064 .layout9 .rt-holder h4.entry-title,\n\t\t\t\t\t#rt-tpg-container-2544381064 .layout9 .rt-holder h2.entry-title a,\n\t\t\t\t\t#rt-tpg-container-2544381064 .layout9 .rt-holder h3.entry-title a,\n\t\t\t\t\t#rt-tpg-container-2544381064 .layout9 .rt-holder h4.entry-title a,\n\t\t\t\t\t#rt-tpg-container-2544381064 .rt-holder .rt-woo-info h2 a,\n\t\t\t\t\t#rt-tpg-container-2544381064 .rt-holder .rt-woo-info h3 a,\n\t\t\t\t\t#rt-tpg-container-2544381064 .rt-holder .rt-woo-info h4 a,\n\t\t\t\t\t#rt-tpg-container-2544381064 .post-content .post-title,\n\t\t\t\t\t#rt-tpg-container-2544381064 .rt-post-grid .post-title,\n\t\t\t\t\t#rt-tpg-container-2544381064 .rt-post-grid .post-title a,\n\t\t\t\t\t#rt-tpg-container-2544381064 .post-content .post-title a,\n\t\t\t\t\t#rt-tpg-container-2544381064 .rt-holder .rt-woo-info h2,\n\t\t\t\t\t#rt-tpg-container-2544381064 .rt-holder .rt-woo-info h3,\n\t\t\t\t\t#rt-tpg-container-2544381064 .rt-holder .rt-woo-info h4{font-size:16px;line-height:26px;font-weight:normal;text-align:center;}#rt-tpg-container-2544381064 .post-grid-lg-style-1 .post-title,\n\t\t\t\t\t\t#rt-tpg-container-2544381064 .post-grid-lg-style-1 .post-title a,\n\t\t\t\t\t\t#rt-tpg-container-2544381064 .big-layout .post-title,\n\t\t\t\t\t\t#rt-tpg-container-2544381064 .big-layout .post-title a,\n\t\t\t\t\t\t#rt-tpg-container-2544381064 .post-grid-lg-style-1 .post-title,\n\t\t\t\t\t\t#rt-tpg-container-2544381064 .post-grid-lg-style-1 .post-title a {font-size:24px;line-height:34px;}<\/style><div class='rt-container-fluid rt-tpg-container tpg-shortcode-main-wrapper ' id='rt-tpg-container-2544381064'   data-layout='layout9' data-grid-style='even' data-desktop-col='3'  data-tab-col='2'  data-mobile-col='1' data-sc-id='5797'><div data-title='Loading ...' class='rt-row rt-content-loader   layout9 tpg-even '><div class=\"rt-col-md-4 rt-col-sm-6 rt-col-xs-12 even-grid-item rt-grid-item img_zoom_in\" data-id=\"5768\"><div class=\"rt-holder\"><div class='overlay'><a data-id='5768' class=' tpg-single-popup' href='https:\/\/meeplendice.net\/?page_id=5768'><img loading=\"lazy\" decoding=\"async\" width=\"350\" height=\"350\" src=\"https:\/\/meeplendice.net\/wp-content\/uploads\/2020\/04\/ToL_Servents.png\" class=\"rt-img-responsive \" alt=\"\" \/><\/a><\/div><div class='post-info'><h2 class=\"entry-title\"><a data-id=\"5768\" class=\" tpg-single-popup\" href=\"https:\/\/meeplendice.net\/?page_id=5768\">Servents of the Black Gate<\/a><\/h2><div class='post-meta-user '><\/div><\/div><\/div><\/div><div class=\"rt-col-md-4 rt-col-sm-6 rt-col-xs-12 even-grid-item rt-grid-item img_zoom_in\" data-id=\"5770\"><div class=\"rt-holder\"><div class='overlay'><a data-id='5770' class=' tpg-single-popup' href='https:\/\/meeplendice.net\/?page_id=5770'><img loading=\"lazy\" decoding=\"async\" width=\"350\" height=\"350\" src=\"https:\/\/meeplendice.net\/wp-content\/uploads\/2020\/04\/ToL_Reptile.png\" class=\"rt-img-responsive \" alt=\"\" \/><\/a><\/div><div class='post-info'><h2 class=\"entry-title\"><a data-id=\"5770\" class=\" tpg-single-popup\" href=\"https:\/\/meeplendice.net\/?page_id=5770\">Le Tombeau du Reptile<\/a><\/h2><div class='post-meta-user '><\/div><\/div><\/div><\/div><\/div><div class='rt-pagination-wrap' data-total-pages='1' data-posts-per-page='3' data-type='pagination_ajax'  ><div class='rt-page-numbers'><\/div><\/div><\/div>\n<\/div>\n<\/div><\/div><\/div><\/div><div id=\"pg-5431-4\"  class=\"panel-grid panel-no-style\" ><div id=\"pgc-5431-4-0\"  class=\"panel-grid-cell\" ><div id=\"panel-5431-4-0-0\" class=\"so-panel widget widget_sow-editor panel-first-child panel-last-child\" data-index=\"10\" ><div\n\t\t\t\n\t\t\tclass=\"so-widget-sow-editor so-widget-sow-editor-base\"\n\t\t\t\n\t\t>\n<div class=\"siteorigin-widget-tinymce textwidget\">\n\t<hr \/>\n<p style=\"text-align: center;\"><strong>Pour aller plus loin<\/strong><\/p>\n<\/div>\n<\/div><\/div><\/div><\/div><\/div>","protected":false},"excerpt":{"rendered":"<p>Nombre de joueurs : 2 &#8211; 4 Dur\u00e9e moyenne : 60 min Age : 14 ans et plus Auteur(s) : Bard Pye Illustrations : Rayn Pye \u00c9dition : Kolossal Games 2019 Version : Fran\u00e7aise<\/p>\n","protected":false},"author":2,"featured_media":5404,"parent":0,"menu_order":0,"comment_status":"closed","ping_status":"closed","template":"","meta":{"footnotes":""},"class_list":["post-5431","page","type-page","status-publish","has-post-thumbnail","hentry"],"acf":[],"rttpg_featured_image_url":{"full":["https:\/\/meeplendice.net\/wp-content\/uploads\/2019\/12\/TerrorsofLondon.png",350,350,false],"landscape":["https:\/\/meeplendice.net\/wp-content\/uploads\/2019\/12\/TerrorsofLondon.png",350,350,false],"portraits":["https:\/\/meeplendice.net\/wp-content\/uploads\/2019\/12\/TerrorsofLondon.png",350,350,false],"thumbnail":["https:\/\/meeplendice.net\/wp-content\/uploads\/2019\/12\/TerrorsofLondon-150x150.png",150,150,true],"medium":["https:\/\/meeplendice.net\/wp-content\/uploads\/2019\/12\/TerrorsofLondon-300x300.png",300,300,true],"large":["https:\/\/meeplendice.net\/wp-content\/uploads\/2019\/12\/TerrorsofLondon.png",350,350,false],"ug_big":["https:\/\/meeplendice.net\/wp-content\/uploads\/2019\/12\/TerrorsofLondon.png",350,350,false],"1536x1536":["https:\/\/meeplendice.net\/wp-content\/uploads\/2019\/12\/TerrorsofLondon.png",350,350,false],"2048x2048":["https:\/\/meeplendice.net\/wp-content\/uploads\/2019\/12\/TerrorsofLondon.png",350,350,false],"ashe-slider-grid-thumbnail":["https:\/\/meeplendice.net\/wp-content\/uploads\/2019\/12\/TerrorsofLondon.png",350,350,false],"ashe-full-thumbnail":["https:\/\/meeplendice.net\/wp-content\/uploads\/2019\/12\/TerrorsofLondon.png",350,350,false],"ashe-grid-thumbnail":["https:\/\/meeplendice.net\/wp-content\/uploads\/2019\/12\/TerrorsofLondon-350x330.png",350,330,true],"ashe-list-thumbnail":["https:\/\/meeplendice.net\/wp-content\/uploads\/2019\/12\/TerrorsofLondon-300x300.png",300,300,true],"ashe-single-navigation":["https:\/\/meeplendice.net\/wp-content\/uploads\/2019\/12\/TerrorsofLondon-75x75.png",75,75,true],"mailpoet_newsletter_max":["https:\/\/meeplendice.net\/wp-content\/uploads\/2019\/12\/TerrorsofLondon.png",350,350,false],"rpwe-thumbnail":["https:\/\/meeplendice.net\/wp-content\/uploads\/2019\/12\/TerrorsofLondon-45x45.png",45,45,true],"sow-carousel-default":["https:\/\/meeplendice.net\/wp-content\/uploads\/2019\/12\/TerrorsofLondon-272x182.png",272,182,true],"rt_custom":["https:\/\/meeplendice.net\/wp-content\/uploads\/2019\/12\/TerrorsofLondon.png",350,350,false]},"rttpg_author":{"display_name":"Karnby","author_link":"https:\/\/meeplendice.net\/?author=2"},"rttpg_comment":0,"rttpg_category":null,"rttpg_excerpt":"Nombre de joueurs : 2 - 4 Dur\u00e9e moyenne : 60 min Age : 14 ans et plus Auteur(s) : Bard Pye Illustrations : Rayn Pye \u00c9dition : Kolossal Games 2019 Version : Fran\u00e7aise","_links":{"self":[{"href":"https:\/\/meeplendice.net\/index.php?rest_route=\/wp\/v2\/pages\/5431","targetHints":{"allow":["GET"]}}],"collection":[{"href":"https:\/\/meeplendice.net\/index.php?rest_route=\/wp\/v2\/pages"}],"about":[{"href":"https:\/\/meeplendice.net\/index.php?rest_route=\/wp\/v2\/types\/page"}],"author":[{"embeddable":true,"href":"https:\/\/meeplendice.net\/index.php?rest_route=\/wp\/v2\/users\/2"}],"replies":[{"embeddable":true,"href":"https:\/\/meeplendice.net\/index.php?rest_route=%2Fwp%2Fv2%2Fcomments&post=5431"}],"version-history":[{"count":4,"href":"https:\/\/meeplendice.net\/index.php?rest_route=\/wp\/v2\/pages\/5431\/revisions"}],"predecessor-version":[{"id":7618,"href":"https:\/\/meeplendice.net\/index.php?rest_route=\/wp\/v2\/pages\/5431\/revisions\/7618"}],"wp:featuredmedia":[{"embeddable":true,"href":"https:\/\/meeplendice.net\/index.php?rest_route=\/wp\/v2\/media\/5404"}],"wp:attachment":[{"href":"https:\/\/meeplendice.net\/index.php?rest_route=%2Fwp%2Fv2%2Fmedia&parent=5431"}],"curies":[{"name":"wp","href":"https:\/\/api.w.org\/{rel}","templated":true}]}}