{"id":5435,"date":"2019-12-31T19:02:19","date_gmt":"2019-12-31T18:02:19","guid":{"rendered":"http:\/\/meeplendice.net\/?page_id=5435"},"modified":"2022-01-24T16:05:06","modified_gmt":"2022-01-24T15:05:06","slug":"brass-lancashire","status":"publish","type":"page","link":"https:\/\/meeplendice.net\/?page_id=5435","title":{"rendered":"Brass : Lancashire"},"content":{"rendered":"<div id=\"pl-5435\"  class=\"panel-layout\" ><div id=\"pg-5435-0\"  class=\"panel-grid panel-no-style\" ><div id=\"pgc-5435-0-0\"  class=\"panel-grid-cell\" ><div id=\"panel-5435-0-0-0\" class=\"so-panel widget widget_sow-editor panel-first-child panel-last-child\" data-index=\"0\" ><div\n\t\t\t\n\t\t\tclass=\"so-widget-sow-editor so-widget-sow-editor-base\"\n\t\t\t\n\t\t>\n<div class=\"siteorigin-widget-tinymce textwidget\">\n\t<p style=\"text-align: center;\"><strong>Nombre de joueurs :<\/strong><br \/>\n2 - 4<\/p>\n<\/div>\n<\/div><\/div><\/div><div id=\"pgc-5435-0-1\"  class=\"panel-grid-cell\" ><div id=\"panel-5435-0-1-0\" class=\"so-panel widget widget_sow-editor panel-first-child panel-last-child\" data-index=\"1\" ><div\n\t\t\t\n\t\t\tclass=\"so-widget-sow-editor so-widget-sow-editor-base\"\n\t\t\t\n\t\t>\n<div class=\"siteorigin-widget-tinymce textwidget\">\n\t<p style=\"text-align: center;\"><strong>Dur\u00e9e moyenne :<\/strong><br \/>\n120 min<\/p>\n<\/div>\n<\/div><\/div><\/div><div id=\"pgc-5435-0-2\"  class=\"panel-grid-cell\" ><div id=\"panel-5435-0-2-0\" class=\"so-panel widget widget_sow-editor panel-first-child panel-last-child\" data-index=\"2\" ><div\n\t\t\t\n\t\t\tclass=\"so-widget-sow-editor so-widget-sow-editor-base\"\n\t\t\t\n\t\t>\n<div class=\"siteorigin-widget-tinymce textwidget\">\n\t<p style=\"text-align: center;\"><strong>Age :<\/strong><br \/>\n14 ans et plus<\/p>\n<\/div>\n<\/div><\/div><\/div><\/div><div id=\"pg-5435-1\"  class=\"panel-grid panel-no-style\" ><div id=\"pgc-5435-1-0\"  class=\"panel-grid-cell\" ><div id=\"panel-5435-1-0-0\" class=\"so-panel widget widget_sow-editor panel-first-child panel-last-child\" data-index=\"3\" ><div\n\t\t\t\n\t\t\tclass=\"so-widget-sow-editor so-widget-sow-editor-base\"\n\t\t\t\n\t\t>\n<div class=\"siteorigin-widget-tinymce textwidget\">\n\t<p style=\"text-align: center;\"><strong>Auteur(s) :<br \/>\n<\/strong>Martin Wallace<br \/>\nGavan Brown<br \/>\nMatt Tolman<\/p>\n<\/div>\n<\/div><\/div><\/div><div id=\"pgc-5435-1-1\"  class=\"panel-grid-cell\" ><div id=\"panel-5435-1-1-0\" class=\"so-panel widget widget_sow-editor panel-first-child panel-last-child\" data-index=\"4\" ><div\n\t\t\t\n\t\t\tclass=\"so-widget-sow-editor so-widget-sow-editor-base\"\n\t\t\t\n\t\t>\n<div class=\"siteorigin-widget-tinymce textwidget\">\n\t<p style=\"text-align: center;\"><strong>Illustrations :<\/strong><br \/>\nDavid Forest<br \/>\nLina Cossette<br \/>\nDamien Mammoliti<br \/>\nGavan Brown<br \/>\nGui Landgraf<\/p>\n<\/div>\n<\/div><\/div><\/div><div id=\"pgc-5435-1-2\"  class=\"panel-grid-cell\" ><div id=\"panel-5435-1-2-0\" class=\"so-panel widget widget_sow-editor panel-first-child panel-last-child\" data-index=\"5\" ><div\n\t\t\t\n\t\t\tclass=\"so-widget-sow-editor so-widget-sow-editor-base\"\n\t\t\t\n\t\t>\n<div class=\"siteorigin-widget-tinymce textwidget\">\n\t<p style=\"text-align: center;\"><strong>\u00c9dition :<\/strong><br \/>\nRoxley Games<br \/>\nFunforge<br \/>\n2019<\/p>\n<\/div>\n<\/div><\/div><\/div><div id=\"pgc-5435-1-3\"  class=\"panel-grid-cell\" ><div id=\"panel-5435-1-3-0\" class=\"so-panel widget widget_sow-editor panel-first-child panel-last-child\" data-index=\"6\" ><div\n\t\t\t\n\t\t\tclass=\"so-widget-sow-editor so-widget-sow-editor-base\"\n\t\t\t\n\t\t>\n<div class=\"siteorigin-widget-tinymce textwidget\">\n\t<p style=\"text-align: center;\"><strong>Version :<\/strong><br \/>\nFran\u00e7aise<\/p>\n<\/div>\n<\/div><\/div><\/div><\/div><div id=\"pg-5435-2\"  class=\"panel-grid panel-no-style\" ><div id=\"pgc-5435-2-0\"  class=\"panel-grid-cell\" ><div id=\"panel-5435-2-0-0\" class=\"so-panel widget widget_sow-editor panel-first-child panel-last-child\" data-index=\"7\" ><div\n\t\t\t\n\t\t\tclass=\"so-widget-sow-editor so-widget-sow-editor-base\"\n\t\t\t\n\t\t>\n<div class=\"siteorigin-widget-tinymce textwidget\">\n\t<hr \/>\n<p>Situ\u00e9 entre les ann\u00e9es 1770 et 1870, durant la R\u00e9volution industrielle, Brass : Lancashire permet de revivre la f\u00e9roce concurrence que se livr\u00e8rent, \u00e0 l'\u00e9poque, les entrepreneurs de la r\u00e9gions des Lancashire, en Angleterre.<\/p>\n<p>Au cours de la partie, vous \u00e9tendrez votre empire en construisant des canaux et des chemins de fer, ainsi qu'en b\u00e2tissant et en d\u00e9veloppant des industries : filatures de coton, manies de charbon, usines sid\u00e9rurgiques, manufactures, chantiers navals et ports.<\/p>\n<\/div>\n<\/div><\/div><\/div><\/div><div id=\"pg-5435-3\"  class=\"panel-grid panel-no-style\" ><div id=\"pgc-5435-3-0\"  class=\"panel-grid-cell\" ><div id=\"panel-5435-3-0-0\" class=\"so-panel widget widget_sow-editor panel-first-child panel-last-child\" data-index=\"8\" ><div\n\t\t\t\n\t\t\tclass=\"so-widget-sow-editor so-widget-sow-editor-base\"\n\t\t\t\n\t\t>\n<div class=\"siteorigin-widget-tinymce textwidget\">\n\t<hr \/>\n<h3 style=\"text-align: center;\">En vid\u00e9o<\/h3>\n<\/div>\n<\/div><\/div><\/div><\/div><div id=\"pg-5435-4\"  class=\"panel-grid panel-no-style\" ><div id=\"pgc-5435-4-0\"  class=\"panel-grid-cell\" ><div id=\"panel-5435-4-0-0\" class=\"so-panel widget widget_sow-editor panel-first-child panel-last-child\" data-index=\"9\" ><div\n\t\t\t\n\t\t\tclass=\"so-widget-sow-editor so-widget-sow-editor-base\"\n\t\t\t\n\t\t>\n<div class=\"siteorigin-widget-tinymce textwidget\">\n\t<hr \/>\n<h3 style=\"text-align: center;\">Pour aller plus loin<\/h3>\n<\/div>\n<\/div><\/div><\/div><\/div><\/div>","protected":false},"excerpt":{"rendered":"<p>Nombre de joueurs : 2 &#8211; 4 Dur\u00e9e moyenne : 120 min Age : 14 ans et plus Auteur(s) : Martin Wallace Gavan Brown Matt Tolman Illustrations : David Forest Lina Cossette Damien Mammoliti Gavan Brown Gui Landgraf \u00c9dition : Roxley Games Funforge 2019 Version : Fran\u00e7aise<\/p>\n","protected":false},"author":2,"featured_media":5408,"parent":0,"menu_order":0,"comment_status":"closed","ping_status":"closed","template":"","meta":{"footnotes":""},"class_list":["post-5435","page","type-page","status-publish","has-post-thumbnail","hentry"],"acf":[],"rttpg_featured_image_url":{"full":["https:\/\/meeplendice.net\/wp-content\/uploads\/2019\/12\/BrassLancashire.png",350,350,false],"landscape":["https:\/\/meeplendice.net\/wp-content\/uploads\/2019\/12\/BrassLancashire.png",350,350,false],"portraits":["https:\/\/meeplendice.net\/wp-content\/uploads\/2019\/12\/BrassLancashire.png",350,350,false],"thumbnail":["https:\/\/meeplendice.net\/wp-content\/uploads\/2019\/12\/BrassLancashire-150x150.png",150,150,true],"medium":["https:\/\/meeplendice.net\/wp-content\/uploads\/2019\/12\/BrassLancashire-300x300.png",300,300,true],"large":["https:\/\/meeplendice.net\/wp-content\/uploads\/2019\/12\/BrassLancashire.png",350,350,false],"ug_big":["https:\/\/meeplendice.net\/wp-content\/uploads\/2019\/12\/BrassLancashire.png",350,350,false],"1536x1536":["https:\/\/meeplendice.net\/wp-content\/uploads\/2019\/12\/BrassLancashire.png",350,350,false],"2048x2048":["https:\/\/meeplendice.net\/wp-content\/uploads\/2019\/12\/BrassLancashire.png",350,350,false],"ashe-slider-grid-thumbnail":["https:\/\/meeplendice.net\/wp-content\/uploads\/2019\/12\/BrassLancashire.png",350,350,false],"ashe-full-thumbnail":["https:\/\/meeplendice.net\/wp-content\/uploads\/2019\/12\/BrassLancashire.png",350,350,false],"ashe-grid-thumbnail":["https:\/\/meeplendice.net\/wp-content\/uploads\/2019\/12\/BrassLancashire-350x330.png",350,330,true],"ashe-list-thumbnail":["https:\/\/meeplendice.net\/wp-content\/uploads\/2019\/12\/BrassLancashire-300x300.png",300,300,true],"ashe-single-navigation":["https:\/\/meeplendice.net\/wp-content\/uploads\/2019\/12\/BrassLancashire-75x75.png",75,75,true],"mailpoet_newsletter_max":["https:\/\/meeplendice.net\/wp-content\/uploads\/2019\/12\/BrassLancashire.png",350,350,false],"rpwe-thumbnail":["https:\/\/meeplendice.net\/wp-content\/uploads\/2019\/12\/BrassLancashire-45x45.png",45,45,true],"sow-carousel-default":["https:\/\/meeplendice.net\/wp-content\/uploads\/2019\/12\/BrassLancashire-272x182.png",272,182,true],"rt_custom":["https:\/\/meeplendice.net\/wp-content\/uploads\/2019\/12\/BrassLancashire.png",350,350,false]},"rttpg_author":{"display_name":"Karnby","author_link":"https:\/\/meeplendice.net\/?author=2"},"rttpg_comment":0,"rttpg_category":null,"rttpg_excerpt":"Nombre de joueurs : 2 - 4 Dur\u00e9e moyenne : 120 min Age : 14 ans et plus Auteur(s) : Martin Wallace Gavan Brown Matt Tolman Illustrations : David Forest Lina Cossette Damien Mammoliti Gavan Brown Gui Landgraf \u00c9dition : Roxley Games Funforge 2019 Version : Fran\u00e7aise","_links":{"self":[{"href":"https:\/\/meeplendice.net\/index.php?rest_route=\/wp\/v2\/pages\/5435","targetHints":{"allow":["GET"]}}],"collection":[{"href":"https:\/\/meeplendice.net\/index.php?rest_route=\/wp\/v2\/pages"}],"about":[{"href":"https:\/\/meeplendice.net\/index.php?rest_route=\/wp\/v2\/types\/page"}],"author":[{"embeddable":true,"href":"https:\/\/meeplendice.net\/index.php?rest_route=\/wp\/v2\/users\/2"}],"replies":[{"embeddable":true,"href":"https:\/\/meeplendice.net\/index.php?rest_route=%2Fwp%2Fv2%2Fcomments&post=5435"}],"version-history":[{"count":9,"href":"https:\/\/meeplendice.net\/index.php?rest_route=\/wp\/v2\/pages\/5435\/revisions"}],"predecessor-version":[{"id":9522,"href":"https:\/\/meeplendice.net\/index.php?rest_route=\/wp\/v2\/pages\/5435\/revisions\/9522"}],"wp:featuredmedia":[{"embeddable":true,"href":"https:\/\/meeplendice.net\/index.php?rest_route=\/wp\/v2\/media\/5408"}],"wp:attachment":[{"href":"https:\/\/meeplendice.net\/index.php?rest_route=%2Fwp%2Fv2%2Fmedia&parent=5435"}],"curies":[{"name":"wp","href":"https:\/\/api.w.org\/{rel}","templated":true}]}}