{"id":5437,"date":"2019-12-31T19:58:23","date_gmt":"2019-12-31T18:58:23","guid":{"rendered":"http:\/\/meeplendice.net\/?page_id=5437"},"modified":"2020-11-13T16:29:27","modified_gmt":"2020-11-13T15:29:27","slug":"deep-blue","status":"publish","type":"page","link":"https:\/\/meeplendice.net\/?page_id=5437","title":{"rendered":"Deep blue"},"content":{"rendered":"<div id=\"pl-5437\"  class=\"panel-layout\" ><div id=\"pg-5437-0\"  class=\"panel-grid panel-no-style\" ><div id=\"pgc-5437-0-0\"  class=\"panel-grid-cell\" ><div id=\"panel-5437-0-0-0\" class=\"so-panel widget widget_sow-editor panel-first-child panel-last-child\" data-index=\"0\" ><div\n\t\t\t\n\t\t\tclass=\"so-widget-sow-editor so-widget-sow-editor-base\"\n\t\t\t\n\t\t>\n<div class=\"siteorigin-widget-tinymce textwidget\">\n\t<p style=\"text-align: center;\"><strong>Nombre de joueurs :<\/strong><br \/>\n2 - 5<\/p>\n<\/div>\n<\/div><\/div><\/div><div id=\"pgc-5437-0-1\"  class=\"panel-grid-cell\" ><div id=\"panel-5437-0-1-0\" class=\"so-panel widget widget_sow-editor panel-first-child panel-last-child\" data-index=\"1\" ><div\n\t\t\t\n\t\t\tclass=\"so-widget-sow-editor so-widget-sow-editor-base\"\n\t\t\t\n\t\t>\n<div class=\"siteorigin-widget-tinymce textwidget\">\n\t<p style=\"text-align: center;\"><strong>Dur\u00e9e moyenne :<\/strong><br \/>\n45 min<\/p>\n<\/div>\n<\/div><\/div><\/div><div id=\"pgc-5437-0-2\"  class=\"panel-grid-cell\" ><div id=\"panel-5437-0-2-0\" class=\"so-panel widget widget_sow-editor panel-first-child panel-last-child\" data-index=\"2\" ><div\n\t\t\t\n\t\t\tclass=\"so-widget-sow-editor so-widget-sow-editor-base\"\n\t\t\t\n\t\t>\n<div class=\"siteorigin-widget-tinymce textwidget\">\n\t<p style=\"text-align: center;\"><strong>Age :<\/strong><br \/>\n8 ans et plus<\/p>\n<\/div>\n<\/div><\/div><\/div><\/div><div id=\"pg-5437-1\"  class=\"panel-grid panel-no-style\" ><div id=\"pgc-5437-1-0\"  class=\"panel-grid-cell\" ><div id=\"panel-5437-1-0-0\" class=\"so-panel widget widget_sow-editor panel-first-child panel-last-child\" data-index=\"3\" ><div\n\t\t\t\n\t\t\tclass=\"so-widget-sow-editor so-widget-sow-editor-base\"\n\t\t\t\n\t\t>\n<div class=\"siteorigin-widget-tinymce textwidget\">\n\t<p style=\"text-align: center;\"><strong>Auteur(s) :<br \/>\n<\/strong>Daniel Skjold Pedersen<br \/>\nAsger Harding Granerud<\/p>\n<\/div>\n<\/div><\/div><\/div><div id=\"pgc-5437-1-1\"  class=\"panel-grid-cell\" ><div id=\"panel-5437-1-1-0\" class=\"so-panel widget widget_sow-editor panel-first-child panel-last-child\" data-index=\"4\" ><div\n\t\t\t\n\t\t\tclass=\"so-widget-sow-editor so-widget-sow-editor-base\"\n\t\t\t\n\t\t>\n<div class=\"siteorigin-widget-tinymce textwidget\">\n\t<p style=\"text-align: center;\"><strong>Illustrations :<\/strong><br \/>\nNicolas Fructus<br \/>\nBidoun<br \/>\nDjib<br \/>\nNa\u00efade<br \/>\nMiguel Coimbra<br \/>\nPi\u00e9ro<br \/>\nR\u00e9gis Torres<br \/>\nTr\u00e8fle Rouge<\/p>\n<\/div>\n<\/div><\/div><\/div><div id=\"pgc-5437-1-2\"  class=\"panel-grid-cell\" ><div id=\"panel-5437-1-2-0\" class=\"so-panel widget widget_sow-editor panel-first-child panel-last-child\" data-index=\"5\" ><div\n\t\t\t\n\t\t\tclass=\"so-widget-sow-editor so-widget-sow-editor-base\"\n\t\t\t\n\t\t>\n<div class=\"siteorigin-widget-tinymce textwidget\">\n\t<p style=\"text-align: center;\"><strong>\u00c9dition :<\/strong><br \/>\nDay of Wonder<br \/>\n2019<\/p>\n<\/div>\n<\/div><\/div><\/div><div id=\"pgc-5437-1-3\"  class=\"panel-grid-cell\" ><div id=\"panel-5437-1-3-0\" class=\"so-panel widget widget_sow-editor panel-first-child panel-last-child\" data-index=\"6\" ><div\n\t\t\t\n\t\t\tclass=\"so-widget-sow-editor so-widget-sow-editor-base\"\n\t\t\t\n\t\t>\n<div class=\"siteorigin-widget-tinymce textwidget\">\n\t<p style=\"text-align: center;\"><strong>Version :<\/strong><br \/>\nFran\u00e7aise<\/p>\n<\/div>\n<\/div><\/div><\/div><\/div><div id=\"pg-5437-2\"  class=\"panel-grid panel-no-style\" ><div id=\"pgc-5437-2-0\"  class=\"panel-grid-cell\" ><div id=\"panel-5437-2-0-0\" class=\"so-panel widget widget_sow-editor panel-first-child panel-last-child\" data-index=\"7\" ><div\n\t\t\t\n\t\t\tclass=\"so-widget-sow-editor so-widget-sow-editor-base\"\n\t\t\t\n\t\t>\n<div class=\"siteorigin-widget-tinymce textwidget\">\n\t<hr \/>\n<p>Acheter cette carte fut une riche id\u00e9e. Les \u00e9paves sous-marines les plus anciennes, l\u00e9gendaires et gorg\u00e9es de tr\u00e9sors sont d\u00e9sormais \u00e0 port\u00e9e de main. Scaphandres et bouteilles d\u2019oxyg\u00e8ne sont \u00e0 bord et votre navire est pr\u00eat \u00e0 lever l\u2019ancre. Mieux vaudrait ne pas tra\u00eener, toutefois...<\/p>\n<p>Car l\u2019agitation qui r\u00e8gne sur le port, avec tous ces capitaines qui se disputent les services des meilleurs plongeurs et historiens, ne peut signifier qu\u2019une chose : il y avait plusieurs exemplaires de cette carte et la plus grande course au tr\u00e9sor de tous les temps est sur le point de d\u00e9buter !<\/p>\n<\/div>\n<\/div><\/div><\/div><\/div><div id=\"pg-5437-3\"  class=\"panel-grid panel-no-style\" ><div id=\"pgc-5437-3-0\"  class=\"panel-grid-cell\" ><div id=\"panel-5437-3-0-0\" class=\"so-panel widget widget_sow-editor panel-first-child panel-last-child\" data-index=\"8\" ><div\n\t\t\t\n\t\t\tclass=\"so-widget-sow-editor so-widget-sow-editor-base\"\n\t\t\t\n\t\t>\n<div class=\"siteorigin-widget-tinymce textwidget\">\n\t<hr \/>\n<p style=\"text-align: center;\"><strong>En vid\u00e9o<\/strong><\/p>\n<p>De l'explication des r\u00e8gles :<\/p>\n<ul>\n<li>Tric Trac<\/li>\n<\/ul>\n<p><a href=\"https:\/\/www.trictrac.net\/actus\/deep-blue-de-lexplication\" target=\"_blank\" rel=\"noopener noreferrer\"><img loading=\"lazy\" decoding=\"async\" class=\"alignnone size-full wp-image-107\" src=\"http:\/\/meeplendice.net\/wp-content\/uploads\/2016\/08\/TT_explication.png\" alt=\"TT_explication\" width=\"200\" height=\"170\" \/><\/a><\/p>\n<p>De la partie :<\/p>\n<ul>\n<li>Tric Trac<\/li>\n<\/ul>\n<p><a href=\"https:\/\/www.trictrac.net\/actus\/deep-blue-de-la-partie\" target=\"_blank\" rel=\"noopener noreferrer\"><img loading=\"lazy\" decoding=\"async\" class=\"alignnone size-full wp-image-117\" src=\"http:\/\/meeplendice.net\/wp-content\/uploads\/2016\/08\/TT_partie_1.png\" alt=\"TT_partie_1\" width=\"200\" height=\"170\" \/><\/a><\/p>\n<\/div>\n<\/div><\/div><\/div><\/div><div id=\"pg-5437-4\"  class=\"panel-grid panel-no-style\" ><div id=\"pgc-5437-4-0\"  class=\"panel-grid-cell\" ><div id=\"panel-5437-4-0-0\" class=\"so-panel widget widget_sow-editor panel-first-child panel-last-child\" data-index=\"9\" ><div\n\t\t\t\n\t\t\tclass=\"so-widget-sow-editor so-widget-sow-editor-base\"\n\t\t\t\n\t\t>\n<div class=\"siteorigin-widget-tinymce textwidget\">\n\t<hr \/>\n<p style=\"text-align: center;\"><strong>Pour aller plus loin<\/strong><\/p>\n<\/div>\n<\/div><\/div><\/div><\/div><\/div>","protected":false},"excerpt":{"rendered":"<p>Nombre de joueurs : 2 &#8211; 5 Dur\u00e9e moyenne : 45 min Age : 8 ans et plus Auteur(s) : Daniel Skjold Pedersen Asger Harding Granerud Illustrations : Nicolas Fructus Bidoun Djib Na\u00efade Miguel Coimbra Pi\u00e9ro R\u00e9gis Torres Tr\u00e8fle Rouge \u00c9dition : Day of Wonder 2019 Version : Fran\u00e7aise<\/p>\n","protected":false},"author":2,"featured_media":5410,"parent":0,"menu_order":0,"comment_status":"closed","ping_status":"closed","template":"","meta":{"footnotes":""},"class_list":["post-5437","page","type-page","status-publish","has-post-thumbnail","hentry"],"acf":[],"rttpg_featured_image_url":{"full":["https:\/\/meeplendice.net\/wp-content\/uploads\/2019\/12\/Deepblue.png",350,350,false],"landscape":["https:\/\/meeplendice.net\/wp-content\/uploads\/2019\/12\/Deepblue.png",350,350,false],"portraits":["https:\/\/meeplendice.net\/wp-content\/uploads\/2019\/12\/Deepblue.png",350,350,false],"thumbnail":["https:\/\/meeplendice.net\/wp-content\/uploads\/2019\/12\/Deepblue-150x150.png",150,150,true],"medium":["https:\/\/meeplendice.net\/wp-content\/uploads\/2019\/12\/Deepblue-300x300.png",300,300,true],"large":["https:\/\/meeplendice.net\/wp-content\/uploads\/2019\/12\/Deepblue.png",350,350,false],"ug_big":["https:\/\/meeplendice.net\/wp-content\/uploads\/2019\/12\/Deepblue.png",350,350,false],"1536x1536":["https:\/\/meeplendice.net\/wp-content\/uploads\/2019\/12\/Deepblue.png",350,350,false],"2048x2048":["https:\/\/meeplendice.net\/wp-content\/uploads\/2019\/12\/Deepblue.png",350,350,false],"ashe-slider-grid-thumbnail":["https:\/\/meeplendice.net\/wp-content\/uploads\/2019\/12\/Deepblue.png",350,350,false],"ashe-full-thumbnail":["https:\/\/meeplendice.net\/wp-content\/uploads\/2019\/12\/Deepblue.png",350,350,false],"ashe-grid-thumbnail":["https:\/\/meeplendice.net\/wp-content\/uploads\/2019\/12\/Deepblue-350x330.png",350,330,true],"ashe-list-thumbnail":["https:\/\/meeplendice.net\/wp-content\/uploads\/2019\/12\/Deepblue-300x300.png",300,300,true],"ashe-single-navigation":["https:\/\/meeplendice.net\/wp-content\/uploads\/2019\/12\/Deepblue-75x75.png",75,75,true],"mailpoet_newsletter_max":["https:\/\/meeplendice.net\/wp-content\/uploads\/2019\/12\/Deepblue.png",350,350,false],"rpwe-thumbnail":["https:\/\/meeplendice.net\/wp-content\/uploads\/2019\/12\/Deepblue-45x45.png",45,45,true],"sow-carousel-default":["https:\/\/meeplendice.net\/wp-content\/uploads\/2019\/12\/Deepblue-272x182.png",272,182,true],"rt_custom":["https:\/\/meeplendice.net\/wp-content\/uploads\/2019\/12\/Deepblue.png",350,350,false]},"rttpg_author":{"display_name":"Karnby","author_link":"https:\/\/meeplendice.net\/?author=2"},"rttpg_comment":0,"rttpg_category":null,"rttpg_excerpt":"Nombre de joueurs : 2 - 5 Dur\u00e9e moyenne : 45 min Age : 8 ans et plus Auteur(s) : Daniel Skjold Pedersen Asger Harding Granerud Illustrations : Nicolas Fructus Bidoun Djib Na\u00efade Miguel Coimbra Pi\u00e9ro R\u00e9gis Torres Tr\u00e8fle Rouge \u00c9dition : Day of Wonder 2019 Version : Fran\u00e7aise","_links":{"self":[{"href":"https:\/\/meeplendice.net\/index.php?rest_route=\/wp\/v2\/pages\/5437","targetHints":{"allow":["GET"]}}],"collection":[{"href":"https:\/\/meeplendice.net\/index.php?rest_route=\/wp\/v2\/pages"}],"about":[{"href":"https:\/\/meeplendice.net\/index.php?rest_route=\/wp\/v2\/types\/page"}],"author":[{"embeddable":true,"href":"https:\/\/meeplendice.net\/index.php?rest_route=\/wp\/v2\/users\/2"}],"replies":[{"embeddable":true,"href":"https:\/\/meeplendice.net\/index.php?rest_route=%2Fwp%2Fv2%2Fcomments&post=5437"}],"version-history":[{"count":4,"href":"https:\/\/meeplendice.net\/index.php?rest_route=\/wp\/v2\/pages\/5437\/revisions"}],"predecessor-version":[{"id":7236,"href":"https:\/\/meeplendice.net\/index.php?rest_route=\/wp\/v2\/pages\/5437\/revisions\/7236"}],"wp:featuredmedia":[{"embeddable":true,"href":"https:\/\/meeplendice.net\/index.php?rest_route=\/wp\/v2\/media\/5410"}],"wp:attachment":[{"href":"https:\/\/meeplendice.net\/index.php?rest_route=%2Fwp%2Fv2%2Fmedia&parent=5437"}],"curies":[{"name":"wp","href":"https:\/\/api.w.org\/{rel}","templated":true}]}}