{"id":5456,"date":"2019-12-31T20:38:11","date_gmt":"2019-12-31T19:38:11","guid":{"rendered":"http:\/\/meeplendice.net\/?page_id=5456"},"modified":"2020-11-20T17:49:49","modified_gmt":"2020-11-20T16:49:49","slug":"passion","status":"publish","type":"page","link":"https:\/\/meeplendice.net\/?page_id=5456","title":{"rendered":"Passion"},"content":{"rendered":"<p>Retour \u00e0 la c\u00e9l\u00e8bre cath\u00e9drale de la Sagrada Familia sur la fa\u00e7ade de la Passion, la premi\u00e8re des trois grandes fa\u00e7ades. Cette extension modulaire jouit d&rsquo;une grande libert\u00e9 artistique &#8211; ajoutez tout \u00e0 l&rsquo;int\u00e9rieur ou choisissez des composants individuels pour en gagner en exp\u00e9rience d&rsquo;artisanat.<\/p>\n<p>Passion introduit de nouveaux d\u00e9fis pour tester vos capacit\u00e9s d&rsquo;artisan. Gagnez des pouvoirs individuels gr\u00e2ce \u00e0 des cartes d&rsquo;inspiration, utilisez des d\u00e9s en verre rares pour atteindre de nouveaux objectifs individuels, et soyez r\u00e9compens\u00e9 pour avoir soigneusement atteint une nouvelle sym\u00e9trie et \u00e9quilibr\u00e9 les objectifs publics. Votre vitrail sera-t-il un v\u00e9ritable chef-d&rsquo;\u0153uvre ?<span id=\"result_box\" class=\"\" lang=\"fr\"><\/span><\/p>\n","protected":false},"excerpt":{"rendered":"<p>Retour \u00e0 la c\u00e9l\u00e8bre cath\u00e9drale de la Sagrada Familia sur la fa\u00e7ade de la Passion, la premi\u00e8re des trois grandes fa\u00e7ades. Cette extension modulaire jouit d&rsquo;une grande libert\u00e9 artistique &#8211; ajoutez tout \u00e0 l&rsquo;int\u00e9rieur ou choisissez des composants individuels pour en gagner en exp\u00e9rience d&rsquo;artisanat. Passion introduit de nouveaux d\u00e9fis pour tester vos capacit\u00e9s d&rsquo;artisan. Gagnez des pouvoirs individuels gr\u00e2ce \u00e0 des cartes d&rsquo;inspiration, utilisez des d\u00e9s en verre rares pour atteindre de nouveaux objectifs individuels, et soyez r\u00e9compens\u00e9 pour avoir soigneusement atteint une nouvelle sym\u00e9trie et \u00e9quilibr\u00e9 les objectifs publics. Votre vitrail sera-t-il un v\u00e9ritable chef-d&rsquo;\u0153uvre ?<\/p>\n","protected":false},"author":2,"featured_media":5400,"parent":4458,"menu_order":1,"comment_status":"closed","ping_status":"closed","template":"","meta":{"footnotes":""},"class_list":["post-5456","page","type-page","status-publish","has-post-thumbnail","hentry"],"acf":[],"rttpg_featured_image_url":{"full":["https:\/\/meeplendice.net\/wp-content\/uploads\/2019\/12\/Sagrada_Passion.png",350,350,false],"landscape":["https:\/\/meeplendice.net\/wp-content\/uploads\/2019\/12\/Sagrada_Passion.png",350,350,false],"portraits":["https:\/\/meeplendice.net\/wp-content\/uploads\/2019\/12\/Sagrada_Passion.png",350,350,false],"thumbnail":["https:\/\/meeplendice.net\/wp-content\/uploads\/2019\/12\/Sagrada_Passion-150x150.png",150,150,true],"medium":["https:\/\/meeplendice.net\/wp-content\/uploads\/2019\/12\/Sagrada_Passion-300x300.png",300,300,true],"large":["https:\/\/meeplendice.net\/wp-content\/uploads\/2019\/12\/Sagrada_Passion.png",350,350,false],"ug_big":["https:\/\/meeplendice.net\/wp-content\/uploads\/2019\/12\/Sagrada_Passion.png",350,350,false],"1536x1536":["https:\/\/meeplendice.net\/wp-content\/uploads\/2019\/12\/Sagrada_Passion.png",350,350,false],"2048x2048":["https:\/\/meeplendice.net\/wp-content\/uploads\/2019\/12\/Sagrada_Passion.png",350,350,false],"ashe-slider-grid-thumbnail":["https:\/\/meeplendice.net\/wp-content\/uploads\/2019\/12\/Sagrada_Passion.png",350,350,false],"ashe-full-thumbnail":["https:\/\/meeplendice.net\/wp-content\/uploads\/2019\/12\/Sagrada_Passion.png",350,350,false],"ashe-grid-thumbnail":["https:\/\/meeplendice.net\/wp-content\/uploads\/2019\/12\/Sagrada_Passion-350x330.png",350,330,true],"ashe-list-thumbnail":["https:\/\/meeplendice.net\/wp-content\/uploads\/2019\/12\/Sagrada_Passion-300x300.png",300,300,true],"ashe-single-navigation":["https:\/\/meeplendice.net\/wp-content\/uploads\/2019\/12\/Sagrada_Passion-75x75.png",75,75,true],"mailpoet_newsletter_max":["https:\/\/meeplendice.net\/wp-content\/uploads\/2019\/12\/Sagrada_Passion.png",350,350,false],"rpwe-thumbnail":["https:\/\/meeplendice.net\/wp-content\/uploads\/2019\/12\/Sagrada_Passion-45x45.png",45,45,true],"sow-carousel-default":["https:\/\/meeplendice.net\/wp-content\/uploads\/2019\/12\/Sagrada_Passion-272x182.png",272,182,true],"rt_custom":["https:\/\/meeplendice.net\/wp-content\/uploads\/2019\/12\/Sagrada_Passion.png",350,350,false]},"rttpg_author":{"display_name":"Karnby","author_link":"https:\/\/meeplendice.net\/?author=2"},"rttpg_comment":0,"rttpg_category":null,"rttpg_excerpt":"Retour \u00e0 la c\u00e9l\u00e8bre cath\u00e9drale de la Sagrada Familia sur la fa\u00e7ade de la Passion, la premi\u00e8re des trois grandes fa\u00e7ades. Cette extension modulaire jouit d&rsquo;une grande libert\u00e9 artistique &#8211; ajoutez tout \u00e0 l&rsquo;int\u00e9rieur ou choisissez des composants individuels pour en gagner en exp\u00e9rience d&rsquo;artisanat. Passion introduit de nouveaux d\u00e9fis pour tester vos capacit\u00e9s d&rsquo;artisan.\u2026","_links":{"self":[{"href":"https:\/\/meeplendice.net\/index.php?rest_route=\/wp\/v2\/pages\/5456","targetHints":{"allow":["GET"]}}],"collection":[{"href":"https:\/\/meeplendice.net\/index.php?rest_route=\/wp\/v2\/pages"}],"about":[{"href":"https:\/\/meeplendice.net\/index.php?rest_route=\/wp\/v2\/types\/page"}],"author":[{"embeddable":true,"href":"https:\/\/meeplendice.net\/index.php?rest_route=\/wp\/v2\/users\/2"}],"replies":[{"embeddable":true,"href":"https:\/\/meeplendice.net\/index.php?rest_route=%2Fwp%2Fv2%2Fcomments&post=5456"}],"version-history":[{"count":3,"href":"https:\/\/meeplendice.net\/index.php?rest_route=\/wp\/v2\/pages\/5456\/revisions"}],"predecessor-version":[{"id":10589,"href":"https:\/\/meeplendice.net\/index.php?rest_route=\/wp\/v2\/pages\/5456\/revisions\/10589"}],"up":[{"embeddable":true,"href":"https:\/\/meeplendice.net\/index.php?rest_route=\/wp\/v2\/pages\/4458"}],"wp:featuredmedia":[{"embeddable":true,"href":"https:\/\/meeplendice.net\/index.php?rest_route=\/wp\/v2\/media\/5400"}],"wp:attachment":[{"href":"https:\/\/meeplendice.net\/index.php?rest_route=%2Fwp%2Fv2%2Fmedia&parent=5456"}],"curies":[{"name":"wp","href":"https:\/\/api.w.org\/{rel}","templated":true}]}}