{"id":5458,"date":"2019-12-31T20:40:56","date_gmt":"2019-12-31T19:40:56","guid":{"rendered":"http:\/\/meeplendice.net\/?page_id=5458"},"modified":"2020-11-20T19:59:07","modified_gmt":"2020-11-20T18:59:07","slug":"le-veme-element","status":"publish","type":"page","link":"https:\/\/meeplendice.net\/?page_id=5458","title":{"rendered":"Le Veme \u00e9l\u00e9ment"},"content":{"rendered":"<p><em>\u00ab\u00a0Le livre a de nouveau \u00e9t\u00e9 ouvert ! Tous \u00e0 vos sortil\u00e8ges ! Mais quels sont ces monstres inconnus ? Alors que les pages d\u00e9filent, d\u2019inconcevables phobies commencent \u00e0 se r\u00e9pandre et paralysent les apprentis magiciens. Comment refermer le livre ? Avec cette terrifiante Mati\u00e8re Noire, peut-\u00eatre ?\u00a0\u00bb<\/em><\/p>\n<p>Le Cinqui\u00e8me \u00c9l\u00e9ment, c\u2019est la premi\u00e8re extension pour Big Book of Madness ! Elle propose un nouveau livre de sortil\u00e8ges, de nouveaux monstres, de nouveaux magiciens\u2026 mais aussi de nouvelles m\u00e9caniques de jeu, \u00e0 jouer de mani\u00e8re ind\u00e9pendante ou combin\u00e9e !<span id=\"result_box\" class=\"\" lang=\"fr\"><\/span><\/p>\n","protected":false},"excerpt":{"rendered":"<p>\u00ab\u00a0Le livre a de nouveau \u00e9t\u00e9 ouvert ! Tous \u00e0 vos sortil\u00e8ges ! Mais quels sont ces monstres inconnus ? Alors que les pages d\u00e9filent, d\u2019inconcevables phobies commencent \u00e0 se r\u00e9pandre et paralysent les apprentis magiciens. Comment refermer le livre ? Avec cette terrifiante Mati\u00e8re Noire, peut-\u00eatre ?\u00a0\u00bb Le Cinqui\u00e8me \u00c9l\u00e9ment, c\u2019est la premi\u00e8re extension pour Big Book of Madness ! Elle propose un nouveau livre de sortil\u00e8ges, de nouveaux monstres, de nouveaux magiciens\u2026 mais aussi de nouvelles m\u00e9caniques de jeu, \u00e0 jouer de mani\u00e8re ind\u00e9pendante ou combin\u00e9e !<\/p>\n","protected":false},"author":2,"featured_media":5402,"parent":2245,"menu_order":1,"comment_status":"closed","ping_status":"closed","template":"","meta":{"footnotes":""},"class_list":["post-5458","page","type-page","status-publish","has-post-thumbnail","hentry"],"acf":[],"rttpg_featured_image_url":{"full":["https:\/\/meeplendice.net\/wp-content\/uploads\/2019\/12\/BBoM_5element.png",350,350,false],"landscape":["https:\/\/meeplendice.net\/wp-content\/uploads\/2019\/12\/BBoM_5element.png",350,350,false],"portraits":["https:\/\/meeplendice.net\/wp-content\/uploads\/2019\/12\/BBoM_5element.png",350,350,false],"thumbnail":["https:\/\/meeplendice.net\/wp-content\/uploads\/2019\/12\/BBoM_5element-150x150.png",150,150,true],"medium":["https:\/\/meeplendice.net\/wp-content\/uploads\/2019\/12\/BBoM_5element-300x300.png",300,300,true],"large":["https:\/\/meeplendice.net\/wp-content\/uploads\/2019\/12\/BBoM_5element.png",350,350,false],"ug_big":["https:\/\/meeplendice.net\/wp-content\/uploads\/2019\/12\/BBoM_5element.png",350,350,false],"1536x1536":["https:\/\/meeplendice.net\/wp-content\/uploads\/2019\/12\/BBoM_5element.png",350,350,false],"2048x2048":["https:\/\/meeplendice.net\/wp-content\/uploads\/2019\/12\/BBoM_5element.png",350,350,false],"ashe-slider-grid-thumbnail":["https:\/\/meeplendice.net\/wp-content\/uploads\/2019\/12\/BBoM_5element.png",350,350,false],"ashe-full-thumbnail":["https:\/\/meeplendice.net\/wp-content\/uploads\/2019\/12\/BBoM_5element.png",350,350,false],"ashe-grid-thumbnail":["https:\/\/meeplendice.net\/wp-content\/uploads\/2019\/12\/BBoM_5element-350x330.png",350,330,true],"ashe-list-thumbnail":["https:\/\/meeplendice.net\/wp-content\/uploads\/2019\/12\/BBoM_5element-300x300.png",300,300,true],"ashe-single-navigation":["https:\/\/meeplendice.net\/wp-content\/uploads\/2019\/12\/BBoM_5element-75x75.png",75,75,true],"mailpoet_newsletter_max":["https:\/\/meeplendice.net\/wp-content\/uploads\/2019\/12\/BBoM_5element.png",350,350,false],"rpwe-thumbnail":["https:\/\/meeplendice.net\/wp-content\/uploads\/2019\/12\/BBoM_5element-45x45.png",45,45,true],"sow-carousel-default":["https:\/\/meeplendice.net\/wp-content\/uploads\/2019\/12\/BBoM_5element-272x182.png",272,182,true],"rt_custom":["https:\/\/meeplendice.net\/wp-content\/uploads\/2019\/12\/BBoM_5element.png",350,350,false]},"rttpg_author":{"display_name":"Karnby","author_link":"https:\/\/meeplendice.net\/?author=2"},"rttpg_comment":0,"rttpg_category":null,"rttpg_excerpt":"\u00ab\u00a0Le livre a de nouveau \u00e9t\u00e9 ouvert ! Tous \u00e0 vos sortil\u00e8ges ! Mais quels sont ces monstres inconnus ? Alors que les pages d\u00e9filent, d\u2019inconcevables phobies commencent \u00e0 se r\u00e9pandre et paralysent les apprentis magiciens. Comment refermer le livre ? Avec cette terrifiante Mati\u00e8re Noire, peut-\u00eatre ?\u00a0\u00bb Le Cinqui\u00e8me \u00c9l\u00e9ment, c\u2019est la premi\u00e8re extension\u2026","_links":{"self":[{"href":"https:\/\/meeplendice.net\/index.php?rest_route=\/wp\/v2\/pages\/5458","targetHints":{"allow":["GET"]}}],"collection":[{"href":"https:\/\/meeplendice.net\/index.php?rest_route=\/wp\/v2\/pages"}],"about":[{"href":"https:\/\/meeplendice.net\/index.php?rest_route=\/wp\/v2\/types\/page"}],"author":[{"embeddable":true,"href":"https:\/\/meeplendice.net\/index.php?rest_route=\/wp\/v2\/users\/2"}],"replies":[{"embeddable":true,"href":"https:\/\/meeplendice.net\/index.php?rest_route=%2Fwp%2Fv2%2Fcomments&post=5458"}],"version-history":[{"count":2,"href":"https:\/\/meeplendice.net\/index.php?rest_route=\/wp\/v2\/pages\/5458\/revisions"}],"predecessor-version":[{"id":7535,"href":"https:\/\/meeplendice.net\/index.php?rest_route=\/wp\/v2\/pages\/5458\/revisions\/7535"}],"up":[{"embeddable":true,"href":"https:\/\/meeplendice.net\/index.php?rest_route=\/wp\/v2\/pages\/2245"}],"wp:featuredmedia":[{"embeddable":true,"href":"https:\/\/meeplendice.net\/index.php?rest_route=\/wp\/v2\/media\/5402"}],"wp:attachment":[{"href":"https:\/\/meeplendice.net\/index.php?rest_route=%2Fwp%2Fv2%2Fmedia&parent=5458"}],"curies":[{"name":"wp","href":"https:\/\/api.w.org\/{rel}","templated":true}]}}