{"id":5460,"date":"2019-12-31T20:47:04","date_gmt":"2019-12-31T19:47:04","guid":{"rendered":"http:\/\/meeplendice.net\/?page_id=5460"},"modified":"2021-12-16T18:10:06","modified_gmt":"2021-12-16T17:10:06","slug":"lux-et-tenebrae","status":"publish","type":"page","link":"https:\/\/meeplendice.net\/?page_id=5460","title":{"rendered":"Lux et Tenebrae"},"content":{"rendered":"<p><em>Dans la crypte d&rsquo;une cath\u00e9drale impie, un mage invoque les pouvoirs des d\u00e9mons pour lancer de puissants sortil\u00e8ges.<\/em><\/p>\n<p><em>Au coeur d&rsquo;un laboratoire alchimique, un devin pr\u00e9pare un parchemin de destruction.<\/em><\/p>\n<p><em>A l&rsquo;ext\u00e9rieur, un barde et une dresseuse ont form\u00e9 une curieuse alliance pour partir \u00e0 la recherche du dragon prismatique et du lion d&rsquo;or, capables de repousser les t\u00e9n\u00e8bres&#8230;<\/em><\/p>\n<p>&nbsp;<\/p>\n<p>Lux et Tenebrae est la premi\u00e8re extension du jeu Res Arcana. Elle propose des r\u00e8gles pour 5 joueurs, une nouvelle cat\u00e9gorie d&rsquo;artefacts (les d\u00e9mons), ainsi que des parchemins \u00e0 usage unique.<br \/>\nDe nouveaux mages, objets magiques, monuments, lieux de puissance et artefacts viennent s&rsquo;ajouter \u00e0 vos parties.<\/p>\n<p>&nbsp;<\/p>\n<p>&nbsp;<\/p>\n<p><span id=\"result_box\" class=\"\" lang=\"fr\"><span class=\"\">\u00a0<\/span><\/span><\/p>\n","protected":false},"excerpt":{"rendered":"<p>Dans la crypte d&rsquo;une cath\u00e9drale impie, un mage invoque les pouvoirs des d\u00e9mons pour lancer de puissants sortil\u00e8ges. Au coeur d&rsquo;un laboratoire alchimique, un devin pr\u00e9pare un parchemin de destruction. A l&rsquo;ext\u00e9rieur, un barde et une dresseuse ont form\u00e9 une curieuse alliance pour partir \u00e0 la recherche du dragon prismatique et du lion d&rsquo;or, capables de repousser les t\u00e9n\u00e8bres&#8230; &nbsp; Lux et Tenebrae est la premi\u00e8re extension du jeu Res Arcana. Elle propose des r\u00e8gles pour 5 joueurs, une nouvelle cat\u00e9gorie d&rsquo;artefacts (les d\u00e9mons), ainsi que des parchemins \u00e0 usage unique. De nouveaux mages, objets magiques, monuments, lieux de puissance et artefacts viennent s&rsquo;ajouter \u00e0 vos parties. &nbsp; &nbsp; \u00a0<\/p>\n","protected":false},"author":2,"featured_media":5401,"parent":5020,"menu_order":0,"comment_status":"closed","ping_status":"closed","template":"","meta":{"footnotes":""},"class_list":["post-5460","page","type-page","status-publish","has-post-thumbnail","hentry"],"acf":[],"rttpg_featured_image_url":{"full":["https:\/\/meeplendice.net\/wp-content\/uploads\/2019\/12\/ResArcana_LT.png",350,350,false],"landscape":["https:\/\/meeplendice.net\/wp-content\/uploads\/2019\/12\/ResArcana_LT.png",350,350,false],"portraits":["https:\/\/meeplendice.net\/wp-content\/uploads\/2019\/12\/ResArcana_LT.png",350,350,false],"thumbnail":["https:\/\/meeplendice.net\/wp-content\/uploads\/2019\/12\/ResArcana_LT-150x150.png",150,150,true],"medium":["https:\/\/meeplendice.net\/wp-content\/uploads\/2019\/12\/ResArcana_LT-300x300.png",300,300,true],"large":["https:\/\/meeplendice.net\/wp-content\/uploads\/2019\/12\/ResArcana_LT.png",350,350,false],"ug_big":["https:\/\/meeplendice.net\/wp-content\/uploads\/2019\/12\/ResArcana_LT.png",350,350,false],"1536x1536":["https:\/\/meeplendice.net\/wp-content\/uploads\/2019\/12\/ResArcana_LT.png",350,350,false],"2048x2048":["https:\/\/meeplendice.net\/wp-content\/uploads\/2019\/12\/ResArcana_LT.png",350,350,false],"ashe-slider-grid-thumbnail":["https:\/\/meeplendice.net\/wp-content\/uploads\/2019\/12\/ResArcana_LT.png",350,350,false],"ashe-full-thumbnail":["https:\/\/meeplendice.net\/wp-content\/uploads\/2019\/12\/ResArcana_LT.png",350,350,false],"ashe-grid-thumbnail":["https:\/\/meeplendice.net\/wp-content\/uploads\/2019\/12\/ResArcana_LT-350x330.png",350,330,true],"ashe-list-thumbnail":["https:\/\/meeplendice.net\/wp-content\/uploads\/2019\/12\/ResArcana_LT-300x300.png",300,300,true],"ashe-single-navigation":["https:\/\/meeplendice.net\/wp-content\/uploads\/2019\/12\/ResArcana_LT-75x75.png",75,75,true],"mailpoet_newsletter_max":["https:\/\/meeplendice.net\/wp-content\/uploads\/2019\/12\/ResArcana_LT.png",350,350,false],"rpwe-thumbnail":["https:\/\/meeplendice.net\/wp-content\/uploads\/2019\/12\/ResArcana_LT-45x45.png",45,45,true],"sow-carousel-default":["https:\/\/meeplendice.net\/wp-content\/uploads\/2019\/12\/ResArcana_LT-272x182.png",272,182,true],"rt_custom":["https:\/\/meeplendice.net\/wp-content\/uploads\/2019\/12\/ResArcana_LT.png",350,350,false]},"rttpg_author":{"display_name":"Karnby","author_link":"https:\/\/meeplendice.net\/?author=2"},"rttpg_comment":0,"rttpg_category":null,"rttpg_excerpt":"Dans la crypte d&rsquo;une cath\u00e9drale impie, un mage invoque les pouvoirs des d\u00e9mons pour lancer de puissants sortil\u00e8ges. Au coeur d&rsquo;un laboratoire alchimique, un devin pr\u00e9pare un parchemin de destruction. A l&rsquo;ext\u00e9rieur, un barde et une dresseuse ont form\u00e9 une curieuse alliance pour partir \u00e0 la recherche du dragon prismatique et du lion d&rsquo;or, capables\u2026","_links":{"self":[{"href":"https:\/\/meeplendice.net\/index.php?rest_route=\/wp\/v2\/pages\/5460","targetHints":{"allow":["GET"]}}],"collection":[{"href":"https:\/\/meeplendice.net\/index.php?rest_route=\/wp\/v2\/pages"}],"about":[{"href":"https:\/\/meeplendice.net\/index.php?rest_route=\/wp\/v2\/types\/page"}],"author":[{"embeddable":true,"href":"https:\/\/meeplendice.net\/index.php?rest_route=\/wp\/v2\/users\/2"}],"replies":[{"embeddable":true,"href":"https:\/\/meeplendice.net\/index.php?rest_route=%2Fwp%2Fv2%2Fcomments&post=5460"}],"version-history":[{"count":3,"href":"https:\/\/meeplendice.net\/index.php?rest_route=\/wp\/v2\/pages\/5460\/revisions"}],"predecessor-version":[{"id":7891,"href":"https:\/\/meeplendice.net\/index.php?rest_route=\/wp\/v2\/pages\/5460\/revisions\/7891"}],"up":[{"embeddable":true,"href":"https:\/\/meeplendice.net\/index.php?rest_route=\/wp\/v2\/pages\/5020"}],"wp:featuredmedia":[{"embeddable":true,"href":"https:\/\/meeplendice.net\/index.php?rest_route=\/wp\/v2\/media\/5401"}],"wp:attachment":[{"href":"https:\/\/meeplendice.net\/index.php?rest_route=%2Fwp%2Fv2%2Fmedia&parent=5460"}],"curies":[{"name":"wp","href":"https:\/\/api.w.org\/{rel}","templated":true}]}}