{"id":5484,"date":"2020-01-01T01:34:36","date_gmt":"2020-01-01T00:34:36","guid":{"rendered":"http:\/\/meeplendice.net\/?page_id=5484"},"modified":"2023-06-11T23:31:24","modified_gmt":"2023-06-11T22:31:24","slug":"5484-2","status":"publish","type":"page","link":"https:\/\/meeplendice.net\/?page_id=5484","title":{"rendered":"TIME Stories Revolution"},"content":{"rendered":"<div id=\"pl-5484\"  class=\"panel-layout\" ><div id=\"pg-5484-0\"  class=\"panel-grid panel-no-style\" ><div id=\"pgc-5484-0-0\"  class=\"panel-grid-cell\" ><div id=\"panel-5484-0-0-0\" class=\"so-panel widget widget_sow-editor panel-first-child panel-last-child\" data-index=\"0\" ><div\n\t\t\t\n\t\t\tclass=\"so-widget-sow-editor so-widget-sow-editor-base\"\n\t\t\t\n\t\t>\n<div class=\"siteorigin-widget-tinymce textwidget\">\n\t<p style=\"text-align: center;\"><strong>Nombre de joueurs :<\/strong><br \/>\n1 - 4<\/p>\n<\/div>\n<\/div><\/div><\/div><div id=\"pgc-5484-0-1\"  class=\"panel-grid-cell\" ><div id=\"panel-5484-0-1-0\" class=\"so-panel widget widget_sow-editor panel-first-child panel-last-child\" data-index=\"1\" ><div\n\t\t\t\n\t\t\tclass=\"so-widget-sow-editor so-widget-sow-editor-base\"\n\t\t\t\n\t\t>\n<div class=\"siteorigin-widget-tinymce textwidget\">\n\t<p style=\"text-align: center;\"><strong>Dur\u00e9e moyenne :<\/strong><br \/>\n90 min<\/p>\n<\/div>\n<\/div><\/div><\/div><div id=\"pgc-5484-0-2\"  class=\"panel-grid-cell\" ><div id=\"panel-5484-0-2-0\" class=\"so-panel widget widget_sow-editor panel-first-child panel-last-child\" data-index=\"2\" ><div\n\t\t\t\n\t\t\tclass=\"so-widget-sow-editor so-widget-sow-editor-base\"\n\t\t\t\n\t\t>\n<div class=\"siteorigin-widget-tinymce textwidget\">\n\t<p style=\"text-align: center;\"><strong>Age :<\/strong><br \/>\n12 ans et plus<\/p>\n<\/div>\n<\/div><\/div><\/div><\/div><div id=\"pg-5484-1\"  class=\"panel-grid panel-no-style\" ><div id=\"pgc-5484-1-0\"  class=\"panel-grid-cell\" ><div id=\"panel-5484-1-0-0\" class=\"so-panel widget widget_sow-editor panel-first-child panel-last-child\" data-index=\"3\" ><div\n\t\t\t\n\t\t\tclass=\"so-widget-sow-editor so-widget-sow-editor-base\"\n\t\t\t\n\t\t>\n<div class=\"siteorigin-widget-tinymce textwidget\">\n\t<p style=\"text-align: center;\"><strong>Auteur(s) :<br \/>\n<\/strong>Manuel Rozoy<\/p>\n<\/div>\n<\/div><\/div><\/div><div id=\"pgc-5484-1-1\"  class=\"panel-grid-cell\" ><div id=\"panel-5484-1-1-0\" class=\"so-panel widget widget_sow-editor panel-first-child panel-last-child\" data-index=\"4\" ><div\n\t\t\t\n\t\t\tclass=\"so-widget-sow-editor so-widget-sow-editor-base\"\n\t\t\t\n\t\t>\n<div class=\"siteorigin-widget-tinymce textwidget\">\n\t<p style=\"text-align: center;\"><strong>Illustrations :<\/strong><\/p>\n<\/div>\n<\/div><\/div><\/div><div id=\"pgc-5484-1-2\"  class=\"panel-grid-cell\" ><div id=\"panel-5484-1-2-0\" class=\"so-panel widget widget_sow-editor panel-first-child panel-last-child\" data-index=\"5\" ><div\n\t\t\t\n\t\t\tclass=\"so-widget-sow-editor so-widget-sow-editor-base\"\n\t\t\t\n\t\t>\n<div class=\"siteorigin-widget-tinymce textwidget\">\n\t<p style=\"text-align: center;\"><strong>\u00c9dition :<\/strong><br \/>\nSpace Cowboys<br \/>\n2019<\/p>\n<\/div>\n<\/div><\/div><\/div><div id=\"pgc-5484-1-3\"  class=\"panel-grid-cell\" ><div id=\"panel-5484-1-3-0\" class=\"so-panel widget widget_sow-editor panel-first-child panel-last-child\" data-index=\"6\" ><div\n\t\t\t\n\t\t\tclass=\"so-widget-sow-editor so-widget-sow-editor-base\"\n\t\t\t\n\t\t>\n<div class=\"siteorigin-widget-tinymce textwidget\">\n\t<p style=\"text-align: center;\"><strong>Version :<\/strong><br \/>\nFran\u00e7aise<\/p>\n<\/div>\n<\/div><\/div><\/div><\/div><div id=\"pg-5484-2\"  class=\"panel-grid panel-no-style\" ><div id=\"pgc-5484-2-0\"  class=\"panel-grid-cell\" ><div id=\"panel-5484-2-0-0\" class=\"so-panel widget widget_sow-editor panel-first-child panel-last-child\" data-index=\"7\" ><div\n\t\t\t\n\t\t\tclass=\"so-widget-sow-editor so-widget-sow-editor-base\"\n\t\t\t\n\t\t>\n<div class=\"siteorigin-widget-tinymce textwidget\">\n\t<hr \/>\n<p class=\"font_8\"><span class=\"color_14\">Vous \u00eates un agent temporel de la TIME, une organisation au service de l'humanit\u00e9. Le voyage dans le temps est d\u00e9sormais une r\u00e9alit\u00e9 et vous en \u00eates un des r\u00e9gulateurs. <\/span><\/p>\n<p class=\"font_8\"><span class=\"color_14\">Suite \u00e0 des \u00e9v\u00e9nements r\u00e9cents, la TIME a d\u00fb modifier son fonctionnement en profondeur. Elle s'appuie toujours sur l'utilisation des r\u00e9ceptacles, mais le voyage dans le temps emploie d\u00e9sormais une technologie m\u00ealant la science tr\u00e8s avanc\u00e9e du XXIIe\u00a0si\u00e8cle \u00e0 d'\u00e9tranges m\u00e9thodes \u00e9sot\u00e9riques transmises par les myst\u00e9rieux Syaans.<\/span><\/p>\n<\/div>\n<\/div><\/div><\/div><\/div><div id=\"pg-5484-3\"  class=\"panel-grid panel-no-style\" ><div id=\"pgc-5484-3-0\"  class=\"panel-grid-cell\" ><div id=\"panel-5484-3-0-0\" class=\"so-panel widget widget_sow-editor panel-first-child panel-last-child\" data-index=\"8\" ><div\n\t\t\t\n\t\t\tclass=\"so-widget-sow-editor so-widget-sow-editor-base\"\n\t\t\t\n\t\t>\n<div class=\"siteorigin-widget-tinymce textwidget\">\n\t<hr \/>\n<h3 style=\"text-align: center;\">En vid\u00e9o<\/h3>\n<\/div>\n<\/div><\/div><\/div><\/div><div id=\"pg-5484-4\"  class=\"panel-grid panel-no-style\" ><div id=\"pgc-5484-4-0\"  class=\"panel-grid-cell\" ><div id=\"panel-5484-4-0-0\" class=\"so-panel widget widget_sow-editor panel-first-child panel-last-child\" data-index=\"9\" ><div\n\t\t\t\n\t\t\tclass=\"so-widget-sow-editor so-widget-sow-editor-base\"\n\t\t\t\n\t\t>\n<div class=\"siteorigin-widget-tinymce textwidget\">\n\t<hr \/>\n<h3 style=\"text-align: center;\">Extension(s)<\/h3>\n<p>&nbsp;<\/p>\n<style type='text\/css' media='all'>#rt-tpg-container-3211977619 .read-more a{border-radius:px;}#rt-tpg-container-3211977619 .rt-img-holder img.rt-img-responsive,#rt-tpg-container-3211977619 .rt-img-holder,\n\t\t\t\t\t#rt-tpg-container-3211977619 .rt-post-overlay .post-img,\n\t\t\t\t\t#rt-tpg-container-3211977619 .post-sm .post-img,\n\t\t\t\t\t#rt-tpg-container-3211977619 .rt-post-grid .post-img,\n\t\t\t\t\t#rt-tpg-container-3211977619 .post-img img {border-radius:px;}#rt-tpg-container-3211977619 .layout9 .rt-holder h2.entry-title,\n\t\t\t\t\t#rt-tpg-container-3211977619 .layout9 .rt-holder h3.entry-title,\n\t\t\t\t\t#rt-tpg-container-3211977619 .layout9 .rt-holder h4.entry-title,\n\t\t\t\t\t#rt-tpg-container-3211977619 .layout9 .rt-holder h2.entry-title a,\n\t\t\t\t\t#rt-tpg-container-3211977619 .layout9 .rt-holder h3.entry-title a,\n\t\t\t\t\t#rt-tpg-container-3211977619 .layout9 .rt-holder h4.entry-title a,\n\t\t\t\t\t#rt-tpg-container-3211977619 .rt-holder .rt-woo-info h2 a,\n\t\t\t\t\t#rt-tpg-container-3211977619 .rt-holder .rt-woo-info h3 a,\n\t\t\t\t\t#rt-tpg-container-3211977619 .rt-holder .rt-woo-info h4 a,\n\t\t\t\t\t#rt-tpg-container-3211977619 .post-content .post-title,\n\t\t\t\t\t#rt-tpg-container-3211977619 .rt-post-grid .post-title,\n\t\t\t\t\t#rt-tpg-container-3211977619 .rt-post-grid .post-title a,\n\t\t\t\t\t#rt-tpg-container-3211977619 .post-content .post-title a,\n\t\t\t\t\t#rt-tpg-container-3211977619 .rt-holder .rt-woo-info h2,\n\t\t\t\t\t#rt-tpg-container-3211977619 .rt-holder .rt-woo-info h3,\n\t\t\t\t\t#rt-tpg-container-3211977619 .rt-holder .rt-woo-info h4{font-size:16px;line-height:26px;font-weight:normal;text-align:center;}#rt-tpg-container-3211977619 .post-grid-lg-style-1 .post-title,\n\t\t\t\t\t\t#rt-tpg-container-3211977619 .post-grid-lg-style-1 .post-title a,\n\t\t\t\t\t\t#rt-tpg-container-3211977619 .big-layout .post-title,\n\t\t\t\t\t\t#rt-tpg-container-3211977619 .big-layout .post-title a,\n\t\t\t\t\t\t#rt-tpg-container-3211977619 .post-grid-lg-style-1 .post-title,\n\t\t\t\t\t\t#rt-tpg-container-3211977619 .post-grid-lg-style-1 .post-title a {font-size:24px;line-height:34px;}<\/style><div class='rt-container-fluid rt-tpg-container tpg-shortcode-main-wrapper ' id='rt-tpg-container-3211977619'   data-layout='layout9' data-grid-style='even' data-desktop-col='3'  data-tab-col='2'  data-mobile-col='1' data-sc-id='5496'><div data-title='Loading ...' class='rt-row rt-content-loader   layout9 tpg-even '><div class=\"rt-col-md-4 rt-col-sm-6 rt-col-xs-12 even-grid-item rt-grid-item img_zoom_in\" data-id=\"5492\"><div class=\"rt-holder\"><div class='overlay'><a data-id='5492' class=' tpg-single-popup' href='https:\/\/meeplendice.net\/?page_id=5492'><img loading=\"lazy\" decoding=\"async\" width=\"350\" height=\"350\" src=\"https:\/\/meeplendice.net\/wp-content\/uploads\/2020\/01\/TIME_R_Experience.png\" class=\"rt-img-responsive \" alt=\"\" \/><\/a><\/div><div class='post-info'><h2 class=\"entry-title\"><a data-id=\"5492\" class=\" tpg-single-popup\" href=\"https:\/\/meeplendice.net\/?page_id=5492\">Experience<\/a><\/h2><div class='post-meta-user '><\/div><\/div><\/div><\/div><div class=\"rt-col-md-4 rt-col-sm-6 rt-col-xs-12 even-grid-item rt-grid-item img_zoom_in\" data-id=\"5494\"><div class=\"rt-holder\"><div class='overlay'><a data-id='5494' class=' tpg-single-popup' href='https:\/\/meeplendice.net\/?page_id=5494'><img loading=\"lazy\" decoding=\"async\" width=\"350\" height=\"350\" src=\"https:\/\/meeplendice.net\/wp-content\/uploads\/2020\/01\/TIME_R_Hadal.png\" class=\"rt-img-responsive \" alt=\"\" \/><\/a><\/div><div class='post-info'><h2 class=\"entry-title\"><a data-id=\"5494\" class=\" tpg-single-popup\" href=\"https:\/\/meeplendice.net\/?page_id=5494\">The Hadal Project<\/a><\/h2><div class='post-meta-user '><\/div><\/div><\/div><\/div><div class=\"rt-col-md-4 rt-col-sm-6 rt-col-xs-12 even-grid-item rt-grid-item img_zoom_in\" data-id=\"11018\"><div class=\"rt-holder\"><div class='overlay'><a data-id='11018' class=' tpg-single-popup' href='https:\/\/meeplendice.net\/?page_id=11018'><img loading=\"lazy\" decoding=\"async\" width=\"350\" height=\"350\" src=\"https:\/\/meeplendice.net\/wp-content\/uploads\/2022\/01\/TIME_R_Unenuit.png\" class=\"rt-img-responsive \" alt=\"\" \/><\/a><\/div><div class='post-info'><h2 class=\"entry-title\"><a data-id=\"11018\" class=\" tpg-single-popup\" href=\"https:\/\/meeplendice.net\/?page_id=11018\">Une nuit d&rsquo;\u00e9t\u00e9<\/a><\/h2><div class='post-meta-user '><\/div><\/div><\/div><\/div><\/div><div class='rt-pagination-wrap' data-total-pages='2' data-posts-per-page='3' data-type='pagination_ajax'  ><div class='rt-page-numbers'><\/div><\/div><\/div>\n<\/div>\n<\/div><\/div><\/div><\/div><div id=\"pg-5484-5\"  class=\"panel-grid panel-no-style\" ><div id=\"pgc-5484-5-0\"  class=\"panel-grid-cell\" ><div id=\"panel-5484-5-0-0\" class=\"so-panel widget widget_sow-editor panel-first-child panel-last-child\" data-index=\"10\" ><div\n\t\t\t\n\t\t\tclass=\"so-widget-sow-editor so-widget-sow-editor-base\"\n\t\t\t\n\t\t>\n<div class=\"siteorigin-widget-tinymce textwidget\">\n\t<hr \/>\n<h3 style=\"text-align: center;\">Pour aller plus loin<\/h3>\n<\/div>\n<\/div><\/div><\/div><\/div><\/div>","protected":false},"excerpt":{"rendered":"<p>Nombre de joueurs : 1 &#8211; 4 Dur\u00e9e moyenne : 90 min Age : 12 ans et plus Auteur(s) : Manuel Rozoy Illustrations : \u00c9dition : Space Cowboys 2019 Version : Fran\u00e7aise<\/p>\n","protected":false},"author":2,"featured_media":5487,"parent":0,"menu_order":0,"comment_status":"closed","ping_status":"closed","template":"","meta":{"footnotes":""},"class_list":["post-5484","page","type-page","status-publish","has-post-thumbnail","hentry"],"acf":[],"rttpg_featured_image_url":{"full":["https:\/\/meeplendice.net\/wp-content\/uploads\/2020\/01\/Timestories_revolution.png",350,350,false],"landscape":["https:\/\/meeplendice.net\/wp-content\/uploads\/2020\/01\/Timestories_revolution.png",350,350,false],"portraits":["https:\/\/meeplendice.net\/wp-content\/uploads\/2020\/01\/Timestories_revolution.png",350,350,false],"thumbnail":["https:\/\/meeplendice.net\/wp-content\/uploads\/2020\/01\/Timestories_revolution-150x150.png",150,150,true],"medium":["https:\/\/meeplendice.net\/wp-content\/uploads\/2020\/01\/Timestories_revolution-300x300.png",300,300,true],"large":["https:\/\/meeplendice.net\/wp-content\/uploads\/2020\/01\/Timestories_revolution.png",350,350,false],"ug_big":["https:\/\/meeplendice.net\/wp-content\/uploads\/2020\/01\/Timestories_revolution.png",350,350,false],"1536x1536":["https:\/\/meeplendice.net\/wp-content\/uploads\/2020\/01\/Timestories_revolution.png",350,350,false],"2048x2048":["https:\/\/meeplendice.net\/wp-content\/uploads\/2020\/01\/Timestories_revolution.png",350,350,false],"ashe-slider-grid-thumbnail":["https:\/\/meeplendice.net\/wp-content\/uploads\/2020\/01\/Timestories_revolution.png",350,350,false],"ashe-full-thumbnail":["https:\/\/meeplendice.net\/wp-content\/uploads\/2020\/01\/Timestories_revolution.png",350,350,false],"ashe-grid-thumbnail":["https:\/\/meeplendice.net\/wp-content\/uploads\/2020\/01\/Timestories_revolution-350x330.png",350,330,true],"ashe-list-thumbnail":["https:\/\/meeplendice.net\/wp-content\/uploads\/2020\/01\/Timestories_revolution-300x300.png",300,300,true],"ashe-single-navigation":["https:\/\/meeplendice.net\/wp-content\/uploads\/2020\/01\/Timestories_revolution-75x75.png",75,75,true],"mailpoet_newsletter_max":["https:\/\/meeplendice.net\/wp-content\/uploads\/2020\/01\/Timestories_revolution.png",350,350,false],"rpwe-thumbnail":["https:\/\/meeplendice.net\/wp-content\/uploads\/2020\/01\/Timestories_revolution-45x45.png",45,45,true],"sow-carousel-default":["https:\/\/meeplendice.net\/wp-content\/uploads\/2020\/01\/Timestories_revolution-272x182.png",272,182,true],"rt_custom":["https:\/\/meeplendice.net\/wp-content\/uploads\/2020\/01\/Timestories_revolution.png",350,350,false]},"rttpg_author":{"display_name":"Karnby","author_link":"https:\/\/meeplendice.net\/?author=2"},"rttpg_comment":0,"rttpg_category":null,"rttpg_excerpt":"Nombre de joueurs : 1 - 4 Dur\u00e9e moyenne : 90 min Age : 12 ans et plus Auteur(s) : Manuel Rozoy Illustrations : \u00c9dition : Space Cowboys 2019 Version : Fran\u00e7aise","_links":{"self":[{"href":"https:\/\/meeplendice.net\/index.php?rest_route=\/wp\/v2\/pages\/5484","targetHints":{"allow":["GET"]}}],"collection":[{"href":"https:\/\/meeplendice.net\/index.php?rest_route=\/wp\/v2\/pages"}],"about":[{"href":"https:\/\/meeplendice.net\/index.php?rest_route=\/wp\/v2\/types\/page"}],"author":[{"embeddable":true,"href":"https:\/\/meeplendice.net\/index.php?rest_route=\/wp\/v2\/users\/2"}],"replies":[{"embeddable":true,"href":"https:\/\/meeplendice.net\/index.php?rest_route=%2Fwp%2Fv2%2Fcomments&post=5484"}],"version-history":[{"count":9,"href":"https:\/\/meeplendice.net\/index.php?rest_route=\/wp\/v2\/pages\/5484\/revisions"}],"predecessor-version":[{"id":11014,"href":"https:\/\/meeplendice.net\/index.php?rest_route=\/wp\/v2\/pages\/5484\/revisions\/11014"}],"wp:featuredmedia":[{"embeddable":true,"href":"https:\/\/meeplendice.net\/index.php?rest_route=\/wp\/v2\/media\/5487"}],"wp:attachment":[{"href":"https:\/\/meeplendice.net\/index.php?rest_route=%2Fwp%2Fv2%2Fmedia&parent=5484"}],"curies":[{"name":"wp","href":"https:\/\/api.w.org\/{rel}","templated":true}]}}