{"id":5492,"date":"2020-01-01T01:37:32","date_gmt":"2020-01-01T00:37:32","guid":{"rendered":"http:\/\/meeplendice.net\/?page_id=5492"},"modified":"2020-11-22T16:47:37","modified_gmt":"2020-11-22T15:47:37","slug":"experience","status":"publish","type":"page","link":"https:\/\/meeplendice.net\/?page_id=5492","title":{"rendered":"Experience"},"content":{"rendered":"<p>Vous \u00eates en mission pour sauver l\u2019humanit\u00e9. Le continuum espace-temps et la trame m\u00eame de la r\u00e9alit\u00e9 sont en danger !<br \/>\nUne poign\u00e9e d\u2019hommes, de femmes et d\u2019extra-terrestres constitue le seul rempart contre cette menace.<\/p>\n","protected":false},"excerpt":{"rendered":"<p>Vous \u00eates en mission pour sauver l\u2019humanit\u00e9. Le continuum espace-temps et la trame m\u00eame de la r\u00e9alit\u00e9 sont en danger ! Une poign\u00e9e d\u2019hommes, de femmes et d\u2019extra-terrestres constitue le seul rempart contre cette menace.<\/p>\n","protected":false},"author":2,"featured_media":5486,"parent":5484,"menu_order":1,"comment_status":"closed","ping_status":"closed","template":"","meta":{"footnotes":""},"class_list":["post-5492","page","type-page","status-publish","has-post-thumbnail","hentry"],"acf":[],"rttpg_featured_image_url":{"full":["https:\/\/meeplendice.net\/wp-content\/uploads\/2020\/01\/TIME_R_Experience.png",350,350,false],"landscape":["https:\/\/meeplendice.net\/wp-content\/uploads\/2020\/01\/TIME_R_Experience.png",350,350,false],"portraits":["https:\/\/meeplendice.net\/wp-content\/uploads\/2020\/01\/TIME_R_Experience.png",350,350,false],"thumbnail":["https:\/\/meeplendice.net\/wp-content\/uploads\/2020\/01\/TIME_R_Experience-150x150.png",150,150,true],"medium":["https:\/\/meeplendice.net\/wp-content\/uploads\/2020\/01\/TIME_R_Experience-300x300.png",300,300,true],"large":["https:\/\/meeplendice.net\/wp-content\/uploads\/2020\/01\/TIME_R_Experience.png",350,350,false],"ug_big":["https:\/\/meeplendice.net\/wp-content\/uploads\/2020\/01\/TIME_R_Experience.png",350,350,false],"1536x1536":["https:\/\/meeplendice.net\/wp-content\/uploads\/2020\/01\/TIME_R_Experience.png",350,350,false],"2048x2048":["https:\/\/meeplendice.net\/wp-content\/uploads\/2020\/01\/TIME_R_Experience.png",350,350,false],"ashe-slider-grid-thumbnail":["https:\/\/meeplendice.net\/wp-content\/uploads\/2020\/01\/TIME_R_Experience.png",350,350,false],"ashe-full-thumbnail":["https:\/\/meeplendice.net\/wp-content\/uploads\/2020\/01\/TIME_R_Experience.png",350,350,false],"ashe-grid-thumbnail":["https:\/\/meeplendice.net\/wp-content\/uploads\/2020\/01\/TIME_R_Experience-350x330.png",350,330,true],"ashe-list-thumbnail":["https:\/\/meeplendice.net\/wp-content\/uploads\/2020\/01\/TIME_R_Experience-300x300.png",300,300,true],"ashe-single-navigation":["https:\/\/meeplendice.net\/wp-content\/uploads\/2020\/01\/TIME_R_Experience-75x75.png",75,75,true],"mailpoet_newsletter_max":["https:\/\/meeplendice.net\/wp-content\/uploads\/2020\/01\/TIME_R_Experience.png",350,350,false],"rpwe-thumbnail":["https:\/\/meeplendice.net\/wp-content\/uploads\/2020\/01\/TIME_R_Experience-45x45.png",45,45,true],"sow-carousel-default":["https:\/\/meeplendice.net\/wp-content\/uploads\/2020\/01\/TIME_R_Experience-272x182.png",272,182,true],"rt_custom":["https:\/\/meeplendice.net\/wp-content\/uploads\/2020\/01\/TIME_R_Experience.png",350,350,false]},"rttpg_author":{"display_name":"Karnby","author_link":"https:\/\/meeplendice.net\/?author=2"},"rttpg_comment":0,"rttpg_category":null,"rttpg_excerpt":"Vous \u00eates en mission pour sauver l\u2019humanit\u00e9. Le continuum espace-temps et la trame m\u00eame de la r\u00e9alit\u00e9 sont en danger ! Une poign\u00e9e d\u2019hommes, de femmes et d\u2019extra-terrestres constitue le seul rempart contre cette menace.","_links":{"self":[{"href":"https:\/\/meeplendice.net\/index.php?rest_route=\/wp\/v2\/pages\/5492","targetHints":{"allow":["GET"]}}],"collection":[{"href":"https:\/\/meeplendice.net\/index.php?rest_route=\/wp\/v2\/pages"}],"about":[{"href":"https:\/\/meeplendice.net\/index.php?rest_route=\/wp\/v2\/types\/page"}],"author":[{"embeddable":true,"href":"https:\/\/meeplendice.net\/index.php?rest_route=\/wp\/v2\/users\/2"}],"replies":[{"embeddable":true,"href":"https:\/\/meeplendice.net\/index.php?rest_route=%2Fwp%2Fv2%2Fcomments&post=5492"}],"version-history":[{"count":2,"href":"https:\/\/meeplendice.net\/index.php?rest_route=\/wp\/v2\/pages\/5492\/revisions"}],"predecessor-version":[{"id":7628,"href":"https:\/\/meeplendice.net\/index.php?rest_route=\/wp\/v2\/pages\/5492\/revisions\/7628"}],"up":[{"embeddable":true,"href":"https:\/\/meeplendice.net\/index.php?rest_route=\/wp\/v2\/pages\/5484"}],"wp:featuredmedia":[{"embeddable":true,"href":"https:\/\/meeplendice.net\/index.php?rest_route=\/wp\/v2\/media\/5486"}],"wp:attachment":[{"href":"https:\/\/meeplendice.net\/index.php?rest_route=%2Fwp%2Fv2%2Fmedia&parent=5492"}],"curies":[{"name":"wp","href":"https:\/\/api.w.org\/{rel}","templated":true}]}}