{"id":5704,"date":"2020-04-08T14:01:59","date_gmt":"2020-04-08T13:01:59","guid":{"rendered":"http:\/\/meeplendice.net\/?page_id=5704"},"modified":"2020-11-13T16:48:44","modified_gmt":"2020-11-13T15:48:44","slug":"les-basses-terres","status":"publish","type":"page","link":"https:\/\/meeplendice.net\/?page_id=5704","title":{"rendered":"Les Basses Terres"},"content":{"rendered":"<div id=\"pl-5704\"  class=\"panel-layout\" ><div id=\"pg-5704-0\"  class=\"panel-grid panel-no-style\" ><div id=\"pgc-5704-0-0\"  class=\"panel-grid-cell\" ><div id=\"panel-5704-0-0-0\" class=\"so-panel widget widget_sow-editor panel-first-child panel-last-child\" data-index=\"0\" ><div\n\t\t\t\n\t\t\tclass=\"so-widget-sow-editor so-widget-sow-editor-base\"\n\t\t\t\n\t\t>\n<div class=\"siteorigin-widget-tinymce textwidget\">\n\t<p style=\"text-align: center;\"><strong>Nombre de joueurs :<\/strong><br \/>\n2 - 4<\/p>\n<\/div>\n<\/div><\/div><\/div><div id=\"pgc-5704-0-1\"  class=\"panel-grid-cell\" ><div id=\"panel-5704-0-1-0\" class=\"so-panel widget widget_sow-editor panel-first-child panel-last-child\" data-index=\"1\" ><div\n\t\t\t\n\t\t\tclass=\"so-widget-sow-editor so-widget-sow-editor-base\"\n\t\t\t\n\t\t>\n<div class=\"siteorigin-widget-tinymce textwidget\">\n\t<p style=\"text-align: center;\"><strong>Dur\u00e9e moyenne :<br \/>\n<\/strong>100 min<\/p>\n<\/div>\n<\/div><\/div><\/div><div id=\"pgc-5704-0-2\"  class=\"panel-grid-cell\" ><div id=\"panel-5704-0-2-0\" class=\"so-panel widget widget_sow-editor panel-first-child panel-last-child\" data-index=\"2\" ><div\n\t\t\t\n\t\t\tclass=\"so-widget-sow-editor so-widget-sow-editor-base\"\n\t\t\t\n\t\t>\n<div class=\"siteorigin-widget-tinymce textwidget\">\n\t<p style=\"text-align: center;\"><strong>Age :<\/strong><br \/>\n12 ans et plus<\/p>\n<\/div>\n<\/div><\/div><\/div><\/div><div id=\"pg-5704-1\"  class=\"panel-grid panel-no-style\" ><div id=\"pgc-5704-1-0\"  class=\"panel-grid-cell\" ><div id=\"panel-5704-1-0-0\" class=\"so-panel widget widget_sow-editor panel-first-child panel-last-child\" data-index=\"3\" ><div\n\t\t\t\n\t\t\tclass=\"so-widget-sow-editor so-widget-sow-editor-base\"\n\t\t\t\n\t\t>\n<div class=\"siteorigin-widget-tinymce textwidget\">\n\t<p style=\"text-align: center;\"><strong>Auteur(s) :<br \/>\n<\/strong>Ralf &amp; Claudia Partenheimer<\/p>\n<\/div>\n<\/div><\/div><\/div><div id=\"pgc-5704-1-1\"  class=\"panel-grid-cell\" ><div id=\"panel-5704-1-1-0\" class=\"so-panel widget widget_sow-editor panel-first-child panel-last-child\" data-index=\"4\" ><div\n\t\t\t\n\t\t\tclass=\"so-widget-sow-editor so-widget-sow-editor-base\"\n\t\t\t\n\t\t>\n<div class=\"siteorigin-widget-tinymce textwidget\">\n\t<p style=\"text-align: center;\"><strong>Illustrations :<\/strong><br \/>\nAndr\u00e8a Boekhoff<\/p>\n<\/div>\n<\/div><\/div><\/div><div id=\"pgc-5704-1-2\"  class=\"panel-grid-cell\" ><div id=\"panel-5704-1-2-0\" class=\"so-panel widget widget_sow-editor panel-first-child panel-last-child\" data-index=\"5\" ><div\n\t\t\t\n\t\t\tclass=\"so-widget-sow-editor so-widget-sow-editor-base\"\n\t\t\t\n\t\t>\n<div class=\"siteorigin-widget-tinymce textwidget\">\n\t<p style=\"text-align: center;\"><strong>\u00c9dition :<\/strong><br \/>\nZ-Man Games<br \/>\n2018<\/p>\n<\/div>\n<\/div><\/div><\/div><div id=\"pgc-5704-1-3\"  class=\"panel-grid-cell\" ><div id=\"panel-5704-1-3-0\" class=\"so-panel widget widget_sow-editor panel-first-child panel-last-child\" data-index=\"6\" ><div\n\t\t\t\n\t\t\tclass=\"so-widget-sow-editor so-widget-sow-editor-base\"\n\t\t\t\n\t\t>\n<div class=\"siteorigin-widget-tinymce textwidget\">\n\t<p style=\"text-align: center;\"><strong>Version :<\/strong><br \/>\nFran\u00e7aise<\/p>\n<\/div>\n<\/div><\/div><\/div><\/div><div id=\"pg-5704-2\"  class=\"panel-grid panel-no-style\" ><div id=\"pgc-5704-2-0\"  class=\"panel-grid-cell\" ><div id=\"panel-5704-2-0-0\" class=\"so-panel widget widget_sow-editor panel-first-child panel-last-child\" data-index=\"7\" ><div\n\t\t\t\n\t\t\tclass=\"so-widget-sow-editor so-widget-sow-editor-base\"\n\t\t\t\n\t\t>\n<div class=\"siteorigin-widget-tinymce textwidget\">\n\t<hr \/>\n<p>Les \"Pays bas\", situ\u00e9s sur la c\u00f4te de la mer du Nord, sont des terres aust\u00e8res constamment menac\u00e9es par les ondes de temp\u00eates. Vous incarnez les habitants de ces contr\u00e9es, toujours confront\u00e9s au m\u00eame dilemme : construire de nouvelles digues et abandonner les fermes, ou rester pour \u00e9lever des moutons et faire prosp\u00e9rer leur exploitation ?<\/p>\n<p>R\u00e9ussirez-vous \u00e0 trouver le bon \u00e9quilibre entre les obligations \u00e9conomiques de votre \u00e9levage et la n\u00e9cessit\u00e9 de vous prot\u00e9ger en construisant la digue ? Serez-vous pr\u00eat \u00e0 faire face \u00e0 l'onde de temp\u00eate quand elle frappera la c\u00f4t\u00e9 ?<\/p>\n<\/div>\n<\/div><\/div><\/div><\/div><div id=\"pg-5704-3\"  class=\"panel-grid panel-no-style\" ><div id=\"pgc-5704-3-0\"  class=\"panel-grid-cell\" ><div id=\"panel-5704-3-0-0\" class=\"so-panel widget widget_sow-editor panel-first-child panel-last-child\" data-index=\"8\" ><div\n\t\t\t\n\t\t\tclass=\"so-widget-sow-editor so-widget-sow-editor-base\"\n\t\t\t\n\t\t>\n<div class=\"siteorigin-widget-tinymce textwidget\">\n\t<hr \/>\n<p style=\"text-align: center;\"><strong>En vid\u00e9o<\/strong><\/p>\n<\/div>\n<\/div><\/div><\/div><\/div><div id=\"pg-5704-4\"  class=\"panel-grid panel-no-style\" ><div id=\"pgc-5704-4-0\"  class=\"panel-grid-cell\" ><div id=\"panel-5704-4-0-0\" class=\"so-panel widget widget_sow-editor panel-first-child panel-last-child\" data-index=\"9\" ><div\n\t\t\t\n\t\t\tclass=\"so-widget-sow-editor so-widget-sow-editor-base\"\n\t\t\t\n\t\t>\n<div class=\"siteorigin-widget-tinymce textwidget\">\n\t<hr \/>\n<p style=\"text-align: center;\"><strong>Pour aller plus loin<\/strong><\/p>\n<\/div>\n<\/div><\/div><\/div><\/div><\/div>","protected":false},"excerpt":{"rendered":"<p>Nombre de joueurs : 2 &#8211; 4 Dur\u00e9e moyenne : 100 min Age : 12 ans et plus Auteur(s) : Ralf &amp; Claudia Partenheimer Illustrations : Andr\u00e8a Boekhoff \u00c9dition : Z-Man Games 2018 Version : Fran\u00e7aise<\/p>\n","protected":false},"author":2,"featured_media":5692,"parent":0,"menu_order":0,"comment_status":"closed","ping_status":"closed","template":"","meta":{"footnotes":""},"class_list":["post-5704","page","type-page","status-publish","has-post-thumbnail","hentry"],"acf":[],"rttpg_featured_image_url":{"full":["https:\/\/meeplendice.net\/wp-content\/uploads\/2020\/04\/Basses_terres.png",350,350,false],"landscape":["https:\/\/meeplendice.net\/wp-content\/uploads\/2020\/04\/Basses_terres.png",350,350,false],"portraits":["https:\/\/meeplendice.net\/wp-content\/uploads\/2020\/04\/Basses_terres.png",350,350,false],"thumbnail":["https:\/\/meeplendice.net\/wp-content\/uploads\/2020\/04\/Basses_terres-150x150.png",150,150,true],"medium":["https:\/\/meeplendice.net\/wp-content\/uploads\/2020\/04\/Basses_terres-300x300.png",300,300,true],"large":["https:\/\/meeplendice.net\/wp-content\/uploads\/2020\/04\/Basses_terres.png",350,350,false],"ug_big":["https:\/\/meeplendice.net\/wp-content\/uploads\/2020\/04\/Basses_terres.png",350,350,false],"1536x1536":["https:\/\/meeplendice.net\/wp-content\/uploads\/2020\/04\/Basses_terres.png",350,350,false],"2048x2048":["https:\/\/meeplendice.net\/wp-content\/uploads\/2020\/04\/Basses_terres.png",350,350,false],"ashe-slider-grid-thumbnail":["https:\/\/meeplendice.net\/wp-content\/uploads\/2020\/04\/Basses_terres.png",350,350,false],"ashe-full-thumbnail":["https:\/\/meeplendice.net\/wp-content\/uploads\/2020\/04\/Basses_terres.png",350,350,false],"ashe-grid-thumbnail":["https:\/\/meeplendice.net\/wp-content\/uploads\/2020\/04\/Basses_terres-350x330.png",350,330,true],"ashe-list-thumbnail":["https:\/\/meeplendice.net\/wp-content\/uploads\/2020\/04\/Basses_terres-300x300.png",300,300,true],"ashe-single-navigation":["https:\/\/meeplendice.net\/wp-content\/uploads\/2020\/04\/Basses_terres-75x75.png",75,75,true],"mailpoet_newsletter_max":["https:\/\/meeplendice.net\/wp-content\/uploads\/2020\/04\/Basses_terres.png",350,350,false],"rpwe-thumbnail":["https:\/\/meeplendice.net\/wp-content\/uploads\/2020\/04\/Basses_terres-45x45.png",45,45,true],"sow-carousel-default":["https:\/\/meeplendice.net\/wp-content\/uploads\/2020\/04\/Basses_terres-272x182.png",272,182,true],"rt_custom":["https:\/\/meeplendice.net\/wp-content\/uploads\/2020\/04\/Basses_terres.png",350,350,false]},"rttpg_author":{"display_name":"Karnby","author_link":"https:\/\/meeplendice.net\/?author=2"},"rttpg_comment":0,"rttpg_category":null,"rttpg_excerpt":"Nombre de joueurs : 2 - 4 Dur\u00e9e moyenne : 100 min Age : 12 ans et plus Auteur(s) : Ralf &amp; Claudia Partenheimer Illustrations : Andr\u00e8a Boekhoff \u00c9dition : Z-Man Games 2018 Version : Fran\u00e7aise","_links":{"self":[{"href":"https:\/\/meeplendice.net\/index.php?rest_route=\/wp\/v2\/pages\/5704","targetHints":{"allow":["GET"]}}],"collection":[{"href":"https:\/\/meeplendice.net\/index.php?rest_route=\/wp\/v2\/pages"}],"about":[{"href":"https:\/\/meeplendice.net\/index.php?rest_route=\/wp\/v2\/types\/page"}],"author":[{"embeddable":true,"href":"https:\/\/meeplendice.net\/index.php?rest_route=\/wp\/v2\/users\/2"}],"replies":[{"embeddable":true,"href":"https:\/\/meeplendice.net\/index.php?rest_route=%2Fwp%2Fv2%2Fcomments&post=5704"}],"version-history":[{"count":5,"href":"https:\/\/meeplendice.net\/index.php?rest_route=\/wp\/v2\/pages\/5704\/revisions"}],"predecessor-version":[{"id":7311,"href":"https:\/\/meeplendice.net\/index.php?rest_route=\/wp\/v2\/pages\/5704\/revisions\/7311"}],"wp:featuredmedia":[{"embeddable":true,"href":"https:\/\/meeplendice.net\/index.php?rest_route=\/wp\/v2\/media\/5692"}],"wp:attachment":[{"href":"https:\/\/meeplendice.net\/index.php?rest_route=%2Fwp%2Fv2%2Fmedia&parent=5704"}],"curies":[{"name":"wp","href":"https:\/\/api.w.org\/{rel}","templated":true}]}}