{"id":5723,"date":"2020-04-08T16:05:12","date_gmt":"2020-04-08T15:05:12","guid":{"rendered":"http:\/\/meeplendice.net\/?page_id=5723"},"modified":"2020-11-13T17:29:33","modified_gmt":"2020-11-13T16:29:33","slug":"wangdo","status":"publish","type":"page","link":"https:\/\/meeplendice.net\/?page_id=5723","title":{"rendered":"Wangdo"},"content":{"rendered":"<div id=\"pl-5723\"  class=\"panel-layout\" ><div id=\"pg-5723-0\"  class=\"panel-grid panel-no-style\" ><div id=\"pgc-5723-0-0\"  class=\"panel-grid-cell\" ><div id=\"panel-5723-0-0-0\" class=\"so-panel widget widget_sow-editor panel-first-child panel-last-child\" data-index=\"0\" ><div\n\t\t\t\n\t\t\tclass=\"so-widget-sow-editor so-widget-sow-editor-base\"\n\t\t\t\n\t\t>\n<div class=\"siteorigin-widget-tinymce textwidget\">\n\t<p style=\"text-align: center;\"><strong>Nombre de joueurs :<\/strong><br \/>\n2 - 4<\/p>\n<\/div>\n<\/div><\/div><\/div><div id=\"pgc-5723-0-1\"  class=\"panel-grid-cell\" ><div id=\"panel-5723-0-1-0\" class=\"so-panel widget widget_sow-editor panel-first-child panel-last-child\" data-index=\"1\" ><div\n\t\t\t\n\t\t\tclass=\"so-widget-sow-editor so-widget-sow-editor-base\"\n\t\t\t\n\t\t>\n<div class=\"siteorigin-widget-tinymce textwidget\">\n\t<p style=\"text-align: center;\"><strong>Dur\u00e9e moyenne :<\/strong><br \/>\n30 min<\/p>\n<\/div>\n<\/div><\/div><\/div><div id=\"pgc-5723-0-2\"  class=\"panel-grid-cell\" ><div id=\"panel-5723-0-2-0\" class=\"so-panel widget widget_sow-editor panel-first-child panel-last-child\" data-index=\"2\" ><div\n\t\t\t\n\t\t\tclass=\"so-widget-sow-editor so-widget-sow-editor-base\"\n\t\t\t\n\t\t>\n<div class=\"siteorigin-widget-tinymce textwidget\">\n\t<p style=\"text-align: center;\"><strong>Age :<\/strong><br \/>\n8 ans et plus<\/p>\n<\/div>\n<\/div><\/div><\/div><\/div><div id=\"pg-5723-1\"  class=\"panel-grid panel-no-style\" ><div id=\"pgc-5723-1-0\"  class=\"panel-grid-cell\" ><div id=\"panel-5723-1-0-0\" class=\"so-panel widget widget_sow-editor panel-first-child panel-last-child\" data-index=\"3\" ><div\n\t\t\t\n\t\t\tclass=\"so-widget-sow-editor so-widget-sow-editor-base\"\n\t\t\t\n\t\t>\n<div class=\"siteorigin-widget-tinymce textwidget\">\n\t<p style=\"text-align: center;\"><strong>Auteur(s) :<br \/>\n<\/strong>Frank Crittin<br \/>\nGr\u00e9goire Largey<br \/>\nS\u00e9bastien Pauchon<\/p>\n<\/div>\n<\/div><\/div><\/div><div id=\"pgc-5723-1-1\"  class=\"panel-grid-cell\" ><div id=\"panel-5723-1-1-0\" class=\"so-panel widget widget_sow-editor panel-first-child panel-last-child\" data-index=\"4\" ><div\n\t\t\t\n\t\t\tclass=\"so-widget-sow-editor so-widget-sow-editor-base\"\n\t\t\t\n\t\t>\n<div class=\"siteorigin-widget-tinymce textwidget\">\n\t<p style=\"text-align: center;\"><strong>Illustrations :<\/strong><br \/>\nJakub Rebelka<\/p>\n<\/div>\n<\/div><\/div><\/div><div id=\"pgc-5723-1-2\"  class=\"panel-grid-cell\" ><div id=\"panel-5723-1-2-0\" class=\"so-panel widget widget_sow-editor panel-first-child panel-last-child\" data-index=\"5\" ><div\n\t\t\t\n\t\t\tclass=\"so-widget-sow-editor so-widget-sow-editor-base\"\n\t\t\t\n\t\t>\n<div class=\"siteorigin-widget-tinymce textwidget\">\n\t<p style=\"text-align: center;\"><strong>\u00c9dition :<br \/>\n<\/strong> Matagot<br \/>\n2019<\/p>\n<\/div>\n<\/div><\/div><\/div><div id=\"pgc-5723-1-3\"  class=\"panel-grid-cell\" ><div id=\"panel-5723-1-3-0\" class=\"so-panel widget widget_sow-editor panel-first-child panel-last-child\" data-index=\"6\" ><div\n\t\t\t\n\t\t\tclass=\"so-widget-sow-editor so-widget-sow-editor-base\"\n\t\t\t\n\t\t>\n<div class=\"siteorigin-widget-tinymce textwidget\">\n\t<p style=\"text-align: center;\"><strong>Version :<\/strong><br \/>\nFran\u00e7aise<\/p>\n<\/div>\n<\/div><\/div><\/div><\/div><div id=\"pg-5723-2\"  class=\"panel-grid panel-no-style\" ><div id=\"pgc-5723-2-0\"  class=\"panel-grid-cell\" ><div id=\"panel-5723-2-0-0\" class=\"so-panel widget widget_sow-editor panel-first-child panel-last-child\" data-index=\"7\" ><div\n\t\t\t\n\t\t\tclass=\"so-widget-sow-editor so-widget-sow-editor-base\"\n\t\t\t\n\t\t>\n<div class=\"siteorigin-widget-tinymce textwidget\">\n\t<hr \/>\n<p>Il y a fort longtemps, bien avant l'\u00e8re des Hommes, quatre clans d'ours aidaient le Roi \u00e0 r\u00e9gner sur l'Asie du Nord-Est. Le temps est venu pour le Roi de d\u00e9signer son successeur.<br \/>\nLes princes de chaque clan partent explorer le monde afin d'apprendre tout ce qu'ils doivent savoir pour pouvoir r\u00e9gner. Ils voyagent de ville en ville afin d'\u00e9riger des st\u00e8les d'ours sacr\u00e9es et ainsi apprendre en retour les secrets de la religion, de l'\u00e9ducation, de l'art militaire et du commerce.<\/p>\n<p>Une nouvelle aventure est sur le point de commencer. Qui sera le prochain \u00e0 prendre place sur le tr\u00f4ne ?<\/p>\n<\/div>\n<\/div><\/div><\/div><\/div><div id=\"pg-5723-3\"  class=\"panel-grid panel-no-style\" ><div id=\"pgc-5723-3-0\"  class=\"panel-grid-cell\" ><div id=\"panel-5723-3-0-0\" class=\"so-panel widget widget_sow-editor panel-first-child panel-last-child\" data-index=\"8\" ><div\n\t\t\t\n\t\t\tclass=\"so-widget-sow-editor so-widget-sow-editor-base\"\n\t\t\t\n\t\t>\n<div class=\"siteorigin-widget-tinymce textwidget\">\n\t<hr \/>\n<p style=\"text-align: center;\"><strong>En vid\u00e9o<\/strong><\/p>\n<\/div>\n<\/div><\/div><\/div><\/div><div id=\"pg-5723-4\"  class=\"panel-grid panel-no-style\" ><div id=\"pgc-5723-4-0\"  class=\"panel-grid-cell\" ><div id=\"panel-5723-4-0-0\" class=\"so-panel widget widget_sow-editor panel-first-child panel-last-child\" data-index=\"9\" ><div\n\t\t\t\n\t\t\tclass=\"so-widget-sow-editor so-widget-sow-editor-base\"\n\t\t\t\n\t\t>\n<div class=\"siteorigin-widget-tinymce textwidget\">\n\t<hr \/>\n<p style=\"text-align: center;\"><strong>Pour aller plus loin<\/strong><\/p>\n<\/div>\n<\/div><\/div><\/div><\/div><\/div>","protected":false},"excerpt":{"rendered":"<p>Nombre de joueurs : 2 &#8211; 4 Dur\u00e9e moyenne : 30 min Age : 8 ans et plus Auteur(s) : Frank Crittin Gr\u00e9goire Largey S\u00e9bastien Pauchon Illustrations : Jakub Rebelka \u00c9dition : Matagot 2019 Version : Fran\u00e7aise<\/p>\n","protected":false},"author":2,"featured_media":5689,"parent":0,"menu_order":0,"comment_status":"closed","ping_status":"closed","template":"","meta":{"footnotes":""},"class_list":["post-5723","page","type-page","status-publish","has-post-thumbnail","hentry"],"acf":[],"rttpg_featured_image_url":{"full":["https:\/\/meeplendice.net\/wp-content\/uploads\/2020\/04\/Wangdo.png",350,350,false],"landscape":["https:\/\/meeplendice.net\/wp-content\/uploads\/2020\/04\/Wangdo.png",350,350,false],"portraits":["https:\/\/meeplendice.net\/wp-content\/uploads\/2020\/04\/Wangdo.png",350,350,false],"thumbnail":["https:\/\/meeplendice.net\/wp-content\/uploads\/2020\/04\/Wangdo-150x150.png",150,150,true],"medium":["https:\/\/meeplendice.net\/wp-content\/uploads\/2020\/04\/Wangdo-300x300.png",300,300,true],"large":["https:\/\/meeplendice.net\/wp-content\/uploads\/2020\/04\/Wangdo.png",350,350,false],"ug_big":["https:\/\/meeplendice.net\/wp-content\/uploads\/2020\/04\/Wangdo.png",350,350,false],"1536x1536":["https:\/\/meeplendice.net\/wp-content\/uploads\/2020\/04\/Wangdo.png",350,350,false],"2048x2048":["https:\/\/meeplendice.net\/wp-content\/uploads\/2020\/04\/Wangdo.png",350,350,false],"ashe-slider-grid-thumbnail":["https:\/\/meeplendice.net\/wp-content\/uploads\/2020\/04\/Wangdo.png",350,350,false],"ashe-full-thumbnail":["https:\/\/meeplendice.net\/wp-content\/uploads\/2020\/04\/Wangdo.png",350,350,false],"ashe-grid-thumbnail":["https:\/\/meeplendice.net\/wp-content\/uploads\/2020\/04\/Wangdo-350x330.png",350,330,true],"ashe-list-thumbnail":["https:\/\/meeplendice.net\/wp-content\/uploads\/2020\/04\/Wangdo-300x300.png",300,300,true],"ashe-single-navigation":["https:\/\/meeplendice.net\/wp-content\/uploads\/2020\/04\/Wangdo-75x75.png",75,75,true],"mailpoet_newsletter_max":["https:\/\/meeplendice.net\/wp-content\/uploads\/2020\/04\/Wangdo.png",350,350,false],"rpwe-thumbnail":["https:\/\/meeplendice.net\/wp-content\/uploads\/2020\/04\/Wangdo-45x45.png",45,45,true],"sow-carousel-default":["https:\/\/meeplendice.net\/wp-content\/uploads\/2020\/04\/Wangdo-272x182.png",272,182,true],"rt_custom":["https:\/\/meeplendice.net\/wp-content\/uploads\/2020\/04\/Wangdo.png",350,350,false]},"rttpg_author":{"display_name":"Karnby","author_link":"https:\/\/meeplendice.net\/?author=2"},"rttpg_comment":0,"rttpg_category":null,"rttpg_excerpt":"Nombre de joueurs : 2 - 4 Dur\u00e9e moyenne : 30 min Age : 8 ans et plus Auteur(s) : Frank Crittin Gr\u00e9goire Largey S\u00e9bastien Pauchon Illustrations : Jakub Rebelka \u00c9dition : Matagot 2019 Version : Fran\u00e7aise","_links":{"self":[{"href":"https:\/\/meeplendice.net\/index.php?rest_route=\/wp\/v2\/pages\/5723","targetHints":{"allow":["GET"]}}],"collection":[{"href":"https:\/\/meeplendice.net\/index.php?rest_route=\/wp\/v2\/pages"}],"about":[{"href":"https:\/\/meeplendice.net\/index.php?rest_route=\/wp\/v2\/types\/page"}],"author":[{"embeddable":true,"href":"https:\/\/meeplendice.net\/index.php?rest_route=\/wp\/v2\/users\/2"}],"replies":[{"embeddable":true,"href":"https:\/\/meeplendice.net\/index.php?rest_route=%2Fwp%2Fv2%2Fcomments&post=5723"}],"version-history":[{"count":6,"href":"https:\/\/meeplendice.net\/index.php?rest_route=\/wp\/v2\/pages\/5723\/revisions"}],"predecessor-version":[{"id":7398,"href":"https:\/\/meeplendice.net\/index.php?rest_route=\/wp\/v2\/pages\/5723\/revisions\/7398"}],"wp:featuredmedia":[{"embeddable":true,"href":"https:\/\/meeplendice.net\/index.php?rest_route=\/wp\/v2\/media\/5689"}],"wp:attachment":[{"href":"https:\/\/meeplendice.net\/index.php?rest_route=%2Fwp%2Fv2%2Fmedia&parent=5723"}],"curies":[{"name":"wp","href":"https:\/\/api.w.org\/{rel}","templated":true}]}}