{"id":5728,"date":"2020-04-09T09:31:40","date_gmt":"2020-04-09T08:31:40","guid":{"rendered":"http:\/\/meeplendice.net\/?page_id=5728"},"modified":"2024-05-02T22:04:07","modified_gmt":"2024-05-02T21:04:07","slug":"cowboy-bebop-space-serenade","status":"publish","type":"page","link":"https:\/\/meeplendice.net\/?page_id=5728","title":{"rendered":"Cowboy Bebop : Space Serenade"},"content":{"rendered":"<div id=\"pl-5728\"  class=\"panel-layout\" ><div id=\"pg-5728-0\"  class=\"panel-grid panel-no-style\" ><div id=\"pgc-5728-0-0\"  class=\"panel-grid-cell\" ><div id=\"panel-5728-0-0-0\" class=\"so-panel widget widget_sow-editor panel-first-child panel-last-child\" data-index=\"0\" ><div\n\t\t\t\n\t\t\tclass=\"so-widget-sow-editor so-widget-sow-editor-base\"\n\t\t\t\n\t\t>\n<div class=\"siteorigin-widget-tinymce textwidget\">\n\t<p style=\"text-align: center;\"><strong>Nombre de joueurs :<\/strong><br \/>\n1 - 4<\/p>\n<\/div>\n<\/div><\/div><\/div><div id=\"pgc-5728-0-1\"  class=\"panel-grid-cell\" ><div id=\"panel-5728-0-1-0\" class=\"so-panel widget widget_sow-editor panel-first-child panel-last-child\" data-index=\"1\" ><div\n\t\t\t\n\t\t\tclass=\"so-widget-sow-editor so-widget-sow-editor-base\"\n\t\t\t\n\t\t>\n<div class=\"siteorigin-widget-tinymce textwidget\">\n\t<p style=\"text-align: center;\"><strong>Dur\u00e9e moyenne :<\/strong><br \/>\n60 min<\/p>\n<\/div>\n<\/div><\/div><\/div><div id=\"pgc-5728-0-2\"  class=\"panel-grid-cell\" ><div id=\"panel-5728-0-2-0\" class=\"so-panel widget widget_sow-editor panel-first-child panel-last-child\" data-index=\"2\" ><div\n\t\t\t\n\t\t\tclass=\"so-widget-sow-editor so-widget-sow-editor-base\"\n\t\t\t\n\t\t>\n<div class=\"siteorigin-widget-tinymce textwidget\">\n\t<p style=\"text-align: center;\"><strong>Age :<\/strong><br \/>\n14 ans et plus<\/p>\n<\/div>\n<\/div><\/div><\/div><\/div><div id=\"pg-5728-1\"  class=\"panel-grid panel-no-style\" ><div id=\"pgc-5728-1-0\"  class=\"panel-grid-cell\" ><div id=\"panel-5728-1-0-0\" class=\"so-panel widget widget_sow-editor panel-first-child panel-last-child\" data-index=\"3\" ><div\n\t\t\t\n\t\t\tclass=\"so-widget-sow-editor so-widget-sow-editor-base\"\n\t\t\t\n\t\t>\n<div class=\"siteorigin-widget-tinymce textwidget\">\n\t<p style=\"text-align: center;\"><strong>Auteur(s) :<br \/>\n<\/strong>Florian Sirieix<br \/>\nJohan Benvenuto<\/p>\n<\/div>\n<\/div><\/div><\/div><div id=\"pgc-5728-1-1\"  class=\"panel-grid-cell\" ><div id=\"panel-5728-1-1-0\" class=\"so-panel widget widget_sow-editor panel-first-child panel-last-child\" data-index=\"4\" ><div\n\t\t\t\n\t\t\tclass=\"so-widget-sow-editor so-widget-sow-editor-base\"\n\t\t\t\n\t\t>\n<div class=\"siteorigin-widget-tinymce textwidget\">\n\t<p style=\"text-align: center;\"><strong>Illustrations :<\/strong><br \/>\nVincent Diez<\/p>\n<\/div>\n<\/div><\/div><\/div><div id=\"pgc-5728-1-2\"  class=\"panel-grid-cell\" ><div id=\"panel-5728-1-2-0\" class=\"so-panel widget widget_sow-editor panel-first-child panel-last-child\" data-index=\"5\" ><div\n\t\t\t\n\t\t\tclass=\"so-widget-sow-editor so-widget-sow-editor-base\"\n\t\t\t\n\t\t>\n<div class=\"siteorigin-widget-tinymce textwidget\">\n\t<p style=\"text-align: center;\"><strong>\u00c9dition :<\/strong><br \/>\nDon't Panic Games<br \/>\n2020<\/p>\n<\/div>\n<\/div><\/div><\/div><div id=\"pgc-5728-1-3\"  class=\"panel-grid-cell\" ><div id=\"panel-5728-1-3-0\" class=\"so-panel widget widget_sow-editor panel-first-child panel-last-child\" data-index=\"6\" ><div\n\t\t\t\n\t\t\tclass=\"so-widget-sow-editor so-widget-sow-editor-base\"\n\t\t\t\n\t\t>\n<div class=\"siteorigin-widget-tinymce textwidget\">\n\t<p style=\"text-align: center;\"><strong>Version :<\/strong><br \/>\nFran\u00e7aise<\/p>\n<\/div>\n<\/div><\/div><\/div><\/div><div id=\"pg-5728-2\"  class=\"panel-grid panel-no-style\" ><div id=\"pgc-5728-2-0\"  class=\"panel-grid-cell\" ><div id=\"panel-5728-2-0-0\" class=\"so-panel widget widget_sow-editor panel-first-child panel-last-child\" data-index=\"7\" ><div\n\t\t\t\n\t\t\tclass=\"so-widget-sow-editor so-widget-sow-editor-base\"\n\t\t\t\n\t\t>\n<div class=\"siteorigin-widget-tinymce textwidget\">\n\t<hr \/>\n<p><em>L\u2019humanit\u00e9 est d\u00e9sormais diss\u00e9min\u00e9e dans l\u2019univers. Pour maintenir un semblant d\u2019ordre, la police a recours \u00e0 des chasseurs de primes, comme ceux de l\u2019\u00e9quipage du Bebop !<\/em><\/p>\n<p>Dans <em>Cowboy Bebop - Space Serenade<\/em>, votre mission est de prouver \u00e0 vos adversaires que vous \u00eates bel et bien le meilleur des chasseurs de primes.<br \/>\nPour parvenir \u00e0 vos fins, vous n'avez qu'une seule solution : obtenir le plus de points de r\u00e9putation \u00e0 la fin du jeu en capturant les criminels recherch\u00e9s par l'agence de police interplan\u00e9taire ISSP (Inter Solar Systems Police). Le tout, dans un esprit de collaboration limit\u00e9e. Seul, vous n'arriverez \u00e0 rien ! Mais soyez suffisamment rus\u00e9 et ind\u00e9pendant pour rafler tous les honneurs.<\/p>\n<\/div>\n<\/div><\/div><\/div><\/div><div id=\"pg-5728-3\"  class=\"panel-grid panel-no-style\" ><div id=\"pgc-5728-3-0\"  class=\"panel-grid-cell\" ><div id=\"panel-5728-3-0-0\" class=\"so-panel widget widget_sow-editor panel-first-child panel-last-child\" data-index=\"8\" ><div\n\t\t\t\n\t\t\tclass=\"so-widget-sow-editor so-widget-sow-editor-base\"\n\t\t\t\n\t\t>\n<div class=\"siteorigin-widget-tinymce textwidget\">\n\t<hr \/>\n<p style=\"text-align: center;\"><strong>En vid\u00e9o<\/strong><\/p>\n<p>De l'explication des r\u00e8gles &amp; de la partie :<\/p>\n<ul>\n<li>Tric Trac<\/li>\n<\/ul>\n<p><a href=\"https:\/\/www.trictrac.net\/videos\/player\/vod\/Cowboy_Bebop_De_Lexplipartie\" target=\"_blank\" rel=\"noopener noreferrer\"><img loading=\"lazy\" decoding=\"async\" class=\"alignnone wp-image-513 size-full\" src=\"http:\/\/meeplendice.net\/wp-content\/uploads\/2016\/08\/TT_explipartie_1.png\" alt=\"TT_explipartie_1\" width=\"200\" height=\"170\" \/><\/a><\/p>\n<\/div>\n<\/div><\/div><\/div><\/div><div id=\"pg-5728-4\"  class=\"panel-grid panel-no-style\" ><div id=\"pgc-5728-4-0\"  class=\"panel-grid-cell\" ><div id=\"panel-5728-4-0-0\" class=\"so-panel widget widget_sow-editor panel-first-child panel-last-child\" data-index=\"9\" ><div\n\t\t\t\n\t\t\tclass=\"so-widget-sow-editor so-widget-sow-editor-base\"\n\t\t\t\n\t\t>\n<div class=\"siteorigin-widget-tinymce textwidget\">\n\t<hr \/>\n<p style=\"text-align: center;\"><strong>Pour aller plus loin<\/strong><\/p>\n<\/div>\n<\/div><\/div><\/div><\/div><\/div>","protected":false},"excerpt":{"rendered":"<p>Nombre de joueurs : 1 &#8211; 4 Dur\u00e9e moyenne : 60 min Age : 14 ans et plus Auteur(s) : Florian Sirieix Johan Benvenuto Illustrations : Vincent Diez \u00c9dition : Don&rsquo;t Panic Games 2020 Version : Fran\u00e7aise<\/p>\n","protected":false},"author":2,"featured_media":5694,"parent":0,"menu_order":0,"comment_status":"closed","ping_status":"closed","template":"","meta":{"footnotes":""},"class_list":["post-5728","page","type-page","status-publish","has-post-thumbnail","hentry"],"acf":[],"rttpg_featured_image_url":{"full":["https:\/\/meeplendice.net\/wp-content\/uploads\/2020\/04\/Cowboy_bebop.png",350,350,false],"landscape":["https:\/\/meeplendice.net\/wp-content\/uploads\/2020\/04\/Cowboy_bebop.png",350,350,false],"portraits":["https:\/\/meeplendice.net\/wp-content\/uploads\/2020\/04\/Cowboy_bebop.png",350,350,false],"thumbnail":["https:\/\/meeplendice.net\/wp-content\/uploads\/2020\/04\/Cowboy_bebop-150x150.png",150,150,true],"medium":["https:\/\/meeplendice.net\/wp-content\/uploads\/2020\/04\/Cowboy_bebop-300x300.png",300,300,true],"large":["https:\/\/meeplendice.net\/wp-content\/uploads\/2020\/04\/Cowboy_bebop.png",350,350,false],"ug_big":["https:\/\/meeplendice.net\/wp-content\/uploads\/2020\/04\/Cowboy_bebop.png",350,350,false],"1536x1536":["https:\/\/meeplendice.net\/wp-content\/uploads\/2020\/04\/Cowboy_bebop.png",350,350,false],"2048x2048":["https:\/\/meeplendice.net\/wp-content\/uploads\/2020\/04\/Cowboy_bebop.png",350,350,false],"ashe-slider-grid-thumbnail":["https:\/\/meeplendice.net\/wp-content\/uploads\/2020\/04\/Cowboy_bebop.png",350,350,false],"ashe-full-thumbnail":["https:\/\/meeplendice.net\/wp-content\/uploads\/2020\/04\/Cowboy_bebop.png",350,350,false],"ashe-grid-thumbnail":["https:\/\/meeplendice.net\/wp-content\/uploads\/2020\/04\/Cowboy_bebop-350x330.png",350,330,true],"ashe-list-thumbnail":["https:\/\/meeplendice.net\/wp-content\/uploads\/2020\/04\/Cowboy_bebop-300x300.png",300,300,true],"ashe-single-navigation":["https:\/\/meeplendice.net\/wp-content\/uploads\/2020\/04\/Cowboy_bebop-75x75.png",75,75,true],"mailpoet_newsletter_max":["https:\/\/meeplendice.net\/wp-content\/uploads\/2020\/04\/Cowboy_bebop.png",350,350,false],"rpwe-thumbnail":["https:\/\/meeplendice.net\/wp-content\/uploads\/2020\/04\/Cowboy_bebop-45x45.png",45,45,true],"sow-carousel-default":["https:\/\/meeplendice.net\/wp-content\/uploads\/2020\/04\/Cowboy_bebop-272x182.png",272,182,true],"rt_custom":["https:\/\/meeplendice.net\/wp-content\/uploads\/2020\/04\/Cowboy_bebop.png",350,350,false]},"rttpg_author":{"display_name":"Karnby","author_link":"https:\/\/meeplendice.net\/?author=2"},"rttpg_comment":0,"rttpg_category":null,"rttpg_excerpt":"Nombre de joueurs : 1 - 4 Dur\u00e9e moyenne : 60 min Age : 14 ans et plus Auteur(s) : Florian Sirieix Johan Benvenuto Illustrations : Vincent Diez \u00c9dition : Don't Panic Games 2020 Version : Fran\u00e7aise","_links":{"self":[{"href":"https:\/\/meeplendice.net\/index.php?rest_route=\/wp\/v2\/pages\/5728","targetHints":{"allow":["GET"]}}],"collection":[{"href":"https:\/\/meeplendice.net\/index.php?rest_route=\/wp\/v2\/pages"}],"about":[{"href":"https:\/\/meeplendice.net\/index.php?rest_route=\/wp\/v2\/types\/page"}],"author":[{"embeddable":true,"href":"https:\/\/meeplendice.net\/index.php?rest_route=\/wp\/v2\/users\/2"}],"replies":[{"embeddable":true,"href":"https:\/\/meeplendice.net\/index.php?rest_route=%2Fwp%2Fv2%2Fcomments&post=5728"}],"version-history":[{"count":8,"href":"https:\/\/meeplendice.net\/index.php?rest_route=\/wp\/v2\/pages\/5728\/revisions"}],"predecessor-version":[{"id":12134,"href":"https:\/\/meeplendice.net\/index.php?rest_route=\/wp\/v2\/pages\/5728\/revisions\/12134"}],"wp:featuredmedia":[{"embeddable":true,"href":"https:\/\/meeplendice.net\/index.php?rest_route=\/wp\/v2\/media\/5694"}],"wp:attachment":[{"href":"https:\/\/meeplendice.net\/index.php?rest_route=%2Fwp%2Fv2%2Fmedia&parent=5728"}],"curies":[{"name":"wp","href":"https:\/\/api.w.org\/{rel}","templated":true}]}}