{"id":5742,"date":"2020-04-09T13:31:36","date_gmt":"2020-04-09T12:31:36","guid":{"rendered":"http:\/\/meeplendice.net\/?page_id=5742"},"modified":"2020-11-13T16:38:18","modified_gmt":"2020-11-13T15:38:18","slug":"hope","status":"publish","type":"page","link":"https:\/\/meeplendice.net\/?page_id=5742","title":{"rendered":"Hope"},"content":{"rendered":"<div id=\"pl-5742\"  class=\"panel-layout\" ><div id=\"pg-5742-0\"  class=\"panel-grid panel-no-style\" ><div id=\"pgc-5742-0-0\"  class=\"panel-grid-cell\" ><div id=\"panel-5742-0-0-0\" class=\"so-panel widget widget_sow-editor panel-first-child panel-last-child\" data-index=\"0\" ><div\n\t\t\t\n\t\t\tclass=\"so-widget-sow-editor so-widget-sow-editor-base\"\n\t\t\t\n\t\t>\n<div class=\"siteorigin-widget-tinymce textwidget\">\n\t<p style=\"text-align: center;\"><strong>Nombre de joueurs :<\/strong><br \/>\n2 - 4<\/p>\n<\/div>\n<\/div><\/div><\/div><div id=\"pgc-5742-0-1\"  class=\"panel-grid-cell\" ><div id=\"panel-5742-0-1-0\" class=\"so-panel widget widget_sow-editor panel-first-child panel-last-child\" data-index=\"1\" ><div\n\t\t\t\n\t\t\tclass=\"so-widget-sow-editor so-widget-sow-editor-base\"\n\t\t\t\n\t\t>\n<div class=\"siteorigin-widget-tinymce textwidget\">\n\t<p style=\"text-align: center;\"><strong>Dur\u00e9e moyenne :<br \/>\n<\/strong> 60 min<\/p>\n<\/div>\n<\/div><\/div><\/div><div id=\"pgc-5742-0-2\"  class=\"panel-grid-cell\" ><div id=\"panel-5742-0-2-0\" class=\"so-panel widget widget_sow-editor panel-first-child panel-last-child\" data-index=\"2\" ><div\n\t\t\t\n\t\t\tclass=\"so-widget-sow-editor so-widget-sow-editor-base\"\n\t\t\t\n\t\t>\n<div class=\"siteorigin-widget-tinymce textwidget\">\n\t<p style=\"text-align: center;\"><strong>Age :<\/strong><br \/>\n12 ans et plus<\/p>\n<\/div>\n<\/div><\/div><\/div><\/div><div id=\"pg-5742-1\"  class=\"panel-grid panel-no-style\" ><div id=\"pgc-5742-1-0\"  class=\"panel-grid-cell\" ><div id=\"panel-5742-1-0-0\" class=\"so-panel widget widget_sow-editor panel-first-child panel-last-child\" data-index=\"3\" ><div\n\t\t\t\n\t\t\tclass=\"so-widget-sow-editor so-widget-sow-editor-base\"\n\t\t\t\n\t\t>\n<div class=\"siteorigin-widget-tinymce textwidget\">\n\t<p style=\"text-align: center;\"><strong>Auteur(s) :<br \/>\n<\/strong>Olivier Gr\u00e9goire<\/p>\n<\/div>\n<\/div><\/div><\/div><div id=\"pgc-5742-1-1\"  class=\"panel-grid-cell\" ><div id=\"panel-5742-1-1-0\" class=\"so-panel widget widget_sow-editor panel-first-child panel-last-child\" data-index=\"4\" ><div\n\t\t\t\n\t\t\tclass=\"so-widget-sow-editor so-widget-sow-editor-base\"\n\t\t\t\n\t\t>\n<div class=\"siteorigin-widget-tinymce textwidget\">\n\t<p style=\"text-align: center;\"><strong>Illustrations :<\/strong><br \/>\nMarcelo Bastos<\/p>\n<\/div>\n<\/div><\/div><\/div><div id=\"pgc-5742-1-2\"  class=\"panel-grid-cell\" ><div id=\"panel-5742-1-2-0\" class=\"so-panel widget widget_sow-editor panel-first-child panel-last-child\" data-index=\"5\" ><div\n\t\t\t\n\t\t\tclass=\"so-widget-sow-editor so-widget-sow-editor-base\"\n\t\t\t\n\t\t>\n<div class=\"siteorigin-widget-tinymce textwidget\">\n\t<p style=\"text-align: center;\"><strong>\u00c9dition :<br \/>\n<\/strong>Morning<br \/>\n2018<\/p>\n<\/div>\n<\/div><\/div><\/div><div id=\"pgc-5742-1-3\"  class=\"panel-grid-cell\" ><div id=\"panel-5742-1-3-0\" class=\"so-panel widget widget_sow-editor panel-first-child panel-last-child\" data-index=\"6\" ><div\n\t\t\t\n\t\t\tclass=\"so-widget-sow-editor so-widget-sow-editor-base\"\n\t\t\t\n\t\t>\n<div class=\"siteorigin-widget-tinymce textwidget\">\n\t<p style=\"text-align: center;\"><strong>Version :<\/strong><br \/>\nFran\u00e7aise<\/p>\n<\/div>\n<\/div><\/div><\/div><\/div><div id=\"pg-5742-2\"  class=\"panel-grid panel-no-style\" ><div id=\"pgc-5742-2-0\"  class=\"panel-grid-cell\" ><div id=\"panel-5742-2-0-0\" class=\"so-panel widget widget_sow-editor panel-first-child panel-last-child\" data-index=\"7\" ><div\n\t\t\t\n\t\t\tclass=\"so-widget-sow-editor so-widget-sow-editor-base\"\n\t\t\t\n\t\t>\n<div class=\"siteorigin-widget-tinymce textwidget\">\n\t<hr \/>\n<p>Nous sommes en 5341 et l'impensable s'est produit : l'univers est entr\u00e9 en R\u00e9gression.<\/p>\n<p>Les plus grands esprits de la Terre se sont r\u00e9unis et ont cr\u00e9\u00e9 la H.O.P.E. (Human Organization to Preserve Existence). Les pilotes d'\u00e9lite s\u00e9lectionn\u00e9s pour mener \u00e0 bien cette mission devront naviguer jusqu'aux confins de l'univers. Leur mission sera de terraformer un maximum de plan\u00e8tes avant que la R\u00e9gression ne les an\u00e9antisse.<\/p>\n<p>Dans cet univers en constante \u00e9volution, une course contre la montre se profile, dans laquelle chaque mouvement compte. Rejoignez la H.O.P.E. et unissez vos forces pour lutter contre la R\u00e9gression !<\/p>\n<p>Mais restez sur vos gardes, un traitre peut se cacher au sein de votre \u00e9quipe...<\/p>\n<p>Dot\u00e9 d'un pouvoir exceptionnel et avec un peu de chance, vous vaincrez et sauverez l'humanit\u00e9 de la destruction en participant \u00e0 cette mission de la plus haute importance.<\/p>\n<p>Ne tardez pas, car la R\u00e9gression, elle, n'attend pas !<\/p>\n<\/div>\n<\/div><\/div><\/div><\/div><div id=\"pg-5742-3\"  class=\"panel-grid panel-no-style\" ><div id=\"pgc-5742-3-0\"  class=\"panel-grid-cell\" ><div id=\"panel-5742-3-0-0\" class=\"so-panel widget widget_sow-editor panel-first-child panel-last-child\" data-index=\"8\" ><div\n\t\t\t\n\t\t\tclass=\"so-widget-sow-editor so-widget-sow-editor-base\"\n\t\t\t\n\t\t>\n<div class=\"siteorigin-widget-tinymce textwidget\">\n\t<hr \/>\n<p style=\"text-align: center;\"><strong>En vid\u00e9o<\/strong><\/p>\n<\/div>\n<\/div><\/div><\/div><\/div><div id=\"pg-5742-4\"  class=\"panel-grid panel-no-style\" ><div id=\"pgc-5742-4-0\"  class=\"panel-grid-cell\" ><div id=\"panel-5742-4-0-0\" class=\"so-panel widget widget_sow-editor panel-first-child panel-last-child\" data-index=\"9\" ><div\n\t\t\t\n\t\t\tclass=\"so-widget-sow-editor so-widget-sow-editor-base\"\n\t\t\t\n\t\t>\n<div class=\"siteorigin-widget-tinymce textwidget\">\n\t<hr \/>\n<p style=\"text-align: center;\"><strong>Pour aller plus loin<\/strong><\/p>\n<\/div>\n<\/div><\/div><\/div><\/div><\/div>","protected":false},"excerpt":{"rendered":"<p>Nombre de joueurs : 2 &#8211; 4 Dur\u00e9e moyenne : 60 min Age : 12 ans et plus Auteur(s) : Olivier Gr\u00e9goire Illustrations : Marcelo Bastos \u00c9dition : Morning 2018 Version : Fran\u00e7aise<\/p>\n","protected":false},"author":2,"featured_media":5695,"parent":0,"menu_order":0,"comment_status":"closed","ping_status":"closed","template":"","meta":{"footnotes":""},"class_list":["post-5742","page","type-page","status-publish","has-post-thumbnail","hentry"],"acf":[],"rttpg_featured_image_url":{"full":["https:\/\/meeplendice.net\/wp-content\/uploads\/2020\/04\/Hope.png",350,350,false],"landscape":["https:\/\/meeplendice.net\/wp-content\/uploads\/2020\/04\/Hope.png",350,350,false],"portraits":["https:\/\/meeplendice.net\/wp-content\/uploads\/2020\/04\/Hope.png",350,350,false],"thumbnail":["https:\/\/meeplendice.net\/wp-content\/uploads\/2020\/04\/Hope-150x150.png",150,150,true],"medium":["https:\/\/meeplendice.net\/wp-content\/uploads\/2020\/04\/Hope-300x300.png",300,300,true],"large":["https:\/\/meeplendice.net\/wp-content\/uploads\/2020\/04\/Hope.png",350,350,false],"ug_big":["https:\/\/meeplendice.net\/wp-content\/uploads\/2020\/04\/Hope.png",350,350,false],"1536x1536":["https:\/\/meeplendice.net\/wp-content\/uploads\/2020\/04\/Hope.png",350,350,false],"2048x2048":["https:\/\/meeplendice.net\/wp-content\/uploads\/2020\/04\/Hope.png",350,350,false],"ashe-slider-grid-thumbnail":["https:\/\/meeplendice.net\/wp-content\/uploads\/2020\/04\/Hope.png",350,350,false],"ashe-full-thumbnail":["https:\/\/meeplendice.net\/wp-content\/uploads\/2020\/04\/Hope.png",350,350,false],"ashe-grid-thumbnail":["https:\/\/meeplendice.net\/wp-content\/uploads\/2020\/04\/Hope-350x330.png",350,330,true],"ashe-list-thumbnail":["https:\/\/meeplendice.net\/wp-content\/uploads\/2020\/04\/Hope-300x300.png",300,300,true],"ashe-single-navigation":["https:\/\/meeplendice.net\/wp-content\/uploads\/2020\/04\/Hope-75x75.png",75,75,true],"mailpoet_newsletter_max":["https:\/\/meeplendice.net\/wp-content\/uploads\/2020\/04\/Hope.png",350,350,false],"rpwe-thumbnail":["https:\/\/meeplendice.net\/wp-content\/uploads\/2020\/04\/Hope-45x45.png",45,45,true],"sow-carousel-default":["https:\/\/meeplendice.net\/wp-content\/uploads\/2020\/04\/Hope-272x182.png",272,182,true],"rt_custom":["https:\/\/meeplendice.net\/wp-content\/uploads\/2020\/04\/Hope.png",350,350,false]},"rttpg_author":{"display_name":"Karnby","author_link":"https:\/\/meeplendice.net\/?author=2"},"rttpg_comment":0,"rttpg_category":null,"rttpg_excerpt":"Nombre de joueurs : 2 - 4 Dur\u00e9e moyenne : 60 min Age : 12 ans et plus Auteur(s) : Olivier Gr\u00e9goire Illustrations : Marcelo Bastos \u00c9dition : Morning 2018 Version : Fran\u00e7aise","_links":{"self":[{"href":"https:\/\/meeplendice.net\/index.php?rest_route=\/wp\/v2\/pages\/5742","targetHints":{"allow":["GET"]}}],"collection":[{"href":"https:\/\/meeplendice.net\/index.php?rest_route=\/wp\/v2\/pages"}],"about":[{"href":"https:\/\/meeplendice.net\/index.php?rest_route=\/wp\/v2\/types\/page"}],"author":[{"embeddable":true,"href":"https:\/\/meeplendice.net\/index.php?rest_route=\/wp\/v2\/users\/2"}],"replies":[{"embeddable":true,"href":"https:\/\/meeplendice.net\/index.php?rest_route=%2Fwp%2Fv2%2Fcomments&post=5742"}],"version-history":[{"count":7,"href":"https:\/\/meeplendice.net\/index.php?rest_route=\/wp\/v2\/pages\/5742\/revisions"}],"predecessor-version":[{"id":7269,"href":"https:\/\/meeplendice.net\/index.php?rest_route=\/wp\/v2\/pages\/5742\/revisions\/7269"}],"wp:featuredmedia":[{"embeddable":true,"href":"https:\/\/meeplendice.net\/index.php?rest_route=\/wp\/v2\/media\/5695"}],"wp:attachment":[{"href":"https:\/\/meeplendice.net\/index.php?rest_route=%2Fwp%2Fv2%2Fmedia&parent=5742"}],"curies":[{"name":"wp","href":"https:\/\/api.w.org\/{rel}","templated":true}]}}