{"id":5763,"date":"2020-04-15T13:46:37","date_gmt":"2020-04-15T12:46:37","guid":{"rendered":"http:\/\/meeplendice.net\/?page_id=5763"},"modified":"2020-11-22T16:38:31","modified_gmt":"2020-11-22T15:38:31","slug":"lultime-secret","status":"publish","type":"page","link":"https:\/\/meeplendice.net\/?page_id=5763","title":{"rendered":"L&rsquo;Ultime Secret"},"content":{"rendered":"<p>Re-survivez \u00e0 l\u2019attaque des Vers g\u00e9ants !<\/p>\n<p>Les exp\u00e9riences du gouvernement qui ont mal tourn\u00e9 dans Terror Below ne se sont pas vraiment arrang\u00e9es avec l\u2019extension L\u2019Ultime Secret. Heureusement pour l\u2019humanit\u00e9 (du Nevada), vous conduirez d\u00e9sormais un tank et vous aurez des \u00e9quipements compl\u00e9mentaires pour chasser les nouveaux Vers \u00abF\u00e9es Clochettes\u00bb et faire pan-pan !<span id=\"result_box\" class=\"\" lang=\"fr\"><\/span><\/p>\n","protected":false},"excerpt":{"rendered":"<p>Re-survivez \u00e0 l\u2019attaque des Vers g\u00e9ants ! Les exp\u00e9riences du gouvernement qui ont mal tourn\u00e9 dans Terror Below ne se sont pas vraiment arrang\u00e9es avec l\u2019extension L\u2019Ultime Secret. Heureusement pour l\u2019humanit\u00e9 (du Nevada), vous conduirez d\u00e9sormais un tank et vous aurez des \u00e9quipements compl\u00e9mentaires pour chasser les nouveaux Vers \u00abF\u00e9es Clochettes\u00bb et faire pan-pan !<\/p>\n","protected":false},"author":2,"featured_media":5686,"parent":5446,"menu_order":1,"comment_status":"closed","ping_status":"closed","template":"","meta":{"footnotes":""},"class_list":["post-5763","page","type-page","status-publish","has-post-thumbnail","hentry"],"acf":[],"rttpg_featured_image_url":{"full":["https:\/\/meeplendice.net\/wp-content\/uploads\/2020\/04\/TB_Ultimesecret.png",350,350,false],"landscape":["https:\/\/meeplendice.net\/wp-content\/uploads\/2020\/04\/TB_Ultimesecret.png",350,350,false],"portraits":["https:\/\/meeplendice.net\/wp-content\/uploads\/2020\/04\/TB_Ultimesecret.png",350,350,false],"thumbnail":["https:\/\/meeplendice.net\/wp-content\/uploads\/2020\/04\/TB_Ultimesecret-150x150.png",150,150,true],"medium":["https:\/\/meeplendice.net\/wp-content\/uploads\/2020\/04\/TB_Ultimesecret-300x300.png",300,300,true],"large":["https:\/\/meeplendice.net\/wp-content\/uploads\/2020\/04\/TB_Ultimesecret.png",350,350,false],"ug_big":["https:\/\/meeplendice.net\/wp-content\/uploads\/2020\/04\/TB_Ultimesecret.png",350,350,false],"1536x1536":["https:\/\/meeplendice.net\/wp-content\/uploads\/2020\/04\/TB_Ultimesecret.png",350,350,false],"2048x2048":["https:\/\/meeplendice.net\/wp-content\/uploads\/2020\/04\/TB_Ultimesecret.png",350,350,false],"ashe-slider-grid-thumbnail":["https:\/\/meeplendice.net\/wp-content\/uploads\/2020\/04\/TB_Ultimesecret.png",350,350,false],"ashe-full-thumbnail":["https:\/\/meeplendice.net\/wp-content\/uploads\/2020\/04\/TB_Ultimesecret.png",350,350,false],"ashe-grid-thumbnail":["https:\/\/meeplendice.net\/wp-content\/uploads\/2020\/04\/TB_Ultimesecret-350x330.png",350,330,true],"ashe-list-thumbnail":["https:\/\/meeplendice.net\/wp-content\/uploads\/2020\/04\/TB_Ultimesecret-300x300.png",300,300,true],"ashe-single-navigation":["https:\/\/meeplendice.net\/wp-content\/uploads\/2020\/04\/TB_Ultimesecret-75x75.png",75,75,true],"mailpoet_newsletter_max":["https:\/\/meeplendice.net\/wp-content\/uploads\/2020\/04\/TB_Ultimesecret.png",350,350,false],"rpwe-thumbnail":["https:\/\/meeplendice.net\/wp-content\/uploads\/2020\/04\/TB_Ultimesecret-45x45.png",45,45,true],"sow-carousel-default":["https:\/\/meeplendice.net\/wp-content\/uploads\/2020\/04\/TB_Ultimesecret-272x182.png",272,182,true],"rt_custom":["https:\/\/meeplendice.net\/wp-content\/uploads\/2020\/04\/TB_Ultimesecret.png",350,350,false]},"rttpg_author":{"display_name":"Karnby","author_link":"https:\/\/meeplendice.net\/?author=2"},"rttpg_comment":0,"rttpg_category":null,"rttpg_excerpt":"Re-survivez \u00e0 l\u2019attaque des Vers g\u00e9ants ! Les exp\u00e9riences du gouvernement qui ont mal tourn\u00e9 dans Terror Below ne se sont pas vraiment arrang\u00e9es avec l\u2019extension L\u2019Ultime Secret. Heureusement pour l\u2019humanit\u00e9 (du Nevada), vous conduirez d\u00e9sormais un tank et vous aurez des \u00e9quipements compl\u00e9mentaires pour chasser les nouveaux Vers \u00abF\u00e9es Clochettes\u00bb et faire pan-pan !","_links":{"self":[{"href":"https:\/\/meeplendice.net\/index.php?rest_route=\/wp\/v2\/pages\/5763","targetHints":{"allow":["GET"]}}],"collection":[{"href":"https:\/\/meeplendice.net\/index.php?rest_route=\/wp\/v2\/pages"}],"about":[{"href":"https:\/\/meeplendice.net\/index.php?rest_route=\/wp\/v2\/types\/page"}],"author":[{"embeddable":true,"href":"https:\/\/meeplendice.net\/index.php?rest_route=\/wp\/v2\/users\/2"}],"replies":[{"embeddable":true,"href":"https:\/\/meeplendice.net\/index.php?rest_route=%2Fwp%2Fv2%2Fcomments&post=5763"}],"version-history":[{"count":2,"href":"https:\/\/meeplendice.net\/index.php?rest_route=\/wp\/v2\/pages\/5763\/revisions"}],"predecessor-version":[{"id":7616,"href":"https:\/\/meeplendice.net\/index.php?rest_route=\/wp\/v2\/pages\/5763\/revisions\/7616"}],"up":[{"embeddable":true,"href":"https:\/\/meeplendice.net\/index.php?rest_route=\/wp\/v2\/pages\/5446"}],"wp:featuredmedia":[{"embeddable":true,"href":"https:\/\/meeplendice.net\/index.php?rest_route=\/wp\/v2\/media\/5686"}],"wp:attachment":[{"href":"https:\/\/meeplendice.net\/index.php?rest_route=%2Fwp%2Fv2%2Fmedia&parent=5763"}],"curies":[{"name":"wp","href":"https:\/\/api.w.org\/{rel}","templated":true}]}}