{"id":5765,"date":"2020-04-15T13:50:47","date_gmt":"2020-04-15T12:50:47","guid":{"rendered":"http:\/\/meeplendice.net\/?page_id=5765"},"modified":"2020-08-31T17:57:38","modified_gmt":"2020-08-31T16:57:38","slug":"guerre-ou-paix","status":"publish","type":"page","link":"https:\/\/meeplendice.net\/?page_id=5765","title":{"rendered":"Guerre ou Paix"},"content":{"rendered":"<p>Cette extension de It&rsquo;s a Wonderful World vous permet de prolonger l&rsquo;exp\u00e9rience ludique encore plus loin.<\/p>\n<div>\n<div>Vous \u00eates \u00e0 la t\u00eate d\u2019un Empire en d\u00e9veloppement. Allez-vous privil\u00e9gier la voie de la Finance, de la Guerre, de la Science, ou peut-\u00eatre une toute autre voie ? D\u00e9veloppez votre Empire pour qu\u2019il devienne le meilleur des mondes !<\/div>\n<div>Jouez en mode campagne, d\u00e9bloquez de nouvelles cartes et d\u00e9couvrez de nouveaux effets.<\/div>\n<div><\/div>\n<div>Selon le d\u00e9roulement de vos parties la destin\u00e9e des 5 empires s&rsquo;orientera vers la Guerre ou la Paix&#8230;<\/div>\n<\/div>\n<p>&nbsp;<\/p>\n<p><span id=\"result_box\" class=\"\" lang=\"fr\"><span class=\"\">\u00a0<\/span><\/span><\/p>\n","protected":false},"excerpt":{"rendered":"<p>Cette extension de It&rsquo;s a Wonderful World vous permet de prolonger l&rsquo;exp\u00e9rience ludique encore plus loin. Vous \u00eates \u00e0 la t\u00eate d\u2019un Empire en d\u00e9veloppement. Allez-vous privil\u00e9gier la voie de la Finance, de la Guerre, de la Science, ou peut-\u00eatre une toute autre voie ? D\u00e9veloppez votre Empire pour qu\u2019il devienne le meilleur des mondes ! Jouez en mode campagne, d\u00e9bloquez de nouvelles cartes et d\u00e9couvrez de nouveaux effets. Selon le d\u00e9roulement de vos parties la destin\u00e9e des 5 empires s&rsquo;orientera vers la Guerre ou la Paix&#8230; &nbsp; \u00a0<\/p>\n","protected":false},"author":2,"featured_media":5685,"parent":5441,"menu_order":1,"comment_status":"closed","ping_status":"closed","template":"","meta":{"footnotes":""},"class_list":["post-5765","page","type-page","status-publish","has-post-thumbnail","hentry"],"acf":[],"rttpg_featured_image_url":{"full":["https:\/\/meeplendice.net\/wp-content\/uploads\/2020\/04\/IAWW_Guerreoupaix.png",350,350,false],"landscape":["https:\/\/meeplendice.net\/wp-content\/uploads\/2020\/04\/IAWW_Guerreoupaix.png",350,350,false],"portraits":["https:\/\/meeplendice.net\/wp-content\/uploads\/2020\/04\/IAWW_Guerreoupaix.png",350,350,false],"thumbnail":["https:\/\/meeplendice.net\/wp-content\/uploads\/2020\/04\/IAWW_Guerreoupaix-150x150.png",150,150,true],"medium":["https:\/\/meeplendice.net\/wp-content\/uploads\/2020\/04\/IAWW_Guerreoupaix-300x300.png",300,300,true],"large":["https:\/\/meeplendice.net\/wp-content\/uploads\/2020\/04\/IAWW_Guerreoupaix.png",350,350,false],"ug_big":["https:\/\/meeplendice.net\/wp-content\/uploads\/2020\/04\/IAWW_Guerreoupaix.png",350,350,false],"1536x1536":["https:\/\/meeplendice.net\/wp-content\/uploads\/2020\/04\/IAWW_Guerreoupaix.png",350,350,false],"2048x2048":["https:\/\/meeplendice.net\/wp-content\/uploads\/2020\/04\/IAWW_Guerreoupaix.png",350,350,false],"ashe-slider-grid-thumbnail":["https:\/\/meeplendice.net\/wp-content\/uploads\/2020\/04\/IAWW_Guerreoupaix.png",350,350,false],"ashe-full-thumbnail":["https:\/\/meeplendice.net\/wp-content\/uploads\/2020\/04\/IAWW_Guerreoupaix.png",350,350,false],"ashe-grid-thumbnail":["https:\/\/meeplendice.net\/wp-content\/uploads\/2020\/04\/IAWW_Guerreoupaix-350x330.png",350,330,true],"ashe-list-thumbnail":["https:\/\/meeplendice.net\/wp-content\/uploads\/2020\/04\/IAWW_Guerreoupaix-300x300.png",300,300,true],"ashe-single-navigation":["https:\/\/meeplendice.net\/wp-content\/uploads\/2020\/04\/IAWW_Guerreoupaix-75x75.png",75,75,true],"mailpoet_newsletter_max":["https:\/\/meeplendice.net\/wp-content\/uploads\/2020\/04\/IAWW_Guerreoupaix.png",350,350,false],"rpwe-thumbnail":["https:\/\/meeplendice.net\/wp-content\/uploads\/2020\/04\/IAWW_Guerreoupaix-45x45.png",45,45,true],"sow-carousel-default":["https:\/\/meeplendice.net\/wp-content\/uploads\/2020\/04\/IAWW_Guerreoupaix-272x182.png",272,182,true],"rt_custom":["https:\/\/meeplendice.net\/wp-content\/uploads\/2020\/04\/IAWW_Guerreoupaix.png",350,350,false]},"rttpg_author":{"display_name":"Karnby","author_link":"https:\/\/meeplendice.net\/?author=2"},"rttpg_comment":0,"rttpg_category":null,"rttpg_excerpt":"Cette extension de It&rsquo;s a Wonderful World vous permet de prolonger l&rsquo;exp\u00e9rience ludique encore plus loin. Vous \u00eates \u00e0 la t\u00eate d\u2019un Empire en d\u00e9veloppement. Allez-vous privil\u00e9gier la voie de la Finance, de la Guerre, de la Science, ou peut-\u00eatre une toute autre voie ? D\u00e9veloppez votre Empire pour qu\u2019il devienne le meilleur des mondes\u2026","_links":{"self":[{"href":"https:\/\/meeplendice.net\/index.php?rest_route=\/wp\/v2\/pages\/5765","targetHints":{"allow":["GET"]}}],"collection":[{"href":"https:\/\/meeplendice.net\/index.php?rest_route=\/wp\/v2\/pages"}],"about":[{"href":"https:\/\/meeplendice.net\/index.php?rest_route=\/wp\/v2\/types\/page"}],"author":[{"embeddable":true,"href":"https:\/\/meeplendice.net\/index.php?rest_route=\/wp\/v2\/users\/2"}],"replies":[{"embeddable":true,"href":"https:\/\/meeplendice.net\/index.php?rest_route=%2Fwp%2Fv2%2Fcomments&post=5765"}],"version-history":[{"count":2,"href":"https:\/\/meeplendice.net\/index.php?rest_route=\/wp\/v2\/pages\/5765\/revisions"}],"predecessor-version":[{"id":6416,"href":"https:\/\/meeplendice.net\/index.php?rest_route=\/wp\/v2\/pages\/5765\/revisions\/6416"}],"up":[{"embeddable":true,"href":"https:\/\/meeplendice.net\/index.php?rest_route=\/wp\/v2\/pages\/5441"}],"wp:featuredmedia":[{"embeddable":true,"href":"https:\/\/meeplendice.net\/index.php?rest_route=\/wp\/v2\/media\/5685"}],"wp:attachment":[{"href":"https:\/\/meeplendice.net\/index.php?rest_route=%2Fwp%2Fv2%2Fmedia&parent=5765"}],"curies":[{"name":"wp","href":"https:\/\/api.w.org\/{rel}","templated":true}]}}