{"id":5774,"date":"2020-04-15T14:45:33","date_gmt":"2020-04-15T13:45:33","guid":{"rendered":"http:\/\/meeplendice.net\/?page_id=5774"},"modified":"2020-09-01T11:25:27","modified_gmt":"2020-09-01T10:25:27","slug":"phantoms-expansion","status":"publish","type":"page","link":"https:\/\/meeplendice.net\/?page_id=5774","title":{"rendered":"Phantoms Expansion"},"content":{"rendered":"<p>Dans le monde de Dark Souls r\u00e9sident des \u00eatres fantasmagoriques d&rsquo;all\u00e9geances oppos\u00e9es. Les White Phantoms que vous rencontrerez font de bon alli\u00e9s passagers, que vous pouvez appeler lorsque vous en avez le plus besoin.<br \/>\nPar contre, m\u00e9fiez-vous des Red Phantoms. Ces ennemis puissants ne reculeront devant rien pour d\u00e9truire les h\u00e9ros qui s&rsquo;aventurent dans leurs royaumes.<\/p>\n<p>&nbsp;<\/p>\n<p><span id=\"result_box\" class=\"\" lang=\"fr\"><span class=\"\">\u00a0<\/span><\/span><\/p>\n","protected":false},"excerpt":{"rendered":"<p>Dans le monde de Dark Souls r\u00e9sident des \u00eatres fantasmagoriques d&rsquo;all\u00e9geances oppos\u00e9es. Les White Phantoms que vous rencontrerez font de bon alli\u00e9s passagers, que vous pouvez appeler lorsque vous en avez le plus besoin. Par contre, m\u00e9fiez-vous des Red Phantoms. Ces ennemis puissants ne reculeront devant rien pour d\u00e9truire les h\u00e9ros qui s&rsquo;aventurent dans leurs royaumes. &nbsp; \u00a0<\/p>\n","protected":false},"author":2,"featured_media":5678,"parent":5284,"menu_order":2,"comment_status":"closed","ping_status":"closed","template":"","meta":{"footnotes":""},"class_list":["post-5774","page","type-page","status-publish","has-post-thumbnail","hentry"],"acf":[],"rttpg_featured_image_url":{"full":["https:\/\/meeplendice.net\/wp-content\/uploads\/2020\/04\/DS_Phantoms.png",350,350,false],"landscape":["https:\/\/meeplendice.net\/wp-content\/uploads\/2020\/04\/DS_Phantoms.png",350,350,false],"portraits":["https:\/\/meeplendice.net\/wp-content\/uploads\/2020\/04\/DS_Phantoms.png",350,350,false],"thumbnail":["https:\/\/meeplendice.net\/wp-content\/uploads\/2020\/04\/DS_Phantoms-150x150.png",150,150,true],"medium":["https:\/\/meeplendice.net\/wp-content\/uploads\/2020\/04\/DS_Phantoms-300x300.png",300,300,true],"large":["https:\/\/meeplendice.net\/wp-content\/uploads\/2020\/04\/DS_Phantoms.png",350,350,false],"ug_big":["https:\/\/meeplendice.net\/wp-content\/uploads\/2020\/04\/DS_Phantoms.png",350,350,false],"1536x1536":["https:\/\/meeplendice.net\/wp-content\/uploads\/2020\/04\/DS_Phantoms.png",350,350,false],"2048x2048":["https:\/\/meeplendice.net\/wp-content\/uploads\/2020\/04\/DS_Phantoms.png",350,350,false],"ashe-slider-grid-thumbnail":["https:\/\/meeplendice.net\/wp-content\/uploads\/2020\/04\/DS_Phantoms.png",350,350,false],"ashe-full-thumbnail":["https:\/\/meeplendice.net\/wp-content\/uploads\/2020\/04\/DS_Phantoms.png",350,350,false],"ashe-grid-thumbnail":["https:\/\/meeplendice.net\/wp-content\/uploads\/2020\/04\/DS_Phantoms-350x330.png",350,330,true],"ashe-list-thumbnail":["https:\/\/meeplendice.net\/wp-content\/uploads\/2020\/04\/DS_Phantoms-300x300.png",300,300,true],"ashe-single-navigation":["https:\/\/meeplendice.net\/wp-content\/uploads\/2020\/04\/DS_Phantoms-75x75.png",75,75,true],"mailpoet_newsletter_max":["https:\/\/meeplendice.net\/wp-content\/uploads\/2020\/04\/DS_Phantoms.png",350,350,false],"rpwe-thumbnail":["https:\/\/meeplendice.net\/wp-content\/uploads\/2020\/04\/DS_Phantoms-45x45.png",45,45,true],"sow-carousel-default":["https:\/\/meeplendice.net\/wp-content\/uploads\/2020\/04\/DS_Phantoms-272x182.png",272,182,true],"rt_custom":["https:\/\/meeplendice.net\/wp-content\/uploads\/2020\/04\/DS_Phantoms.png",350,350,false]},"rttpg_author":{"display_name":"Karnby","author_link":"https:\/\/meeplendice.net\/?author=2"},"rttpg_comment":0,"rttpg_category":null,"rttpg_excerpt":"Dans le monde de Dark Souls r\u00e9sident des \u00eatres fantasmagoriques d&rsquo;all\u00e9geances oppos\u00e9es. Les White Phantoms que vous rencontrerez font de bon alli\u00e9s passagers, que vous pouvez appeler lorsque vous en avez le plus besoin. Par contre, m\u00e9fiez-vous des Red Phantoms. Ces ennemis puissants ne reculeront devant rien pour d\u00e9truire les h\u00e9ros qui s&rsquo;aventurent dans leurs\u2026","_links":{"self":[{"href":"https:\/\/meeplendice.net\/index.php?rest_route=\/wp\/v2\/pages\/5774","targetHints":{"allow":["GET"]}}],"collection":[{"href":"https:\/\/meeplendice.net\/index.php?rest_route=\/wp\/v2\/pages"}],"about":[{"href":"https:\/\/meeplendice.net\/index.php?rest_route=\/wp\/v2\/types\/page"}],"author":[{"embeddable":true,"href":"https:\/\/meeplendice.net\/index.php?rest_route=\/wp\/v2\/users\/2"}],"replies":[{"embeddable":true,"href":"https:\/\/meeplendice.net\/index.php?rest_route=%2Fwp%2Fv2%2Fcomments&post=5774"}],"version-history":[{"count":4,"href":"https:\/\/meeplendice.net\/index.php?rest_route=\/wp\/v2\/pages\/5774\/revisions"}],"predecessor-version":[{"id":6507,"href":"https:\/\/meeplendice.net\/index.php?rest_route=\/wp\/v2\/pages\/5774\/revisions\/6507"}],"up":[{"embeddable":true,"href":"https:\/\/meeplendice.net\/index.php?rest_route=\/wp\/v2\/pages\/5284"}],"wp:featuredmedia":[{"embeddable":true,"href":"https:\/\/meeplendice.net\/index.php?rest_route=\/wp\/v2\/media\/5678"}],"wp:attachment":[{"href":"https:\/\/meeplendice.net\/index.php?rest_route=%2Fwp%2Fv2%2Fmedia&parent=5774"}],"curies":[{"name":"wp","href":"https:\/\/api.w.org\/{rel}","templated":true}]}}