{"id":5778,"date":"2020-04-15T15:04:27","date_gmt":"2020-04-15T14:04:27","guid":{"rendered":"http:\/\/meeplendice.net\/?page_id=5778"},"modified":"2020-09-01T11:25:44","modified_gmt":"2020-09-01T10:25:44","slug":"darkroot-expansion","status":"publish","type":"page","link":"https:\/\/meeplendice.net\/?page_id=5778","title":{"rendered":"Darkroot Expansion"},"content":{"rendered":"<p>Le Darkroot est une r\u00e9gion luxuriante mais inqui\u00e9tante de Dark Souls. Des \u00e9pouvantails, des guerriers de pierre g\u00e9ants et les plantes m\u00eames de la for\u00eat sont des sentinelles pour entraver tous les h\u00e9ros assez stupides pour braver ce royaume.<\/p>\n<p>Le Darkroot est le dernier lieu de repos d&rsquo;Artorias, un revenant mortel et un \u00e9p\u00e9iste implacable qui est gard\u00e9 \u00e9ternellement par son compagnon, le Great Grey Wolf Sif.<\/p>\n<p>&nbsp;<\/p>\n<p>&nbsp;<\/p>\n<p><span id=\"result_box\" class=\"\" lang=\"fr\"><span class=\"\">\u00a0<\/span><\/span><\/p>\n","protected":false},"excerpt":{"rendered":"<p>Le Darkroot est une r\u00e9gion luxuriante mais inqui\u00e9tante de Dark Souls. Des \u00e9pouvantails, des guerriers de pierre g\u00e9ants et les plantes m\u00eames de la for\u00eat sont des sentinelles pour entraver tous les h\u00e9ros assez stupides pour braver ce royaume. Le Darkroot est le dernier lieu de repos d&rsquo;Artorias, un revenant mortel et un \u00e9p\u00e9iste implacable qui est gard\u00e9 \u00e9ternellement par son compagnon, le Great Grey Wolf Sif. &nbsp; &nbsp; \u00a0<\/p>\n","protected":false},"author":2,"featured_media":5680,"parent":5284,"menu_order":4,"comment_status":"closed","ping_status":"closed","template":"","meta":{"footnotes":""},"class_list":["post-5778","page","type-page","status-publish","has-post-thumbnail","hentry"],"acf":[],"rttpg_featured_image_url":{"full":["https:\/\/meeplendice.net\/wp-content\/uploads\/2020\/04\/DS_Darkroot.png",350,350,false],"landscape":["https:\/\/meeplendice.net\/wp-content\/uploads\/2020\/04\/DS_Darkroot.png",350,350,false],"portraits":["https:\/\/meeplendice.net\/wp-content\/uploads\/2020\/04\/DS_Darkroot.png",350,350,false],"thumbnail":["https:\/\/meeplendice.net\/wp-content\/uploads\/2020\/04\/DS_Darkroot-150x150.png",150,150,true],"medium":["https:\/\/meeplendice.net\/wp-content\/uploads\/2020\/04\/DS_Darkroot-300x300.png",300,300,true],"large":["https:\/\/meeplendice.net\/wp-content\/uploads\/2020\/04\/DS_Darkroot.png",350,350,false],"ug_big":["https:\/\/meeplendice.net\/wp-content\/uploads\/2020\/04\/DS_Darkroot.png",350,350,false],"1536x1536":["https:\/\/meeplendice.net\/wp-content\/uploads\/2020\/04\/DS_Darkroot.png",350,350,false],"2048x2048":["https:\/\/meeplendice.net\/wp-content\/uploads\/2020\/04\/DS_Darkroot.png",350,350,false],"ashe-slider-grid-thumbnail":["https:\/\/meeplendice.net\/wp-content\/uploads\/2020\/04\/DS_Darkroot.png",350,350,false],"ashe-full-thumbnail":["https:\/\/meeplendice.net\/wp-content\/uploads\/2020\/04\/DS_Darkroot.png",350,350,false],"ashe-grid-thumbnail":["https:\/\/meeplendice.net\/wp-content\/uploads\/2020\/04\/DS_Darkroot-350x330.png",350,330,true],"ashe-list-thumbnail":["https:\/\/meeplendice.net\/wp-content\/uploads\/2020\/04\/DS_Darkroot-300x300.png",300,300,true],"ashe-single-navigation":["https:\/\/meeplendice.net\/wp-content\/uploads\/2020\/04\/DS_Darkroot-75x75.png",75,75,true],"mailpoet_newsletter_max":["https:\/\/meeplendice.net\/wp-content\/uploads\/2020\/04\/DS_Darkroot.png",350,350,false],"rpwe-thumbnail":["https:\/\/meeplendice.net\/wp-content\/uploads\/2020\/04\/DS_Darkroot-45x45.png",45,45,true],"sow-carousel-default":["https:\/\/meeplendice.net\/wp-content\/uploads\/2020\/04\/DS_Darkroot-272x182.png",272,182,true],"rt_custom":["https:\/\/meeplendice.net\/wp-content\/uploads\/2020\/04\/DS_Darkroot.png",350,350,false]},"rttpg_author":{"display_name":"Karnby","author_link":"https:\/\/meeplendice.net\/?author=2"},"rttpg_comment":0,"rttpg_category":null,"rttpg_excerpt":"Le Darkroot est une r\u00e9gion luxuriante mais inqui\u00e9tante de Dark Souls. Des \u00e9pouvantails, des guerriers de pierre g\u00e9ants et les plantes m\u00eames de la for\u00eat sont des sentinelles pour entraver tous les h\u00e9ros assez stupides pour braver ce royaume. Le Darkroot est le dernier lieu de repos d&rsquo;Artorias, un revenant mortel et un \u00e9p\u00e9iste implacable\u2026","_links":{"self":[{"href":"https:\/\/meeplendice.net\/index.php?rest_route=\/wp\/v2\/pages\/5778","targetHints":{"allow":["GET"]}}],"collection":[{"href":"https:\/\/meeplendice.net\/index.php?rest_route=\/wp\/v2\/pages"}],"about":[{"href":"https:\/\/meeplendice.net\/index.php?rest_route=\/wp\/v2\/types\/page"}],"author":[{"embeddable":true,"href":"https:\/\/meeplendice.net\/index.php?rest_route=\/wp\/v2\/users\/2"}],"replies":[{"embeddable":true,"href":"https:\/\/meeplendice.net\/index.php?rest_route=%2Fwp%2Fv2%2Fcomments&post=5778"}],"version-history":[{"count":4,"href":"https:\/\/meeplendice.net\/index.php?rest_route=\/wp\/v2\/pages\/5778\/revisions"}],"predecessor-version":[{"id":6509,"href":"https:\/\/meeplendice.net\/index.php?rest_route=\/wp\/v2\/pages\/5778\/revisions\/6509"}],"up":[{"embeddable":true,"href":"https:\/\/meeplendice.net\/index.php?rest_route=\/wp\/v2\/pages\/5284"}],"wp:featuredmedia":[{"embeddable":true,"href":"https:\/\/meeplendice.net\/index.php?rest_route=\/wp\/v2\/media\/5680"}],"wp:attachment":[{"href":"https:\/\/meeplendice.net\/index.php?rest_route=%2Fwp%2Fv2%2Fmedia&parent=5778"}],"curies":[{"name":"wp","href":"https:\/\/api.w.org\/{rel}","templated":true}]}}