{"id":5787,"date":"2020-04-15T15:34:25","date_gmt":"2020-04-15T14:34:25","guid":{"rendered":"http:\/\/meeplendice.net\/?page_id=5787"},"modified":"2020-09-01T11:25:52","modified_gmt":"2020-09-01T10:25:52","slug":"iron-keep-expansion","status":"publish","type":"page","link":"https:\/\/meeplendice.net\/?page_id=5787","title":{"rendered":"Iron Keep Expansion"},"content":{"rendered":"<p>Dans le monde de Dark Souls, il y a peu d&rsquo;endroits plus dangereux que le Iron Keep. Une forteresse massive dans une mer de fer en fusion, cette r\u00e9gion ardente abrite les chevaliers territoriaux d&rsquo;Alonne et d&rsquo;\u00e9normes soldats blind\u00e9s.<\/p>\n<p>Les aventuriers qui ont la chance de vaincre les attaques de ces puissants ennemis seront confront\u00e9s \u00e0 des d\u00e9fis encore plus grands au sommet de cette forteresse de fer.<\/p>\n<p>&nbsp;<\/p>\n<p>&nbsp;<\/p>\n<p>&nbsp;<\/p>\n<p><span id=\"result_box\" class=\"\" lang=\"fr\"><span class=\"\">\u00a0<\/span><\/span><\/p>\n","protected":false},"excerpt":{"rendered":"<p>Dans le monde de Dark Souls, il y a peu d&rsquo;endroits plus dangereux que le Iron Keep. Une forteresse massive dans une mer de fer en fusion, cette r\u00e9gion ardente abrite les chevaliers territoriaux d&rsquo;Alonne et d&rsquo;\u00e9normes soldats blind\u00e9s. Les aventuriers qui ont la chance de vaincre les attaques de ces puissants ennemis seront confront\u00e9s \u00e0 des d\u00e9fis encore plus grands au sommet de cette forteresse de fer. &nbsp; &nbsp; &nbsp; \u00a0<\/p>\n","protected":false},"author":2,"featured_media":5682,"parent":5284,"menu_order":5,"comment_status":"closed","ping_status":"closed","template":"","meta":{"footnotes":""},"class_list":["post-5787","page","type-page","status-publish","has-post-thumbnail","hentry"],"acf":[],"rttpg_featured_image_url":{"full":["https:\/\/meeplendice.net\/wp-content\/uploads\/2020\/04\/DS_IronKeep.png",350,350,false],"landscape":["https:\/\/meeplendice.net\/wp-content\/uploads\/2020\/04\/DS_IronKeep.png",350,350,false],"portraits":["https:\/\/meeplendice.net\/wp-content\/uploads\/2020\/04\/DS_IronKeep.png",350,350,false],"thumbnail":["https:\/\/meeplendice.net\/wp-content\/uploads\/2020\/04\/DS_IronKeep-150x150.png",150,150,true],"medium":["https:\/\/meeplendice.net\/wp-content\/uploads\/2020\/04\/DS_IronKeep-300x300.png",300,300,true],"large":["https:\/\/meeplendice.net\/wp-content\/uploads\/2020\/04\/DS_IronKeep.png",350,350,false],"ug_big":["https:\/\/meeplendice.net\/wp-content\/uploads\/2020\/04\/DS_IronKeep.png",350,350,false],"1536x1536":["https:\/\/meeplendice.net\/wp-content\/uploads\/2020\/04\/DS_IronKeep.png",350,350,false],"2048x2048":["https:\/\/meeplendice.net\/wp-content\/uploads\/2020\/04\/DS_IronKeep.png",350,350,false],"ashe-slider-grid-thumbnail":["https:\/\/meeplendice.net\/wp-content\/uploads\/2020\/04\/DS_IronKeep.png",350,350,false],"ashe-full-thumbnail":["https:\/\/meeplendice.net\/wp-content\/uploads\/2020\/04\/DS_IronKeep.png",350,350,false],"ashe-grid-thumbnail":["https:\/\/meeplendice.net\/wp-content\/uploads\/2020\/04\/DS_IronKeep-350x330.png",350,330,true],"ashe-list-thumbnail":["https:\/\/meeplendice.net\/wp-content\/uploads\/2020\/04\/DS_IronKeep-300x300.png",300,300,true],"ashe-single-navigation":["https:\/\/meeplendice.net\/wp-content\/uploads\/2020\/04\/DS_IronKeep-75x75.png",75,75,true],"mailpoet_newsletter_max":["https:\/\/meeplendice.net\/wp-content\/uploads\/2020\/04\/DS_IronKeep.png",350,350,false],"rpwe-thumbnail":["https:\/\/meeplendice.net\/wp-content\/uploads\/2020\/04\/DS_IronKeep-45x45.png",45,45,true],"sow-carousel-default":["https:\/\/meeplendice.net\/wp-content\/uploads\/2020\/04\/DS_IronKeep-272x182.png",272,182,true],"rt_custom":["https:\/\/meeplendice.net\/wp-content\/uploads\/2020\/04\/DS_IronKeep.png",350,350,false]},"rttpg_author":{"display_name":"Karnby","author_link":"https:\/\/meeplendice.net\/?author=2"},"rttpg_comment":0,"rttpg_category":null,"rttpg_excerpt":"Dans le monde de Dark Souls, il y a peu d&rsquo;endroits plus dangereux que le Iron Keep. Une forteresse massive dans une mer de fer en fusion, cette r\u00e9gion ardente abrite les chevaliers territoriaux d&rsquo;Alonne et d&rsquo;\u00e9normes soldats blind\u00e9s. Les aventuriers qui ont la chance de vaincre les attaques de ces puissants ennemis seront confront\u00e9s\u2026","_links":{"self":[{"href":"https:\/\/meeplendice.net\/index.php?rest_route=\/wp\/v2\/pages\/5787","targetHints":{"allow":["GET"]}}],"collection":[{"href":"https:\/\/meeplendice.net\/index.php?rest_route=\/wp\/v2\/pages"}],"about":[{"href":"https:\/\/meeplendice.net\/index.php?rest_route=\/wp\/v2\/types\/page"}],"author":[{"embeddable":true,"href":"https:\/\/meeplendice.net\/index.php?rest_route=\/wp\/v2\/users\/2"}],"replies":[{"embeddable":true,"href":"https:\/\/meeplendice.net\/index.php?rest_route=%2Fwp%2Fv2%2Fcomments&post=5787"}],"version-history":[{"count":4,"href":"https:\/\/meeplendice.net\/index.php?rest_route=\/wp\/v2\/pages\/5787\/revisions"}],"predecessor-version":[{"id":6510,"href":"https:\/\/meeplendice.net\/index.php?rest_route=\/wp\/v2\/pages\/5787\/revisions\/6510"}],"up":[{"embeddable":true,"href":"https:\/\/meeplendice.net\/index.php?rest_route=\/wp\/v2\/pages\/5284"}],"wp:featuredmedia":[{"embeddable":true,"href":"https:\/\/meeplendice.net\/index.php?rest_route=\/wp\/v2\/media\/5682"}],"wp:attachment":[{"href":"https:\/\/meeplendice.net\/index.php?rest_route=%2Fwp%2Fv2%2Fmedia&parent=5787"}],"curies":[{"name":"wp","href":"https:\/\/api.w.org\/{rel}","templated":true}]}}