{"id":6924,"date":"2020-09-19T20:01:35","date_gmt":"2020-09-19T19:01:35","guid":{"rendered":"http:\/\/meeplendice.net\/?page_id=6924"},"modified":"2020-11-13T17:30:35","modified_gmt":"2020-11-13T16:30:35","slug":"watergate-2","status":"publish","type":"page","link":"https:\/\/meeplendice.net\/?page_id=6924","title":{"rendered":"Watergate"},"content":{"rendered":"<div id=\"pl-6924\"  class=\"panel-layout\" ><div id=\"pg-6924-0\"  class=\"panel-grid panel-no-style\" ><div id=\"pgc-6924-0-0\"  class=\"panel-grid-cell\" ><div id=\"panel-6924-0-0-0\" class=\"so-panel widget widget_sow-editor panel-first-child panel-last-child\" data-index=\"0\" ><div\n\t\t\t\n\t\t\tclass=\"so-widget-sow-editor so-widget-sow-editor-base\"\n\t\t\t\n\t\t>\n<div class=\"siteorigin-widget-tinymce textwidget\">\n\t<p style=\"text-align: center;\"><strong>Nombre de joueurs :<\/strong><br \/>\n2 - 2<\/p>\n<\/div>\n<\/div><\/div><\/div><div id=\"pgc-6924-0-1\"  class=\"panel-grid-cell\" ><div id=\"panel-6924-0-1-0\" class=\"so-panel widget widget_sow-editor panel-first-child panel-last-child\" data-index=\"1\" ><div\n\t\t\t\n\t\t\tclass=\"so-widget-sow-editor so-widget-sow-editor-base\"\n\t\t\t\n\t\t>\n<div class=\"siteorigin-widget-tinymce textwidget\">\n\t<p style=\"text-align: center;\"><strong>Dur\u00e9e moyenne :<\/strong><br \/>\n45 min<\/p>\n<\/div>\n<\/div><\/div><\/div><div id=\"pgc-6924-0-2\"  class=\"panel-grid-cell\" ><div id=\"panel-6924-0-2-0\" class=\"so-panel widget widget_sow-editor panel-first-child panel-last-child\" data-index=\"2\" ><div\n\t\t\t\n\t\t\tclass=\"so-widget-sow-editor so-widget-sow-editor-base\"\n\t\t\t\n\t\t>\n<div class=\"siteorigin-widget-tinymce textwidget\">\n\t<p style=\"text-align: center;\"><strong>Age :<\/strong><br \/>\n12 ans et plus<\/p>\n<\/div>\n<\/div><\/div><\/div><\/div><div id=\"pg-6924-1\"  class=\"panel-grid panel-no-style\" ><div id=\"pgc-6924-1-0\"  class=\"panel-grid-cell\" ><div id=\"panel-6924-1-0-0\" class=\"so-panel widget widget_sow-editor panel-first-child panel-last-child\" data-index=\"3\" ><div\n\t\t\t\n\t\t\tclass=\"so-widget-sow-editor so-widget-sow-editor-base\"\n\t\t\t\n\t\t>\n<div class=\"siteorigin-widget-tinymce textwidget\">\n\t<p style=\"text-align: center;\"><strong>Auteur(s) :<br \/>\n<\/strong>Matthias Cramer<\/p>\n<\/div>\n<\/div><\/div><\/div><div id=\"pgc-6924-1-1\"  class=\"panel-grid-cell\" ><div id=\"panel-6924-1-1-0\" class=\"so-panel widget widget_sow-editor panel-first-child panel-last-child\" data-index=\"4\" ><div\n\t\t\t\n\t\t\tclass=\"so-widget-sow-editor so-widget-sow-editor-base\"\n\t\t\t\n\t\t>\n<div class=\"siteorigin-widget-tinymce textwidget\">\n\t<p style=\"text-align: center;\"><strong>Illustrations :<\/strong><br \/>\nAtelier198<\/p>\n<\/div>\n<\/div><\/div><\/div><div id=\"pgc-6924-1-2\"  class=\"panel-grid-cell\" ><div id=\"panel-6924-1-2-0\" class=\"so-panel widget widget_sow-editor panel-first-child panel-last-child\" data-index=\"5\" ><div\n\t\t\t\n\t\t\tclass=\"so-widget-sow-editor so-widget-sow-editor-base\"\n\t\t\t\n\t\t>\n<div class=\"siteorigin-widget-tinymce textwidget\">\n\t<p style=\"text-align: center;\"><strong>\u00c9dition :<br \/>\n<\/strong>Capstone Games<br \/>\nIello<br \/>\n2020<\/p>\n<\/div>\n<\/div><\/div><\/div><div id=\"pgc-6924-1-3\"  class=\"panel-grid-cell\" ><div id=\"panel-6924-1-3-0\" class=\"so-panel widget widget_sow-editor panel-first-child panel-last-child\" data-index=\"6\" ><div\n\t\t\t\n\t\t\tclass=\"so-widget-sow-editor so-widget-sow-editor-base\"\n\t\t\t\n\t\t>\n<div class=\"siteorigin-widget-tinymce textwidget\">\n\t<p style=\"text-align: center;\"><strong>Version :<\/strong><br \/>\nFran\u00e7aise<\/p>\n<\/div>\n<\/div><\/div><\/div><\/div><div id=\"pg-6924-2\"  class=\"panel-grid panel-no-style\" ><div id=\"pgc-6924-2-0\"  class=\"panel-grid-cell\" ><div id=\"panel-6924-2-0-0\" class=\"so-panel widget widget_sow-editor panel-first-child panel-last-child\" data-index=\"7\" ><div\n\t\t\t\n\t\t\tclass=\"so-widget-sow-editor so-widget-sow-editor-base\"\n\t\t\t\n\t\t>\n<div class=\"siteorigin-widget-tinymce textwidget\">\n\t<hr \/>\n<p><em>En juin 1972, cinq hommes sont arr\u00eat\u00e9s dans le complexe du Watergate de Washington. Ce qui ressemble alors \u00e0 une tentavice de cambriolage de troisi\u00e8me ordre au sein du QG du Comit\u00e9 national d\u00e9mocrate suscite la curiosit\u00e9 de Bob Woodward et Carl Bernstein, r\u00e9dacteurs au Washington Post, qui commencent une enqu\u00eate qui va durer deux ans. Au terme de celle-ci, ils d\u00e9couvrent que les cinq hommes agissent sur ordre de la Maison-Blanche et sont impliqu\u00e9s dans une vaste op\u00e9ration d'espionnage politique. <\/em><br \/>\n<em>Ce scandale provoque la chute du pr\u00e9sident des Etats-Unis, Richard Nixon, qui d\u00e9missionne en 1974 pour \u00e9viter l'impeachment.<\/em><\/p>\n<p>Dans ce jeu, deux joueurs s'affrontent en pleine affaire du Watergate. Le premier joue le r\u00f4le de l'administration Nixon et chercher \u00e0 terminer son mandat sans encombre. Son adversaire incarne la presse et doit rassembler suffisamment de preuves pour forcer Nixon \u00e0 d\u00e9missionner.<br \/>\nQui sortira vainqueur de cette palpitante course contre la montre ?<br \/>\nRecr\u00e9ez un duel historique haletant ! Avec ses r\u00e8gles accessibles et des paquets de cartes diff\u00e9renci\u00e9s, Watergate vous plonge au c\u0153ur d'un incroyable scandale, pour un suspense renouvel\u00e9 \u00e0 chaque partie !<\/p>\n<\/div>\n<\/div><\/div><\/div><\/div><div id=\"pg-6924-3\"  class=\"panel-grid panel-no-style\" ><div id=\"pgc-6924-3-0\"  class=\"panel-grid-cell\" ><div id=\"panel-6924-3-0-0\" class=\"so-panel widget widget_sow-editor panel-first-child panel-last-child\" data-index=\"8\" ><div\n\t\t\t\n\t\t\tclass=\"so-widget-sow-editor so-widget-sow-editor-base\"\n\t\t\t\n\t\t>\n<div class=\"siteorigin-widget-tinymce textwidget\">\n\t<hr \/>\n<p style=\"text-align: center;\"><strong>En vid\u00e9o<\/strong><\/p>\n<\/div>\n<\/div><\/div><\/div><\/div><div id=\"pg-6924-4\"  class=\"panel-grid panel-no-style\" ><div id=\"pgc-6924-4-0\"  class=\"panel-grid-cell\" ><div id=\"panel-6924-4-0-0\" class=\"so-panel widget widget_sow-editor panel-first-child panel-last-child\" data-index=\"9\" ><div\n\t\t\t\n\t\t\tclass=\"so-widget-sow-editor so-widget-sow-editor-base\"\n\t\t\t\n\t\t>\n<div class=\"siteorigin-widget-tinymce textwidget\">\n\t<hr \/>\n<p style=\"text-align: center;\"><strong>Pour aller plus loin<\/strong><\/p>\n<\/div>\n<\/div><\/div><\/div><\/div><\/div>","protected":false},"excerpt":{"rendered":"<p>Nombre de joueurs : 2 &#8211; 2 Dur\u00e9e moyenne : 45 min Age : 12 ans et plus Auteur(s) : Matthias Cramer Illustrations : Atelier198 \u00c9dition : Capstone Games Iello 2020 Version : Fran\u00e7aise<\/p>\n","protected":false},"author":2,"featured_media":6891,"parent":0,"menu_order":0,"comment_status":"closed","ping_status":"closed","template":"","meta":{"footnotes":""},"class_list":["post-6924","page","type-page","status-publish","has-post-thumbnail","hentry"],"acf":[],"rttpg_featured_image_url":{"full":["https:\/\/meeplendice.net\/wp-content\/uploads\/2020\/09\/Watergate.png",350,350,false],"landscape":["https:\/\/meeplendice.net\/wp-content\/uploads\/2020\/09\/Watergate.png",350,350,false],"portraits":["https:\/\/meeplendice.net\/wp-content\/uploads\/2020\/09\/Watergate.png",350,350,false],"thumbnail":["https:\/\/meeplendice.net\/wp-content\/uploads\/2020\/09\/Watergate-150x150.png",150,150,true],"medium":["https:\/\/meeplendice.net\/wp-content\/uploads\/2020\/09\/Watergate-300x300.png",300,300,true],"large":["https:\/\/meeplendice.net\/wp-content\/uploads\/2020\/09\/Watergate.png",350,350,false],"ug_big":["https:\/\/meeplendice.net\/wp-content\/uploads\/2020\/09\/Watergate.png",350,350,false],"1536x1536":["https:\/\/meeplendice.net\/wp-content\/uploads\/2020\/09\/Watergate.png",350,350,false],"2048x2048":["https:\/\/meeplendice.net\/wp-content\/uploads\/2020\/09\/Watergate.png",350,350,false],"ashe-slider-grid-thumbnail":["https:\/\/meeplendice.net\/wp-content\/uploads\/2020\/09\/Watergate.png",350,350,false],"ashe-full-thumbnail":["https:\/\/meeplendice.net\/wp-content\/uploads\/2020\/09\/Watergate.png",350,350,false],"ashe-grid-thumbnail":["https:\/\/meeplendice.net\/wp-content\/uploads\/2020\/09\/Watergate-350x330.png",350,330,true],"ashe-list-thumbnail":["https:\/\/meeplendice.net\/wp-content\/uploads\/2020\/09\/Watergate-300x300.png",300,300,true],"ashe-single-navigation":["https:\/\/meeplendice.net\/wp-content\/uploads\/2020\/09\/Watergate-75x75.png",75,75,true],"mailpoet_newsletter_max":["https:\/\/meeplendice.net\/wp-content\/uploads\/2020\/09\/Watergate.png",350,350,false],"rpwe-thumbnail":["https:\/\/meeplendice.net\/wp-content\/uploads\/2020\/09\/Watergate-45x45.png",45,45,true],"sow-carousel-default":["https:\/\/meeplendice.net\/wp-content\/uploads\/2020\/09\/Watergate-272x182.png",272,182,true],"rt_custom":["https:\/\/meeplendice.net\/wp-content\/uploads\/2020\/09\/Watergate.png",350,350,false]},"rttpg_author":{"display_name":"Karnby","author_link":"https:\/\/meeplendice.net\/?author=2"},"rttpg_comment":0,"rttpg_category":null,"rttpg_excerpt":"Nombre de joueurs : 2 - 2 Dur\u00e9e moyenne : 45 min Age : 12 ans et plus Auteur(s) : Matthias Cramer Illustrations : Atelier198 \u00c9dition : Capstone Games Iello 2020 Version : Fran\u00e7aise","_links":{"self":[{"href":"https:\/\/meeplendice.net\/index.php?rest_route=\/wp\/v2\/pages\/6924","targetHints":{"allow":["GET"]}}],"collection":[{"href":"https:\/\/meeplendice.net\/index.php?rest_route=\/wp\/v2\/pages"}],"about":[{"href":"https:\/\/meeplendice.net\/index.php?rest_route=\/wp\/v2\/types\/page"}],"author":[{"embeddable":true,"href":"https:\/\/meeplendice.net\/index.php?rest_route=\/wp\/v2\/users\/2"}],"replies":[{"embeddable":true,"href":"https:\/\/meeplendice.net\/index.php?rest_route=%2Fwp%2Fv2%2Fcomments&post=6924"}],"version-history":[{"count":6,"href":"https:\/\/meeplendice.net\/index.php?rest_route=\/wp\/v2\/pages\/6924\/revisions"}],"predecessor-version":[{"id":7403,"href":"https:\/\/meeplendice.net\/index.php?rest_route=\/wp\/v2\/pages\/6924\/revisions\/7403"}],"wp:featuredmedia":[{"embeddable":true,"href":"https:\/\/meeplendice.net\/index.php?rest_route=\/wp\/v2\/media\/6891"}],"wp:attachment":[{"href":"https:\/\/meeplendice.net\/index.php?rest_route=%2Fwp%2Fv2%2Fmedia&parent=6924"}],"curies":[{"name":"wp","href":"https:\/\/api.w.org\/{rel}","templated":true}]}}