{"id":6936,"date":"2020-09-19T22:37:49","date_gmt":"2020-09-19T21:37:49","guid":{"rendered":"http:\/\/meeplendice.net\/?page_id=6936"},"modified":"2020-11-13T17:31:47","modified_gmt":"2020-11-13T16:31:47","slug":"6936-2","status":"publish","type":"page","link":"https:\/\/meeplendice.net\/?page_id=6936","title":{"rendered":"Welcome to Las Vegas"},"content":{"rendered":"<div id=\"pl-6936\"  class=\"panel-layout\" ><div id=\"pg-6936-0\"  class=\"panel-grid panel-no-style\" ><div id=\"pgc-6936-0-0\"  class=\"panel-grid-cell\" ><div id=\"panel-6936-0-0-0\" class=\"so-panel widget widget_sow-editor panel-first-child panel-last-child\" data-index=\"0\" ><div\n\t\t\t\n\t\t\tclass=\"so-widget-sow-editor so-widget-sow-editor-base\"\n\t\t\t\n\t\t>\n<div class=\"siteorigin-widget-tinymce textwidget\">\n\t<p style=\"text-align: center;\"><strong>Nombre de joueurs :<\/strong><br \/>\n1 - 50<\/p>\n<\/div>\n<\/div><\/div><\/div><div id=\"pgc-6936-0-1\"  class=\"panel-grid-cell\" ><div id=\"panel-6936-0-1-0\" class=\"so-panel widget widget_sow-editor panel-first-child panel-last-child\" data-index=\"1\" ><div\n\t\t\t\n\t\t\tclass=\"so-widget-sow-editor so-widget-sow-editor-base\"\n\t\t\t\n\t\t>\n<div class=\"siteorigin-widget-tinymce textwidget\">\n\t<p style=\"text-align: center;\"><strong>Dur\u00e9e moyenne :<\/strong><br \/>\n35 min<\/p>\n<\/div>\n<\/div><\/div><\/div><div id=\"pgc-6936-0-2\"  class=\"panel-grid-cell\" ><div id=\"panel-6936-0-2-0\" class=\"so-panel widget widget_sow-editor panel-first-child panel-last-child\" data-index=\"2\" ><div\n\t\t\t\n\t\t\tclass=\"so-widget-sow-editor so-widget-sow-editor-base\"\n\t\t\t\n\t\t>\n<div class=\"siteorigin-widget-tinymce textwidget\">\n\t<p style=\"text-align: center;\"><strong>Age :<\/strong><br \/>\n10 ans et plus<\/p>\n<\/div>\n<\/div><\/div><\/div><\/div><div id=\"pg-6936-1\"  class=\"panel-grid panel-no-style\" ><div id=\"pgc-6936-1-0\"  class=\"panel-grid-cell\" ><div id=\"panel-6936-1-0-0\" class=\"so-panel widget widget_sow-editor panel-first-child panel-last-child\" data-index=\"3\" ><div\n\t\t\t\n\t\t\tclass=\"so-widget-sow-editor so-widget-sow-editor-base\"\n\t\t\t\n\t\t>\n<div class=\"siteorigin-widget-tinymce textwidget\">\n\t<p style=\"text-align: center;\"><strong>Auteur(s) :\u00a0<\/strong><br \/>\nBenoit Turpin<br \/>\nAlexis Allard<\/p>\n<\/div>\n<\/div><\/div><\/div><div id=\"pgc-6936-1-1\"  class=\"panel-grid-cell\" ><div id=\"panel-6936-1-1-0\" class=\"so-panel widget widget_sow-editor panel-first-child panel-last-child\" data-index=\"4\" ><div\n\t\t\t\n\t\t\tclass=\"so-widget-sow-editor so-widget-sow-editor-base\"\n\t\t\t\n\t\t>\n<div class=\"siteorigin-widget-tinymce textwidget\">\n\t<p style=\"text-align: center;\"><strong>Illustrations :<\/strong><br \/>\nAnne Heidsteck<\/p>\n<\/div>\n<\/div><\/div><\/div><div id=\"pgc-6936-1-2\"  class=\"panel-grid-cell\" ><div id=\"panel-6936-1-2-0\" class=\"so-panel widget widget_sow-editor panel-first-child panel-last-child\" data-index=\"5\" ><div\n\t\t\t\n\t\t\tclass=\"so-widget-sow-editor so-widget-sow-editor-base\"\n\t\t\t\n\t\t>\n<div class=\"siteorigin-widget-tinymce textwidget\">\n\t<p style=\"text-align: center;\"><strong>\u00c9dition :<\/strong><br \/>\nBlue Cooker<br \/>\n2020<\/p>\n<\/div>\n<\/div><\/div><\/div><div id=\"pgc-6936-1-3\"  class=\"panel-grid-cell\" ><div id=\"panel-6936-1-3-0\" class=\"so-panel widget widget_sow-editor panel-first-child panel-last-child\" data-index=\"6\" ><div\n\t\t\t\n\t\t\tclass=\"so-widget-sow-editor so-widget-sow-editor-base\"\n\t\t\t\n\t\t>\n<div class=\"siteorigin-widget-tinymce textwidget\">\n\t<p style=\"text-align: center;\"><strong>Version :<\/strong><br \/>\nFran\u00e7aise<\/p>\n<\/div>\n<\/div><\/div><\/div><\/div><div id=\"pg-6936-2\"  class=\"panel-grid panel-no-style\" ><div id=\"pgc-6936-2-0\"  class=\"panel-grid-cell\" ><div id=\"panel-6936-2-0-0\" class=\"so-panel widget widget_sow-editor panel-first-child panel-last-child\" data-index=\"7\" ><div\n\t\t\t\n\t\t\tclass=\"so-widget-sow-editor so-widget-sow-editor-base\"\n\t\t\t\n\t\t>\n<div class=\"siteorigin-widget-tinymce textwidget\">\n\t<hr \/>\n<p>Vous avez progress\u00e9 dans votre m\u00e9tier d'architecte et en cette fin des ann\u00e9es 1960 aux Etats-Unis, vous int\u00e9grez le projet de la construction d'un \"nouveau Las Vegas\".<\/p>\n<p>Mais la concurrence est rude !<br \/>\nQui respectera au mieux les projets de la ville en cr\u00e9ant, dans ses 4 rues et ses 11 avenues, les plus luxueux et divertissants casinos, les plus grands h\u00f4tels et le plus long parcours de golf ?<\/p>\n<\/div>\n<\/div><\/div><\/div><\/div><div id=\"pg-6936-3\"  class=\"panel-grid panel-no-style\" ><div id=\"pgc-6936-3-0\"  class=\"panel-grid-cell\" ><div id=\"panel-6936-3-0-0\" class=\"so-panel widget widget_sow-editor panel-first-child panel-last-child\" data-index=\"8\" ><div\n\t\t\t\n\t\t\tclass=\"so-widget-sow-editor so-widget-sow-editor-base\"\n\t\t\t\n\t\t>\n<div class=\"siteorigin-widget-tinymce textwidget\">\n\t<hr \/>\n<p style=\"text-align: center;\"><strong>En vid\u00e9o<\/strong><\/p>\n<p>De l'explication des r\u00e8gles :<\/p>\n<ul>\n<li>Tric Trac<\/li>\n<\/ul>\n<p><a href=\"https:\/\/www.trictrac.net\/videos\/player\/vod\/Welcome_To_New_Las_Vegas_De_Lexplication\" target=\"_blank\" rel=\"noopener noreferrer\"><img loading=\"lazy\" decoding=\"async\" class=\"alignnone size-full wp-image-107\" src=\"http:\/\/meeplendice.net\/wp-content\/uploads\/2016\/08\/TT_explication.png\" alt=\"TT_explication\" width=\"200\" height=\"170\" \/><\/a><\/p>\n<p>De la partie :<\/p>\n<ul>\n<li>Tric Trac<\/li>\n<\/ul>\n<p><a href=\"https:\/\/www.trictrac.net\/videos\/player\/vod\/Welcome_To_New_Las_Vegas_De_La_Partie\" target=\"_blank\" rel=\"noopener noreferrer\"><img loading=\"lazy\" decoding=\"async\" class=\"alignnone size-full wp-image-117\" src=\"http:\/\/meeplendice.net\/wp-content\/uploads\/2016\/08\/TT_partie_1.png\" alt=\"TT_partie_1\" width=\"200\" height=\"170\" \/><\/a><\/p>\n<\/div>\n<\/div><\/div><\/div><\/div><div id=\"pg-6936-4\"  class=\"panel-grid panel-no-style\" ><div id=\"pgc-6936-4-0\"  class=\"panel-grid-cell\" ><div id=\"panel-6936-4-0-0\" class=\"so-panel widget widget_sow-editor panel-first-child panel-last-child\" data-index=\"9\" ><div\n\t\t\t\n\t\t\tclass=\"so-widget-sow-editor so-widget-sow-editor-base\"\n\t\t\t\n\t\t>\n<div class=\"siteorigin-widget-tinymce textwidget\">\n\t<hr \/>\n<p style=\"text-align: center;\"><strong>Pour aller plus loin<\/strong><\/p>\n<\/div>\n<\/div><\/div><\/div><\/div><\/div>","protected":false},"excerpt":{"rendered":"<p>Nombre de joueurs : 1 &#8211; 50 Dur\u00e9e moyenne : 35 min Age : 10 ans et plus Auteur(s) :\u00a0 Benoit Turpin Alexis Allard Illustrations : Anne Heidsteck \u00c9dition : Blue Cooker 2020 Version : Fran\u00e7aise<\/p>\n","protected":false},"author":2,"featured_media":6890,"parent":0,"menu_order":0,"comment_status":"closed","ping_status":"closed","template":"","meta":{"footnotes":""},"class_list":["post-6936","page","type-page","status-publish","has-post-thumbnail","hentry"],"acf":[],"rttpg_featured_image_url":{"full":["https:\/\/meeplendice.net\/wp-content\/uploads\/2020\/09\/Welcometo_lasvegas.png",350,350,false],"landscape":["https:\/\/meeplendice.net\/wp-content\/uploads\/2020\/09\/Welcometo_lasvegas.png",350,350,false],"portraits":["https:\/\/meeplendice.net\/wp-content\/uploads\/2020\/09\/Welcometo_lasvegas.png",350,350,false],"thumbnail":["https:\/\/meeplendice.net\/wp-content\/uploads\/2020\/09\/Welcometo_lasvegas-150x150.png",150,150,true],"medium":["https:\/\/meeplendice.net\/wp-content\/uploads\/2020\/09\/Welcometo_lasvegas-300x300.png",300,300,true],"large":["https:\/\/meeplendice.net\/wp-content\/uploads\/2020\/09\/Welcometo_lasvegas.png",350,350,false],"ug_big":["https:\/\/meeplendice.net\/wp-content\/uploads\/2020\/09\/Welcometo_lasvegas.png",350,350,false],"1536x1536":["https:\/\/meeplendice.net\/wp-content\/uploads\/2020\/09\/Welcometo_lasvegas.png",350,350,false],"2048x2048":["https:\/\/meeplendice.net\/wp-content\/uploads\/2020\/09\/Welcometo_lasvegas.png",350,350,false],"ashe-slider-grid-thumbnail":["https:\/\/meeplendice.net\/wp-content\/uploads\/2020\/09\/Welcometo_lasvegas.png",350,350,false],"ashe-full-thumbnail":["https:\/\/meeplendice.net\/wp-content\/uploads\/2020\/09\/Welcometo_lasvegas.png",350,350,false],"ashe-grid-thumbnail":["https:\/\/meeplendice.net\/wp-content\/uploads\/2020\/09\/Welcometo_lasvegas-350x330.png",350,330,true],"ashe-list-thumbnail":["https:\/\/meeplendice.net\/wp-content\/uploads\/2020\/09\/Welcometo_lasvegas-300x300.png",300,300,true],"ashe-single-navigation":["https:\/\/meeplendice.net\/wp-content\/uploads\/2020\/09\/Welcometo_lasvegas-75x75.png",75,75,true],"mailpoet_newsletter_max":["https:\/\/meeplendice.net\/wp-content\/uploads\/2020\/09\/Welcometo_lasvegas.png",350,350,false],"rpwe-thumbnail":["https:\/\/meeplendice.net\/wp-content\/uploads\/2020\/09\/Welcometo_lasvegas-45x45.png",45,45,true],"sow-carousel-default":["https:\/\/meeplendice.net\/wp-content\/uploads\/2020\/09\/Welcometo_lasvegas-272x182.png",272,182,true],"rt_custom":["https:\/\/meeplendice.net\/wp-content\/uploads\/2020\/09\/Welcometo_lasvegas.png",350,350,false]},"rttpg_author":{"display_name":"Karnby","author_link":"https:\/\/meeplendice.net\/?author=2"},"rttpg_comment":0,"rttpg_category":null,"rttpg_excerpt":"Nombre de joueurs : 1 - 50 Dur\u00e9e moyenne : 35 min Age : 10 ans et plus Auteur(s) :\u00a0 Benoit Turpin Alexis Allard Illustrations : Anne Heidsteck \u00c9dition : Blue Cooker 2020 Version : Fran\u00e7aise","_links":{"self":[{"href":"https:\/\/meeplendice.net\/index.php?rest_route=\/wp\/v2\/pages\/6936","targetHints":{"allow":["GET"]}}],"collection":[{"href":"https:\/\/meeplendice.net\/index.php?rest_route=\/wp\/v2\/pages"}],"about":[{"href":"https:\/\/meeplendice.net\/index.php?rest_route=\/wp\/v2\/types\/page"}],"author":[{"embeddable":true,"href":"https:\/\/meeplendice.net\/index.php?rest_route=\/wp\/v2\/users\/2"}],"replies":[{"embeddable":true,"href":"https:\/\/meeplendice.net\/index.php?rest_route=%2Fwp%2Fv2%2Fcomments&post=6936"}],"version-history":[{"count":9,"href":"https:\/\/meeplendice.net\/index.php?rest_route=\/wp\/v2\/pages\/6936\/revisions"}],"predecessor-version":[{"id":9225,"href":"https:\/\/meeplendice.net\/index.php?rest_route=\/wp\/v2\/pages\/6936\/revisions\/9225"}],"wp:featuredmedia":[{"embeddable":true,"href":"https:\/\/meeplendice.net\/index.php?rest_route=\/wp\/v2\/media\/6890"}],"wp:attachment":[{"href":"https:\/\/meeplendice.net\/index.php?rest_route=%2Fwp%2Fv2%2Fmedia&parent=6936"}],"curies":[{"name":"wp","href":"https:\/\/api.w.org\/{rel}","templated":true}]}}