{"id":6941,"date":"2020-09-19T22:46:16","date_gmt":"2020-09-19T21:46:16","guid":{"rendered":"http:\/\/meeplendice.net\/?page_id=6941"},"modified":"2021-03-04T18:40:31","modified_gmt":"2021-03-04T17:40:31","slug":"6941-2","status":"publish","type":"page","link":"https:\/\/meeplendice.net\/?page_id=6941","title":{"rendered":"Wild Space"},"content":{"rendered":"<div id=\"pl-6941\"  class=\"panel-layout\" ><div id=\"pg-6941-0\"  class=\"panel-grid panel-no-style\" ><div id=\"pgc-6941-0-0\"  class=\"panel-grid-cell\" ><div id=\"panel-6941-0-0-0\" class=\"so-panel widget widget_sow-editor panel-first-child panel-last-child\" data-index=\"0\" ><div\n\t\t\t\n\t\t\tclass=\"so-widget-sow-editor so-widget-sow-editor-base\"\n\t\t\t\n\t\t>\n<div class=\"siteorigin-widget-tinymce textwidget\">\n\t<p style=\"text-align: center;\"><strong>Nombre de joueurs :<\/strong><br \/>\n1 - 5<\/p>\n<\/div>\n<\/div><\/div><\/div><div id=\"pgc-6941-0-1\"  class=\"panel-grid-cell\" ><div id=\"panel-6941-0-1-0\" class=\"so-panel widget widget_sow-editor panel-first-child panel-last-child\" data-index=\"1\" ><div\n\t\t\t\n\t\t\tclass=\"so-widget-sow-editor so-widget-sow-editor-base\"\n\t\t\t\n\t\t>\n<div class=\"siteorigin-widget-tinymce textwidget\">\n\t<p style=\"text-align: center;\"><strong>Dur\u00e9e moyenne :<\/strong><br \/>\n30 min<\/p>\n<\/div>\n<\/div><\/div><\/div><div id=\"pgc-6941-0-2\"  class=\"panel-grid-cell\" ><div id=\"panel-6941-0-2-0\" class=\"so-panel widget widget_sow-editor panel-first-child panel-last-child\" data-index=\"2\" ><div\n\t\t\t\n\t\t\tclass=\"so-widget-sow-editor so-widget-sow-editor-base\"\n\t\t\t\n\t\t>\n<div class=\"siteorigin-widget-tinymce textwidget\">\n\t<p style=\"text-align: center;\"><strong>Age :<\/strong><br \/>\n10 ans et plus<\/p>\n<\/div>\n<\/div><\/div><\/div><\/div><div id=\"pg-6941-1\"  class=\"panel-grid panel-no-style\" ><div id=\"pgc-6941-1-0\"  class=\"panel-grid-cell\" ><div id=\"panel-6941-1-0-0\" class=\"so-panel widget widget_sow-editor panel-first-child panel-last-child\" data-index=\"3\" ><div\n\t\t\t\n\t\t\tclass=\"so-widget-sow-editor so-widget-sow-editor-base\"\n\t\t\t\n\t\t>\n<div class=\"siteorigin-widget-tinymce textwidget\">\n\t<p style=\"text-align: center;\"><strong>Auteur(s) :<br \/>\n<\/strong>Joachim Th\u00f4me<\/p>\n<\/div>\n<\/div><\/div><\/div><div id=\"pgc-6941-1-1\"  class=\"panel-grid-cell\" ><div id=\"panel-6941-1-1-0\" class=\"so-panel widget widget_sow-editor panel-first-child panel-last-child\" data-index=\"4\" ><div\n\t\t\t\n\t\t\tclass=\"so-widget-sow-editor so-widget-sow-editor-base\"\n\t\t\t\n\t\t>\n<div class=\"siteorigin-widget-tinymce textwidget\">\n\t<p style=\"text-align: center;\"><strong>Illustrations :<\/strong><br \/>\nAm\u00e9lie Guinet<\/p>\n<\/div>\n<\/div><\/div><\/div><div id=\"pgc-6941-1-2\"  class=\"panel-grid-cell\" ><div id=\"panel-6941-1-2-0\" class=\"so-panel widget widget_sow-editor panel-first-child panel-last-child\" data-index=\"5\" ><div\n\t\t\t\n\t\t\tclass=\"so-widget-sow-editor so-widget-sow-editor-base\"\n\t\t\t\n\t\t>\n<div class=\"siteorigin-widget-tinymce textwidget\">\n\t<p style=\"text-align: center;\"><strong>\u00c9dition :<\/strong><br \/>\nCatch Up Games<br \/>\n2020<\/p>\n<\/div>\n<\/div><\/div><\/div><div id=\"pgc-6941-1-3\"  class=\"panel-grid-cell\" ><div id=\"panel-6941-1-3-0\" class=\"so-panel widget widget_sow-editor panel-first-child panel-last-child\" data-index=\"6\" ><div\n\t\t\t\n\t\t\tclass=\"so-widget-sow-editor so-widget-sow-editor-base\"\n\t\t\t\n\t\t>\n<div class=\"siteorigin-widget-tinymce textwidget\">\n\t<p style=\"text-align: center;\"><strong>Version :<\/strong><br \/>\nFran\u00e7aise<\/p>\n<\/div>\n<\/div><\/div><\/div><\/div><div id=\"pg-6941-2\"  class=\"panel-grid panel-no-style\" ><div id=\"pgc-6941-2-0\"  class=\"panel-grid-cell\" ><div id=\"panel-6941-2-0-0\" class=\"so-panel widget widget_sow-editor panel-first-child panel-last-child\" data-index=\"7\" ><div\n\t\t\t\n\t\t\tclass=\"so-widget-sow-editor so-widget-sow-editor-base\"\n\t\t\t\n\t\t>\n<div class=\"siteorigin-widget-tinymce textwidget\">\n\t<hr \/>\n<p>Aux confins de l'Empire, une nouvelle galaxie viens d'\u00eatre d\u00e9couverte !<\/p>\n<p>A la t\u00eate de votre vaisseau, vous partez explorer ce nouvel eldorado rempli de tr\u00e9sors et de myst\u00e8res... Vos d\u00e9couvertes vous permettront de recruter des Sp\u00e9cialistes de toutes les esp\u00e8ces pour constituer votre \u00c9quipage, de profiter des services des Robots et d'attirer l'attention des \u00c9missaires de l'Empire, qui vous confieront d'importantes missions.<\/p>\n<p>Parviendrez-vous \u00e0 devenir l'explorateur le plus riche de la Galaxie ?<\/p>\n<\/div>\n<\/div><\/div><\/div><\/div><div id=\"pg-6941-3\"  class=\"panel-grid panel-no-style\" ><div id=\"pgc-6941-3-0\"  class=\"panel-grid-cell\" ><div id=\"panel-6941-3-0-0\" class=\"so-panel widget widget_sow-editor panel-first-child panel-last-child\" data-index=\"8\" ><div\n\t\t\t\n\t\t\tclass=\"so-widget-sow-editor so-widget-sow-editor-base\"\n\t\t\t\n\t\t>\n<div class=\"siteorigin-widget-tinymce textwidget\">\n\t<hr \/>\n<p style=\"text-align: center;\"><strong>En vid\u00e9o<\/strong><\/p>\n<\/div>\n<\/div><\/div><\/div><div id=\"pgc-6941-3-1\"  class=\"panel-grid-cell\" ><div id=\"panel-6941-3-1-0\" class=\"so-panel widget widget_sow-editor panel-first-child panel-last-child\" data-index=\"9\" ><div\n\t\t\t\n\t\t\tclass=\"so-widget-sow-editor so-widget-sow-editor-base\"\n\t\t\t\n\t\t>\n<div class=\"siteorigin-widget-tinymce textwidget\">\n\t<hr \/>\n<p style=\"text-align: center;\"><strong>Extension(s)<\/strong><\/p>\n<style type='text\/css' media='all'>#rt-tpg-container-3103680504 .read-more a{border-radius:px;}#rt-tpg-container-3103680504 .rt-img-holder img.rt-img-responsive,#rt-tpg-container-3103680504 .rt-img-holder,\n\t\t\t\t\t#rt-tpg-container-3103680504 .rt-post-overlay .post-img,\n\t\t\t\t\t#rt-tpg-container-3103680504 .post-sm .post-img,\n\t\t\t\t\t#rt-tpg-container-3103680504 .rt-post-grid .post-img,\n\t\t\t\t\t#rt-tpg-container-3103680504 .post-img img {border-radius:px;}#rt-tpg-container-3103680504 .layout9 .rt-holder h2.entry-title,\n\t\t\t\t\t#rt-tpg-container-3103680504 .layout9 .rt-holder h3.entry-title,\n\t\t\t\t\t#rt-tpg-container-3103680504 .layout9 .rt-holder h4.entry-title,\n\t\t\t\t\t#rt-tpg-container-3103680504 .layout9 .rt-holder h2.entry-title a,\n\t\t\t\t\t#rt-tpg-container-3103680504 .layout9 .rt-holder h3.entry-title a,\n\t\t\t\t\t#rt-tpg-container-3103680504 .layout9 .rt-holder h4.entry-title a,\n\t\t\t\t\t#rt-tpg-container-3103680504 .rt-holder .rt-woo-info h2 a,\n\t\t\t\t\t#rt-tpg-container-3103680504 .rt-holder .rt-woo-info h3 a,\n\t\t\t\t\t#rt-tpg-container-3103680504 .rt-holder .rt-woo-info h4 a,\n\t\t\t\t\t#rt-tpg-container-3103680504 .post-content .post-title,\n\t\t\t\t\t#rt-tpg-container-3103680504 .rt-post-grid .post-title,\n\t\t\t\t\t#rt-tpg-container-3103680504 .rt-post-grid .post-title a,\n\t\t\t\t\t#rt-tpg-container-3103680504 .post-content .post-title a,\n\t\t\t\t\t#rt-tpg-container-3103680504 .rt-holder .rt-woo-info h2,\n\t\t\t\t\t#rt-tpg-container-3103680504 .rt-holder .rt-woo-info h3,\n\t\t\t\t\t#rt-tpg-container-3103680504 .rt-holder .rt-woo-info h4{font-size:16px;line-height:26px;font-weight:normal;text-align:center;}#rt-tpg-container-3103680504 .post-grid-lg-style-1 .post-title,\n\t\t\t\t\t\t#rt-tpg-container-3103680504 .post-grid-lg-style-1 .post-title a,\n\t\t\t\t\t\t#rt-tpg-container-3103680504 .big-layout .post-title,\n\t\t\t\t\t\t#rt-tpg-container-3103680504 .big-layout .post-title a,\n\t\t\t\t\t\t#rt-tpg-container-3103680504 .post-grid-lg-style-1 .post-title,\n\t\t\t\t\t\t#rt-tpg-container-3103680504 .post-grid-lg-style-1 .post-title a {font-size:24px;line-height:34px;}<\/style><div class='rt-container-fluid rt-tpg-container tpg-shortcode-main-wrapper ' id='rt-tpg-container-3103680504'   data-layout='layout9' data-grid-style='even' data-desktop-col='3'  data-tab-col='2'  data-mobile-col='1' data-sc-id='8058'><div data-title='Loading ...' class='rt-row rt-content-loader   layout9 tpg-even '><div class=\"rt-col-md-4 rt-col-sm-6 rt-col-xs-12 even-grid-item rt-grid-item img_zoom_in\" data-id=\"8056\"><div class=\"rt-holder\"><div class='overlay'><a data-id='8056' class=' tpg-single-popup' href='https:\/\/meeplendice.net\/?page_id=8056'><img loading=\"lazy\" decoding=\"async\" width=\"350\" height=\"350\" src=\"https:\/\/meeplendice.net\/wp-content\/uploads\/2021\/03\/WP_Encounters.png\" class=\"rt-img-responsive \" alt=\"\" \/><\/a><\/div><div class='post-info'><h2 class=\"entry-title\"><a data-id=\"8056\" class=\" tpg-single-popup\" href=\"https:\/\/meeplendice.net\/?page_id=8056\">Encounters<\/a><\/h2><div class='post-meta-user '><\/div><\/div><\/div><\/div><\/div><div class='rt-pagination-wrap' data-total-pages='1' data-posts-per-page='3' data-type='pagination_ajax'  ><div class='rt-page-numbers'><\/div><\/div><\/div>\n<\/div>\n<\/div><\/div><\/div><\/div><div id=\"pg-6941-4\"  class=\"panel-grid panel-no-style\" ><div id=\"pgc-6941-4-0\"  class=\"panel-grid-cell\" ><div id=\"panel-6941-4-0-0\" class=\"so-panel widget widget_sow-editor panel-first-child panel-last-child\" data-index=\"10\" ><div\n\t\t\t\n\t\t\tclass=\"so-widget-sow-editor so-widget-sow-editor-base\"\n\t\t\t\n\t\t>\n<div class=\"siteorigin-widget-tinymce textwidget\">\n\t<hr \/>\n<p style=\"text-align: center;\"><strong>Pour aller plus loin<\/strong><\/p>\n<\/div>\n<\/div><\/div><\/div><\/div><\/div>","protected":false},"excerpt":{"rendered":"<p>Nombre de joueurs : 1 &#8211; 5 Dur\u00e9e moyenne : 30 min Age : 10 ans et plus Auteur(s) : Joachim Th\u00f4me Illustrations : Am\u00e9lie Guinet \u00c9dition : Catch Up Games 2020 Version : Fran\u00e7aise<\/p>\n","protected":false},"author":2,"featured_media":6889,"parent":0,"menu_order":0,"comment_status":"closed","ping_status":"closed","template":"","meta":{"footnotes":""},"class_list":["post-6941","page","type-page","status-publish","has-post-thumbnail","hentry"],"acf":[],"rttpg_featured_image_url":{"full":["https:\/\/meeplendice.net\/wp-content\/uploads\/2020\/09\/Wildspace.png",350,350,false],"landscape":["https:\/\/meeplendice.net\/wp-content\/uploads\/2020\/09\/Wildspace.png",350,350,false],"portraits":["https:\/\/meeplendice.net\/wp-content\/uploads\/2020\/09\/Wildspace.png",350,350,false],"thumbnail":["https:\/\/meeplendice.net\/wp-content\/uploads\/2020\/09\/Wildspace-150x150.png",150,150,true],"medium":["https:\/\/meeplendice.net\/wp-content\/uploads\/2020\/09\/Wildspace-300x300.png",300,300,true],"large":["https:\/\/meeplendice.net\/wp-content\/uploads\/2020\/09\/Wildspace.png",350,350,false],"ug_big":["https:\/\/meeplendice.net\/wp-content\/uploads\/2020\/09\/Wildspace.png",350,350,false],"1536x1536":["https:\/\/meeplendice.net\/wp-content\/uploads\/2020\/09\/Wildspace.png",350,350,false],"2048x2048":["https:\/\/meeplendice.net\/wp-content\/uploads\/2020\/09\/Wildspace.png",350,350,false],"ashe-slider-grid-thumbnail":["https:\/\/meeplendice.net\/wp-content\/uploads\/2020\/09\/Wildspace.png",350,350,false],"ashe-full-thumbnail":["https:\/\/meeplendice.net\/wp-content\/uploads\/2020\/09\/Wildspace.png",350,350,false],"ashe-grid-thumbnail":["https:\/\/meeplendice.net\/wp-content\/uploads\/2020\/09\/Wildspace-350x330.png",350,330,true],"ashe-list-thumbnail":["https:\/\/meeplendice.net\/wp-content\/uploads\/2020\/09\/Wildspace-300x300.png",300,300,true],"ashe-single-navigation":["https:\/\/meeplendice.net\/wp-content\/uploads\/2020\/09\/Wildspace-75x75.png",75,75,true],"mailpoet_newsletter_max":["https:\/\/meeplendice.net\/wp-content\/uploads\/2020\/09\/Wildspace.png",350,350,false],"rpwe-thumbnail":["https:\/\/meeplendice.net\/wp-content\/uploads\/2020\/09\/Wildspace-45x45.png",45,45,true],"sow-carousel-default":["https:\/\/meeplendice.net\/wp-content\/uploads\/2020\/09\/Wildspace-272x182.png",272,182,true],"rt_custom":["https:\/\/meeplendice.net\/wp-content\/uploads\/2020\/09\/Wildspace.png",350,350,false]},"rttpg_author":{"display_name":"Karnby","author_link":"https:\/\/meeplendice.net\/?author=2"},"rttpg_comment":0,"rttpg_category":null,"rttpg_excerpt":"Nombre de joueurs : 1 - 5 Dur\u00e9e moyenne : 30 min Age : 10 ans et plus Auteur(s) : Joachim Th\u00f4me Illustrations : Am\u00e9lie Guinet \u00c9dition : Catch Up Games 2020 Version : Fran\u00e7aise","_links":{"self":[{"href":"https:\/\/meeplendice.net\/index.php?rest_route=\/wp\/v2\/pages\/6941","targetHints":{"allow":["GET"]}}],"collection":[{"href":"https:\/\/meeplendice.net\/index.php?rest_route=\/wp\/v2\/pages"}],"about":[{"href":"https:\/\/meeplendice.net\/index.php?rest_route=\/wp\/v2\/types\/page"}],"author":[{"embeddable":true,"href":"https:\/\/meeplendice.net\/index.php?rest_route=\/wp\/v2\/users\/2"}],"replies":[{"embeddable":true,"href":"https:\/\/meeplendice.net\/index.php?rest_route=%2Fwp%2Fv2%2Fcomments&post=6941"}],"version-history":[{"count":8,"href":"https:\/\/meeplendice.net\/index.php?rest_route=\/wp\/v2\/pages\/6941\/revisions"}],"predecessor-version":[{"id":8060,"href":"https:\/\/meeplendice.net\/index.php?rest_route=\/wp\/v2\/pages\/6941\/revisions\/8060"}],"wp:featuredmedia":[{"embeddable":true,"href":"https:\/\/meeplendice.net\/index.php?rest_route=\/wp\/v2\/media\/6889"}],"wp:attachment":[{"href":"https:\/\/meeplendice.net\/index.php?rest_route=%2Fwp%2Fv2%2Fmedia&parent=6941"}],"curies":[{"name":"wp","href":"https:\/\/api.w.org\/{rel}","templated":true}]}}