{"id":6946,"date":"2020-09-19T22:57:12","date_gmt":"2020-09-19T21:57:12","guid":{"rendered":"http:\/\/meeplendice.net\/?page_id=6946"},"modified":"2024-03-31T22:41:33","modified_gmt":"2024-03-31T21:41:33","slug":"dig-your-way-out","status":"publish","type":"page","link":"https:\/\/meeplendice.net\/?page_id=6946","title":{"rendered":"Dig Your Way Out"},"content":{"rendered":"<div id=\"pl-6946\"  class=\"panel-layout\" ><div id=\"pg-6946-0\"  class=\"panel-grid panel-no-style\" ><div id=\"pgc-6946-0-0\"  class=\"panel-grid-cell\" ><div id=\"panel-6946-0-0-0\" class=\"so-panel widget widget_sow-editor panel-first-child panel-last-child\" data-index=\"0\" ><div\n\t\t\t\n\t\t\tclass=\"so-widget-sow-editor so-widget-sow-editor-base\"\n\t\t\t\n\t\t>\n<div class=\"siteorigin-widget-tinymce textwidget\">\n\t<p style=\"text-align: center;\"><strong>Nombre de joueurs :<\/strong><br \/>\n2 - 6<\/p>\n<\/div>\n<\/div><\/div><\/div><div id=\"pgc-6946-0-1\"  class=\"panel-grid-cell\" ><div id=\"panel-6946-0-1-0\" class=\"so-panel widget widget_sow-editor panel-first-child panel-last-child\" data-index=\"1\" ><div\n\t\t\t\n\t\t\tclass=\"so-widget-sow-editor so-widget-sow-editor-base\"\n\t\t\t\n\t\t>\n<div class=\"siteorigin-widget-tinymce textwidget\">\n\t<p style=\"text-align: center;\"><strong>Dur\u00e9e moyenne :<\/strong><br \/>\n45 min<\/p>\n<\/div>\n<\/div><\/div><\/div><div id=\"pgc-6946-0-2\"  class=\"panel-grid-cell\" ><div id=\"panel-6946-0-2-0\" class=\"so-panel widget widget_sow-editor panel-first-child panel-last-child\" data-index=\"2\" ><div\n\t\t\t\n\t\t\tclass=\"so-widget-sow-editor so-widget-sow-editor-base\"\n\t\t\t\n\t\t>\n<div class=\"siteorigin-widget-tinymce textwidget\">\n\t<p style=\"text-align: center;\"><strong>Age :<\/strong><br \/>\n16 ans et plus<\/p>\n<\/div>\n<\/div><\/div><\/div><\/div><div id=\"pg-6946-1\"  class=\"panel-grid panel-no-style\" ><div id=\"pgc-6946-1-0\"  class=\"panel-grid-cell\" ><div id=\"panel-6946-1-0-0\" class=\"so-panel widget widget_sow-editor panel-first-child panel-last-child\" data-index=\"3\" ><div\n\t\t\t\n\t\t\tclass=\"so-widget-sow-editor so-widget-sow-editor-base\"\n\t\t\t\n\t\t>\n<div class=\"siteorigin-widget-tinymce textwidget\">\n\t<p style=\"text-align: center;\"><strong>Auteur(s) :<br \/>\n<\/strong>David Simide<\/p>\n<\/div>\n<\/div><\/div><\/div><div id=\"pgc-6946-1-1\"  class=\"panel-grid-cell\" ><div id=\"panel-6946-1-1-0\" class=\"so-panel widget widget_sow-editor panel-first-child panel-last-child\" data-index=\"4\" ><div\n\t\t\t\n\t\t\tclass=\"so-widget-sow-editor so-widget-sow-editor-base\"\n\t\t\t\n\t\t>\n<div class=\"siteorigin-widget-tinymce textwidget\">\n\t<p style=\"text-align: center;\"><strong>Illustrations :<\/strong><br \/>\nMihajlo Dimitrieski<\/p>\n<\/div>\n<\/div><\/div><\/div><div id=\"pgc-6946-1-2\"  class=\"panel-grid-cell\" ><div id=\"panel-6946-1-2-0\" class=\"so-panel widget widget_sow-editor panel-first-child panel-last-child\" data-index=\"5\" ><div\n\t\t\t\n\t\t\tclass=\"so-widget-sow-editor so-widget-sow-editor-base\"\n\t\t\t\n\t\t>\n<div class=\"siteorigin-widget-tinymce textwidget\">\n\t<p style=\"text-align: center;\"><strong>\u00c9dition :<\/strong><br \/>\nBoderline Editions<br \/>\n2020<\/p>\n<\/div>\n<\/div><\/div><\/div><div id=\"pgc-6946-1-3\"  class=\"panel-grid-cell\" ><div id=\"panel-6946-1-3-0\" class=\"so-panel widget widget_sow-editor panel-first-child panel-last-child\" data-index=\"6\" ><div\n\t\t\t\n\t\t\tclass=\"so-widget-sow-editor so-widget-sow-editor-base\"\n\t\t\t\n\t\t>\n<div class=\"siteorigin-widget-tinymce textwidget\">\n\t<p style=\"text-align: center;\"><strong>Version :<\/strong><br \/>\nFran\u00e7aise<\/p>\n<\/div>\n<\/div><\/div><\/div><\/div><div id=\"pg-6946-2\"  class=\"panel-grid panel-no-style\" ><div id=\"pgc-6946-2-0\"  class=\"panel-grid-cell\" ><div id=\"panel-6946-2-0-0\" class=\"so-panel widget widget_sow-editor panel-first-child panel-last-child\" data-index=\"7\" ><div\n\t\t\t\n\t\t\tclass=\"so-widget-sow-editor so-widget-sow-editor-base\"\n\t\t\t\n\t\t>\n<div class=\"siteorigin-widget-tinymce textwidget\">\n\t<hr \/>\n<p>Vous \u00eates des prisonniers incarc\u00e9r\u00e9s \u00e0 perp\u00e9tuit\u00e9 dans la prison de Blackgate. Mais aucun de vous n'a l'intention de finir ses jours ici. Vous avez un plan : creuser un tunnel pour vous \u00e9vader !<\/p>\n<p>Cependant, vous savez qu'\u00e0 la premi\u00e8re \u00e9vasion, la s\u00e9curit\u00e9 sera renforc\u00e9e, rendant toute fuite impossible pour les autres d\u00e9tenus. C'est pourquoi vous devez imp\u00e9rativement \u00eatre le premier \u00e0 creuser votre trou !<\/p>\n<p>Pour ce faire, vous allez devoir r\u00e9cup\u00e9rer des outils, en les fabriquant, en les achetant, ou m\u00eame en les rackettant aux autres prisonniers, puis revenir dans votre cellule pour creuser.<\/p>\n<\/div>\n<\/div><\/div><\/div><\/div><div id=\"pg-6946-3\"  class=\"panel-grid panel-no-style\" ><div id=\"pgc-6946-3-0\"  class=\"panel-grid-cell\" ><div id=\"panel-6946-3-0-0\" class=\"so-panel widget widget_sow-editor panel-first-child panel-last-child\" data-index=\"8\" ><div\n\t\t\t\n\t\t\tclass=\"so-widget-sow-editor so-widget-sow-editor-base\"\n\t\t\t\n\t\t>\n<div class=\"siteorigin-widget-tinymce textwidget\">\n\t<hr \/>\n<h3 style=\"text-align: center;\">En vid\u00e9o<\/h3>\n<\/div>\n<\/div><\/div><\/div><\/div><div id=\"pg-6946-4\"  class=\"panel-grid panel-no-style\" ><div id=\"pgc-6946-4-0\"  class=\"panel-grid-cell\" ><div id=\"panel-6946-4-0-0\" class=\"so-panel widget widget_sow-editor panel-first-child panel-last-child\" data-index=\"9\" ><div\n\t\t\t\n\t\t\tclass=\"so-widget-sow-editor so-widget-sow-editor-base\"\n\t\t\t\n\t\t>\n<div class=\"siteorigin-widget-tinymce textwidget\">\n\t<hr \/>\n<h3 style=\"text-align: center;\">Extension(s)<\/h3>\n<p style=\"text-align: center;\"><style type='text\/css' media='all'>#rt-tpg-container-3585211346 .read-more a{border-radius:px;}#rt-tpg-container-3585211346 .rt-img-holder img.rt-img-responsive,#rt-tpg-container-3585211346 .rt-img-holder,\n\t\t\t\t\t#rt-tpg-container-3585211346 .rt-post-overlay .post-img,\n\t\t\t\t\t#rt-tpg-container-3585211346 .post-sm .post-img,\n\t\t\t\t\t#rt-tpg-container-3585211346 .rt-post-grid .post-img,\n\t\t\t\t\t#rt-tpg-container-3585211346 .post-img img {border-radius:px;}#rt-tpg-container-3585211346 .layout9 .rt-holder h2.entry-title,\n\t\t\t\t\t#rt-tpg-container-3585211346 .layout9 .rt-holder h3.entry-title,\n\t\t\t\t\t#rt-tpg-container-3585211346 .layout9 .rt-holder h4.entry-title,\n\t\t\t\t\t#rt-tpg-container-3585211346 .layout9 .rt-holder h2.entry-title a,\n\t\t\t\t\t#rt-tpg-container-3585211346 .layout9 .rt-holder h3.entry-title a,\n\t\t\t\t\t#rt-tpg-container-3585211346 .layout9 .rt-holder h4.entry-title a,\n\t\t\t\t\t#rt-tpg-container-3585211346 .rt-holder .rt-woo-info h2 a,\n\t\t\t\t\t#rt-tpg-container-3585211346 .rt-holder .rt-woo-info h3 a,\n\t\t\t\t\t#rt-tpg-container-3585211346 .rt-holder .rt-woo-info h4 a,\n\t\t\t\t\t#rt-tpg-container-3585211346 .post-content .post-title,\n\t\t\t\t\t#rt-tpg-container-3585211346 .rt-post-grid .post-title,\n\t\t\t\t\t#rt-tpg-container-3585211346 .rt-post-grid .post-title a,\n\t\t\t\t\t#rt-tpg-container-3585211346 .post-content .post-title a,\n\t\t\t\t\t#rt-tpg-container-3585211346 .rt-holder .rt-woo-info h2,\n\t\t\t\t\t#rt-tpg-container-3585211346 .rt-holder .rt-woo-info h3,\n\t\t\t\t\t#rt-tpg-container-3585211346 .rt-holder .rt-woo-info h4{font-size:16px;line-height:26px;font-weight:normal;text-align:center;}#rt-tpg-container-3585211346 .post-grid-lg-style-1 .post-title,\n\t\t\t\t\t\t#rt-tpg-container-3585211346 .post-grid-lg-style-1 .post-title a,\n\t\t\t\t\t\t#rt-tpg-container-3585211346 .big-layout .post-title,\n\t\t\t\t\t\t#rt-tpg-container-3585211346 .big-layout .post-title a,\n\t\t\t\t\t\t#rt-tpg-container-3585211346 .post-grid-lg-style-1 .post-title,\n\t\t\t\t\t\t#rt-tpg-container-3585211346 .post-grid-lg-style-1 .post-title a {font-size:24px;line-height:34px;}<\/style><div class='rt-container-fluid rt-tpg-container tpg-shortcode-main-wrapper ' id='rt-tpg-container-3585211346'   data-layout='layout9' data-grid-style='masonry' data-desktop-col='3'  data-tab-col='2'  data-mobile-col='1' data-sc-id='12031'><div data-title='Loading ...' class='rt-row rt-content-loader   layout9 tpg-masonry '><div class=\"rt-col-md-4 rt-col-sm-6 rt-col-xs-12 masonry-grid-item rt-grid-item img_zoom_in\" data-id=\"12029\"><div class=\"rt-holder\"><div class='overlay'><a data-id='12029' class=' tpg-single-popup' href='https:\/\/meeplendice.net\/?page_id=12029'><img loading=\"lazy\" decoding=\"async\" width=\"350\" height=\"350\" src=\"https:\/\/meeplendice.net\/wp-content\/uploads\/2024\/03\/DYWO_Digin.png\" class=\"rt-img-responsive \" alt=\"\" \/><\/a><\/div><div class='post-info'><h3 class=\"entry-title\"><a data-id=\"12029\" class=\" tpg-single-popup\" href=\"https:\/\/meeplendice.net\/?page_id=12029\">Dig In<\/a><\/h3><div class='post-meta-user '><\/div><\/div><\/div><\/div><\/div><div class='rt-pagination-wrap' data-total-pages='1' data-posts-per-page='3' data-type='pagination_ajax'  ><div class='rt-page-numbers'><\/div><\/div><\/div><\/p>\n<\/div>\n<\/div><\/div><\/div><\/div><div id=\"pg-6946-5\"  class=\"panel-grid panel-no-style\" ><div id=\"pgc-6946-5-0\"  class=\"panel-grid-cell\" ><div id=\"panel-6946-5-0-0\" class=\"so-panel widget widget_sow-editor panel-first-child panel-last-child\" data-index=\"10\" ><div\n\t\t\t\n\t\t\tclass=\"so-widget-sow-editor so-widget-sow-editor-base\"\n\t\t\t\n\t\t>\n<div class=\"siteorigin-widget-tinymce textwidget\">\n\t<hr \/>\n<h3 style=\"text-align: center;\">Pour aller plus loin<\/h3>\n<\/div>\n<\/div><\/div><\/div><\/div><\/div>","protected":false},"excerpt":{"rendered":"<p>Nombre de joueurs : 2 &#8211; 6 Dur\u00e9e moyenne : 45 min Age : 16 ans et plus Auteur(s) : David Simide Illustrations : Mihajlo Dimitrieski \u00c9dition : Boderline Editions 2020 Version : Fran\u00e7aise<\/p>\n","protected":false},"author":2,"featured_media":6903,"parent":0,"menu_order":0,"comment_status":"closed","ping_status":"closed","template":"","meta":{"footnotes":""},"class_list":["post-6946","page","type-page","status-publish","has-post-thumbnail","hentry"],"acf":[],"rttpg_featured_image_url":{"full":["https:\/\/meeplendice.net\/wp-content\/uploads\/2020\/09\/Dig_your_way_out.png",350,350,false],"landscape":["https:\/\/meeplendice.net\/wp-content\/uploads\/2020\/09\/Dig_your_way_out.png",350,350,false],"portraits":["https:\/\/meeplendice.net\/wp-content\/uploads\/2020\/09\/Dig_your_way_out.png",350,350,false],"thumbnail":["https:\/\/meeplendice.net\/wp-content\/uploads\/2020\/09\/Dig_your_way_out-150x150.png",150,150,true],"medium":["https:\/\/meeplendice.net\/wp-content\/uploads\/2020\/09\/Dig_your_way_out-300x300.png",300,300,true],"large":["https:\/\/meeplendice.net\/wp-content\/uploads\/2020\/09\/Dig_your_way_out.png",350,350,false],"ug_big":["https:\/\/meeplendice.net\/wp-content\/uploads\/2020\/09\/Dig_your_way_out.png",350,350,false],"1536x1536":["https:\/\/meeplendice.net\/wp-content\/uploads\/2020\/09\/Dig_your_way_out.png",350,350,false],"2048x2048":["https:\/\/meeplendice.net\/wp-content\/uploads\/2020\/09\/Dig_your_way_out.png",350,350,false],"ashe-slider-grid-thumbnail":["https:\/\/meeplendice.net\/wp-content\/uploads\/2020\/09\/Dig_your_way_out.png",350,350,false],"ashe-full-thumbnail":["https:\/\/meeplendice.net\/wp-content\/uploads\/2020\/09\/Dig_your_way_out.png",350,350,false],"ashe-grid-thumbnail":["https:\/\/meeplendice.net\/wp-content\/uploads\/2020\/09\/Dig_your_way_out-350x330.png",350,330,true],"ashe-list-thumbnail":["https:\/\/meeplendice.net\/wp-content\/uploads\/2020\/09\/Dig_your_way_out-300x300.png",300,300,true],"ashe-single-navigation":["https:\/\/meeplendice.net\/wp-content\/uploads\/2020\/09\/Dig_your_way_out-75x75.png",75,75,true],"mailpoet_newsletter_max":["https:\/\/meeplendice.net\/wp-content\/uploads\/2020\/09\/Dig_your_way_out.png",350,350,false],"rpwe-thumbnail":["https:\/\/meeplendice.net\/wp-content\/uploads\/2020\/09\/Dig_your_way_out-45x45.png",45,45,true],"sow-carousel-default":["https:\/\/meeplendice.net\/wp-content\/uploads\/2020\/09\/Dig_your_way_out-272x182.png",272,182,true],"rt_custom":["https:\/\/meeplendice.net\/wp-content\/uploads\/2020\/09\/Dig_your_way_out.png",350,350,false]},"rttpg_author":{"display_name":"Karnby","author_link":"https:\/\/meeplendice.net\/?author=2"},"rttpg_comment":0,"rttpg_category":null,"rttpg_excerpt":"Nombre de joueurs : 2 - 6 Dur\u00e9e moyenne : 45 min Age : 16 ans et plus Auteur(s) : David Simide Illustrations : Mihajlo Dimitrieski \u00c9dition : Boderline Editions 2020 Version : Fran\u00e7aise","_links":{"self":[{"href":"https:\/\/meeplendice.net\/index.php?rest_route=\/wp\/v2\/pages\/6946","targetHints":{"allow":["GET"]}}],"collection":[{"href":"https:\/\/meeplendice.net\/index.php?rest_route=\/wp\/v2\/pages"}],"about":[{"href":"https:\/\/meeplendice.net\/index.php?rest_route=\/wp\/v2\/types\/page"}],"author":[{"embeddable":true,"href":"https:\/\/meeplendice.net\/index.php?rest_route=\/wp\/v2\/users\/2"}],"replies":[{"embeddable":true,"href":"https:\/\/meeplendice.net\/index.php?rest_route=%2Fwp%2Fv2%2Fcomments&post=6946"}],"version-history":[{"count":6,"href":"https:\/\/meeplendice.net\/index.php?rest_route=\/wp\/v2\/pages\/6946\/revisions"}],"predecessor-version":[{"id":12032,"href":"https:\/\/meeplendice.net\/index.php?rest_route=\/wp\/v2\/pages\/6946\/revisions\/12032"}],"wp:featuredmedia":[{"embeddable":true,"href":"https:\/\/meeplendice.net\/index.php?rest_route=\/wp\/v2\/media\/6903"}],"wp:attachment":[{"href":"https:\/\/meeplendice.net\/index.php?rest_route=%2Fwp%2Fv2%2Fmedia&parent=6946"}],"curies":[{"name":"wp","href":"https:\/\/api.w.org\/{rel}","templated":true}]}}