{"id":6967,"date":"2020-09-20T11:41:20","date_gmt":"2020-09-20T10:41:20","guid":{"rendered":"http:\/\/meeplendice.net\/?page_id=6967"},"modified":"2020-11-13T16:38:26","modified_gmt":"2020-11-13T15:38:26","slug":"hadara-2","status":"publish","type":"page","link":"https:\/\/meeplendice.net\/?page_id=6967","title":{"rendered":"Hadara"},"content":{"rendered":"<div id=\"pl-6967\"  class=\"panel-layout\" ><div id=\"pg-6967-0\"  class=\"panel-grid panel-no-style\" ><div id=\"pgc-6967-0-0\"  class=\"panel-grid-cell\" ><div id=\"panel-6967-0-0-0\" class=\"so-panel widget widget_sow-editor panel-first-child panel-last-child\" data-index=\"0\" ><div\n\t\t\t\n\t\t\tclass=\"so-widget-sow-editor so-widget-sow-editor-base\"\n\t\t\t\n\t\t>\n<div class=\"siteorigin-widget-tinymce textwidget\">\n\t<p style=\"text-align: center;\"><strong>Nombre de joueurs :<\/strong><br \/>\n2 - 5<\/p>\n<\/div>\n<\/div><\/div><\/div><div id=\"pgc-6967-0-1\"  class=\"panel-grid-cell\" ><div id=\"panel-6967-0-1-0\" class=\"so-panel widget widget_sow-editor panel-first-child panel-last-child\" data-index=\"1\" ><div\n\t\t\t\n\t\t\tclass=\"so-widget-sow-editor so-widget-sow-editor-base\"\n\t\t\t\n\t\t>\n<div class=\"siteorigin-widget-tinymce textwidget\">\n\t<p style=\"text-align: center;\"><strong>Dur\u00e9e moyenne :<\/strong><br \/>\n60 min<\/p>\n<\/div>\n<\/div><\/div><\/div><div id=\"pgc-6967-0-2\"  class=\"panel-grid-cell\" ><div id=\"panel-6967-0-2-0\" class=\"so-panel widget widget_sow-editor panel-first-child panel-last-child\" data-index=\"2\" ><div\n\t\t\t\n\t\t\tclass=\"so-widget-sow-editor so-widget-sow-editor-base\"\n\t\t\t\n\t\t>\n<div class=\"siteorigin-widget-tinymce textwidget\">\n\t<p style=\"text-align: center;\"><strong>Age :<\/strong><br \/>\n10 ans et plus<\/p>\n<\/div>\n<\/div><\/div><\/div><\/div><div id=\"pg-6967-1\"  class=\"panel-grid panel-no-style\" ><div id=\"pgc-6967-1-0\"  class=\"panel-grid-cell\" ><div id=\"panel-6967-1-0-0\" class=\"so-panel widget widget_sow-editor panel-first-child panel-last-child\" data-index=\"3\" ><div\n\t\t\t\n\t\t\tclass=\"so-widget-sow-editor so-widget-sow-editor-base\"\n\t\t\t\n\t\t>\n<div class=\"siteorigin-widget-tinymce textwidget\">\n\t<p style=\"text-align: center;\"><strong>Auteur(s) :<br \/>\n<\/strong>Benjamin Schwer<\/p>\n<\/div>\n<\/div><\/div><\/div><div id=\"pgc-6967-1-1\"  class=\"panel-grid-cell\" ><div id=\"panel-6967-1-1-0\" class=\"so-panel widget widget_sow-editor panel-first-child panel-last-child\" data-index=\"4\" ><div\n\t\t\t\n\t\t\tclass=\"so-widget-sow-editor so-widget-sow-editor-base\"\n\t\t\t\n\t\t>\n<div class=\"siteorigin-widget-tinymce textwidget\">\n\t<p style=\"text-align: center;\"><strong>Illustrations :<\/strong><br \/>\nDominik Mayer<br \/>\nAndreas Resch<\/p>\n<\/div>\n<\/div><\/div><\/div><div id=\"pgc-6967-1-2\"  class=\"panel-grid-cell\" ><div id=\"panel-6967-1-2-0\" class=\"so-panel widget widget_sow-editor panel-first-child panel-last-child\" data-index=\"5\" ><div\n\t\t\t\n\t\t\tclass=\"so-widget-sow-editor so-widget-sow-editor-base\"\n\t\t\t\n\t\t>\n<div class=\"siteorigin-widget-tinymce textwidget\">\n\t<p style=\"text-align: center;\"><strong>\u00c9dition :<\/strong><br \/>\nZ-Man Games<br \/>\nHans im Gl\u00fcck<br \/>\nEdge Entertainement<br \/>\n2019<\/p>\n<\/div>\n<\/div><\/div><\/div><div id=\"pgc-6967-1-3\"  class=\"panel-grid-cell\" ><div id=\"panel-6967-1-3-0\" class=\"so-panel widget widget_sow-editor panel-first-child panel-last-child\" data-index=\"6\" ><div\n\t\t\t\n\t\t\tclass=\"so-widget-sow-editor so-widget-sow-editor-base\"\n\t\t\t\n\t\t>\n<div class=\"siteorigin-widget-tinymce textwidget\">\n\t<p style=\"text-align: center;\"><strong>Version :<\/strong><br \/>\nFran\u00e7aise<\/p>\n<\/div>\n<\/div><\/div><\/div><\/div><div id=\"pg-6967-2\"  class=\"panel-grid panel-no-style\" ><div id=\"pgc-6967-2-0\"  class=\"panel-grid-cell\" ><div id=\"panel-6967-2-0-0\" class=\"so-panel widget widget_sow-editor panel-first-child panel-last-child\" data-index=\"7\" ><div\n\t\t\t\n\t\t\tclass=\"so-widget-sow-editor so-widget-sow-editor-base\"\n\t\t\t\n\t\t>\n<div class=\"siteorigin-widget-tinymce textwidget\">\n\t<hr \/>\n<p>Hadara vous plonge au c\u0153ur des civilisations de notre plan\u00e8te Terre. Suivez, \u00e0 travers 3 \u00e9poques passionnantes, l\u2019\u00e9volution de votre propre monde. Vous le peuplerez de personnages issus de plusieurs continents, mais aussi de cultures et d\u2019\u00e9poques diff\u00e9rentes. Choisissez judicieusement vos citoyens et vos r\u00e9alisations afin que votre monde re\u00e7oive la gloire et les honneurs qu\u2019il m\u00e9rite. Mais ne n\u00e9gligez pas votre agriculture, votre d\u00e9veloppement culturel ou votre puissance militaire : vos adversaires risqueraient de devenir plus puissants que vous.<br \/>\nSerez-vous le premier \u00e0 cr\u00e9er la civilisation la plus florissante ?<\/p>\n<\/div>\n<\/div><\/div><\/div><\/div><div id=\"pg-6967-3\"  class=\"panel-grid panel-no-style\" ><div id=\"pgc-6967-3-0\"  class=\"panel-grid-cell\" ><div id=\"panel-6967-3-0-0\" class=\"so-panel widget widget_sow-editor panel-first-child panel-last-child\" data-index=\"8\" ><div\n\t\t\t\n\t\t\tclass=\"so-widget-sow-editor so-widget-sow-editor-base\"\n\t\t\t\n\t\t>\n<div class=\"siteorigin-widget-tinymce textwidget\">\n\t<hr \/>\n<p style=\"text-align: center;\"><strong>En vid\u00e9o<\/strong><\/p>\n<\/div>\n<\/div><\/div><\/div><\/div><div id=\"pg-6967-4\"  class=\"panel-grid panel-no-style\" ><div id=\"pgc-6967-4-0\"  class=\"panel-grid-cell\" ><div id=\"panel-6967-4-0-0\" class=\"so-panel widget widget_sow-editor panel-first-child panel-last-child\" data-index=\"9\" ><div\n\t\t\t\n\t\t\tclass=\"so-widget-sow-editor so-widget-sow-editor-base\"\n\t\t\t\n\t\t>\n<div class=\"siteorigin-widget-tinymce textwidget\">\n\t<hr \/>\n<p style=\"text-align: center;\"><strong>Pour aller plus loin<\/strong><\/p>\n<\/div>\n<\/div><\/div><\/div><\/div><\/div>","protected":false},"excerpt":{"rendered":"<p>Nombre de joueurs : 2 &#8211; 5 Dur\u00e9e moyenne : 60 min Age : 10 ans et plus Auteur(s) : Benjamin Schwer Illustrations : Dominik Mayer Andreas Resch \u00c9dition : Z-Man Games Hans im Gl\u00fcck Edge Entertainement 2019 Version : Fran\u00e7aise<\/p>\n","protected":false},"author":2,"featured_media":6885,"parent":0,"menu_order":0,"comment_status":"closed","ping_status":"closed","template":"","meta":{"footnotes":""},"class_list":["post-6967","page","type-page","status-publish","has-post-thumbnail","hentry"],"acf":[],"rttpg_featured_image_url":{"full":["https:\/\/meeplendice.net\/wp-content\/uploads\/2020\/09\/Hadara.png",350,350,false],"landscape":["https:\/\/meeplendice.net\/wp-content\/uploads\/2020\/09\/Hadara.png",350,350,false],"portraits":["https:\/\/meeplendice.net\/wp-content\/uploads\/2020\/09\/Hadara.png",350,350,false],"thumbnail":["https:\/\/meeplendice.net\/wp-content\/uploads\/2020\/09\/Hadara-150x150.png",150,150,true],"medium":["https:\/\/meeplendice.net\/wp-content\/uploads\/2020\/09\/Hadara-300x300.png",300,300,true],"large":["https:\/\/meeplendice.net\/wp-content\/uploads\/2020\/09\/Hadara.png",350,350,false],"ug_big":["https:\/\/meeplendice.net\/wp-content\/uploads\/2020\/09\/Hadara.png",350,350,false],"1536x1536":["https:\/\/meeplendice.net\/wp-content\/uploads\/2020\/09\/Hadara.png",350,350,false],"2048x2048":["https:\/\/meeplendice.net\/wp-content\/uploads\/2020\/09\/Hadara.png",350,350,false],"ashe-slider-grid-thumbnail":["https:\/\/meeplendice.net\/wp-content\/uploads\/2020\/09\/Hadara.png",350,350,false],"ashe-full-thumbnail":["https:\/\/meeplendice.net\/wp-content\/uploads\/2020\/09\/Hadara.png",350,350,false],"ashe-grid-thumbnail":["https:\/\/meeplendice.net\/wp-content\/uploads\/2020\/09\/Hadara-350x330.png",350,330,true],"ashe-list-thumbnail":["https:\/\/meeplendice.net\/wp-content\/uploads\/2020\/09\/Hadara-300x300.png",300,300,true],"ashe-single-navigation":["https:\/\/meeplendice.net\/wp-content\/uploads\/2020\/09\/Hadara-75x75.png",75,75,true],"mailpoet_newsletter_max":["https:\/\/meeplendice.net\/wp-content\/uploads\/2020\/09\/Hadara.png",350,350,false],"rpwe-thumbnail":["https:\/\/meeplendice.net\/wp-content\/uploads\/2020\/09\/Hadara-45x45.png",45,45,true],"sow-carousel-default":["https:\/\/meeplendice.net\/wp-content\/uploads\/2020\/09\/Hadara-272x182.png",272,182,true],"rt_custom":["https:\/\/meeplendice.net\/wp-content\/uploads\/2020\/09\/Hadara.png",350,350,false]},"rttpg_author":{"display_name":"Karnby","author_link":"https:\/\/meeplendice.net\/?author=2"},"rttpg_comment":0,"rttpg_category":null,"rttpg_excerpt":"Nombre de joueurs : 2 - 5 Dur\u00e9e moyenne : 60 min Age : 10 ans et plus Auteur(s) : Benjamin Schwer Illustrations : Dominik Mayer Andreas Resch \u00c9dition : Z-Man Games Hans im Gl\u00fcck Edge Entertainement 2019 Version : Fran\u00e7aise","_links":{"self":[{"href":"https:\/\/meeplendice.net\/index.php?rest_route=\/wp\/v2\/pages\/6967","targetHints":{"allow":["GET"]}}],"collection":[{"href":"https:\/\/meeplendice.net\/index.php?rest_route=\/wp\/v2\/pages"}],"about":[{"href":"https:\/\/meeplendice.net\/index.php?rest_route=\/wp\/v2\/types\/page"}],"author":[{"embeddable":true,"href":"https:\/\/meeplendice.net\/index.php?rest_route=\/wp\/v2\/users\/2"}],"replies":[{"embeddable":true,"href":"https:\/\/meeplendice.net\/index.php?rest_route=%2Fwp%2Fv2%2Fcomments&post=6967"}],"version-history":[{"count":4,"href":"https:\/\/meeplendice.net\/index.php?rest_route=\/wp\/v2\/pages\/6967\/revisions"}],"predecessor-version":[{"id":7270,"href":"https:\/\/meeplendice.net\/index.php?rest_route=\/wp\/v2\/pages\/6967\/revisions\/7270"}],"wp:featuredmedia":[{"embeddable":true,"href":"https:\/\/meeplendice.net\/index.php?rest_route=\/wp\/v2\/media\/6885"}],"wp:attachment":[{"href":"https:\/\/meeplendice.net\/index.php?rest_route=%2Fwp%2Fv2%2Fmedia&parent=6967"}],"curies":[{"name":"wp","href":"https:\/\/api.w.org\/{rel}","templated":true}]}}