{"id":6973,"date":"2020-09-20T11:47:07","date_gmt":"2020-09-20T10:47:07","guid":{"rendered":"http:\/\/meeplendice.net\/?page_id=6973"},"modified":"2020-11-13T16:52:42","modified_gmt":"2020-11-13T15:52:42","slug":"magic-rabbit","status":"publish","type":"page","link":"https:\/\/meeplendice.net\/?page_id=6973","title":{"rendered":"Magic Rabbit"},"content":{"rendered":"<div id=\"pl-6973\"  class=\"panel-layout\" ><div id=\"pg-6973-0\"  class=\"panel-grid panel-no-style\" ><div id=\"pgc-6973-0-0\"  class=\"panel-grid-cell\" ><div id=\"panel-6973-0-0-0\" class=\"so-panel widget widget_sow-editor panel-first-child panel-last-child\" data-index=\"0\" ><div\n\t\t\t\n\t\t\tclass=\"so-widget-sow-editor so-widget-sow-editor-base\"\n\t\t\t\n\t\t>\n<div class=\"siteorigin-widget-tinymce textwidget\">\n\t<p style=\"text-align: center;\"><strong>Nombre de joueurs :<\/strong><br \/>\n1 - 4<\/p>\n<\/div>\n<\/div><\/div><\/div><div id=\"pgc-6973-0-1\"  class=\"panel-grid-cell\" ><div id=\"panel-6973-0-1-0\" class=\"so-panel widget widget_sow-editor panel-first-child panel-last-child\" data-index=\"1\" ><div\n\t\t\t\n\t\t\tclass=\"so-widget-sow-editor so-widget-sow-editor-base\"\n\t\t\t\n\t\t>\n<div class=\"siteorigin-widget-tinymce textwidget\">\n\t<p style=\"text-align: center;\"><strong>Dur\u00e9e moyenne :<\/strong><br \/>\n30 min<\/p>\n<\/div>\n<\/div><\/div><\/div><div id=\"pgc-6973-0-2\"  class=\"panel-grid-cell\" ><div id=\"panel-6973-0-2-0\" class=\"so-panel widget widget_sow-editor panel-first-child panel-last-child\" data-index=\"2\" ><div\n\t\t\t\n\t\t\tclass=\"so-widget-sow-editor so-widget-sow-editor-base\"\n\t\t\t\n\t\t>\n<div class=\"siteorigin-widget-tinymce textwidget\">\n\t<p style=\"text-align: center;\"><strong>Age :<\/strong><br \/>\n8 ans et plus<\/p>\n<\/div>\n<\/div><\/div><\/div><\/div><div id=\"pg-6973-1\"  class=\"panel-grid panel-no-style\" ><div id=\"pgc-6973-1-0\"  class=\"panel-grid-cell\" ><div id=\"panel-6973-1-0-0\" class=\"so-panel widget widget_sow-editor panel-first-child panel-last-child\" data-index=\"3\" ><div\n\t\t\t\n\t\t\tclass=\"so-widget-sow-editor so-widget-sow-editor-base\"\n\t\t\t\n\t\t>\n<div class=\"siteorigin-widget-tinymce textwidget\">\n\t<p style=\"text-align: center;\"><strong>Auteur(s) :<br \/>\n<\/strong>Julie Dutois<br \/>\nRomaric Galonnier<br \/>\nLudovic Simonet<br \/>\nC\u00e9cile Ziegler<\/p>\n<\/div>\n<\/div><\/div><\/div><div id=\"pgc-6973-1-1\"  class=\"panel-grid-cell\" ><div id=\"panel-6973-1-1-0\" class=\"so-panel widget widget_sow-editor panel-first-child panel-last-child\" data-index=\"4\" ><div\n\t\t\t\n\t\t\tclass=\"so-widget-sow-editor so-widget-sow-editor-base\"\n\t\t\t\n\t\t>\n<div class=\"siteorigin-widget-tinymce textwidget\">\n\t<p style=\"text-align: center;\"><strong>Illustrations :<\/strong><br \/>\nJonathan Aucomte<\/p>\n<\/div>\n<\/div><\/div><\/div><div id=\"pgc-6973-1-2\"  class=\"panel-grid-cell\" ><div id=\"panel-6973-1-2-0\" class=\"so-panel widget widget_sow-editor panel-first-child panel-last-child\" data-index=\"5\" ><div\n\t\t\t\n\t\t\tclass=\"so-widget-sow-editor so-widget-sow-editor-base\"\n\t\t\t\n\t\t>\n<div class=\"siteorigin-widget-tinymce textwidget\">\n\t<p style=\"text-align: center;\"><strong>\u00c9dition :<\/strong><br \/>\nLumberjacks [Studio]\n2020<\/p>\n<\/div>\n<\/div><\/div><\/div><div id=\"pgc-6973-1-3\"  class=\"panel-grid-cell\" ><div id=\"panel-6973-1-3-0\" class=\"so-panel widget widget_sow-editor panel-first-child panel-last-child\" data-index=\"6\" ><div\n\t\t\t\n\t\t\tclass=\"so-widget-sow-editor so-widget-sow-editor-base\"\n\t\t\t\n\t\t>\n<div class=\"siteorigin-widget-tinymce textwidget\">\n\t<p style=\"text-align: center;\"><strong>Version :<\/strong><br \/>\nFran\u00e7aise<\/p>\n<\/div>\n<\/div><\/div><\/div><\/div><div id=\"pg-6973-2\"  class=\"panel-grid panel-no-style\" ><div id=\"pgc-6973-2-0\"  class=\"panel-grid-cell\" ><div id=\"panel-6973-2-0-0\" class=\"so-panel widget widget_sow-editor panel-first-child panel-last-child\" data-index=\"7\" ><div\n\t\t\t\n\t\t\tclass=\"so-widget-sow-editor so-widget-sow-editor-base\"\n\t\t\t\n\t\t>\n<div class=\"siteorigin-widget-tinymce textwidget\">\n\t<hr \/>\n<p>Les magiciens poss\u00e8dent tout une m\u00e9nagerie. Ils ont besoin de tout un tas de lapins et de colombes \u00e0 faire appara\u00eetre lors de leurs repr\u00e9sentations. Mais aujourd'hui, les animaux se sont tous \u00e9chapp\u00e9s. \u00c0 vous, de bien vous coordonner pour les attraper avant le d\u00e9but du spectacle.<\/p>\n<p>Dans Magic Rabbit, les joueuses et joueurs vont coop\u00e9rer en un temps limit\u00e9 pour r\u00e9unir lapins et chapeaux dans un ordre pr\u00e9cis.<br \/>\nCoop\u00e9rez, sans communiquer......en 2min30 !<\/p>\n<\/div>\n<\/div><\/div><\/div><\/div><div id=\"pg-6973-3\"  class=\"panel-grid panel-no-style\" ><div id=\"pgc-6973-3-0\"  class=\"panel-grid-cell\" ><div id=\"panel-6973-3-0-0\" class=\"so-panel widget widget_sow-editor panel-first-child panel-last-child\" data-index=\"8\" ><div\n\t\t\t\n\t\t\tclass=\"so-widget-sow-editor so-widget-sow-editor-base\"\n\t\t\t\n\t\t>\n<div class=\"siteorigin-widget-tinymce textwidget\">\n\t<hr \/>\n<p style=\"text-align: center;\"><strong>En vid\u00e9o<\/strong><\/p>\n<\/div>\n<\/div><\/div><\/div><\/div><div id=\"pg-6973-4\"  class=\"panel-grid panel-no-style\" ><div id=\"pgc-6973-4-0\"  class=\"panel-grid-cell\" ><div id=\"panel-6973-4-0-0\" class=\"so-panel widget widget_sow-editor panel-first-child panel-last-child\" data-index=\"9\" ><div\n\t\t\t\n\t\t\tclass=\"so-widget-sow-editor so-widget-sow-editor-base\"\n\t\t\t\n\t\t>\n<div class=\"siteorigin-widget-tinymce textwidget\">\n\t<hr \/>\n<p style=\"text-align: center;\"><strong>Pour aller plus loin<\/strong><\/p>\n<\/div>\n<\/div><\/div><\/div><\/div><\/div>","protected":false},"excerpt":{"rendered":"<p>Nombre de joueurs : 1 &#8211; 4 Dur\u00e9e moyenne : 30 min Age : 8 ans et plus Auteur(s) : Julie Dutois Romaric Galonnier Ludovic Simonet C\u00e9cile Ziegler Illustrations : Jonathan Aucomte \u00c9dition : Lumberjacks [Studio] 2020 Version : Fran\u00e7aise<\/p>\n","protected":false},"author":2,"featured_media":6888,"parent":0,"menu_order":0,"comment_status":"closed","ping_status":"closed","template":"","meta":{"footnotes":""},"class_list":["post-6973","page","type-page","status-publish","has-post-thumbnail","hentry"],"acf":[],"rttpg_featured_image_url":{"full":["https:\/\/meeplendice.net\/wp-content\/uploads\/2020\/09\/Magic_Rabbit.png",350,350,false],"landscape":["https:\/\/meeplendice.net\/wp-content\/uploads\/2020\/09\/Magic_Rabbit.png",350,350,false],"portraits":["https:\/\/meeplendice.net\/wp-content\/uploads\/2020\/09\/Magic_Rabbit.png",350,350,false],"thumbnail":["https:\/\/meeplendice.net\/wp-content\/uploads\/2020\/09\/Magic_Rabbit-150x150.png",150,150,true],"medium":["https:\/\/meeplendice.net\/wp-content\/uploads\/2020\/09\/Magic_Rabbit-300x300.png",300,300,true],"large":["https:\/\/meeplendice.net\/wp-content\/uploads\/2020\/09\/Magic_Rabbit.png",350,350,false],"ug_big":["https:\/\/meeplendice.net\/wp-content\/uploads\/2020\/09\/Magic_Rabbit.png",350,350,false],"1536x1536":["https:\/\/meeplendice.net\/wp-content\/uploads\/2020\/09\/Magic_Rabbit.png",350,350,false],"2048x2048":["https:\/\/meeplendice.net\/wp-content\/uploads\/2020\/09\/Magic_Rabbit.png",350,350,false],"ashe-slider-grid-thumbnail":["https:\/\/meeplendice.net\/wp-content\/uploads\/2020\/09\/Magic_Rabbit.png",350,350,false],"ashe-full-thumbnail":["https:\/\/meeplendice.net\/wp-content\/uploads\/2020\/09\/Magic_Rabbit.png",350,350,false],"ashe-grid-thumbnail":["https:\/\/meeplendice.net\/wp-content\/uploads\/2020\/09\/Magic_Rabbit-350x330.png",350,330,true],"ashe-list-thumbnail":["https:\/\/meeplendice.net\/wp-content\/uploads\/2020\/09\/Magic_Rabbit-300x300.png",300,300,true],"ashe-single-navigation":["https:\/\/meeplendice.net\/wp-content\/uploads\/2020\/09\/Magic_Rabbit-75x75.png",75,75,true],"mailpoet_newsletter_max":["https:\/\/meeplendice.net\/wp-content\/uploads\/2020\/09\/Magic_Rabbit.png",350,350,false],"rpwe-thumbnail":["https:\/\/meeplendice.net\/wp-content\/uploads\/2020\/09\/Magic_Rabbit-45x45.png",45,45,true],"sow-carousel-default":["https:\/\/meeplendice.net\/wp-content\/uploads\/2020\/09\/Magic_Rabbit-272x182.png",272,182,true],"rt_custom":["https:\/\/meeplendice.net\/wp-content\/uploads\/2020\/09\/Magic_Rabbit.png",350,350,false]},"rttpg_author":{"display_name":"Karnby","author_link":"https:\/\/meeplendice.net\/?author=2"},"rttpg_comment":0,"rttpg_category":null,"rttpg_excerpt":"Nombre de joueurs : 1 - 4 Dur\u00e9e moyenne : 30 min Age : 8 ans et plus Auteur(s) : Julie Dutois Romaric Galonnier Ludovic Simonet C\u00e9cile Ziegler Illustrations : Jonathan Aucomte \u00c9dition : Lumberjacks [Studio] 2020 Version : Fran\u00e7aise","_links":{"self":[{"href":"https:\/\/meeplendice.net\/index.php?rest_route=\/wp\/v2\/pages\/6973","targetHints":{"allow":["GET"]}}],"collection":[{"href":"https:\/\/meeplendice.net\/index.php?rest_route=\/wp\/v2\/pages"}],"about":[{"href":"https:\/\/meeplendice.net\/index.php?rest_route=\/wp\/v2\/types\/page"}],"author":[{"embeddable":true,"href":"https:\/\/meeplendice.net\/index.php?rest_route=\/wp\/v2\/users\/2"}],"replies":[{"embeddable":true,"href":"https:\/\/meeplendice.net\/index.php?rest_route=%2Fwp%2Fv2%2Fcomments&post=6973"}],"version-history":[{"count":7,"href":"https:\/\/meeplendice.net\/index.php?rest_route=\/wp\/v2\/pages\/6973\/revisions"}],"predecessor-version":[{"id":7327,"href":"https:\/\/meeplendice.net\/index.php?rest_route=\/wp\/v2\/pages\/6973\/revisions\/7327"}],"wp:featuredmedia":[{"embeddable":true,"href":"https:\/\/meeplendice.net\/index.php?rest_route=\/wp\/v2\/media\/6888"}],"wp:attachment":[{"href":"https:\/\/meeplendice.net\/index.php?rest_route=%2Fwp%2Fv2%2Fmedia&parent=6973"}],"curies":[{"name":"wp","href":"https:\/\/api.w.org\/{rel}","templated":true}]}}