{"id":6992,"date":"2020-09-20T13:05:49","date_gmt":"2020-09-20T12:05:49","guid":{"rendered":"http:\/\/meeplendice.net\/?page_id=6992"},"modified":"2020-11-13T14:11:59","modified_gmt":"2020-11-13T13:11:59","slug":"stellar","status":"publish","type":"page","link":"https:\/\/meeplendice.net\/?page_id=6992","title":{"rendered":"Stellar"},"content":{"rendered":"<div id=\"pl-6992\"  class=\"panel-layout\" ><div id=\"pg-6992-0\"  class=\"panel-grid panel-no-style\" ><div id=\"pgc-6992-0-0\"  class=\"panel-grid-cell\" ><div id=\"panel-6992-0-0-0\" class=\"so-panel widget widget_sow-editor panel-first-child panel-last-child\" data-index=\"0\" ><div\n\t\t\t\n\t\t\tclass=\"so-widget-sow-editor so-widget-sow-editor-base\"\n\t\t\t\n\t\t>\n<div class=\"siteorigin-widget-tinymce textwidget\">\n\t<p style=\"text-align: center;\"><strong>Nombre de joueurs :<\/strong><br \/>\n2 -2<\/p>\n<\/div>\n<\/div><\/div><\/div><div id=\"pgc-6992-0-1\"  class=\"panel-grid-cell\" ><div id=\"panel-6992-0-1-0\" class=\"so-panel widget widget_sow-editor panel-first-child panel-last-child\" data-index=\"1\" ><div\n\t\t\t\n\t\t\tclass=\"so-widget-sow-editor so-widget-sow-editor-base\"\n\t\t\t\n\t\t>\n<div class=\"siteorigin-widget-tinymce textwidget\">\n\t<p style=\"text-align: center;\"><strong>Dur\u00e9e moyenne :<\/strong><br \/>\n30 min<\/p>\n<\/div>\n<\/div><\/div><\/div><div id=\"pgc-6992-0-2\"  class=\"panel-grid-cell\" ><div id=\"panel-6992-0-2-0\" class=\"so-panel widget widget_sow-editor panel-first-child panel-last-child\" data-index=\"2\" ><div\n\t\t\t\n\t\t\tclass=\"so-widget-sow-editor so-widget-sow-editor-base\"\n\t\t\t\n\t\t>\n<div class=\"siteorigin-widget-tinymce textwidget\">\n\t<p style=\"text-align: center;\"><strong>Age :<\/strong><br \/>\n8 ans et plus<\/p>\n<\/div>\n<\/div><\/div><\/div><\/div><div id=\"pg-6992-1\"  class=\"panel-grid panel-no-style\" ><div id=\"pgc-6992-1-0\"  class=\"panel-grid-cell\" ><div id=\"panel-6992-1-0-0\" class=\"so-panel widget widget_sow-editor panel-first-child panel-last-child\" data-index=\"3\" ><div\n\t\t\t\n\t\t\tclass=\"so-widget-sow-editor so-widget-sow-editor-base\"\n\t\t\t\n\t\t>\n<div class=\"siteorigin-widget-tinymce textwidget\">\n\t<p style=\"text-align: center;\"><strong>Auteur(s) :<br \/>\n<\/strong>Matt Riddle<br \/>\nBen Pinchback<\/p>\n<\/div>\n<\/div><\/div><\/div><div id=\"pgc-6992-1-1\"  class=\"panel-grid-cell\" ><div id=\"panel-6992-1-1-0\" class=\"so-panel widget widget_sow-editor panel-first-child panel-last-child\" data-index=\"4\" ><div\n\t\t\t\n\t\t\tclass=\"so-widget-sow-editor so-widget-sow-editor-base\"\n\t\t\t\n\t\t>\n<div class=\"siteorigin-widget-tinymce textwidget\">\n\t<p style=\"text-align: center;\"><strong>Illustrations :<\/strong><br \/>\nTim Barton<br \/>\nJanos Orban<\/p>\n<\/div>\n<\/div><\/div><\/div><div id=\"pgc-6992-1-2\"  class=\"panel-grid-cell\" ><div id=\"panel-6992-1-2-0\" class=\"so-panel widget widget_sow-editor panel-first-child panel-last-child\" data-index=\"5\" ><div\n\t\t\t\n\t\t\tclass=\"so-widget-sow-editor so-widget-sow-editor-base\"\n\t\t\t\n\t\t>\n<div class=\"siteorigin-widget-tinymce textwidget\">\n\t<p style=\"text-align: center;\"><strong>\u00c9dition :<\/strong><br \/>\nRenegade Game Studios<br \/>\nOrigames<br \/>\n2020<\/p>\n<\/div>\n<\/div><\/div><\/div><div id=\"pgc-6992-1-3\"  class=\"panel-grid-cell\" ><div id=\"panel-6992-1-3-0\" class=\"so-panel widget widget_sow-editor panel-first-child panel-last-child\" data-index=\"6\" ><div\n\t\t\t\n\t\t\tclass=\"so-widget-sow-editor so-widget-sow-editor-base\"\n\t\t\t\n\t\t>\n<div class=\"siteorigin-widget-tinymce textwidget\">\n\t<p style=\"text-align: center;\"><strong>Version :<\/strong><br \/>\nFran\u00e7aise<\/p>\n<\/div>\n<\/div><\/div><\/div><\/div><div id=\"pg-6992-2\"  class=\"panel-grid panel-no-style\" ><div id=\"pgc-6992-2-0\"  class=\"panel-grid-cell\" ><div id=\"panel-6992-2-0-0\" class=\"so-panel widget widget_sow-editor panel-first-child panel-last-child\" data-index=\"7\" ><div\n\t\t\t\n\t\t\tclass=\"so-widget-sow-editor so-widget-sow-editor-base\"\n\t\t\t\n\t\t>\n<div class=\"siteorigin-widget-tinymce textwidget\">\n\t<hr \/>\n<p>L'Espace !<\/p>\n<p>Depuis des mill\u00e9naires, l'humanit\u00e9 contemple le cosmos avec \u00e9merveillement. Bien que l'astronomie moderne nous donne un aper\u00e7u de plus en plus pr\u00e9cis du fonctionnement de l'univers, la fascination demeure face \u00e0 l'immensit\u00e9 au-dessus de nos t\u00eates.<\/p>\n<p>Stellar est un jeu pour 2 joueurs. A la mani\u00e8re d'un astronome, r\u00e9glez votre t\u00e9lescope et faites apparaitre des objets c\u00e9lestes de tout type - plan\u00e8tes, lunes, ast\u00e9ro\u00efdes, nuages interstellaires, trous noires, satellites - et cr\u00e9ez un magnifique panorama du ciel nocturne !<\/p>\n<\/div>\n<\/div><\/div><\/div><\/div><div id=\"pg-6992-3\"  class=\"panel-grid panel-no-style\" ><div id=\"pgc-6992-3-0\"  class=\"panel-grid-cell\" ><div id=\"panel-6992-3-0-0\" class=\"so-panel widget widget_sow-editor panel-first-child panel-last-child\" data-index=\"8\" ><div\n\t\t\t\n\t\t\tclass=\"so-widget-sow-editor so-widget-sow-editor-base\"\n\t\t\t\n\t\t>\n<div class=\"siteorigin-widget-tinymce textwidget\">\n\t<hr \/>\n<p style=\"text-align: center;\"><strong>En vid\u00e9o<\/strong><\/p>\n<\/div>\n<\/div><\/div><\/div><\/div><div id=\"pg-6992-4\"  class=\"panel-grid panel-no-style\" ><div id=\"pgc-6992-4-0\"  class=\"panel-grid-cell\" ><div id=\"panel-6992-4-0-0\" class=\"so-panel widget widget_sow-editor panel-first-child panel-last-child\" data-index=\"9\" ><div\n\t\t\t\n\t\t\tclass=\"so-widget-sow-editor so-widget-sow-editor-base\"\n\t\t\t\n\t\t>\n<div class=\"siteorigin-widget-tinymce textwidget\">\n\t<hr \/>\n<p style=\"text-align: center;\"><strong>Pour aller plus loin<\/strong><\/p>\n<\/div>\n<\/div><\/div><\/div><\/div><\/div>","protected":false},"excerpt":{"rendered":"<p>Nombre de joueurs : 2 -2 Dur\u00e9e moyenne : 30 min Age : 8 ans et plus Auteur(s) : Matt Riddle Ben Pinchback Illustrations : Tim Barton Janos Orban \u00c9dition : Renegade Game Studios Origames 2020 Version : Fran\u00e7aise<\/p>\n","protected":false},"author":2,"featured_media":6993,"parent":0,"menu_order":0,"comment_status":"closed","ping_status":"closed","template":"","meta":{"footnotes":""},"class_list":["post-6992","page","type-page","status-publish","has-post-thumbnail","hentry"],"acf":[],"rttpg_featured_image_url":{"full":["https:\/\/meeplendice.net\/wp-content\/uploads\/2020\/09\/Stellar.png",350,350,false],"landscape":["https:\/\/meeplendice.net\/wp-content\/uploads\/2020\/09\/Stellar.png",350,350,false],"portraits":["https:\/\/meeplendice.net\/wp-content\/uploads\/2020\/09\/Stellar.png",350,350,false],"thumbnail":["https:\/\/meeplendice.net\/wp-content\/uploads\/2020\/09\/Stellar-150x150.png",150,150,true],"medium":["https:\/\/meeplendice.net\/wp-content\/uploads\/2020\/09\/Stellar-300x300.png",300,300,true],"large":["https:\/\/meeplendice.net\/wp-content\/uploads\/2020\/09\/Stellar.png",350,350,false],"ug_big":["https:\/\/meeplendice.net\/wp-content\/uploads\/2020\/09\/Stellar.png",350,350,false],"1536x1536":["https:\/\/meeplendice.net\/wp-content\/uploads\/2020\/09\/Stellar.png",350,350,false],"2048x2048":["https:\/\/meeplendice.net\/wp-content\/uploads\/2020\/09\/Stellar.png",350,350,false],"ashe-slider-grid-thumbnail":["https:\/\/meeplendice.net\/wp-content\/uploads\/2020\/09\/Stellar.png",350,350,false],"ashe-full-thumbnail":["https:\/\/meeplendice.net\/wp-content\/uploads\/2020\/09\/Stellar.png",350,350,false],"ashe-grid-thumbnail":["https:\/\/meeplendice.net\/wp-content\/uploads\/2020\/09\/Stellar-350x330.png",350,330,true],"ashe-list-thumbnail":["https:\/\/meeplendice.net\/wp-content\/uploads\/2020\/09\/Stellar-300x300.png",300,300,true],"ashe-single-navigation":["https:\/\/meeplendice.net\/wp-content\/uploads\/2020\/09\/Stellar-75x75.png",75,75,true],"mailpoet_newsletter_max":["https:\/\/meeplendice.net\/wp-content\/uploads\/2020\/09\/Stellar.png",350,350,false],"rpwe-thumbnail":["https:\/\/meeplendice.net\/wp-content\/uploads\/2020\/09\/Stellar-45x45.png",45,45,true],"sow-carousel-default":["https:\/\/meeplendice.net\/wp-content\/uploads\/2020\/09\/Stellar-272x182.png",272,182,true],"rt_custom":["https:\/\/meeplendice.net\/wp-content\/uploads\/2020\/09\/Stellar.png",350,350,false]},"rttpg_author":{"display_name":"Karnby","author_link":"https:\/\/meeplendice.net\/?author=2"},"rttpg_comment":0,"rttpg_category":null,"rttpg_excerpt":"Nombre de joueurs : 2 -2 Dur\u00e9e moyenne : 30 min Age : 8 ans et plus Auteur(s) : Matt Riddle Ben Pinchback Illustrations : Tim Barton Janos Orban \u00c9dition : Renegade Game Studios Origames 2020 Version : Fran\u00e7aise","_links":{"self":[{"href":"https:\/\/meeplendice.net\/index.php?rest_route=\/wp\/v2\/pages\/6992","targetHints":{"allow":["GET"]}}],"collection":[{"href":"https:\/\/meeplendice.net\/index.php?rest_route=\/wp\/v2\/pages"}],"about":[{"href":"https:\/\/meeplendice.net\/index.php?rest_route=\/wp\/v2\/types\/page"}],"author":[{"embeddable":true,"href":"https:\/\/meeplendice.net\/index.php?rest_route=\/wp\/v2\/users\/2"}],"replies":[{"embeddable":true,"href":"https:\/\/meeplendice.net\/index.php?rest_route=%2Fwp%2Fv2%2Fcomments&post=6992"}],"version-history":[{"count":4,"href":"https:\/\/meeplendice.net\/index.php?rest_route=\/wp\/v2\/pages\/6992\/revisions"}],"predecessor-version":[{"id":7155,"href":"https:\/\/meeplendice.net\/index.php?rest_route=\/wp\/v2\/pages\/6992\/revisions\/7155"}],"wp:featuredmedia":[{"embeddable":true,"href":"https:\/\/meeplendice.net\/index.php?rest_route=\/wp\/v2\/media\/6993"}],"wp:attachment":[{"href":"https:\/\/meeplendice.net\/index.php?rest_route=%2Fwp%2Fv2%2Fmedia&parent=6992"}],"curies":[{"name":"wp","href":"https:\/\/api.w.org\/{rel}","templated":true}]}}