{"id":6997,"date":"2020-09-20T13:15:05","date_gmt":"2020-09-20T12:15:05","guid":{"rendered":"http:\/\/meeplendice.net\/?page_id=6997"},"modified":"2022-05-30T19:07:44","modified_gmt":"2022-05-30T18:07:44","slug":"paris-ville-lumiere","status":"publish","type":"page","link":"https:\/\/meeplendice.net\/?page_id=6997","title":{"rendered":"Paris : Ville Lumi\u00e8re"},"content":{"rendered":"<div id=\"pl-6997\"  class=\"panel-layout\" ><div id=\"pg-6997-0\"  class=\"panel-grid panel-no-style\" ><div id=\"pgc-6997-0-0\"  class=\"panel-grid-cell\" ><div id=\"panel-6997-0-0-0\" class=\"so-panel widget widget_sow-editor panel-first-child panel-last-child\" data-index=\"0\" ><div\n\t\t\t\n\t\t\tclass=\"so-widget-sow-editor so-widget-sow-editor-base\"\n\t\t\t\n\t\t>\n<div class=\"siteorigin-widget-tinymce textwidget\">\n\t<p style=\"text-align: center;\"><strong>Nombre de joueurs :<\/strong><br \/>\n2 -2<\/p>\n<\/div>\n<\/div><\/div><\/div><div id=\"pgc-6997-0-1\"  class=\"panel-grid-cell\" ><div id=\"panel-6997-0-1-0\" class=\"so-panel widget widget_sow-editor panel-first-child panel-last-child\" data-index=\"1\" ><div\n\t\t\t\n\t\t\tclass=\"so-widget-sow-editor so-widget-sow-editor-base\"\n\t\t\t\n\t\t>\n<div class=\"siteorigin-widget-tinymce textwidget\">\n\t<p style=\"text-align: center;\"><strong>Dur\u00e9e moyenne :<\/strong><br \/>\n30 min<\/p>\n<\/div>\n<\/div><\/div><\/div><div id=\"pgc-6997-0-2\"  class=\"panel-grid-cell\" ><div id=\"panel-6997-0-2-0\" class=\"so-panel widget widget_sow-editor panel-first-child panel-last-child\" data-index=\"2\" ><div\n\t\t\t\n\t\t\tclass=\"so-widget-sow-editor so-widget-sow-editor-base\"\n\t\t\t\n\t\t>\n<div class=\"siteorigin-widget-tinymce textwidget\">\n\t<p style=\"text-align: center;\"><strong>Age :<\/strong><br \/>\n8 ans et plus<\/p>\n<\/div>\n<\/div><\/div><\/div><\/div><div id=\"pg-6997-1\"  class=\"panel-grid panel-no-style\" ><div id=\"pgc-6997-1-0\"  class=\"panel-grid-cell\" ><div id=\"panel-6997-1-0-0\" class=\"so-panel widget widget_sow-editor panel-first-child panel-last-child\" data-index=\"3\" ><div\n\t\t\t\n\t\t\tclass=\"so-widget-sow-editor so-widget-sow-editor-base\"\n\t\t\t\n\t\t>\n<div class=\"siteorigin-widget-tinymce textwidget\">\n\t<p style=\"text-align: center;\"><strong>Auteur(s) :<br \/>\n<\/strong>Jos\u00e9 Antonio Abascal<\/p>\n<\/div>\n<\/div><\/div><\/div><div id=\"pgc-6997-1-1\"  class=\"panel-grid-cell\" ><div id=\"panel-6997-1-1-0\" class=\"so-panel widget widget_sow-editor panel-first-child panel-last-child\" data-index=\"4\" ><div\n\t\t\t\n\t\t\tclass=\"so-widget-sow-editor so-widget-sow-editor-base\"\n\t\t\t\n\t\t>\n<div class=\"siteorigin-widget-tinymce textwidget\">\n\t<p style=\"text-align: center;\"><strong>Illustrations :<\/strong><br \/>\nOriol Hernandez<\/p>\n<\/div>\n<\/div><\/div><\/div><div id=\"pgc-6997-1-2\"  class=\"panel-grid-cell\" ><div id=\"panel-6997-1-2-0\" class=\"so-panel widget widget_sow-editor panel-first-child panel-last-child\" data-index=\"5\" ><div\n\t\t\t\n\t\t\tclass=\"so-widget-sow-editor so-widget-sow-editor-base\"\n\t\t\t\n\t\t>\n<div class=\"siteorigin-widget-tinymce textwidget\">\n\t<p style=\"text-align: center;\"><strong>\u00c9dition :<\/strong><br \/>\nIello<br \/>\n2020<\/p>\n<\/div>\n<\/div><\/div><\/div><div id=\"pgc-6997-1-3\"  class=\"panel-grid-cell\" ><div id=\"panel-6997-1-3-0\" class=\"so-panel widget widget_sow-editor panel-first-child panel-last-child\" data-index=\"6\" ><div\n\t\t\t\n\t\t\tclass=\"so-widget-sow-editor so-widget-sow-editor-base\"\n\t\t\t\n\t\t>\n<div class=\"siteorigin-widget-tinymce textwidget\">\n\t<p style=\"text-align: center;\"><strong>Version :<\/strong><br \/>\nFran\u00e7aise<\/p>\n<\/div>\n<\/div><\/div><\/div><\/div><div id=\"pg-6997-2\"  class=\"panel-grid panel-no-style\" ><div id=\"pgc-6997-2-0\"  class=\"panel-grid-cell\" ><div id=\"panel-6997-2-0-0\" class=\"so-panel widget widget_sow-editor panel-first-child panel-last-child\" data-index=\"7\" ><div\n\t\t\t\n\t\t\tclass=\"so-widget-sow-editor so-widget-sow-editor-base\"\n\t\t\t\n\t\t>\n<div class=\"siteorigin-widget-tinymce textwidget\">\n\t<hr \/>\n<p>Paris, 1889.<\/p>\n<p>La r\u00e9volutoon de la lumi\u00e8re est en marche ! Gr\u00e2ce \u00e0 l'Exposition universelle, le fabuleux pouvoir de l'\u00e9lectricit\u00e9 est d\u00e9sormais connu de tous. L'\u00e9clairage public abandonne peu \u00e0 peu le gaz, et les rues deviennent plus lumineuses que jamais.<\/p>\n<p>A vous d'en profiter ! En tant que promoteur immobilier, \u00e9rigez des b\u00e2timents et assurez-vous qu'ils sont dignement \u00e9clair\u00e9s !<br \/>\nInspirez des artistes, surprenez les Parisiens, \u00e9blouissez les touristes... et laissez votre rival dans l'ombre !<\/p>\n<\/div>\n<\/div><\/div><\/div><\/div><div id=\"pg-6997-3\"  class=\"panel-grid panel-no-style\" ><div id=\"pgc-6997-3-0\"  class=\"panel-grid-cell\" ><div id=\"panel-6997-3-0-0\" class=\"so-panel widget widget_sow-editor panel-first-child panel-last-child\" data-index=\"8\" ><div\n\t\t\t\n\t\t\tclass=\"so-widget-sow-editor so-widget-sow-editor-base\"\n\t\t\t\n\t\t>\n<div class=\"siteorigin-widget-tinymce textwidget\">\n\t<hr \/>\n<h3 style=\"text-align: center;\">En vid\u00e9o<\/h3>\n<\/div>\n<\/div><\/div><\/div><\/div><div id=\"pg-6997-4\"  class=\"panel-grid panel-no-style\" ><div id=\"pgc-6997-4-0\"  class=\"panel-grid-cell\" ><div id=\"panel-6997-4-0-0\" class=\"so-panel widget widget_sow-editor panel-first-child panel-last-child\" data-index=\"9\" ><div\n\t\t\t\n\t\t\tclass=\"so-widget-sow-editor so-widget-sow-editor-base\"\n\t\t\t\n\t\t>\n<div class=\"siteorigin-widget-tinymce textwidget\">\n\t<hr \/>\n<h3 style=\"text-align: center;\">Extension(s)<\/h3>\n<style type='text\/css' media='all'>#rt-tpg-container-863869397 .read-more a{border-radius:px;}#rt-tpg-container-863869397 .rt-img-holder img.rt-img-responsive,#rt-tpg-container-863869397 .rt-img-holder,\n\t\t\t\t\t#rt-tpg-container-863869397 .rt-post-overlay .post-img,\n\t\t\t\t\t#rt-tpg-container-863869397 .post-sm .post-img,\n\t\t\t\t\t#rt-tpg-container-863869397 .rt-post-grid .post-img,\n\t\t\t\t\t#rt-tpg-container-863869397 .post-img img {border-radius:px;}#rt-tpg-container-863869397 .layout9 .rt-holder h2.entry-title,\n\t\t\t\t\t#rt-tpg-container-863869397 .layout9 .rt-holder h3.entry-title,\n\t\t\t\t\t#rt-tpg-container-863869397 .layout9 .rt-holder h4.entry-title,\n\t\t\t\t\t#rt-tpg-container-863869397 .layout9 .rt-holder h2.entry-title a,\n\t\t\t\t\t#rt-tpg-container-863869397 .layout9 .rt-holder h3.entry-title a,\n\t\t\t\t\t#rt-tpg-container-863869397 .layout9 .rt-holder h4.entry-title a,\n\t\t\t\t\t#rt-tpg-container-863869397 .rt-holder .rt-woo-info h2 a,\n\t\t\t\t\t#rt-tpg-container-863869397 .rt-holder .rt-woo-info h3 a,\n\t\t\t\t\t#rt-tpg-container-863869397 .rt-holder .rt-woo-info h4 a,\n\t\t\t\t\t#rt-tpg-container-863869397 .post-content .post-title,\n\t\t\t\t\t#rt-tpg-container-863869397 .rt-post-grid .post-title,\n\t\t\t\t\t#rt-tpg-container-863869397 .rt-post-grid .post-title a,\n\t\t\t\t\t#rt-tpg-container-863869397 .post-content .post-title a,\n\t\t\t\t\t#rt-tpg-container-863869397 .rt-holder .rt-woo-info h2,\n\t\t\t\t\t#rt-tpg-container-863869397 .rt-holder .rt-woo-info h3,\n\t\t\t\t\t#rt-tpg-container-863869397 .rt-holder .rt-woo-info h4{font-weight:normal;text-align:center;}<\/style><div class='rt-container-fluid rt-tpg-container tpg-shortcode-main-wrapper ' id='rt-tpg-container-863869397'   data-layout='layout9' data-grid-style='masonry' data-desktop-col='3'  data-tab-col='2'  data-mobile-col='1' data-sc-id='9874'><div data-title='Loading ...' class='rt-row rt-content-loader   layout9 tpg-masonry '><div class=\"rt-col-md-4 rt-col-sm-6 rt-col-xs-12 masonry-grid-item rt-grid-item img_zoom_in\" data-id=\"9871\"><div class=\"rt-holder\"><div class='overlay'><a data-id='9871' class=' tpg-single-popup' href='https:\/\/meeplendice.net\/?page_id=9871'><img loading=\"lazy\" decoding=\"async\" width=\"350\" height=\"350\" src=\"https:\/\/meeplendice.net\/wp-content\/uploads\/2022\/05\/Paris_VL_Eiffel.png\" class=\"rt-img-responsive \" alt=\"\" \/><\/a><\/div><div class='post-info'><h3 class=\"entry-title\"><a data-id=\"9871\" class=\" tpg-single-popup\" href=\"https:\/\/meeplendice.net\/?page_id=9871\">Eiffel<\/a><\/h3><div class='post-meta-user '><\/div><\/div><\/div><\/div><\/div><div class='rt-pagination-wrap' data-total-pages='1' data-posts-per-page='3' data-type='pagination_ajax'  ><div class='rt-page-numbers'><\/div><\/div><\/div>\n<\/div>\n<\/div><\/div><\/div><\/div><div id=\"pg-6997-5\"  class=\"panel-grid panel-no-style\" ><div id=\"pgc-6997-5-0\"  class=\"panel-grid-cell\" ><div id=\"panel-6997-5-0-0\" class=\"so-panel widget widget_sow-editor panel-first-child panel-last-child\" data-index=\"10\" ><div\n\t\t\t\n\t\t\tclass=\"so-widget-sow-editor so-widget-sow-editor-base\"\n\t\t\t\n\t\t>\n<div class=\"siteorigin-widget-tinymce textwidget\">\n\t<hr \/>\n<h3 style=\"text-align: center;\">Pour aller plus loin<\/h3>\n<\/div>\n<\/div><\/div><\/div><\/div><\/div>","protected":false},"excerpt":{"rendered":"<p>Nombre de joueurs : 2 -2 Dur\u00e9e moyenne : 30 min Age : 8 ans et plus Auteur(s) : Jos\u00e9 Antonio Abascal Illustrations : Oriol Hernandez \u00c9dition : Iello 2020 Version : Fran\u00e7aise<\/p>\n","protected":false},"author":2,"featured_media":6895,"parent":0,"menu_order":0,"comment_status":"closed","ping_status":"closed","template":"","meta":{"footnotes":""},"class_list":["post-6997","page","type-page","status-publish","has-post-thumbnail","hentry"],"acf":[],"rttpg_featured_image_url":{"full":["https:\/\/meeplendice.net\/wp-content\/uploads\/2020\/09\/Paris_ville_lumiere.png",350,350,false],"landscape":["https:\/\/meeplendice.net\/wp-content\/uploads\/2020\/09\/Paris_ville_lumiere.png",350,350,false],"portraits":["https:\/\/meeplendice.net\/wp-content\/uploads\/2020\/09\/Paris_ville_lumiere.png",350,350,false],"thumbnail":["https:\/\/meeplendice.net\/wp-content\/uploads\/2020\/09\/Paris_ville_lumiere-150x150.png",150,150,true],"medium":["https:\/\/meeplendice.net\/wp-content\/uploads\/2020\/09\/Paris_ville_lumiere-300x300.png",300,300,true],"large":["https:\/\/meeplendice.net\/wp-content\/uploads\/2020\/09\/Paris_ville_lumiere.png",350,350,false],"ug_big":["https:\/\/meeplendice.net\/wp-content\/uploads\/2020\/09\/Paris_ville_lumiere.png",350,350,false],"1536x1536":["https:\/\/meeplendice.net\/wp-content\/uploads\/2020\/09\/Paris_ville_lumiere.png",350,350,false],"2048x2048":["https:\/\/meeplendice.net\/wp-content\/uploads\/2020\/09\/Paris_ville_lumiere.png",350,350,false],"ashe-slider-grid-thumbnail":["https:\/\/meeplendice.net\/wp-content\/uploads\/2020\/09\/Paris_ville_lumiere.png",350,350,false],"ashe-full-thumbnail":["https:\/\/meeplendice.net\/wp-content\/uploads\/2020\/09\/Paris_ville_lumiere.png",350,350,false],"ashe-grid-thumbnail":["https:\/\/meeplendice.net\/wp-content\/uploads\/2020\/09\/Paris_ville_lumiere-350x330.png",350,330,true],"ashe-list-thumbnail":["https:\/\/meeplendice.net\/wp-content\/uploads\/2020\/09\/Paris_ville_lumiere-300x300.png",300,300,true],"ashe-single-navigation":["https:\/\/meeplendice.net\/wp-content\/uploads\/2020\/09\/Paris_ville_lumiere-75x75.png",75,75,true],"mailpoet_newsletter_max":["https:\/\/meeplendice.net\/wp-content\/uploads\/2020\/09\/Paris_ville_lumiere.png",350,350,false],"rpwe-thumbnail":["https:\/\/meeplendice.net\/wp-content\/uploads\/2020\/09\/Paris_ville_lumiere-45x45.png",45,45,true],"sow-carousel-default":["https:\/\/meeplendice.net\/wp-content\/uploads\/2020\/09\/Paris_ville_lumiere-272x182.png",272,182,true],"rt_custom":["https:\/\/meeplendice.net\/wp-content\/uploads\/2020\/09\/Paris_ville_lumiere.png",350,350,false]},"rttpg_author":{"display_name":"Karnby","author_link":"https:\/\/meeplendice.net\/?author=2"},"rttpg_comment":0,"rttpg_category":null,"rttpg_excerpt":"Nombre de joueurs : 2 -2 Dur\u00e9e moyenne : 30 min Age : 8 ans et plus Auteur(s) : Jos\u00e9 Antonio Abascal Illustrations : Oriol Hernandez \u00c9dition : Iello 2020 Version : Fran\u00e7aise","_links":{"self":[{"href":"https:\/\/meeplendice.net\/index.php?rest_route=\/wp\/v2\/pages\/6997","targetHints":{"allow":["GET"]}}],"collection":[{"href":"https:\/\/meeplendice.net\/index.php?rest_route=\/wp\/v2\/pages"}],"about":[{"href":"https:\/\/meeplendice.net\/index.php?rest_route=\/wp\/v2\/types\/page"}],"author":[{"embeddable":true,"href":"https:\/\/meeplendice.net\/index.php?rest_route=\/wp\/v2\/users\/2"}],"replies":[{"embeddable":true,"href":"https:\/\/meeplendice.net\/index.php?rest_route=%2Fwp%2Fv2%2Fcomments&post=6997"}],"version-history":[{"count":7,"href":"https:\/\/meeplendice.net\/index.php?rest_route=\/wp\/v2\/pages\/6997\/revisions"}],"predecessor-version":[{"id":9870,"href":"https:\/\/meeplendice.net\/index.php?rest_route=\/wp\/v2\/pages\/6997\/revisions\/9870"}],"wp:featuredmedia":[{"embeddable":true,"href":"https:\/\/meeplendice.net\/index.php?rest_route=\/wp\/v2\/media\/6895"}],"wp:attachment":[{"href":"https:\/\/meeplendice.net\/index.php?rest_route=%2Fwp%2Fv2%2Fmedia&parent=6997"}],"curies":[{"name":"wp","href":"https:\/\/api.w.org\/{rel}","templated":true}]}}