{"id":7009,"date":"2020-09-20T14:07:54","date_gmt":"2020-09-20T13:07:54","guid":{"rendered":"http:\/\/meeplendice.net\/?page_id=7009"},"modified":"2022-01-24T15:09:57","modified_gmt":"2022-01-24T14:09:57","slug":"bad-bones","status":"publish","type":"page","link":"https:\/\/meeplendice.net\/?page_id=7009","title":{"rendered":"Bad Bones"},"content":{"rendered":"<div id=\"pl-7009\"  class=\"panel-layout\" ><div id=\"pg-7009-0\"  class=\"panel-grid panel-no-style\" ><div id=\"pgc-7009-0-0\"  class=\"panel-grid-cell\" ><div id=\"panel-7009-0-0-0\" class=\"so-panel widget widget_sow-editor panel-first-child panel-last-child\" data-index=\"0\" ><div\n\t\t\t\n\t\t\tclass=\"so-widget-sow-editor so-widget-sow-editor-base\"\n\t\t\t\n\t\t>\n<div class=\"siteorigin-widget-tinymce textwidget\">\n\t<p style=\"text-align: center;\"><strong>Nombre de joueurs :<\/strong><br \/>\n1 - 6<\/p>\n<\/div>\n<\/div><\/div><\/div><div id=\"pgc-7009-0-1\"  class=\"panel-grid-cell\" ><div id=\"panel-7009-0-1-0\" class=\"so-panel widget widget_sow-editor panel-first-child panel-last-child\" data-index=\"1\" ><div\n\t\t\t\n\t\t\tclass=\"so-widget-sow-editor so-widget-sow-editor-base\"\n\t\t\t\n\t\t>\n<div class=\"siteorigin-widget-tinymce textwidget\">\n\t<p style=\"text-align: center;\"><strong>Dur\u00e9e moyenne :<\/strong><br \/>\n30 min<\/p>\n<\/div>\n<\/div><\/div><\/div><div id=\"pgc-7009-0-2\"  class=\"panel-grid-cell\" ><div id=\"panel-7009-0-2-0\" class=\"so-panel widget widget_sow-editor panel-first-child panel-last-child\" data-index=\"2\" ><div\n\t\t\t\n\t\t\tclass=\"so-widget-sow-editor so-widget-sow-editor-base\"\n\t\t\t\n\t\t>\n<div class=\"siteorigin-widget-tinymce textwidget\">\n\t<p style=\"text-align: center;\"><strong>Age :<\/strong><br \/>\n8 ans et plus<\/p>\n<\/div>\n<\/div><\/div><\/div><\/div><div id=\"pg-7009-1\"  class=\"panel-grid panel-no-style\" ><div id=\"pgc-7009-1-0\"  class=\"panel-grid-cell\" ><div id=\"panel-7009-1-0-0\" class=\"so-panel widget widget_sow-editor panel-first-child panel-last-child\" data-index=\"3\" ><div\n\t\t\t\n\t\t\tclass=\"so-widget-sow-editor so-widget-sow-editor-base\"\n\t\t\t\n\t\t>\n<div class=\"siteorigin-widget-tinymce textwidget\">\n\t<p style=\"text-align: center;\"><strong>Auteur(s) :<br \/>\n<\/strong>David Flies<\/p>\n<\/div>\n<\/div><\/div><\/div><div id=\"pgc-7009-1-1\"  class=\"panel-grid-cell\" ><div id=\"panel-7009-1-1-0\" class=\"so-panel widget widget_sow-editor panel-first-child panel-last-child\" data-index=\"4\" ><div\n\t\t\t\n\t\t\tclass=\"so-widget-sow-editor so-widget-sow-editor-base\"\n\t\t\t\n\t\t>\n<div class=\"siteorigin-widget-tinymce textwidget\">\n\t<p style=\"text-align: center;\"><strong>Illustrations :<\/strong><br \/>\nOlivier Mootoo<br \/>\nAlexander Brick<br \/>\nAoulad<\/p>\n<\/div>\n<\/div><\/div><\/div><div id=\"pgc-7009-1-2\"  class=\"panel-grid-cell\" ><div id=\"panel-7009-1-2-0\" class=\"so-panel widget widget_sow-editor panel-first-child panel-last-child\" data-index=\"5\" ><div\n\t\t\t\n\t\t\tclass=\"so-widget-sow-editor so-widget-sow-editor-base\"\n\t\t\t\n\t\t>\n<div class=\"siteorigin-widget-tinymce textwidget\">\n\t<p style=\"text-align: center;\"><strong>\u00c9dition :<\/strong><br \/>\nSit Down !<br \/>\n2019<\/p>\n<\/div>\n<\/div><\/div><\/div><div id=\"pgc-7009-1-3\"  class=\"panel-grid-cell\" ><div id=\"panel-7009-1-3-0\" class=\"so-panel widget widget_sow-editor panel-first-child panel-last-child\" data-index=\"6\" ><div\n\t\t\t\n\t\t\tclass=\"so-widget-sow-editor so-widget-sow-editor-base\"\n\t\t\t\n\t\t>\n<div class=\"siteorigin-widget-tinymce textwidget\">\n\t<p style=\"text-align: center;\"><strong>Version :<\/strong><br \/>\nFran\u00e7aise<\/p>\n<\/div>\n<\/div><\/div><\/div><\/div><div id=\"pg-7009-2\"  class=\"panel-grid panel-no-style\" ><div id=\"pgc-7009-2-0\"  class=\"panel-grid-cell\" ><div id=\"panel-7009-2-0-0\" class=\"so-panel widget widget_sow-editor panel-first-child panel-last-child\" data-index=\"7\" ><div\n\t\t\t\n\t\t\tclass=\"so-widget-sow-editor so-widget-sow-editor-base\"\n\t\t\t\n\t\t>\n<div class=\"siteorigin-widget-tinymce textwidget\">\n\t<hr \/>\n<p><em>Des royaumes paisibles, des voisins charmants et des cimeti\u00e8res reposants. Un monde idyllique, mais un monde r\u00e9volu.<\/em><\/p>\n<p><em>Des squelettes \u00e9mergent des cimeti\u00e8res. Ils traversent les for\u00eats pour p\u00e9n\u00e9trer dans votre royaume. ce sont d'abord des \u00e9claireurs. MAis les hordes grouillants arrivent.<\/em><br \/>\n<em>Vous comprenez vite que vos voisins ne vous aideront pas - bien au contraire - et que seuls vis pi\u00e8ges pourraient repousser l'ennemi. Vous b\u00e2tissez alors des murs, l\u00e2chez le dragon, utilisez la magie et pourriez m\u00eame aller jusqu\u2019\u00e0 c\u00e9der le tr\u00e9sor du royaume !<\/em><br \/>\n<em>Votre meilleur atout est sans doute votre h\u00e9ros, pr\u00eat \u00e0 se jeter au c\u0153ur de la bataille pour pourfendre ces stupides tas d'os qui souillent vos terres. <\/em><br \/>\n<em>rien de tout cela ne r\u00e9sistera pourtant bien longtemps et vous le savez. Votre seul espoir de survie r\u00e9side dans l'effondrement d'un autre royaume, ce qui d\u00e9tourner l'attention de vos agresseur. Ils pourraient alors s\u2019installer sur ce nouveau territoire ! <\/em><\/p>\n<p><em>Jadis charmants, vos voisins se sont transform\u00e9s en ennemis. Seule leur perte peut assurer votre survie. Aux armes !<\/em><\/p>\n<p>Bad Bones est un jeu dans lequel vous devez survivre \u00e0 une invasion de squelettes toujours plus nombreux et dangereux.<br \/>\nL'invasion ne peut pas \u00eatre vaincue, vous devez donc survivre \u00e0 vos adversaires.<br \/>\nVous avez \u00e0 votre disposition une gamme d\u2019armes qui permettent de vaincre, de ralentir, voire de d\u00e9vier les squelettes vers les autres joueurs.\u00a0 Le jeu se termine lorsque la tour ou le village d'un joueur est d\u00e9truit.<\/p>\n<\/div>\n<\/div><\/div><\/div><\/div><div id=\"pg-7009-3\"  class=\"panel-grid panel-no-style\" ><div id=\"pgc-7009-3-0\"  class=\"panel-grid-cell\" ><div id=\"panel-7009-3-0-0\" class=\"so-panel widget widget_sow-editor panel-first-child panel-last-child\" data-index=\"8\" ><div\n\t\t\t\n\t\t\tclass=\"so-widget-sow-editor so-widget-sow-editor-base\"\n\t\t\t\n\t\t>\n<div class=\"siteorigin-widget-tinymce textwidget\">\n\t<hr \/>\n<h3 style=\"text-align: center;\">En vid\u00e9o<\/h3>\n<\/div>\n<\/div><\/div><\/div><\/div><div id=\"pg-7009-4\"  class=\"panel-grid panel-no-style\" ><div id=\"pgc-7009-4-0\"  class=\"panel-grid-cell\" ><div id=\"panel-7009-4-0-0\" class=\"so-panel widget widget_sow-editor panel-first-child panel-last-child\" data-index=\"9\" ><div\n\t\t\t\n\t\t\tclass=\"so-widget-sow-editor so-widget-sow-editor-base\"\n\t\t\t\n\t\t>\n<div class=\"siteorigin-widget-tinymce textwidget\">\n\t<hr \/>\n<h3 style=\"text-align: center;\">Pour aller plus loin<\/h3>\n<\/div>\n<\/div><\/div><\/div><\/div><\/div>","protected":false},"excerpt":{"rendered":"<p>Nombre de joueurs : 1 &#8211; 6 Dur\u00e9e moyenne : 30 min Age : 8 ans et plus Auteur(s) : David Flies Illustrations : Olivier Mootoo Alexander Brick Aoulad \u00c9dition : Sit Down ! 2019 Version : Fran\u00e7aise<\/p>\n","protected":false},"author":2,"featured_media":6905,"parent":0,"menu_order":0,"comment_status":"closed","ping_status":"closed","template":"","meta":{"footnotes":""},"class_list":["post-7009","page","type-page","status-publish","has-post-thumbnail","hentry"],"acf":[],"rttpg_featured_image_url":{"full":["https:\/\/meeplendice.net\/wp-content\/uploads\/2020\/09\/Bad_bones.png",350,350,false],"landscape":["https:\/\/meeplendice.net\/wp-content\/uploads\/2020\/09\/Bad_bones.png",350,350,false],"portraits":["https:\/\/meeplendice.net\/wp-content\/uploads\/2020\/09\/Bad_bones.png",350,350,false],"thumbnail":["https:\/\/meeplendice.net\/wp-content\/uploads\/2020\/09\/Bad_bones-150x150.png",150,150,true],"medium":["https:\/\/meeplendice.net\/wp-content\/uploads\/2020\/09\/Bad_bones-300x300.png",300,300,true],"large":["https:\/\/meeplendice.net\/wp-content\/uploads\/2020\/09\/Bad_bones.png",350,350,false],"ug_big":["https:\/\/meeplendice.net\/wp-content\/uploads\/2020\/09\/Bad_bones.png",350,350,false],"1536x1536":["https:\/\/meeplendice.net\/wp-content\/uploads\/2020\/09\/Bad_bones.png",350,350,false],"2048x2048":["https:\/\/meeplendice.net\/wp-content\/uploads\/2020\/09\/Bad_bones.png",350,350,false],"ashe-slider-grid-thumbnail":["https:\/\/meeplendice.net\/wp-content\/uploads\/2020\/09\/Bad_bones.png",350,350,false],"ashe-full-thumbnail":["https:\/\/meeplendice.net\/wp-content\/uploads\/2020\/09\/Bad_bones.png",350,350,false],"ashe-grid-thumbnail":["https:\/\/meeplendice.net\/wp-content\/uploads\/2020\/09\/Bad_bones-350x330.png",350,330,true],"ashe-list-thumbnail":["https:\/\/meeplendice.net\/wp-content\/uploads\/2020\/09\/Bad_bones-300x300.png",300,300,true],"ashe-single-navigation":["https:\/\/meeplendice.net\/wp-content\/uploads\/2020\/09\/Bad_bones-75x75.png",75,75,true],"mailpoet_newsletter_max":["https:\/\/meeplendice.net\/wp-content\/uploads\/2020\/09\/Bad_bones.png",350,350,false],"rpwe-thumbnail":["https:\/\/meeplendice.net\/wp-content\/uploads\/2020\/09\/Bad_bones-45x45.png",45,45,true],"sow-carousel-default":["https:\/\/meeplendice.net\/wp-content\/uploads\/2020\/09\/Bad_bones-272x182.png",272,182,true],"rt_custom":["https:\/\/meeplendice.net\/wp-content\/uploads\/2020\/09\/Bad_bones.png",350,350,false]},"rttpg_author":{"display_name":"Karnby","author_link":"https:\/\/meeplendice.net\/?author=2"},"rttpg_comment":0,"rttpg_category":null,"rttpg_excerpt":"Nombre de joueurs : 1 - 6 Dur\u00e9e moyenne : 30 min Age : 8 ans et plus Auteur(s) : David Flies Illustrations : Olivier Mootoo Alexander Brick Aoulad \u00c9dition : Sit Down ! 2019 Version : Fran\u00e7aise","_links":{"self":[{"href":"https:\/\/meeplendice.net\/index.php?rest_route=\/wp\/v2\/pages\/7009","targetHints":{"allow":["GET"]}}],"collection":[{"href":"https:\/\/meeplendice.net\/index.php?rest_route=\/wp\/v2\/pages"}],"about":[{"href":"https:\/\/meeplendice.net\/index.php?rest_route=\/wp\/v2\/types\/page"}],"author":[{"embeddable":true,"href":"https:\/\/meeplendice.net\/index.php?rest_route=\/wp\/v2\/users\/2"}],"replies":[{"embeddable":true,"href":"https:\/\/meeplendice.net\/index.php?rest_route=%2Fwp%2Fv2%2Fcomments&post=7009"}],"version-history":[{"count":7,"href":"https:\/\/meeplendice.net\/index.php?rest_route=\/wp\/v2\/pages\/7009\/revisions"}],"predecessor-version":[{"id":9509,"href":"https:\/\/meeplendice.net\/index.php?rest_route=\/wp\/v2\/pages\/7009\/revisions\/9509"}],"wp:featuredmedia":[{"embeddable":true,"href":"https:\/\/meeplendice.net\/index.php?rest_route=\/wp\/v2\/media\/6905"}],"wp:attachment":[{"href":"https:\/\/meeplendice.net\/index.php?rest_route=%2Fwp%2Fv2%2Fmedia&parent=7009"}],"curies":[{"name":"wp","href":"https:\/\/api.w.org\/{rel}","templated":true}]}}