{"id":7013,"date":"2020-09-20T14:09:37","date_gmt":"2020-09-20T13:09:37","guid":{"rendered":"http:\/\/meeplendice.net\/?page_id=7013"},"modified":"2020-09-20T14:37:36","modified_gmt":"2020-09-20T13:37:36","slug":"santorini-2","status":"publish","type":"page","link":"https:\/\/meeplendice.net\/?page_id=7013","title":{"rendered":"Santorini"},"content":{"rendered":"<div id=\"pl-7013\"  class=\"panel-layout\" ><div id=\"pg-7013-0\"  class=\"panel-grid panel-no-style\" ><div id=\"pgc-7013-0-0\"  class=\"panel-grid-cell\" ><div id=\"panel-7013-0-0-0\" class=\"so-panel widget widget_sow-editor panel-first-child panel-last-child\" data-index=\"0\" ><div\n\t\t\t\n\t\t\tclass=\"so-widget-sow-editor so-widget-sow-editor-base\"\n\t\t\t\n\t\t>\n<div class=\"siteorigin-widget-tinymce textwidget\">\n\t<p style=\"text-align: center;\"><strong>Nombre de joueurs :<\/strong><br \/>\n2 - 4<\/p>\n<\/div>\n<\/div><\/div><\/div><div id=\"pgc-7013-0-1\"  class=\"panel-grid-cell\" ><div id=\"panel-7013-0-1-0\" class=\"so-panel widget widget_sow-editor panel-first-child panel-last-child\" data-index=\"1\" ><div\n\t\t\t\n\t\t\tclass=\"so-widget-sow-editor so-widget-sow-editor-base\"\n\t\t\t\n\t\t>\n<div class=\"siteorigin-widget-tinymce textwidget\">\n\t<p style=\"text-align: center;\"><strong>Dur\u00e9e moyenne :<\/strong><br \/>\n30 min<\/p>\n<\/div>\n<\/div><\/div><\/div><div id=\"pgc-7013-0-2\"  class=\"panel-grid-cell\" ><div id=\"panel-7013-0-2-0\" class=\"so-panel widget widget_sow-editor panel-first-child panel-last-child\" data-index=\"2\" ><div\n\t\t\t\n\t\t\tclass=\"so-widget-sow-editor so-widget-sow-editor-base\"\n\t\t\t\n\t\t>\n<div class=\"siteorigin-widget-tinymce textwidget\">\n\t<p style=\"text-align: center;\"><strong>Age :<\/strong><br \/>\n8 ans et plus<\/p>\n<\/div>\n<\/div><\/div><\/div><\/div><div id=\"pg-7013-1\"  class=\"panel-grid panel-no-style\" ><div id=\"pgc-7013-1-0\"  class=\"panel-grid-cell\" ><div id=\"panel-7013-1-0-0\" class=\"so-panel widget widget_sow-editor panel-first-child panel-last-child\" data-index=\"3\" ><div\n\t\t\t\n\t\t\tclass=\"so-widget-sow-editor so-widget-sow-editor-base\"\n\t\t\t\n\t\t>\n<div class=\"siteorigin-widget-tinymce textwidget\">\n\t<p style=\"text-align: center;\"><strong>Auteur(s) :<br \/>\n<\/strong>Gordon Hamilton<br \/>\naka. Dr Pickle<\/p>\n<\/div>\n<\/div><\/div><\/div><div id=\"pgc-7013-1-1\"  class=\"panel-grid-cell\" ><div id=\"panel-7013-1-1-0\" class=\"so-panel widget widget_sow-editor panel-first-child panel-last-child\" data-index=\"4\" ><div\n\t\t\t\n\t\t\tclass=\"so-widget-sow-editor so-widget-sow-editor-base\"\n\t\t\t\n\t\t>\n<div class=\"siteorigin-widget-tinymce textwidget\">\n\t<p style=\"text-align: center;\"><strong>Illustrations :<\/strong><br \/>\nDavid Forest<br \/>\nLina Cossette<\/p>\n<\/div>\n<\/div><\/div><\/div><div id=\"pgc-7013-1-2\"  class=\"panel-grid-cell\" ><div id=\"panel-7013-1-2-0\" class=\"so-panel widget widget_sow-editor panel-first-child panel-last-child\" data-index=\"5\" ><div\n\t\t\t\n\t\t\tclass=\"so-widget-sow-editor so-widget-sow-editor-base\"\n\t\t\t\n\t\t>\n<div class=\"siteorigin-widget-tinymce textwidget\">\n\t<p style=\"text-align: center;\"><strong>\u00c9dition :<\/strong><br \/>\nSpin Master<br \/>\nRoxley Games<br \/>\n2017<\/p>\n<\/div>\n<\/div><\/div><\/div><div id=\"pgc-7013-1-3\"  class=\"panel-grid-cell\" ><div id=\"panel-7013-1-3-0\" class=\"so-panel widget widget_sow-editor panel-first-child panel-last-child\" data-index=\"6\" ><div\n\t\t\t\n\t\t\tclass=\"so-widget-sow-editor so-widget-sow-editor-base\"\n\t\t\t\n\t\t>\n<div class=\"siteorigin-widget-tinymce textwidget\">\n\t<p style=\"text-align: center;\"><strong>Version :<\/strong><br \/>\nFran\u00e7aise<\/p>\n<\/div>\n<\/div><\/div><\/div><\/div><div id=\"pg-7013-2\"  class=\"panel-grid panel-no-style\" ><div id=\"pgc-7013-2-0\"  class=\"panel-grid-cell\" ><div id=\"panel-7013-2-0-0\" class=\"so-panel widget widget_sow-editor panel-first-child panel-last-child\" data-index=\"7\" ><div\n\t\t\t\n\t\t\tclass=\"so-widget-sow-editor so-widget-sow-editor-base\"\n\t\t\t\n\t\t>\n<div class=\"siteorigin-widget-tinymce textwidget\">\n\t<hr \/>\n<p>Des coupoles bleues et des maisons blanches \u00e0 flanc de falaise, aucun doute, nous sommes bien sur l'\u00cele de Santorini. Cette somptueuse \u00eele grecque pr\u00eate son d\u00e9cor atypique \u00e0 ce jeu o\u00f9 s'affrontent des b\u00e2tisseurs. Dans Santorini, les joueurs incarnent des ouvriers charg\u00e9s de construire les maisons \u00e0 l'architecture si reconnaissable.<\/p>\n<p>Santorini est un pur jeu de strat\u00e9gie tr\u00e8s accessible, o\u00f9 vous incarnez un jeune Dieu grec (ou D\u00e9esse) en comp\u00e9tition pour apporter la meilleure aide aux citoyens de l'\u00eele dans la construction d' un beau village au milieu de la mer Eg\u00e9e .<\/p>\n<\/div>\n<\/div><\/div><\/div><\/div><div id=\"pg-7013-3\"  class=\"panel-grid panel-no-style\" ><div id=\"pgc-7013-3-0\"  class=\"panel-grid-cell\" ><div id=\"panel-7013-3-0-0\" class=\"so-panel widget widget_sow-editor panel-first-child panel-last-child\" data-index=\"8\" ><div\n\t\t\t\n\t\t\tclass=\"so-widget-sow-editor so-widget-sow-editor-base\"\n\t\t\t\n\t\t>\n<div class=\"siteorigin-widget-tinymce textwidget\">\n\t<hr \/>\n<p style=\"text-align: center;\"><strong>En vid\u00e9o<\/strong><\/p>\n<p>De l'explication des r\u00e8gles &amp; de la partie :<\/p>\n<ul>\n<li>Tric Trac<\/li>\n<\/ul>\n<p><a href=\"https:\/\/www.trictrac.net\/video\/Santorini_de_l_explipartie\" target=\"_blank\" rel=\"noopener noreferrer\"><img loading=\"lazy\" decoding=\"async\" class=\"alignnone wp-image-513 size-full\" src=\"http:\/\/meeplendice.net\/wp-content\/uploads\/2016\/08\/TT_explipartie_1.png\" alt=\"TT_explipartie_1\" width=\"200\" height=\"170\" \/><\/a><\/p>\n<\/div>\n<\/div><\/div><\/div><div id=\"pgc-7013-3-1\"  class=\"panel-grid-cell\" ><div id=\"panel-7013-3-1-0\" class=\"so-panel widget widget_sow-editor panel-first-child panel-last-child\" data-index=\"9\" ><div\n\t\t\t\n\t\t\tclass=\"so-widget-sow-editor so-widget-sow-editor-base\"\n\t\t\t\n\t\t>\n<div class=\"siteorigin-widget-tinymce textwidget\">\n\t<hr \/>\n<p style=\"text-align: center;\"><strong>Extension(s)<br \/>\n<\/strong><\/p>\n<p style=\"text-align: center;\"><style type='text\/css' media='all'>#rt-tpg-container-3844611540 .rt-holder .rt-woo-info .price{color:#0367bf;}body .rt-tpg-container .rt-tpg-isotope-buttons .selected,\n\t\t\t\t\t#rt-tpg-container-3844611540 .layout12 .rt-holder:hover .rt-detail,\n\t\t\t\t\t#rt-tpg-container-3844611540 .isotope8 .rt-holder:hover .rt-detail,\n\t\t\t\t\t#rt-tpg-container-3844611540 .carousel8 .rt-holder:hover .rt-detail,\n\t\t\t\t\t#rt-tpg-container-3844611540 .layout13 .rt-holder .overlay .post-info,\n\t\t\t\t\t#rt-tpg-container-3844611540 .isotope9 .rt-holder .overlay .post-info,\n\t\t\t\t\t#rt-tpg-container-3844611540.rt-tpg-container .layout4 .rt-holder .rt-detail,\n\t\t\t\t\t.rt-modal-3844611540 .md-content,\n\t\t\t\t\t.rt-modal-3844611540 .md-content > .rt-md-content-holder .rt-md-content,\n\t\t\t\t\t.rt-popup-wrap-3844611540.rt-popup-wrap .rt-popup-navigation-wrap,\n\t\t\t\t\t#rt-tpg-container-3844611540 .carousel9 .rt-holder .overlay .post-info{background-color:#0367bf;}#rt-tpg-container-3844611540 .layout5 .rt-holder .overlay, #rt-tpg-container-3844611540 .isotope2 .rt-holder .overlay, #rt-tpg-container-3844611540 .carousel2 .rt-holder .overlay,#rt-tpg-container-3844611540 .layout15 .rt-holder h3, #rt-tpg-container-3844611540 .isotope11 .rt-holder h3, #rt-tpg-container-3844611540 .carousel11 .rt-holder h3, #rt-tpg-container-3844611540 .layout16 .rt-holder h3,\n\t\t\t\t\t#rt-tpg-container-3844611540 .isotope12 .rt-holder h3, #rt-tpg-container-3844611540 .carousel12 .rt-holder h3 {background-color:rgba(3,103,191,0.1);}#rt-tpg-container-3844611540 .read-more a{border-radius:px;}#rt-tpg-container-3844611540 .rt-img-holder img.rt-img-responsive,#rt-tpg-container-3844611540 .rt-img-holder,\n\t\t\t\t\t#rt-tpg-container-3844611540 .rt-post-overlay .post-img,\n\t\t\t\t\t#rt-tpg-container-3844611540 .post-sm .post-img,\n\t\t\t\t\t#rt-tpg-container-3844611540 .rt-post-grid .post-img,\n\t\t\t\t\t#rt-tpg-container-3844611540 .post-img img {border-radius:px;}#rt-tpg-container-3844611540 .layout9 .rt-holder h2.entry-title,\n\t\t\t\t\t#rt-tpg-container-3844611540 .layout9 .rt-holder h3.entry-title,\n\t\t\t\t\t#rt-tpg-container-3844611540 .layout9 .rt-holder h4.entry-title,\n\t\t\t\t\t#rt-tpg-container-3844611540 .layout9 .rt-holder h2.entry-title a,\n\t\t\t\t\t#rt-tpg-container-3844611540 .layout9 .rt-holder h3.entry-title a,\n\t\t\t\t\t#rt-tpg-container-3844611540 .layout9 .rt-holder h4.entry-title a,\n\t\t\t\t\t#rt-tpg-container-3844611540 .rt-holder .rt-woo-info h2 a,\n\t\t\t\t\t#rt-tpg-container-3844611540 .rt-holder .rt-woo-info h3 a,\n\t\t\t\t\t#rt-tpg-container-3844611540 .rt-holder .rt-woo-info h4 a,\n\t\t\t\t\t#rt-tpg-container-3844611540 .post-content .post-title,\n\t\t\t\t\t#rt-tpg-container-3844611540 .rt-post-grid .post-title,\n\t\t\t\t\t#rt-tpg-container-3844611540 .rt-post-grid .post-title a,\n\t\t\t\t\t#rt-tpg-container-3844611540 .post-content .post-title a,\n\t\t\t\t\t#rt-tpg-container-3844611540 .rt-holder .rt-woo-info h2,\n\t\t\t\t\t#rt-tpg-container-3844611540 .rt-holder .rt-woo-info h3,\n\t\t\t\t\t#rt-tpg-container-3844611540 .rt-holder .rt-woo-info h4{font-size:16px;line-height:26px;font-weight:normal;text-align:center;}#rt-tpg-container-3844611540 .post-grid-lg-style-1 .post-title,\n\t\t\t\t\t\t#rt-tpg-container-3844611540 .post-grid-lg-style-1 .post-title a,\n\t\t\t\t\t\t#rt-tpg-container-3844611540 .big-layout .post-title,\n\t\t\t\t\t\t#rt-tpg-container-3844611540 .big-layout .post-title a,\n\t\t\t\t\t\t#rt-tpg-container-3844611540 .post-grid-lg-style-1 .post-title,\n\t\t\t\t\t\t#rt-tpg-container-3844611540 .post-grid-lg-style-1 .post-title a {font-size:24px;line-height:34px;}<\/style><div class='rt-container-fluid rt-tpg-container tpg-shortcode-main-wrapper ' id='rt-tpg-container-3844611540'   data-layout='layout9' data-grid-style='even' data-desktop-col='3'  data-tab-col='2'  data-mobile-col='1' data-sc-id='7016'><div data-title='Loading ...' class='rt-row rt-content-loader   layout9 tpg-even '><div class=\"rt-col-md-4 rt-col-sm-6 rt-col-xs-12 even-grid-item rt-grid-item img_zoom_in\" data-id=\"7021\"><div class=\"rt-holder\"><div class='overlay'><a data-id='7021' class=' tpg-single-popup' href='https:\/\/meeplendice.net\/?page_id=7021'><img loading=\"lazy\" decoding=\"async\" width=\"350\" height=\"350\" src=\"https:\/\/meeplendice.net\/wp-content\/uploads\/2020\/09\/Santorini_GoldenFleece.png\" class=\"rt-img-responsive \" alt=\"\" \/><\/a><\/div><div class='post-info'><h2 class=\"entry-title\"><a data-id=\"7021\" class=\" tpg-single-popup\" href=\"https:\/\/meeplendice.net\/?page_id=7021\">La Toison d&rsquo;Or<\/a><\/h2><div class='post-meta-user '><\/div><\/div><\/div><\/div><\/div><div class='rt-pagination-wrap' data-total-pages='1' data-posts-per-page='3' data-type='pagination_ajax'  ><div class='rt-page-numbers'><\/div><\/div><\/div><\/p>\n<\/div>\n<\/div><\/div><\/div><\/div><div id=\"pg-7013-4\"  class=\"panel-grid panel-no-style\" ><div id=\"pgc-7013-4-0\"  class=\"panel-grid-cell\" ><div id=\"panel-7013-4-0-0\" class=\"so-panel widget widget_sow-editor panel-first-child panel-last-child\" data-index=\"10\" ><div\n\t\t\t\n\t\t\tclass=\"so-widget-sow-editor so-widget-sow-editor-base\"\n\t\t\t\n\t\t>\n<div class=\"siteorigin-widget-tinymce textwidget\">\n\t<hr \/>\n<p style=\"text-align: center;\"><strong>Pour aller plus loin<\/strong><\/p>\n<\/div>\n<\/div><\/div><\/div><\/div><\/div>","protected":false},"excerpt":{"rendered":"<p>Nombre de joueurs : 2 &#8211; 4 Dur\u00e9e moyenne : 30 min Age : 8 ans et plus Auteur(s) : Gordon Hamilton aka. Dr Pickle Illustrations : David Forest Lina Cossette \u00c9dition : Spin Master Roxley Games 2017 Version : Fran\u00e7aise<\/p>\n","protected":false},"author":2,"featured_media":6893,"parent":0,"menu_order":0,"comment_status":"closed","ping_status":"closed","template":"","meta":{"footnotes":""},"class_list":["post-7013","page","type-page","status-publish","has-post-thumbnail","hentry"],"acf":[],"rttpg_featured_image_url":{"full":["https:\/\/meeplendice.net\/wp-content\/uploads\/2020\/09\/Santorini.png",350,350,false],"landscape":["https:\/\/meeplendice.net\/wp-content\/uploads\/2020\/09\/Santorini.png",350,350,false],"portraits":["https:\/\/meeplendice.net\/wp-content\/uploads\/2020\/09\/Santorini.png",350,350,false],"thumbnail":["https:\/\/meeplendice.net\/wp-content\/uploads\/2020\/09\/Santorini-150x150.png",150,150,true],"medium":["https:\/\/meeplendice.net\/wp-content\/uploads\/2020\/09\/Santorini-300x300.png",300,300,true],"large":["https:\/\/meeplendice.net\/wp-content\/uploads\/2020\/09\/Santorini.png",350,350,false],"ug_big":["https:\/\/meeplendice.net\/wp-content\/uploads\/2020\/09\/Santorini.png",350,350,false],"1536x1536":["https:\/\/meeplendice.net\/wp-content\/uploads\/2020\/09\/Santorini.png",350,350,false],"2048x2048":["https:\/\/meeplendice.net\/wp-content\/uploads\/2020\/09\/Santorini.png",350,350,false],"ashe-slider-grid-thumbnail":["https:\/\/meeplendice.net\/wp-content\/uploads\/2020\/09\/Santorini.png",350,350,false],"ashe-full-thumbnail":["https:\/\/meeplendice.net\/wp-content\/uploads\/2020\/09\/Santorini.png",350,350,false],"ashe-grid-thumbnail":["https:\/\/meeplendice.net\/wp-content\/uploads\/2020\/09\/Santorini-350x330.png",350,330,true],"ashe-list-thumbnail":["https:\/\/meeplendice.net\/wp-content\/uploads\/2020\/09\/Santorini-300x300.png",300,300,true],"ashe-single-navigation":["https:\/\/meeplendice.net\/wp-content\/uploads\/2020\/09\/Santorini-75x75.png",75,75,true],"mailpoet_newsletter_max":["https:\/\/meeplendice.net\/wp-content\/uploads\/2020\/09\/Santorini.png",350,350,false],"rpwe-thumbnail":["https:\/\/meeplendice.net\/wp-content\/uploads\/2020\/09\/Santorini-45x45.png",45,45,true],"sow-carousel-default":["https:\/\/meeplendice.net\/wp-content\/uploads\/2020\/09\/Santorini-272x182.png",272,182,true],"rt_custom":["https:\/\/meeplendice.net\/wp-content\/uploads\/2020\/09\/Santorini.png",350,350,false]},"rttpg_author":{"display_name":"Karnby","author_link":"https:\/\/meeplendice.net\/?author=2"},"rttpg_comment":0,"rttpg_category":null,"rttpg_excerpt":"Nombre de joueurs : 2 - 4 Dur\u00e9e moyenne : 30 min Age : 8 ans et plus Auteur(s) : Gordon Hamilton aka. Dr Pickle Illustrations : David Forest Lina Cossette \u00c9dition : Spin Master Roxley Games 2017 Version : Fran\u00e7aise","_links":{"self":[{"href":"https:\/\/meeplendice.net\/index.php?rest_route=\/wp\/v2\/pages\/7013","targetHints":{"allow":["GET"]}}],"collection":[{"href":"https:\/\/meeplendice.net\/index.php?rest_route=\/wp\/v2\/pages"}],"about":[{"href":"https:\/\/meeplendice.net\/index.php?rest_route=\/wp\/v2\/types\/page"}],"author":[{"embeddable":true,"href":"https:\/\/meeplendice.net\/index.php?rest_route=\/wp\/v2\/users\/2"}],"replies":[{"embeddable":true,"href":"https:\/\/meeplendice.net\/index.php?rest_route=%2Fwp%2Fv2%2Fcomments&post=7013"}],"version-history":[{"count":4,"href":"https:\/\/meeplendice.net\/index.php?rest_route=\/wp\/v2\/pages\/7013\/revisions"}],"predecessor-version":[{"id":7018,"href":"https:\/\/meeplendice.net\/index.php?rest_route=\/wp\/v2\/pages\/7013\/revisions\/7018"}],"wp:featuredmedia":[{"embeddable":true,"href":"https:\/\/meeplendice.net\/index.php?rest_route=\/wp\/v2\/media\/6893"}],"wp:attachment":[{"href":"https:\/\/meeplendice.net\/index.php?rest_route=%2Fwp%2Fv2%2Fmedia&parent=7013"}],"curies":[{"name":"wp","href":"https:\/\/api.w.org\/{rel}","templated":true}]}}