{"id":7019,"date":"2020-09-20T14:38:51","date_gmt":"2020-09-20T13:38:51","guid":{"rendered":"http:\/\/meeplendice.net\/?page_id=7019"},"modified":"2021-12-16T15:17:17","modified_gmt":"2021-12-16T14:17:17","slug":"00_template_ext","status":"publish","type":"page","link":"https:\/\/meeplendice.net\/?page_id=7019","title":{"rendered":"Underground"},"content":{"rendered":"<p>Le pack d&rsquo;extension Underground contient 4 d\u00e9s que vous pouvez utiliser de deux mani\u00e8res.<\/p>\n<p>En mode autonome, vous les utilisez \u00e0 la place des d\u00e9s de route normaux pour construire des r\u00e9seaux souterrains de lignes de m\u00e9tro et de conduites d&rsquo;eau et marquer des points d&rsquo;une toute nouvelle mani\u00e8re.<\/p>\n<p>En mode Expansion, vous les utilisez en m\u00eame temps que les d\u00e9s d&rsquo;itin\u00e9raire normaux, mais sans les m\u00e9langer ! Vous avez besoin de deux plateaux pour chaque joueur, un pour la surface et un pour le sous-sol. Les d\u00e9s d&rsquo;itin\u00e9raire de base sont utilis\u00e9s sur le plateau Surface (selon les r\u00e8gles normales), tandis que les d\u00e9s d&rsquo;itin\u00e9raire (et les r\u00e8gles) sont utilis\u00e9s sur le plateau Souterrain !<\/p>\n","protected":false},"excerpt":{"rendered":"<p>Le pack d&rsquo;extension Underground contient 4 d\u00e9s que vous pouvez utiliser de deux mani\u00e8res. En mode autonome, vous les utilisez \u00e0 la place des d\u00e9s de route normaux pour construire des r\u00e9seaux souterrains de lignes de m\u00e9tro et de conduites d&rsquo;eau et marquer des points d&rsquo;une toute nouvelle mani\u00e8re. En mode Expansion, vous les utilisez en m\u00eame temps que les d\u00e9s d&rsquo;itin\u00e9raire normaux, mais sans les m\u00e9langer ! Vous avez besoin de deux plateaux pour chaque joueur, un pour la surface et un pour le sous-sol. Les d\u00e9s d&rsquo;itin\u00e9raire de base sont utilis\u00e9s sur le plateau Surface (selon les r\u00e8gles normales), tandis que les d\u00e9s d&rsquo;itin\u00e9raire (et les r\u00e8gles) sont utilis\u00e9s sur le plateau Souterrain !<\/p>\n","protected":false},"author":2,"featured_media":8892,"parent":4920,"menu_order":0,"comment_status":"closed","ping_status":"closed","template":"","meta":{"footnotes":""},"class_list":["post-7019","page","type-page","status-publish","has-post-thumbnail","hentry"],"acf":[],"rttpg_featured_image_url":{"full":["https:\/\/meeplendice.net\/wp-content\/uploads\/2021\/12\/Railroadink_Underground.png",350,350,false],"landscape":["https:\/\/meeplendice.net\/wp-content\/uploads\/2021\/12\/Railroadink_Underground.png",350,350,false],"portraits":["https:\/\/meeplendice.net\/wp-content\/uploads\/2021\/12\/Railroadink_Underground.png",350,350,false],"thumbnail":["https:\/\/meeplendice.net\/wp-content\/uploads\/2021\/12\/Railroadink_Underground-150x150.png",150,150,true],"medium":["https:\/\/meeplendice.net\/wp-content\/uploads\/2021\/12\/Railroadink_Underground-300x300.png",300,300,true],"large":["https:\/\/meeplendice.net\/wp-content\/uploads\/2021\/12\/Railroadink_Underground.png",350,350,false],"ug_big":["https:\/\/meeplendice.net\/wp-content\/uploads\/2021\/12\/Railroadink_Underground.png",350,350,false],"1536x1536":["https:\/\/meeplendice.net\/wp-content\/uploads\/2021\/12\/Railroadink_Underground.png",350,350,false],"2048x2048":["https:\/\/meeplendice.net\/wp-content\/uploads\/2021\/12\/Railroadink_Underground.png",350,350,false],"ashe-slider-grid-thumbnail":["https:\/\/meeplendice.net\/wp-content\/uploads\/2021\/12\/Railroadink_Underground.png",350,350,false],"ashe-full-thumbnail":["https:\/\/meeplendice.net\/wp-content\/uploads\/2021\/12\/Railroadink_Underground.png",350,350,false],"ashe-grid-thumbnail":["https:\/\/meeplendice.net\/wp-content\/uploads\/2021\/12\/Railroadink_Underground-350x330.png",350,330,true],"ashe-list-thumbnail":["https:\/\/meeplendice.net\/wp-content\/uploads\/2021\/12\/Railroadink_Underground-300x300.png",300,300,true],"ashe-single-navigation":["https:\/\/meeplendice.net\/wp-content\/uploads\/2021\/12\/Railroadink_Underground-75x75.png",75,75,true],"mailpoet_newsletter_max":["https:\/\/meeplendice.net\/wp-content\/uploads\/2021\/12\/Railroadink_Underground.png",350,350,false],"rpwe-thumbnail":["https:\/\/meeplendice.net\/wp-content\/uploads\/2021\/12\/Railroadink_Underground-45x45.png",45,45,true],"sow-carousel-default":["https:\/\/meeplendice.net\/wp-content\/uploads\/2021\/12\/Railroadink_Underground-272x182.png",272,182,true],"rt_custom":["https:\/\/meeplendice.net\/wp-content\/uploads\/2021\/12\/Railroadink_Underground.png",350,350,false]},"rttpg_author":{"display_name":"Karnby","author_link":"https:\/\/meeplendice.net\/?author=2"},"rttpg_comment":0,"rttpg_category":null,"rttpg_excerpt":"Le pack d&rsquo;extension Underground contient 4 d\u00e9s que vous pouvez utiliser de deux mani\u00e8res. En mode autonome, vous les utilisez \u00e0 la place des d\u00e9s de route normaux pour construire des r\u00e9seaux souterrains de lignes de m\u00e9tro et de conduites d&rsquo;eau et marquer des points d&rsquo;une toute nouvelle mani\u00e8re. En mode Expansion, vous les utilisez\u2026","_links":{"self":[{"href":"https:\/\/meeplendice.net\/index.php?rest_route=\/wp\/v2\/pages\/7019","targetHints":{"allow":["GET"]}}],"collection":[{"href":"https:\/\/meeplendice.net\/index.php?rest_route=\/wp\/v2\/pages"}],"about":[{"href":"https:\/\/meeplendice.net\/index.php?rest_route=\/wp\/v2\/types\/page"}],"author":[{"embeddable":true,"href":"https:\/\/meeplendice.net\/index.php?rest_route=\/wp\/v2\/users\/2"}],"replies":[{"embeddable":true,"href":"https:\/\/meeplendice.net\/index.php?rest_route=%2Fwp%2Fv2%2Fcomments&post=7019"}],"version-history":[{"count":3,"href":"https:\/\/meeplendice.net\/index.php?rest_route=\/wp\/v2\/pages\/7019\/revisions"}],"predecessor-version":[{"id":8893,"href":"https:\/\/meeplendice.net\/index.php?rest_route=\/wp\/v2\/pages\/7019\/revisions\/8893"}],"up":[{"embeddable":true,"href":"https:\/\/meeplendice.net\/index.php?rest_route=\/wp\/v2\/pages\/4920"}],"wp:featuredmedia":[{"embeddable":true,"href":"https:\/\/meeplendice.net\/index.php?rest_route=\/wp\/v2\/media\/8892"}],"wp:attachment":[{"href":"https:\/\/meeplendice.net\/index.php?rest_route=%2Fwp%2Fv2%2Fmedia&parent=7019"}],"curies":[{"name":"wp","href":"https:\/\/api.w.org\/{rel}","templated":true}]}}