{"id":7024,"date":"2020-09-20T15:04:51","date_gmt":"2020-09-20T14:04:51","guid":{"rendered":"http:\/\/meeplendice.net\/?page_id=7024"},"modified":"2023-08-04T22:57:06","modified_gmt":"2023-08-04T21:57:06","slug":"lile-des-chats","status":"publish","type":"page","link":"https:\/\/meeplendice.net\/?page_id=7024","title":{"rendered":"L&rsquo;Ile des Chats"},"content":{"rendered":"<div id=\"pl-7024\"  class=\"panel-layout\" ><div id=\"pg-7024-0\"  class=\"panel-grid panel-no-style\" ><div id=\"pgc-7024-0-0\"  class=\"panel-grid-cell\" ><div id=\"panel-7024-0-0-0\" class=\"so-panel widget widget_sow-editor panel-first-child panel-last-child\" data-index=\"0\" ><div\n\t\t\t\n\t\t\tclass=\"so-widget-sow-editor so-widget-sow-editor-base\"\n\t\t\t\n\t\t>\n<div class=\"siteorigin-widget-tinymce textwidget\">\n\t<p style=\"text-align: center;\"><strong>Nombre de joueurs :<\/strong><br \/>\n1 - 4 (6 avec extension)<\/p>\n<\/div>\n<\/div><\/div><\/div><div id=\"pgc-7024-0-1\"  class=\"panel-grid-cell\" ><div id=\"panel-7024-0-1-0\" class=\"so-panel widget widget_sow-editor panel-first-child panel-last-child\" data-index=\"1\" ><div\n\t\t\t\n\t\t\tclass=\"so-widget-sow-editor so-widget-sow-editor-base\"\n\t\t\t\n\t\t>\n<div class=\"siteorigin-widget-tinymce textwidget\">\n\t<p style=\"text-align: center;\"><strong>Dur\u00e9e moyenne :<\/strong><br \/>\n90 min<\/p>\n<\/div>\n<\/div><\/div><\/div><div id=\"pgc-7024-0-2\"  class=\"panel-grid-cell\" ><div id=\"panel-7024-0-2-0\" class=\"so-panel widget widget_sow-editor panel-first-child panel-last-child\" data-index=\"2\" ><div\n\t\t\t\n\t\t\tclass=\"so-widget-sow-editor so-widget-sow-editor-base\"\n\t\t\t\n\t\t>\n<div class=\"siteorigin-widget-tinymce textwidget\">\n\t<p style=\"text-align: center;\"><strong>Age :<\/strong><br \/>\n8 ans et plus<\/p>\n<\/div>\n<\/div><\/div><\/div><\/div><div id=\"pg-7024-1\"  class=\"panel-grid panel-no-style\" ><div id=\"pgc-7024-1-0\"  class=\"panel-grid-cell\" ><div id=\"panel-7024-1-0-0\" class=\"so-panel widget widget_sow-editor panel-first-child panel-last-child\" data-index=\"3\" ><div\n\t\t\t\n\t\t\tclass=\"so-widget-sow-editor so-widget-sow-editor-base\"\n\t\t\t\n\t\t>\n<div class=\"siteorigin-widget-tinymce textwidget\">\n\t<p style=\"text-align: center;\"><strong>Auteur(s) :<br \/>\n<\/strong>Frank West<strong><br \/>\n<\/strong><\/p>\n<\/div>\n<\/div><\/div><\/div><div id=\"pgc-7024-1-1\"  class=\"panel-grid-cell\" ><div id=\"panel-7024-1-1-0\" class=\"so-panel widget widget_sow-editor panel-first-child panel-last-child\" data-index=\"4\" ><div\n\t\t\t\n\t\t\tclass=\"so-widget-sow-editor so-widget-sow-editor-base\"\n\t\t\t\n\t\t>\n<div class=\"siteorigin-widget-tinymce textwidget\">\n\t<p style=\"text-align: center;\"><strong>Illustrations :<\/strong><br \/>\nDragolisco<\/p>\n<\/div>\n<\/div><\/div><\/div><div id=\"pgc-7024-1-2\"  class=\"panel-grid-cell\" ><div id=\"panel-7024-1-2-0\" class=\"so-panel widget widget_sow-editor panel-first-child panel-last-child\" data-index=\"5\" ><div\n\t\t\t\n\t\t\tclass=\"so-widget-sow-editor so-widget-sow-editor-base\"\n\t\t\t\n\t\t>\n<div class=\"siteorigin-widget-tinymce textwidget\">\n\t<p style=\"text-align: center;\"><strong>\u00c9dition :<\/strong><br \/>\nLucky Duck Games<br \/>\n2020<\/p>\n<\/div>\n<\/div><\/div><\/div><div id=\"pgc-7024-1-3\"  class=\"panel-grid-cell\" ><div id=\"panel-7024-1-3-0\" class=\"so-panel widget widget_sow-editor panel-first-child panel-last-child\" data-index=\"6\" ><div\n\t\t\t\n\t\t\tclass=\"so-widget-sow-editor so-widget-sow-editor-base\"\n\t\t\t\n\t\t>\n<div class=\"siteorigin-widget-tinymce textwidget\">\n\t<p style=\"text-align: center;\"><strong>Version :<\/strong><br \/>\nFran\u00e7aise<\/p>\n<\/div>\n<\/div><\/div><\/div><\/div><div id=\"pg-7024-2\"  class=\"panel-grid panel-no-style\" ><div id=\"pgc-7024-2-0\"  class=\"panel-grid-cell\" ><div id=\"panel-7024-2-0-0\" class=\"so-panel widget widget_sow-editor panel-first-child panel-last-child\" data-index=\"7\" ><div\n\t\t\t\n\t\t\tclass=\"so-widget-sow-editor so-widget-sow-editor-base\"\n\t\t\t\n\t\t>\n<div class=\"siteorigin-widget-tinymce textwidget\">\n\t<hr \/>\n<p><em>Certaines l\u00e9gendes urbaines ont toujours parl\u00e9 d\u2019une \u00eele fabuleuse o\u00f9 une ancienne race de chats fiers, sages et joueurs se serait \u00e9tablie.<\/em><br \/>\n<em>De r\u00e9cents rapports en provenance de l\u2019Impasse du Miaulement ont r\u00e9v\u00e9l\u00e9 qu\u2019ils existaient vraiment !<\/em><br \/>\n<em>Mais ils sont menac\u00e9s par l\u2019approche des arm\u00e9es de Vesh Darkhand qui ne reculera devant rien pour d\u00e9truire l\u2019\u00eele et le reste du monde. Les arbres seront br\u00fbl\u00e9s et les anciennes roches seront d\u00e9truites \u2013 mais il reste une chance de sauver ces nobles cr\u00e9atures !<\/em><\/p>\n<p>Vous \u00eates des citoyens de l'Impasse du Miaulement ayant embarqu\u00e9 en mission de sauvetage sur l'Ile des Chats dans l'objectif de sauver le maximum de chats avant l'arriv\u00e9e du mal\u00e9fique Seigneur Vesh.<br \/>\nChaque chat est repr\u00e9senter par une tuile unique et appartient \u00e0 une famille, et vous devez trouver un moyen de tous les placer sur votre bateau tout en conservant les familles ensembles.<\/p>\n<p>Vous aurez besoin de g\u00e9rer des ressources pendant votre exploration de l'Ile (par le draft de cartes), vous devrez \u00e9galement secourir les chats, trouver des tr\u00e9sors, vous lier d'amiti\u00e9 avec le Oshax et lire d'anciennes traditions. Chaque tradition que vous r\u00e9cup\u00e9rez vous offrira une nouvelle possibilit\u00e9 de marquer des points, en plus du fait de remplir votre bateau et de conserver les familles ensembles.<\/p>\n<\/div>\n<\/div><\/div><\/div><\/div><div id=\"pg-7024-3\"  class=\"panel-grid panel-no-style\" ><div id=\"pgc-7024-3-0\"  class=\"panel-grid-cell\" ><div id=\"panel-7024-3-0-0\" class=\"so-panel widget widget_sow-editor panel-first-child panel-last-child\" data-index=\"8\" ><div\n\t\t\t\n\t\t\tclass=\"so-widget-sow-editor so-widget-sow-editor-base\"\n\t\t\t\n\t\t>\n<div class=\"siteorigin-widget-tinymce textwidget\">\n\t<hr \/>\n<h3 style=\"text-align: center;\">En vid\u00e9o<\/h3>\n<p><a href=\"https:\/\/www.youtube.com\/embed\/ytqH6LBRx9s\" target=\"_blank\" rel=\"noopener\"><img loading=\"lazy\" decoding=\"async\" class=\"alignnone size-full wp-image-9090\" src=\"https:\/\/meeplendice.net\/wp-content\/uploads\/2022\/01\/Link_CJ_v2.png\" alt=\"\" width=\"200\" height=\"170\" \/><\/a><\/p>\n<\/div>\n<\/div><\/div><\/div><\/div><div id=\"pg-7024-4\"  class=\"panel-grid panel-no-style\" ><div id=\"pgc-7024-4-0\"  class=\"panel-grid-cell\" ><div id=\"panel-7024-4-0-0\" class=\"so-panel widget widget_sow-editor panel-first-child panel-last-child\" data-index=\"9\" ><div\n\t\t\t\n\t\t\tclass=\"so-widget-sow-editor so-widget-sow-editor-base\"\n\t\t\t\n\t\t>\n<div class=\"siteorigin-widget-tinymce textwidget\">\n\t<hr \/>\n<h3 style=\"text-align: center;\">Extension(s)<\/h3>\n<style type='text\/css' media='all'>#rt-tpg-container-2744500940 .read-more a{border-radius:px;}#rt-tpg-container-2744500940 .rt-img-holder img.rt-img-responsive,#rt-tpg-container-2744500940 .rt-img-holder,\n\t\t\t\t\t#rt-tpg-container-2744500940 .rt-post-overlay .post-img,\n\t\t\t\t\t#rt-tpg-container-2744500940 .post-sm .post-img,\n\t\t\t\t\t#rt-tpg-container-2744500940 .rt-post-grid .post-img,\n\t\t\t\t\t#rt-tpg-container-2744500940 .post-img img {border-radius:px;}#rt-tpg-container-2744500940 .layout9 .rt-holder h2.entry-title,\n\t\t\t\t\t#rt-tpg-container-2744500940 .layout9 .rt-holder h3.entry-title,\n\t\t\t\t\t#rt-tpg-container-2744500940 .layout9 .rt-holder h4.entry-title,\n\t\t\t\t\t#rt-tpg-container-2744500940 .layout9 .rt-holder h2.entry-title a,\n\t\t\t\t\t#rt-tpg-container-2744500940 .layout9 .rt-holder h3.entry-title a,\n\t\t\t\t\t#rt-tpg-container-2744500940 .layout9 .rt-holder h4.entry-title a,\n\t\t\t\t\t#rt-tpg-container-2744500940 .rt-holder .rt-woo-info h2 a,\n\t\t\t\t\t#rt-tpg-container-2744500940 .rt-holder .rt-woo-info h3 a,\n\t\t\t\t\t#rt-tpg-container-2744500940 .rt-holder .rt-woo-info h4 a,\n\t\t\t\t\t#rt-tpg-container-2744500940 .post-content .post-title,\n\t\t\t\t\t#rt-tpg-container-2744500940 .rt-post-grid .post-title,\n\t\t\t\t\t#rt-tpg-container-2744500940 .rt-post-grid .post-title a,\n\t\t\t\t\t#rt-tpg-container-2744500940 .post-content .post-title a,\n\t\t\t\t\t#rt-tpg-container-2744500940 .rt-holder .rt-woo-info h2,\n\t\t\t\t\t#rt-tpg-container-2744500940 .rt-holder .rt-woo-info h3,\n\t\t\t\t\t#rt-tpg-container-2744500940 .rt-holder .rt-woo-info h4{font-size:16px;line-height:26px;font-weight:normal;text-align:center;}#rt-tpg-container-2744500940 .post-grid-lg-style-1 .post-title,\n\t\t\t\t\t\t#rt-tpg-container-2744500940 .post-grid-lg-style-1 .post-title a,\n\t\t\t\t\t\t#rt-tpg-container-2744500940 .big-layout .post-title,\n\t\t\t\t\t\t#rt-tpg-container-2744500940 .big-layout .post-title a,\n\t\t\t\t\t\t#rt-tpg-container-2744500940 .post-grid-lg-style-1 .post-title,\n\t\t\t\t\t\t#rt-tpg-container-2744500940 .post-grid-lg-style-1 .post-title a {font-size:24px;line-height:34px;}<\/style><div class='rt-container-fluid rt-tpg-container tpg-shortcode-main-wrapper ' id='rt-tpg-container-2744500940'   data-layout='layout9' data-grid-style='masonry' data-desktop-col='3'  data-tab-col='2'  data-mobile-col='1' data-sc-id='7666'><div data-title='Loading ...' class='rt-row rt-content-loader   layout9 tpg-masonry '><div class=\"rt-col-md-4 rt-col-sm-6 rt-col-xs-12 masonry-grid-item rt-grid-item img_zoom_in\" data-id=\"10131\"><div class=\"rt-holder\"><div class='overlay'><a data-id='10131' class=' tpg-single-popup' href='https:\/\/meeplendice.net\/?page_id=10131'><img loading=\"lazy\" decoding=\"async\" width=\"350\" height=\"350\" src=\"https:\/\/meeplendice.net\/wp-content\/uploads\/2022\/07\/IDC_BetesChatons.png\" class=\"rt-img-responsive \" alt=\"\" \/><\/a><\/div><div class='post-info'><h2 class=\"entry-title\"><a data-id=\"10131\" class=\" tpg-single-popup\" href=\"https:\/\/meeplendice.net\/?page_id=10131\">B\u00eates &#038; Chatons<\/a><\/h2><div class='post-meta-user '><\/div><\/div><\/div><\/div><div class=\"rt-col-md-4 rt-col-sm-6 rt-col-xs-12 masonry-grid-item rt-grid-item img_zoom_in\" data-id=\"7664\"><div class=\"rt-holder\"><div class='overlay'><a data-id='7664' class=' tpg-single-popup' href='https:\/\/meeplendice.net\/?page_id=7664'><img loading=\"lazy\" decoding=\"async\" width=\"350\" height=\"350\" src=\"https:\/\/meeplendice.net\/wp-content\/uploads\/2022\/05\/IDC_Derniers_arrivants.png\" class=\"rt-img-responsive \" alt=\"\" \/><\/a><\/div><div class='post-info'><h2 class=\"entry-title\"><a data-id=\"7664\" class=\" tpg-single-popup\" href=\"https:\/\/meeplendice.net\/?page_id=7664\">Derniers arrivants<\/a><\/h2><div class='post-meta-user '><\/div><\/div><\/div><\/div><div class=\"rt-col-md-4 rt-col-sm-6 rt-col-xs-12 masonry-grid-item rt-grid-item img_zoom_in\" data-id=\"10129\"><div class=\"rt-holder\"><div class='overlay'><a data-id='10129' class=' tpg-single-popup' href='https:\/\/meeplendice.net\/?page_id=10129'><img loading=\"lazy\" decoding=\"async\" width=\"350\" height=\"350\" src=\"https:\/\/meeplendice.net\/wp-content\/uploads\/2022\/07\/Idc_Bateaux.png\" class=\"rt-img-responsive \" alt=\"\" \/><\/a><\/div><div class='post-info'><h2 class=\"entry-title\"><a data-id=\"10129\" class=\" tpg-single-popup\" href=\"https:\/\/meeplendice.net\/?page_id=10129\">Pack de bateaux<\/a><\/h2><div class='post-meta-user '><\/div><\/div><\/div><\/div><\/div><div class='rt-pagination-wrap' data-total-pages='2' data-posts-per-page='3' data-type='pagination_ajax'  ><div class='rt-page-numbers'><\/div><\/div><\/div>\n<\/div>\n<\/div><\/div><\/div><\/div><div id=\"pg-7024-5\"  class=\"panel-grid panel-no-style\" ><div id=\"pgc-7024-5-0\"  class=\"panel-grid-cell\" ><div id=\"panel-7024-5-0-0\" class=\"so-panel widget widget_sow-editor panel-first-child panel-last-child\" data-index=\"10\" ><div\n\t\t\t\n\t\t\tclass=\"so-widget-sow-editor so-widget-sow-editor-base\"\n\t\t\t\n\t\t>\n<div class=\"siteorigin-widget-tinymce textwidget\">\n\t<hr \/>\n<h3 style=\"text-align: center;\">Pour aller plus loin<\/h3>\n<\/div>\n<\/div><\/div><\/div><\/div><\/div>","protected":false},"excerpt":{"rendered":"<p>Nombre de joueurs : 1 &#8211; 4 (6 avec extension) Dur\u00e9e moyenne : 90 min Age : 8 ans et plus Auteur(s) : Frank West Illustrations : Dragolisco \u00c9dition : Lucky Duck Games 2020 Version : Fran\u00e7aise<\/p>\n","protected":false},"author":2,"featured_media":6901,"parent":0,"menu_order":0,"comment_status":"closed","ping_status":"closed","template":"","meta":{"footnotes":""},"class_list":["post-7024","page","type-page","status-publish","has-post-thumbnail","hentry"],"acf":[],"rttpg_featured_image_url":{"full":["https:\/\/meeplendice.net\/wp-content\/uploads\/2020\/09\/Ile_aux_chats.png",350,350,false],"landscape":["https:\/\/meeplendice.net\/wp-content\/uploads\/2020\/09\/Ile_aux_chats.png",350,350,false],"portraits":["https:\/\/meeplendice.net\/wp-content\/uploads\/2020\/09\/Ile_aux_chats.png",350,350,false],"thumbnail":["https:\/\/meeplendice.net\/wp-content\/uploads\/2020\/09\/Ile_aux_chats-150x150.png",150,150,true],"medium":["https:\/\/meeplendice.net\/wp-content\/uploads\/2020\/09\/Ile_aux_chats-300x300.png",300,300,true],"large":["https:\/\/meeplendice.net\/wp-content\/uploads\/2020\/09\/Ile_aux_chats.png",350,350,false],"ug_big":["https:\/\/meeplendice.net\/wp-content\/uploads\/2020\/09\/Ile_aux_chats.png",350,350,false],"1536x1536":["https:\/\/meeplendice.net\/wp-content\/uploads\/2020\/09\/Ile_aux_chats.png",350,350,false],"2048x2048":["https:\/\/meeplendice.net\/wp-content\/uploads\/2020\/09\/Ile_aux_chats.png",350,350,false],"ashe-slider-grid-thumbnail":["https:\/\/meeplendice.net\/wp-content\/uploads\/2020\/09\/Ile_aux_chats.png",350,350,false],"ashe-full-thumbnail":["https:\/\/meeplendice.net\/wp-content\/uploads\/2020\/09\/Ile_aux_chats.png",350,350,false],"ashe-grid-thumbnail":["https:\/\/meeplendice.net\/wp-content\/uploads\/2020\/09\/Ile_aux_chats-350x330.png",350,330,true],"ashe-list-thumbnail":["https:\/\/meeplendice.net\/wp-content\/uploads\/2020\/09\/Ile_aux_chats-300x300.png",300,300,true],"ashe-single-navigation":["https:\/\/meeplendice.net\/wp-content\/uploads\/2020\/09\/Ile_aux_chats-75x75.png",75,75,true],"mailpoet_newsletter_max":["https:\/\/meeplendice.net\/wp-content\/uploads\/2020\/09\/Ile_aux_chats.png",350,350,false],"rpwe-thumbnail":["https:\/\/meeplendice.net\/wp-content\/uploads\/2020\/09\/Ile_aux_chats-45x45.png",45,45,true],"sow-carousel-default":["https:\/\/meeplendice.net\/wp-content\/uploads\/2020\/09\/Ile_aux_chats-272x182.png",272,182,true],"rt_custom":["https:\/\/meeplendice.net\/wp-content\/uploads\/2020\/09\/Ile_aux_chats.png",350,350,false]},"rttpg_author":{"display_name":"Karnby","author_link":"https:\/\/meeplendice.net\/?author=2"},"rttpg_comment":0,"rttpg_category":null,"rttpg_excerpt":"Nombre de joueurs : 1 - 4 (6 avec extension) Dur\u00e9e moyenne : 90 min Age : 8 ans et plus Auteur(s) : Frank West Illustrations : Dragolisco \u00c9dition : Lucky Duck Games 2020 Version : Fran\u00e7aise","_links":{"self":[{"href":"https:\/\/meeplendice.net\/index.php?rest_route=\/wp\/v2\/pages\/7024","targetHints":{"allow":["GET"]}}],"collection":[{"href":"https:\/\/meeplendice.net\/index.php?rest_route=\/wp\/v2\/pages"}],"about":[{"href":"https:\/\/meeplendice.net\/index.php?rest_route=\/wp\/v2\/types\/page"}],"author":[{"embeddable":true,"href":"https:\/\/meeplendice.net\/index.php?rest_route=\/wp\/v2\/users\/2"}],"replies":[{"embeddable":true,"href":"https:\/\/meeplendice.net\/index.php?rest_route=%2Fwp%2Fv2%2Fcomments&post=7024"}],"version-history":[{"count":9,"href":"https:\/\/meeplendice.net\/index.php?rest_route=\/wp\/v2\/pages\/7024\/revisions"}],"predecessor-version":[{"id":11119,"href":"https:\/\/meeplendice.net\/index.php?rest_route=\/wp\/v2\/pages\/7024\/revisions\/11119"}],"wp:featuredmedia":[{"embeddable":true,"href":"https:\/\/meeplendice.net\/index.php?rest_route=\/wp\/v2\/media\/6901"}],"wp:attachment":[{"href":"https:\/\/meeplendice.net\/index.php?rest_route=%2Fwp%2Fv2%2Fmedia&parent=7024"}],"curies":[{"name":"wp","href":"https:\/\/api.w.org\/{rel}","templated":true}]}}