{"id":7028,"date":"2020-09-20T15:27:01","date_gmt":"2020-09-20T14:27:01","guid":{"rendered":"http:\/\/meeplendice.net\/?page_id=7028"},"modified":"2020-11-13T16:32:08","modified_gmt":"2020-11-13T15:32:08","slug":"edgar-lucien","status":"publish","type":"page","link":"https:\/\/meeplendice.net\/?page_id=7028","title":{"rendered":"Edgar &#038; Lucien"},"content":{"rendered":"<div id=\"pl-7028\"  class=\"panel-layout\" ><div id=\"pg-7028-0\"  class=\"panel-grid panel-no-style\" ><div id=\"pgc-7028-0-0\"  class=\"panel-grid-cell\" ><div id=\"panel-7028-0-0-0\" class=\"so-panel widget widget_sow-editor panel-first-child panel-last-child\" data-index=\"0\" ><div\n\t\t\t\n\t\t\tclass=\"so-widget-sow-editor so-widget-sow-editor-base\"\n\t\t\t\n\t\t>\n<div class=\"siteorigin-widget-tinymce textwidget\">\n\t<p style=\"text-align: center;\"><strong>Nombre de joueurs :<\/strong><br \/>\n2 - 4<\/p>\n<\/div>\n<\/div><\/div><\/div><div id=\"pgc-7028-0-1\"  class=\"panel-grid-cell\" ><div id=\"panel-7028-0-1-0\" class=\"so-panel widget widget_sow-editor panel-first-child panel-last-child\" data-index=\"1\" ><div\n\t\t\t\n\t\t\tclass=\"so-widget-sow-editor so-widget-sow-editor-base\"\n\t\t\t\n\t\t>\n<div class=\"siteorigin-widget-tinymce textwidget\">\n\t<p style=\"text-align: center;\"><strong>Dur\u00e9e moyenne :<\/strong><br \/>\n45 min<\/p>\n<\/div>\n<\/div><\/div><\/div><div id=\"pgc-7028-0-2\"  class=\"panel-grid-cell\" ><div id=\"panel-7028-0-2-0\" class=\"so-panel widget widget_sow-editor panel-first-child panel-last-child\" data-index=\"2\" ><div\n\t\t\t\n\t\t\tclass=\"so-widget-sow-editor so-widget-sow-editor-base\"\n\t\t\t\n\t\t>\n<div class=\"siteorigin-widget-tinymce textwidget\">\n\t<p style=\"text-align: center;\"><strong>Age :<\/strong><br \/>\n14 ans et plus<\/p>\n<\/div>\n<\/div><\/div><\/div><\/div><div id=\"pg-7028-1\"  class=\"panel-grid panel-no-style\" ><div id=\"pgc-7028-1-0\"  class=\"panel-grid-cell\" ><div id=\"panel-7028-1-0-0\" class=\"so-panel widget widget_sow-editor panel-first-child panel-last-child\" data-index=\"3\" ><div\n\t\t\t\n\t\t\tclass=\"so-widget-sow-editor so-widget-sow-editor-base\"\n\t\t\t\n\t\t>\n<div class=\"siteorigin-widget-tinymce textwidget\">\n\t<p style=\"text-align: center;\"><strong>Auteur(s) :<br \/>\n<\/strong>Tanguy Camus<br \/>\nBasile Mayeur<\/p>\n<\/div>\n<\/div><\/div><\/div><div id=\"pgc-7028-1-1\"  class=\"panel-grid-cell\" ><div id=\"panel-7028-1-1-0\" class=\"so-panel widget widget_sow-editor panel-first-child panel-last-child\" data-index=\"4\" ><div\n\t\t\t\n\t\t\tclass=\"so-widget-sow-editor so-widget-sow-editor-base\"\n\t\t\t\n\t\t>\n<div class=\"siteorigin-widget-tinymce textwidget\">\n\t<p style=\"text-align: center;\"><strong>Illustrations :<\/strong><br \/>\nSt\u00e9phane Gantiez<\/p>\n<\/div>\n<\/div><\/div><\/div><div id=\"pgc-7028-1-2\"  class=\"panel-grid-cell\" ><div id=\"panel-7028-1-2-0\" class=\"so-panel widget widget_sow-editor panel-first-child panel-last-child\" data-index=\"5\" ><div\n\t\t\t\n\t\t\tclass=\"so-widget-sow-editor so-widget-sow-editor-base\"\n\t\t\t\n\t\t>\n<div class=\"siteorigin-widget-tinymce textwidget\">\n\t<p style=\"text-align: center;\"><strong>\u00c9dition :<\/strong><br \/>\nNovalis<br \/>\nGuru Fabric<br \/>\n2017<\/p>\n<\/div>\n<\/div><\/div><\/div><div id=\"pgc-7028-1-3\"  class=\"panel-grid-cell\" ><div id=\"panel-7028-1-3-0\" class=\"so-panel widget widget_sow-editor panel-first-child panel-last-child\" data-index=\"6\" ><div\n\t\t\t\n\t\t\tclass=\"so-widget-sow-editor so-widget-sow-editor-base\"\n\t\t\t\n\t\t>\n<div class=\"siteorigin-widget-tinymce textwidget\">\n\t<p style=\"text-align: center;\"><strong>Version :<\/strong><br \/>\nFran\u00e7aise<\/p>\n<\/div>\n<\/div><\/div><\/div><\/div><div id=\"pg-7028-2\"  class=\"panel-grid panel-no-style\" ><div id=\"pgc-7028-2-0\"  class=\"panel-grid-cell\" ><div id=\"panel-7028-2-0-0\" class=\"so-panel widget widget_sow-editor panel-first-child panel-last-child\" data-index=\"7\" ><div\n\t\t\t\n\t\t\tclass=\"so-widget-sow-editor so-widget-sow-editor-base\"\n\t\t\t\n\t\t>\n<div class=\"siteorigin-widget-tinymce textwidget\">\n\t<hr \/>\n<p>Les grands mythes racontent, qu'il y a bien longtemps, quelques hommes ont fait appel \u00e0 une Divinit\u00e9 Capitale, pour venir au secours de leur plan\u00e8te qui se mourait. Faden, l'Oeil, accepta, \u00e0 une seule condition : se nourrir de l'Envie des Hommes aussi longtemps qu'il le souhaiterait...<\/p>\n<p>Nous voici donc \u00e0 Fosko, ville ville r\u00e9put\u00e9e pour \u00eatre le th\u00e9\u00e2tre de tous les mauvais coups mais aussi de tous les possibles. Envo\u00fbtante cit\u00e9e de contrastes ; pantins et humains s'y c\u00f4toient sans heurts aux d\u00e9tours de vieilles recycleries, de demeure flamboyantes ou de temple \u00e0 l'effigie de l'Oeil.<\/p>\n<p>Vos incarnez ici deux comp\u00e8re de fortune luttant ensemble pour s'en sortir et faire leur place dans ce monde impitoyable :<br \/>\nLucien, l'homme de bois et homme politique. Aim\u00e9 par le peuple et envi\u00e9 par ses pairs. Sa force ? Il poss\u00e8de une \u00e9loquence et un talent naturel pour la diplomatie. Et Edgar, \u00e9minence grise, sournois et rus\u00e9. Il est pr\u00eat \u00e0 toutes les manigances pour mener \u00e0 bien ses projets ou ceux de son acolyte.<\/p>\n<p>Ensemble vous devrez prendre le contr\u00f4le de la ville et b\u00e2tir votre propre l\u00e9gende.<\/p>\n<\/div>\n<\/div><\/div><\/div><\/div><div id=\"pg-7028-3\"  class=\"panel-grid panel-no-style\" ><div id=\"pgc-7028-3-0\"  class=\"panel-grid-cell\" ><div id=\"panel-7028-3-0-0\" class=\"so-panel widget widget_sow-editor panel-first-child panel-last-child\" data-index=\"8\" ><div\n\t\t\t\n\t\t\tclass=\"so-widget-sow-editor so-widget-sow-editor-base\"\n\t\t\t\n\t\t>\n<div class=\"siteorigin-widget-tinymce textwidget\">\n\t<hr \/>\n<p style=\"text-align: center;\"><strong>En vid\u00e9o<\/strong><\/p>\n<p>De l'explication des r\u00e8gles :<\/p>\n<ul>\n<li>Tric Trac<\/li>\n<\/ul>\n<p><a href=\"https:\/\/www.trictrac.net\/video\/Edgar_et_Lucien_de_l_explication\" target=\"_blank\" rel=\"noopener noreferrer\"><img loading=\"lazy\" decoding=\"async\" class=\"alignnone size-full wp-image-107\" src=\"http:\/\/meeplendice.net\/wp-content\/uploads\/2016\/08\/TT_explication.png\" alt=\"TT_explication\" width=\"200\" height=\"170\" \/><\/a><\/p>\n<p>De la partie :<\/p>\n<ul>\n<li>Tric Trac<\/li>\n<\/ul>\n<p><a href=\"https:\/\/www.trictrac.net\/video\/Edgar_Et_Lucien_de_la_partie\" target=\"_blank\" rel=\"noopener noreferrer\"><img loading=\"lazy\" decoding=\"async\" class=\"alignnone size-full wp-image-117\" src=\"http:\/\/meeplendice.net\/wp-content\/uploads\/2016\/08\/TT_partie_1.png\" alt=\"TT_partie_1\" width=\"200\" height=\"170\" \/><\/a><\/p>\n<\/div>\n<\/div><\/div><\/div><\/div><div id=\"pg-7028-4\"  class=\"panel-grid panel-no-style\" ><div id=\"pgc-7028-4-0\"  class=\"panel-grid-cell\" ><div id=\"panel-7028-4-0-0\" class=\"so-panel widget widget_sow-editor panel-first-child panel-last-child\" data-index=\"9\" ><div\n\t\t\t\n\t\t\tclass=\"so-widget-sow-editor so-widget-sow-editor-base\"\n\t\t\t\n\t\t>\n<div class=\"siteorigin-widget-tinymce textwidget\">\n\t<hr \/>\n<p style=\"text-align: center;\"><strong>Pour aller plus loin<\/strong><\/p>\n<\/div>\n<\/div><\/div><\/div><\/div><\/div>","protected":false},"excerpt":{"rendered":"<p>Nombre de joueurs : 2 &#8211; 4 Dur\u00e9e moyenne : 45 min Age : 14 ans et plus Auteur(s) : Tanguy Camus Basile Mayeur Illustrations : St\u00e9phane Gantiez \u00c9dition : Novalis Guru Fabric 2017 Version : Fran\u00e7aise<\/p>\n","protected":false},"author":2,"featured_media":6902,"parent":0,"menu_order":0,"comment_status":"closed","ping_status":"closed","template":"","meta":{"footnotes":""},"class_list":["post-7028","page","type-page","status-publish","has-post-thumbnail","hentry"],"acf":[],"rttpg_featured_image_url":{"full":["https:\/\/meeplendice.net\/wp-content\/uploads\/2020\/09\/EdgarLucien.png",350,350,false],"landscape":["https:\/\/meeplendice.net\/wp-content\/uploads\/2020\/09\/EdgarLucien.png",350,350,false],"portraits":["https:\/\/meeplendice.net\/wp-content\/uploads\/2020\/09\/EdgarLucien.png",350,350,false],"thumbnail":["https:\/\/meeplendice.net\/wp-content\/uploads\/2020\/09\/EdgarLucien-150x150.png",150,150,true],"medium":["https:\/\/meeplendice.net\/wp-content\/uploads\/2020\/09\/EdgarLucien-300x300.png",300,300,true],"large":["https:\/\/meeplendice.net\/wp-content\/uploads\/2020\/09\/EdgarLucien.png",350,350,false],"ug_big":["https:\/\/meeplendice.net\/wp-content\/uploads\/2020\/09\/EdgarLucien.png",350,350,false],"1536x1536":["https:\/\/meeplendice.net\/wp-content\/uploads\/2020\/09\/EdgarLucien.png",350,350,false],"2048x2048":["https:\/\/meeplendice.net\/wp-content\/uploads\/2020\/09\/EdgarLucien.png",350,350,false],"ashe-slider-grid-thumbnail":["https:\/\/meeplendice.net\/wp-content\/uploads\/2020\/09\/EdgarLucien.png",350,350,false],"ashe-full-thumbnail":["https:\/\/meeplendice.net\/wp-content\/uploads\/2020\/09\/EdgarLucien.png",350,350,false],"ashe-grid-thumbnail":["https:\/\/meeplendice.net\/wp-content\/uploads\/2020\/09\/EdgarLucien-350x330.png",350,330,true],"ashe-list-thumbnail":["https:\/\/meeplendice.net\/wp-content\/uploads\/2020\/09\/EdgarLucien-300x300.png",300,300,true],"ashe-single-navigation":["https:\/\/meeplendice.net\/wp-content\/uploads\/2020\/09\/EdgarLucien-75x75.png",75,75,true],"mailpoet_newsletter_max":["https:\/\/meeplendice.net\/wp-content\/uploads\/2020\/09\/EdgarLucien.png",350,350,false],"rpwe-thumbnail":["https:\/\/meeplendice.net\/wp-content\/uploads\/2020\/09\/EdgarLucien-45x45.png",45,45,true],"sow-carousel-default":["https:\/\/meeplendice.net\/wp-content\/uploads\/2020\/09\/EdgarLucien-272x182.png",272,182,true],"rt_custom":["https:\/\/meeplendice.net\/wp-content\/uploads\/2020\/09\/EdgarLucien.png",350,350,false]},"rttpg_author":{"display_name":"Karnby","author_link":"https:\/\/meeplendice.net\/?author=2"},"rttpg_comment":0,"rttpg_category":null,"rttpg_excerpt":"Nombre de joueurs : 2 - 4 Dur\u00e9e moyenne : 45 min Age : 14 ans et plus Auteur(s) : Tanguy Camus Basile Mayeur Illustrations : St\u00e9phane Gantiez \u00c9dition : Novalis Guru Fabric 2017 Version : Fran\u00e7aise","_links":{"self":[{"href":"https:\/\/meeplendice.net\/index.php?rest_route=\/wp\/v2\/pages\/7028","targetHints":{"allow":["GET"]}}],"collection":[{"href":"https:\/\/meeplendice.net\/index.php?rest_route=\/wp\/v2\/pages"}],"about":[{"href":"https:\/\/meeplendice.net\/index.php?rest_route=\/wp\/v2\/types\/page"}],"author":[{"embeddable":true,"href":"https:\/\/meeplendice.net\/index.php?rest_route=\/wp\/v2\/users\/2"}],"replies":[{"embeddable":true,"href":"https:\/\/meeplendice.net\/index.php?rest_route=%2Fwp%2Fv2%2Fcomments&post=7028"}],"version-history":[{"count":4,"href":"https:\/\/meeplendice.net\/index.php?rest_route=\/wp\/v2\/pages\/7028\/revisions"}],"predecessor-version":[{"id":7245,"href":"https:\/\/meeplendice.net\/index.php?rest_route=\/wp\/v2\/pages\/7028\/revisions\/7245"}],"wp:featuredmedia":[{"embeddable":true,"href":"https:\/\/meeplendice.net\/index.php?rest_route=\/wp\/v2\/media\/6902"}],"wp:attachment":[{"href":"https:\/\/meeplendice.net\/index.php?rest_route=%2Fwp%2Fv2%2Fmedia&parent=7028"}],"curies":[{"name":"wp","href":"https:\/\/api.w.org\/{rel}","templated":true}]}}