{"id":7041,"date":"2020-09-20T16:02:59","date_gmt":"2020-09-20T15:02:59","guid":{"rendered":"http:\/\/meeplendice.net\/?page_id=7041"},"modified":"2020-09-20T16:07:21","modified_gmt":"2020-09-20T15:07:21","slug":"dans-la-prairie","status":"publish","type":"page","link":"https:\/\/meeplendice.net\/?page_id=7041","title":{"rendered":"Dans la prairie"},"content":{"rendered":"<p><em>En plus des nu\u00e9es de papillons voletant au-dessus de la paririe, des oiseaux, des insectes et d&rsquo;autres animaux ont \u00e9lu domicile dans votre jardin. Chaque cr\u00e9ature vient avec son lot de d\u00e9fis dans la culture de votre jardin.<br \/>\nVotre r\u00f4le en tant que jardinier : pr\u00e9server l&rsquo;\u00e9quilibre.<br \/>\n<\/em><\/p>\n<p>\u00ab\u00a0Papillon &#8211; Dans la Prairie\u00a0\u00bb contient tous les stretch goals d\u00e9bloqu\u00e9s lors de la campagne Kickstarter. Ces modules comprennent des pr\u00e9dateurs, des oiseaux, des fontaines, et m\u00eame une variante en solo. Cette extension comprend \u00e9galement de nouvelles tuiles de fleurs sauvages et d&rsquo;abeilles, ainsi que 15 cartes d&rsquo;objectifs pour encore plus d&rsquo;options de jeu ! Enfin, chaque module peut \u00eatre jou\u00e9 seul ou combin\u00e9 aux autres pour encore plus de vari\u00e9t\u00e9 lors de vos parties !<\/p>\n","protected":false},"excerpt":{"rendered":"<p>En plus des nu\u00e9es de papillons voletant au-dessus de la paririe, des oiseaux, des insectes et d&rsquo;autres animaux ont \u00e9lu domicile dans votre jardin. Chaque cr\u00e9ature vient avec son lot de d\u00e9fis dans la culture de votre jardin. Votre r\u00f4le en tant que jardinier : pr\u00e9server l&rsquo;\u00e9quilibre. \u00ab\u00a0Papillon &#8211; Dans la Prairie\u00a0\u00bb contient tous les stretch goals d\u00e9bloqu\u00e9s lors de la campagne Kickstarter. Ces modules comprennent des pr\u00e9dateurs, des oiseaux, des fontaines, et m\u00eame une variante en solo. Cette extension comprend \u00e9galement de nouvelles tuiles de fleurs sauvages et d&rsquo;abeilles, ainsi que 15 cartes d&rsquo;objectifs pour encore plus d&rsquo;options de jeu ! Enfin, chaque module peut \u00eatre jou\u00e9 seul ou combin\u00e9 aux autres pour encore plus de vari\u00e9t\u00e9 lors de vos parties !<\/p>\n","protected":false},"author":2,"featured_media":6913,"parent":7038,"menu_order":1,"comment_status":"closed","ping_status":"closed","template":"","meta":{"footnotes":""},"class_list":["post-7041","page","type-page","status-publish","has-post-thumbnail","hentry"],"acf":[],"rttpg_featured_image_url":{"full":["https:\/\/meeplendice.net\/wp-content\/uploads\/2020\/09\/Papillon_Danslaprairie.png",350,350,false],"landscape":["https:\/\/meeplendice.net\/wp-content\/uploads\/2020\/09\/Papillon_Danslaprairie.png",350,350,false],"portraits":["https:\/\/meeplendice.net\/wp-content\/uploads\/2020\/09\/Papillon_Danslaprairie.png",350,350,false],"thumbnail":["https:\/\/meeplendice.net\/wp-content\/uploads\/2020\/09\/Papillon_Danslaprairie-150x150.png",150,150,true],"medium":["https:\/\/meeplendice.net\/wp-content\/uploads\/2020\/09\/Papillon_Danslaprairie-300x300.png",300,300,true],"large":["https:\/\/meeplendice.net\/wp-content\/uploads\/2020\/09\/Papillon_Danslaprairie.png",350,350,false],"ug_big":["https:\/\/meeplendice.net\/wp-content\/uploads\/2020\/09\/Papillon_Danslaprairie.png",350,350,false],"1536x1536":["https:\/\/meeplendice.net\/wp-content\/uploads\/2020\/09\/Papillon_Danslaprairie.png",350,350,false],"2048x2048":["https:\/\/meeplendice.net\/wp-content\/uploads\/2020\/09\/Papillon_Danslaprairie.png",350,350,false],"ashe-slider-grid-thumbnail":["https:\/\/meeplendice.net\/wp-content\/uploads\/2020\/09\/Papillon_Danslaprairie.png",350,350,false],"ashe-full-thumbnail":["https:\/\/meeplendice.net\/wp-content\/uploads\/2020\/09\/Papillon_Danslaprairie.png",350,350,false],"ashe-grid-thumbnail":["https:\/\/meeplendice.net\/wp-content\/uploads\/2020\/09\/Papillon_Danslaprairie-350x330.png",350,330,true],"ashe-list-thumbnail":["https:\/\/meeplendice.net\/wp-content\/uploads\/2020\/09\/Papillon_Danslaprairie-300x300.png",300,300,true],"ashe-single-navigation":["https:\/\/meeplendice.net\/wp-content\/uploads\/2020\/09\/Papillon_Danslaprairie-75x75.png",75,75,true],"mailpoet_newsletter_max":["https:\/\/meeplendice.net\/wp-content\/uploads\/2020\/09\/Papillon_Danslaprairie.png",350,350,false],"rpwe-thumbnail":["https:\/\/meeplendice.net\/wp-content\/uploads\/2020\/09\/Papillon_Danslaprairie-45x45.png",45,45,true],"sow-carousel-default":["https:\/\/meeplendice.net\/wp-content\/uploads\/2020\/09\/Papillon_Danslaprairie-272x182.png",272,182,true],"rt_custom":["https:\/\/meeplendice.net\/wp-content\/uploads\/2020\/09\/Papillon_Danslaprairie.png",350,350,false]},"rttpg_author":{"display_name":"Karnby","author_link":"https:\/\/meeplendice.net\/?author=2"},"rttpg_comment":0,"rttpg_category":null,"rttpg_excerpt":"En plus des nu\u00e9es de papillons voletant au-dessus de la paririe, des oiseaux, des insectes et d&rsquo;autres animaux ont \u00e9lu domicile dans votre jardin. Chaque cr\u00e9ature vient avec son lot de d\u00e9fis dans la culture de votre jardin. Votre r\u00f4le en tant que jardinier : pr\u00e9server l&rsquo;\u00e9quilibre. \u00ab\u00a0Papillon &#8211; Dans la Prairie\u00a0\u00bb contient tous les\u2026","_links":{"self":[{"href":"https:\/\/meeplendice.net\/index.php?rest_route=\/wp\/v2\/pages\/7041","targetHints":{"allow":["GET"]}}],"collection":[{"href":"https:\/\/meeplendice.net\/index.php?rest_route=\/wp\/v2\/pages"}],"about":[{"href":"https:\/\/meeplendice.net\/index.php?rest_route=\/wp\/v2\/types\/page"}],"author":[{"embeddable":true,"href":"https:\/\/meeplendice.net\/index.php?rest_route=\/wp\/v2\/users\/2"}],"replies":[{"embeddable":true,"href":"https:\/\/meeplendice.net\/index.php?rest_route=%2Fwp%2Fv2%2Fcomments&post=7041"}],"version-history":[{"count":3,"href":"https:\/\/meeplendice.net\/index.php?rest_route=\/wp\/v2\/pages\/7041\/revisions"}],"predecessor-version":[{"id":7044,"href":"https:\/\/meeplendice.net\/index.php?rest_route=\/wp\/v2\/pages\/7041\/revisions\/7044"}],"up":[{"embeddable":true,"href":"https:\/\/meeplendice.net\/index.php?rest_route=\/wp\/v2\/pages\/7038"}],"wp:featuredmedia":[{"embeddable":true,"href":"https:\/\/meeplendice.net\/index.php?rest_route=\/wp\/v2\/media\/6913"}],"wp:attachment":[{"href":"https:\/\/meeplendice.net\/index.php?rest_route=%2Fwp%2Fv2%2Fmedia&parent=7041"}],"curies":[{"name":"wp","href":"https:\/\/api.w.org\/{rel}","templated":true}]}}