{"id":7054,"date":"2020-09-20T16:30:43","date_gmt":"2020-09-20T15:30:43","guid":{"rendered":"http:\/\/meeplendice.net\/?page_id=7054"},"modified":"2021-03-08T13:40:13","modified_gmt":"2021-03-08T12:40:13","slug":"efemeris-2","status":"publish","type":"page","link":"https:\/\/meeplendice.net\/?page_id=7054","title":{"rendered":"Efemeris"},"content":{"rendered":"<div id=\"pl-7054\"  class=\"panel-layout\" ><div id=\"pg-7054-0\"  class=\"panel-grid panel-no-style\" ><div id=\"pgc-7054-0-0\"  class=\"panel-grid-cell\" ><div id=\"panel-7054-0-0-0\" class=\"so-panel widget widget_sow-editor panel-first-child panel-last-child\" data-index=\"0\" ><div\n\t\t\t\n\t\t\tclass=\"so-widget-sow-editor so-widget-sow-editor-base\"\n\t\t\t\n\t\t>\n<div class=\"siteorigin-widget-tinymce textwidget\">\n\t<p style=\"text-align: center;\"><strong>Nombre de joueurs :<\/strong><br \/>\n2 - 4<\/p>\n<\/div>\n<\/div><\/div><\/div><div id=\"pgc-7054-0-1\"  class=\"panel-grid-cell\" ><div id=\"panel-7054-0-1-0\" class=\"so-panel widget widget_sow-editor panel-first-child panel-last-child\" data-index=\"1\" ><div\n\t\t\t\n\t\t\tclass=\"so-widget-sow-editor so-widget-sow-editor-base\"\n\t\t\t\n\t\t>\n<div class=\"siteorigin-widget-tinymce textwidget\">\n\t<p style=\"text-align: center;\"><strong>Dur\u00e9e moyenne :<\/strong><br \/>\n40 min<\/p>\n<\/div>\n<\/div><\/div><\/div><div id=\"pgc-7054-0-2\"  class=\"panel-grid-cell\" ><div id=\"panel-7054-0-2-0\" class=\"so-panel widget widget_sow-editor panel-first-child panel-last-child\" data-index=\"2\" ><div\n\t\t\t\n\t\t\tclass=\"so-widget-sow-editor so-widget-sow-editor-base\"\n\t\t\t\n\t\t>\n<div class=\"siteorigin-widget-tinymce textwidget\">\n\t<p style=\"text-align: center;\"><strong>Age :<\/strong><br \/>\n10 ans et plus<\/p>\n<\/div>\n<\/div><\/div><\/div><\/div><div id=\"pg-7054-1\"  class=\"panel-grid panel-no-style\" ><div id=\"pgc-7054-1-0\"  class=\"panel-grid-cell\" ><div id=\"panel-7054-1-0-0\" class=\"so-panel widget widget_sow-editor panel-first-child panel-last-child\" data-index=\"3\" ><div\n\t\t\t\n\t\t\tclass=\"so-widget-sow-editor so-widget-sow-editor-base\"\n\t\t\t\n\t\t>\n<div class=\"siteorigin-widget-tinymce textwidget\">\n\t<p style=\"text-align: center;\"><strong>Auteur(s) :<br \/>\n<\/strong>Sergio Matsumoto<\/p>\n<\/div>\n<\/div><\/div><\/div><div id=\"pgc-7054-1-1\"  class=\"panel-grid-cell\" ><div id=\"panel-7054-1-1-0\" class=\"so-panel widget widget_sow-editor panel-first-child panel-last-child\" data-index=\"4\" ><div\n\t\t\t\n\t\t\tclass=\"so-widget-sow-editor so-widget-sow-editor-base\"\n\t\t\t\n\t\t>\n<div class=\"siteorigin-widget-tinymce textwidget\">\n\t<p style=\"text-align: center;\"><strong>Illustrations :<\/strong><br \/>\nManon Potier<\/p>\n<\/div>\n<\/div><\/div><\/div><div id=\"pgc-7054-1-2\"  class=\"panel-grid-cell\" ><div id=\"panel-7054-1-2-0\" class=\"so-panel widget widget_sow-editor panel-first-child panel-last-child\" data-index=\"5\" ><div\n\t\t\t\n\t\t\tclass=\"so-widget-sow-editor so-widget-sow-editor-base\"\n\t\t\t\n\t\t>\n<div class=\"siteorigin-widget-tinymce textwidget\">\n\t<p style=\"text-align: center;\"><strong>\u00c9dition :<\/strong><br \/>\nDTDA<br \/>\n2019<\/p>\n<\/div>\n<\/div><\/div><\/div><div id=\"pgc-7054-1-3\"  class=\"panel-grid-cell\" ><div id=\"panel-7054-1-3-0\" class=\"so-panel widget widget_sow-editor panel-first-child panel-last-child\" data-index=\"6\" ><div\n\t\t\t\n\t\t\tclass=\"so-widget-sow-editor so-widget-sow-editor-base\"\n\t\t\t\n\t\t>\n<div class=\"siteorigin-widget-tinymce textwidget\">\n\t<p style=\"text-align: center;\"><strong>Version :<\/strong><br \/>\nFran\u00e7aise<\/p>\n<\/div>\n<\/div><\/div><\/div><\/div><div id=\"pg-7054-2\"  class=\"panel-grid panel-no-style\" ><div id=\"pgc-7054-2-0\"  class=\"panel-grid-cell\" ><div id=\"panel-7054-2-0-0\" class=\"so-panel widget widget_sow-editor panel-first-child panel-last-child\" data-index=\"7\" ><div\n\t\t\t\n\t\t\tclass=\"so-widget-sow-editor so-widget-sow-editor-base\"\n\t\t\t\n\t\t>\n<div class=\"siteorigin-widget-tinymce textwidget\">\n\t<hr \/>\n<p><em>Pendant des si\u00e8cles, les Empires Europ\u00e9ens ont b\u00e2ti un r\u00e9seau commercial de plus en plus pr\u00e9cis \u00e0 travers les mers pour le commerce des \u00c9pices. Chaque Nation usa de sa puissance militaire pour contr\u00f4ler les \u00e9changes commerciaux et assurer son monopole. Ainsi au fil du temps, la Terre fut presque enti\u00e8rement explor\u00e9e et contr\u00f4l\u00e9e...<strong><br \/>\n<\/strong><\/em><\/p>\n<p><em>... Jusqu'\u00e0 ce qu'une avanc\u00e9e majeure apporte un nouveau d\u00e9fi \u00e0 ces Empires somnolants : la d\u00e9couverte des Vents Stellaire. L'Humanit\u00e9 apprivoisa cet \u00e9l\u00e9ment et lan\u00e7a dans les Cieux ses Vaisseaux. Un vaste territoire inexplor\u00e9 s'\u00e9talait alors sur la Vo\u00fbte C\u00e9leste, de nouvelles \u00c9pices \u00e0 marchander et de nouvelles Plan\u00e8tes \u00e0 conqu\u00e9rir...<\/em><\/p>\n<p><em>Ici, commence Efemeris...<\/em><\/p>\n<p>Prenant place au cours de l'Age des Grandes D\u00e9couvertes, Efemeris est un jeu de strat\u00e9gie dans lequel vous incarnez un commandant de flotte partant \u00e0 la conqu\u00eate de territoires c\u00e9lestes. Dans cette course \u00e0 la domination, vous porterez les couleurs d'une de ces Nations : les Navigateurs Fran\u00e7ais, les Strat\u00e8ges Anglais ou les N\u00e9gociateurs Espagnols.<br \/>\nMa\u00eetris\u00e9 les sp\u00e9cificit\u00e9s de vos Capitaines et membre d\u2019\u00c9quipages sera bien votre seule chance d'esp\u00e9rer remporter des victoires !<\/p>\n<\/div>\n<\/div><\/div><\/div><\/div><div id=\"pg-7054-3\"  class=\"panel-grid panel-no-style\" ><div id=\"pgc-7054-3-0\"  class=\"panel-grid-cell\" ><div id=\"panel-7054-3-0-0\" class=\"so-panel widget widget_sow-editor panel-first-child panel-last-child\" data-index=\"8\" ><div\n\t\t\t\n\t\t\tclass=\"so-widget-sow-editor so-widget-sow-editor-base\"\n\t\t\t\n\t\t>\n<div class=\"siteorigin-widget-tinymce textwidget\">\n\t<hr \/>\n<p style=\"text-align: center;\"><strong>En vid\u00e9o<\/strong><\/p>\n<\/div>\n<\/div><\/div><\/div><div id=\"pgc-7054-3-1\"  class=\"panel-grid-cell\" ><div id=\"panel-7054-3-1-0\" class=\"so-panel widget widget_sow-editor panel-first-child panel-last-child\" data-index=\"9\" ><div\n\t\t\t\n\t\t\tclass=\"so-widget-sow-editor so-widget-sow-editor-base\"\n\t\t\t\n\t\t>\n<div class=\"siteorigin-widget-tinymce textwidget\">\n\t<hr \/>\n<p style=\"text-align: center;\"><strong>Extension(s)<\/strong><\/p>\n<style type='text\/css' media='all'>#rt-tpg-container-3414613284 .read-more a{border-radius:px;}#rt-tpg-container-3414613284 .rt-img-holder img.rt-img-responsive,#rt-tpg-container-3414613284 .rt-img-holder,\n\t\t\t\t\t#rt-tpg-container-3414613284 .rt-post-overlay .post-img,\n\t\t\t\t\t#rt-tpg-container-3414613284 .post-sm .post-img,\n\t\t\t\t\t#rt-tpg-container-3414613284 .rt-post-grid .post-img,\n\t\t\t\t\t#rt-tpg-container-3414613284 .post-img img {border-radius:px;}#rt-tpg-container-3414613284 .layout9 .rt-holder h2.entry-title,\n\t\t\t\t\t#rt-tpg-container-3414613284 .layout9 .rt-holder h3.entry-title,\n\t\t\t\t\t#rt-tpg-container-3414613284 .layout9 .rt-holder h4.entry-title,\n\t\t\t\t\t#rt-tpg-container-3414613284 .layout9 .rt-holder h2.entry-title a,\n\t\t\t\t\t#rt-tpg-container-3414613284 .layout9 .rt-holder h3.entry-title a,\n\t\t\t\t\t#rt-tpg-container-3414613284 .layout9 .rt-holder h4.entry-title a,\n\t\t\t\t\t#rt-tpg-container-3414613284 .rt-holder .rt-woo-info h2 a,\n\t\t\t\t\t#rt-tpg-container-3414613284 .rt-holder .rt-woo-info h3 a,\n\t\t\t\t\t#rt-tpg-container-3414613284 .rt-holder .rt-woo-info h4 a,\n\t\t\t\t\t#rt-tpg-container-3414613284 .post-content .post-title,\n\t\t\t\t\t#rt-tpg-container-3414613284 .rt-post-grid .post-title,\n\t\t\t\t\t#rt-tpg-container-3414613284 .rt-post-grid .post-title a,\n\t\t\t\t\t#rt-tpg-container-3414613284 .post-content .post-title a,\n\t\t\t\t\t#rt-tpg-container-3414613284 .rt-holder .rt-woo-info h2,\n\t\t\t\t\t#rt-tpg-container-3414613284 .rt-holder .rt-woo-info h3,\n\t\t\t\t\t#rt-tpg-container-3414613284 .rt-holder .rt-woo-info h4{font-size:16px;line-height:26px;font-weight:normal;text-align:center;}#rt-tpg-container-3414613284 .post-grid-lg-style-1 .post-title,\n\t\t\t\t\t\t#rt-tpg-container-3414613284 .post-grid-lg-style-1 .post-title a,\n\t\t\t\t\t\t#rt-tpg-container-3414613284 .big-layout .post-title,\n\t\t\t\t\t\t#rt-tpg-container-3414613284 .big-layout .post-title a,\n\t\t\t\t\t\t#rt-tpg-container-3414613284 .post-grid-lg-style-1 .post-title,\n\t\t\t\t\t\t#rt-tpg-container-3414613284 .post-grid-lg-style-1 .post-title a {font-size:24px;line-height:34px;}<\/style><div class='rt-container-fluid rt-tpg-container tpg-shortcode-main-wrapper ' id='rt-tpg-container-3414613284'   data-layout='layout9' data-grid-style='even' data-desktop-col='3'  data-tab-col='2'  data-mobile-col='1' data-sc-id='8097'><div data-title='Loading ...' class='rt-row rt-content-loader   layout9 tpg-even '><div class=\"rt-col-md-4 rt-col-sm-6 rt-col-xs-12 even-grid-item rt-grid-item img_zoom_in\" data-id=\"8095\"><div class=\"rt-holder\"><div class='overlay'><a data-id='8095' class=' tpg-single-popup' href='https:\/\/meeplendice.net\/?page_id=8095'><img loading=\"lazy\" decoding=\"async\" width=\"350\" height=\"350\" src=\"https:\/\/meeplendice.net\/wp-content\/uploads\/2021\/03\/Efemeris_Solstice.png\" class=\"rt-img-responsive \" alt=\"\" \/><\/a><\/div><div class='post-info'><h2 class=\"entry-title\"><a data-id=\"8095\" class=\" tpg-single-popup\" href=\"https:\/\/meeplendice.net\/?page_id=8095\">Solstice<\/a><\/h2><div class='post-meta-user '><\/div><\/div><\/div><\/div><\/div><div class='rt-pagination-wrap' data-total-pages='1' data-posts-per-page='3' data-type='pagination_ajax'  ><div class='rt-page-numbers'><\/div><\/div><\/div>\n<\/div>\n<\/div><\/div><\/div><\/div><div id=\"pg-7054-4\"  class=\"panel-grid panel-no-style\" ><div id=\"pgc-7054-4-0\"  class=\"panel-grid-cell\" ><div id=\"panel-7054-4-0-0\" class=\"so-panel widget widget_sow-editor panel-first-child panel-last-child\" data-index=\"10\" ><div\n\t\t\t\n\t\t\tclass=\"so-widget-sow-editor so-widget-sow-editor-base\"\n\t\t\t\n\t\t>\n<div class=\"siteorigin-widget-tinymce textwidget\">\n\t<hr \/>\n<p style=\"text-align: center;\"><strong>Pour aller plus loin<\/strong><\/p>\n<\/div>\n<\/div><\/div><\/div><\/div><\/div>","protected":false},"excerpt":{"rendered":"<p>Nombre de joueurs : 2 &#8211; 4 Dur\u00e9e moyenne : 40 min Age : 10 ans et plus Auteur(s) : Sergio Matsumoto Illustrations : Manon Potier \u00c9dition : DTDA 2019 Version : Fran\u00e7aise<\/p>\n","protected":false},"author":2,"featured_media":6886,"parent":0,"menu_order":0,"comment_status":"closed","ping_status":"closed","template":"","meta":{"footnotes":""},"class_list":["post-7054","page","type-page","status-publish","has-post-thumbnail","hentry"],"acf":[],"rttpg_featured_image_url":{"full":["https:\/\/meeplendice.net\/wp-content\/uploads\/2020\/09\/Efemeris.png",350,350,false],"landscape":["https:\/\/meeplendice.net\/wp-content\/uploads\/2020\/09\/Efemeris.png",350,350,false],"portraits":["https:\/\/meeplendice.net\/wp-content\/uploads\/2020\/09\/Efemeris.png",350,350,false],"thumbnail":["https:\/\/meeplendice.net\/wp-content\/uploads\/2020\/09\/Efemeris-150x150.png",150,150,true],"medium":["https:\/\/meeplendice.net\/wp-content\/uploads\/2020\/09\/Efemeris-300x300.png",300,300,true],"large":["https:\/\/meeplendice.net\/wp-content\/uploads\/2020\/09\/Efemeris.png",350,350,false],"ug_big":["https:\/\/meeplendice.net\/wp-content\/uploads\/2020\/09\/Efemeris.png",350,350,false],"1536x1536":["https:\/\/meeplendice.net\/wp-content\/uploads\/2020\/09\/Efemeris.png",350,350,false],"2048x2048":["https:\/\/meeplendice.net\/wp-content\/uploads\/2020\/09\/Efemeris.png",350,350,false],"ashe-slider-grid-thumbnail":["https:\/\/meeplendice.net\/wp-content\/uploads\/2020\/09\/Efemeris.png",350,350,false],"ashe-full-thumbnail":["https:\/\/meeplendice.net\/wp-content\/uploads\/2020\/09\/Efemeris.png",350,350,false],"ashe-grid-thumbnail":["https:\/\/meeplendice.net\/wp-content\/uploads\/2020\/09\/Efemeris-350x330.png",350,330,true],"ashe-list-thumbnail":["https:\/\/meeplendice.net\/wp-content\/uploads\/2020\/09\/Efemeris-300x300.png",300,300,true],"ashe-single-navigation":["https:\/\/meeplendice.net\/wp-content\/uploads\/2020\/09\/Efemeris-75x75.png",75,75,true],"mailpoet_newsletter_max":["https:\/\/meeplendice.net\/wp-content\/uploads\/2020\/09\/Efemeris.png",350,350,false],"rpwe-thumbnail":["https:\/\/meeplendice.net\/wp-content\/uploads\/2020\/09\/Efemeris-45x45.png",45,45,true],"sow-carousel-default":["https:\/\/meeplendice.net\/wp-content\/uploads\/2020\/09\/Efemeris-272x182.png",272,182,true],"rt_custom":["https:\/\/meeplendice.net\/wp-content\/uploads\/2020\/09\/Efemeris.png",350,350,false]},"rttpg_author":{"display_name":"Karnby","author_link":"https:\/\/meeplendice.net\/?author=2"},"rttpg_comment":0,"rttpg_category":null,"rttpg_excerpt":"Nombre de joueurs : 2 - 4 Dur\u00e9e moyenne : 40 min Age : 10 ans et plus Auteur(s) : Sergio Matsumoto Illustrations : Manon Potier \u00c9dition : DTDA 2019 Version : Fran\u00e7aise","_links":{"self":[{"href":"https:\/\/meeplendice.net\/index.php?rest_route=\/wp\/v2\/pages\/7054","targetHints":{"allow":["GET"]}}],"collection":[{"href":"https:\/\/meeplendice.net\/index.php?rest_route=\/wp\/v2\/pages"}],"about":[{"href":"https:\/\/meeplendice.net\/index.php?rest_route=\/wp\/v2\/types\/page"}],"author":[{"embeddable":true,"href":"https:\/\/meeplendice.net\/index.php?rest_route=\/wp\/v2\/users\/2"}],"replies":[{"embeddable":true,"href":"https:\/\/meeplendice.net\/index.php?rest_route=%2Fwp%2Fv2%2Fcomments&post=7054"}],"version-history":[{"count":5,"href":"https:\/\/meeplendice.net\/index.php?rest_route=\/wp\/v2\/pages\/7054\/revisions"}],"predecessor-version":[{"id":8099,"href":"https:\/\/meeplendice.net\/index.php?rest_route=\/wp\/v2\/pages\/7054\/revisions\/8099"}],"wp:featuredmedia":[{"embeddable":true,"href":"https:\/\/meeplendice.net\/index.php?rest_route=\/wp\/v2\/media\/6886"}],"wp:attachment":[{"href":"https:\/\/meeplendice.net\/index.php?rest_route=%2Fwp%2Fv2%2Fmedia&parent=7054"}],"curies":[{"name":"wp","href":"https:\/\/api.w.org\/{rel}","templated":true}]}}