{"id":7062,"date":"2020-09-20T16:51:59","date_gmt":"2020-09-20T15:51:59","guid":{"rendered":"http:\/\/meeplendice.net\/?page_id=7062"},"modified":"2024-10-04T16:29:40","modified_gmt":"2024-10-04T14:29:40","slug":"alone-2","status":"publish","type":"page","link":"https:\/\/meeplendice.net\/?page_id=7062","title":{"rendered":"Alone"},"content":{"rendered":"<div id=\"pl-7062\"  class=\"panel-layout\" ><div id=\"pg-7062-0\"  class=\"panel-grid panel-no-style\" ><div id=\"pgc-7062-0-0\"  class=\"panel-grid-cell\" ><div id=\"panel-7062-0-0-0\" class=\"so-panel widget widget_sow-editor panel-first-child panel-last-child\" data-index=\"0\" ><div\n\t\t\t\n\t\t\tclass=\"so-widget-sow-editor so-widget-sow-editor-base\"\n\t\t\t\n\t\t>\n<div class=\"siteorigin-widget-tinymce textwidget\">\n\t<p style=\"text-align: center;\"><strong>Nombre de joueurs :<\/strong><br \/>\n2 - 4<\/p>\n<\/div>\n<\/div><\/div><\/div><div id=\"pgc-7062-0-1\"  class=\"panel-grid-cell\" ><div id=\"panel-7062-0-1-0\" class=\"so-panel widget widget_sow-editor panel-first-child panel-last-child\" data-index=\"1\" ><div\n\t\t\t\n\t\t\tclass=\"so-widget-sow-editor so-widget-sow-editor-base\"\n\t\t\t\n\t\t>\n<div class=\"siteorigin-widget-tinymce textwidget\">\n\t<p style=\"text-align: center;\"><strong>Dur\u00e9e moyenne :<\/strong><br \/>\n120 min<\/p>\n<\/div>\n<\/div><\/div><\/div><div id=\"pgc-7062-0-2\"  class=\"panel-grid-cell\" ><div id=\"panel-7062-0-2-0\" class=\"so-panel widget widget_sow-editor panel-first-child panel-last-child\" data-index=\"2\" ><div\n\t\t\t\n\t\t\tclass=\"so-widget-sow-editor so-widget-sow-editor-base\"\n\t\t\t\n\t\t>\n<div class=\"siteorigin-widget-tinymce textwidget\">\n\t<p style=\"text-align: center;\"><strong>Age :<\/strong><br \/>\n14 ans et plus<\/p>\n<\/div>\n<\/div><\/div><\/div><\/div><div id=\"pg-7062-1\"  class=\"panel-grid panel-no-style\" ><div id=\"pgc-7062-1-0\"  class=\"panel-grid-cell\" ><div id=\"panel-7062-1-0-0\" class=\"so-panel widget widget_sow-editor panel-first-child panel-last-child\" data-index=\"3\" ><div\n\t\t\t\n\t\t\tclass=\"so-widget-sow-editor so-widget-sow-editor-base\"\n\t\t\t\n\t\t>\n<div class=\"siteorigin-widget-tinymce textwidget\">\n\t<p style=\"text-align: center;\"><strong>Auteur(s) :<br \/>\n<\/strong>Andrea Crespi<br \/>\nLorenzo Silva<\/p>\n<\/div>\n<\/div><\/div><\/div><div id=\"pgc-7062-1-1\"  class=\"panel-grid-cell\" ><div id=\"panel-7062-1-1-0\" class=\"so-panel widget widget_sow-editor panel-first-child panel-last-child\" data-index=\"4\" ><div\n\t\t\t\n\t\t\tclass=\"so-widget-sow-editor so-widget-sow-editor-base\"\n\t\t\t\n\t\t>\n<div class=\"siteorigin-widget-tinymce textwidget\">\n\t<p style=\"text-align: center;\"><strong>Illustrations :<\/strong><br \/>\nSteve Hamilton<\/p>\n<\/div>\n<\/div><\/div><\/div><div id=\"pgc-7062-1-2\"  class=\"panel-grid-cell\" ><div id=\"panel-7062-1-2-0\" class=\"so-panel widget widget_sow-editor panel-first-child panel-last-child\" data-index=\"5\" ><div\n\t\t\t\n\t\t\tclass=\"so-widget-sow-editor so-widget-sow-editor-base\"\n\t\t\t\n\t\t>\n<div class=\"siteorigin-widget-tinymce textwidget\">\n\t<p style=\"text-align: center;\"><strong>\u00c9dition :<\/strong><br \/>\nHorrible Games<br \/>\nEdge Entertainment<br \/>\n2020<\/p>\n<\/div>\n<\/div><\/div><\/div><div id=\"pgc-7062-1-3\"  class=\"panel-grid-cell\" ><div id=\"panel-7062-1-3-0\" class=\"so-panel widget widget_sow-editor panel-first-child panel-last-child\" data-index=\"6\" ><div\n\t\t\t\n\t\t\tclass=\"so-widget-sow-editor so-widget-sow-editor-base\"\n\t\t\t\n\t\t>\n<div class=\"siteorigin-widget-tinymce textwidget\">\n\t<p style=\"text-align: center;\"><strong>Version :<\/strong><br \/>\nFran\u00e7aise<\/p>\n<\/div>\n<\/div><\/div><\/div><\/div><div id=\"pg-7062-2\"  class=\"panel-grid panel-no-style\" ><div id=\"pgc-7062-2-0\"  class=\"panel-grid-cell\" ><div id=\"panel-7062-2-0-0\" class=\"so-panel widget widget_sow-editor panel-first-child panel-last-child\" data-index=\"7\" ><div\n\t\t\t\n\t\t\tclass=\"so-widget-sow-editor so-widget-sow-editor-base\"\n\t\t\t\n\t\t>\n<div class=\"siteorigin-widget-tinymce textwidget\">\n\t<hr \/>\n<p>Un jeu de survie asym\u00e9trique pour 2 \u00e0 4 joueurs, faisant appel \u00e0 la ruse, au bluff et \u00e0 la d\u00e9duction.<\/p>\n<p>Alone n'est pas un jeu d'exploration de donjons comme les autres. Un des joueurs va contr\u00f4le le H\u00e9ros, un spationaute naufrag\u00e9, livr\u00e9 \u00e0 lui-m\u00eame dans un lieu inconnu o\u00f9 de nombreux dangers le guettent \u00e0 chaque instant pendant qu'il accomplit ses missions. Jusqu'\u00e0 3 autres joueurs incarneront les forces du Mal, ourdissant de sombres complots visant \u00e0 entra\u00eener la perte du H\u00e9ros.<\/p>\n<p>En fonction du camp que vous aurez choisi, le d\u00e9roulement du jeu sera compl\u00e8tement diff\u00e9rent. Le champ de vision du H\u00e9ros, restreint par la port\u00e9e de sa lampe-torche, se limite \u00e0 quelques secteurs du plan \u00e0 la fois. Seul et abandonn\u00e9, sa vie est constamment menac\u00e9e, et il doit faire preuve de prudence \u00e0 chaque pas. Rassembler des indices et \u00e9viter les pi\u00e8ges se r\u00e9v\u00e8lent souvent plus important que combattre.<\/p>\n<p>A l'oppos\u00e9, \u00e0 l'abri derri\u00e8re leur \u00e9cran, les joueurs du Mal peuvent out voir. Ils ont constamment acc\u00e8s \u00e0 la totalit\u00e9 du plan. Ils peuvent utiliser des cartes pour g\u00e9n\u00e9rer et d\u00e9placer hideuses cr\u00e9ature et tendre des pi\u00e8ges insidieux dans le but de mettre des b\u00e2tons dans les roues du H\u00e9ros.<\/p>\n<p>Incarnerez-vous le H\u00e9ros qui lutte pour sa survie ou rejoindrez-vous les forces du Mal qui cherchent \u00e0 l\u2019an\u00e9antir ?<\/p>\n<\/div>\n<\/div><\/div><\/div><\/div><div id=\"pg-7062-3\"  class=\"panel-grid panel-no-style\" ><div id=\"pgc-7062-3-0\"  class=\"panel-grid-cell\" ><div id=\"panel-7062-3-0-0\" class=\"so-panel widget widget_sow-editor panel-first-child panel-last-child\" data-index=\"8\" ><div\n\t\t\t\n\t\t\tclass=\"so-widget-sow-editor so-widget-sow-editor-base\"\n\t\t\t\n\t\t>\n<div class=\"siteorigin-widget-tinymce textwidget\">\n\t<hr \/>\n<h3 style=\"text-align: center;\">En vid\u00e9o<\/h3>\n<\/div>\n<\/div><\/div><\/div><\/div><div id=\"pg-7062-4\"  class=\"panel-grid panel-no-style\" ><div id=\"pgc-7062-4-0\"  class=\"panel-grid-cell\" ><div id=\"panel-7062-4-0-0\" class=\"so-panel widget widget_sow-editor panel-first-child panel-last-child\" data-index=\"9\" ><div\n\t\t\t\n\t\t\tclass=\"so-widget-sow-editor so-widget-sow-editor-base\"\n\t\t\t\n\t\t>\n<div class=\"siteorigin-widget-tinymce textwidget\">\n\t<hr \/>\n<h3 style=\"text-align: center;\">Extension(s)<\/h3>\n<p style=\"text-align: center;\"><style type='text\/css' media='all'>#rt-tpg-container-3866193542 .read-more a{border-radius:px;}#rt-tpg-container-3866193542 .rt-img-holder img.rt-img-responsive,#rt-tpg-container-3866193542 .rt-img-holder,\n\t\t\t\t\t#rt-tpg-container-3866193542 .rt-post-overlay .post-img,\n\t\t\t\t\t#rt-tpg-container-3866193542 .post-sm .post-img,\n\t\t\t\t\t#rt-tpg-container-3866193542 .rt-post-grid .post-img,\n\t\t\t\t\t#rt-tpg-container-3866193542 .post-img img {border-radius:px;}#rt-tpg-container-3866193542 .layout9 .rt-holder h2.entry-title,\n\t\t\t\t\t#rt-tpg-container-3866193542 .layout9 .rt-holder h3.entry-title,\n\t\t\t\t\t#rt-tpg-container-3866193542 .layout9 .rt-holder h4.entry-title,\n\t\t\t\t\t#rt-tpg-container-3866193542 .layout9 .rt-holder h2.entry-title a,\n\t\t\t\t\t#rt-tpg-container-3866193542 .layout9 .rt-holder h3.entry-title a,\n\t\t\t\t\t#rt-tpg-container-3866193542 .layout9 .rt-holder h4.entry-title a,\n\t\t\t\t\t#rt-tpg-container-3866193542 .rt-holder .rt-woo-info h2 a,\n\t\t\t\t\t#rt-tpg-container-3866193542 .rt-holder .rt-woo-info h3 a,\n\t\t\t\t\t#rt-tpg-container-3866193542 .rt-holder .rt-woo-info h4 a,\n\t\t\t\t\t#rt-tpg-container-3866193542 .post-content .post-title,\n\t\t\t\t\t#rt-tpg-container-3866193542 .rt-post-grid .post-title,\n\t\t\t\t\t#rt-tpg-container-3866193542 .rt-post-grid .post-title a,\n\t\t\t\t\t#rt-tpg-container-3866193542 .post-content .post-title a,\n\t\t\t\t\t#rt-tpg-container-3866193542 .rt-holder .rt-woo-info h2,\n\t\t\t\t\t#rt-tpg-container-3866193542 .rt-holder .rt-woo-info h3,\n\t\t\t\t\t#rt-tpg-container-3866193542 .rt-holder .rt-woo-info h4{font-size:16px;line-height:26px;font-weight:normal;text-align:center;}#rt-tpg-container-3866193542 .post-grid-lg-style-1 .post-title,\n\t\t\t\t\t\t#rt-tpg-container-3866193542 .post-grid-lg-style-1 .post-title a,\n\t\t\t\t\t\t#rt-tpg-container-3866193542 .big-layout .post-title,\n\t\t\t\t\t\t#rt-tpg-container-3866193542 .big-layout .post-title a,\n\t\t\t\t\t\t#rt-tpg-container-3866193542 .post-grid-lg-style-1 .post-title,\n\t\t\t\t\t\t#rt-tpg-container-3866193542 .post-grid-lg-style-1 .post-title a {font-size:24px;line-height:34px;}<\/style><div class='rt-container-fluid rt-tpg-container tpg-shortcode-main-wrapper ' id='rt-tpg-container-3866193542'   data-layout='layout9' data-grid-style='even' data-desktop-col='3'  data-tab-col='2'  data-mobile-col='1' data-sc-id='7064'><div data-title='Loading ...' class='rt-row rt-content-loader   layout9 tpg-even '><div class=\"rt-col-md-4 rt-col-sm-6 rt-col-xs-12 even-grid-item rt-grid-item img_zoom_in\" data-id=\"7066\"><div class=\"rt-holder\"><div class='overlay'><a data-id='7066' class=' tpg-single-popup' href='https:\/\/meeplendice.net\/?page_id=7066'><img loading=\"lazy\" decoding=\"async\" width=\"350\" height=\"350\" src=\"https:\/\/meeplendice.net\/wp-content\/uploads\/2020\/09\/Alone_Alpha.png\" class=\"rt-img-responsive \" alt=\"\" \/><\/a><\/div><div class='post-info'><h2 class=\"entry-title\"><a data-id=\"7066\" class=\" tpg-single-popup\" href=\"https:\/\/meeplendice.net\/?page_id=7066\">Alpha<\/a><\/h2><div class='post-meta-user '><\/div><\/div><\/div><\/div><div class=\"rt-col-md-4 rt-col-sm-6 rt-col-xs-12 even-grid-item rt-grid-item img_zoom_in\" data-id=\"7068\"><div class=\"rt-holder\"><div class='overlay'><a data-id='7068' class=' tpg-single-popup' href='https:\/\/meeplendice.net\/?page_id=7068'><img loading=\"lazy\" decoding=\"async\" width=\"350\" height=\"350\" src=\"https:\/\/meeplendice.net\/wp-content\/uploads\/2020\/09\/Alone_Deep.png\" class=\"rt-img-responsive \" alt=\"\" \/><\/a><\/div><div class='post-info'><h2 class=\"entry-title\"><a data-id=\"7068\" class=\" tpg-single-popup\" href=\"https:\/\/meeplendice.net\/?page_id=7068\">Deep<\/a><\/h2><div class='post-meta-user '><\/div><\/div><\/div><\/div><div class=\"rt-col-md-4 rt-col-sm-6 rt-col-xs-12 even-grid-item rt-grid-item img_zoom_in\" data-id=\"7070\"><div class=\"rt-holder\"><div class='overlay'><a data-id='7070' class=' tpg-single-popup' href='https:\/\/meeplendice.net\/?page_id=7070'><img loading=\"lazy\" decoding=\"async\" width=\"350\" height=\"350\" src=\"https:\/\/meeplendice.net\/wp-content\/uploads\/2020\/09\/Alone_Avatar.png\" class=\"rt-img-responsive \" alt=\"\" \/><\/a><\/div><div class='post-info'><h2 class=\"entry-title\"><a data-id=\"7070\" class=\" tpg-single-popup\" href=\"https:\/\/meeplendice.net\/?page_id=7070\">Avatar<\/a><\/h2><div class='post-meta-user '><\/div><\/div><\/div><\/div><\/div><div class='rt-pagination-wrap' data-total-pages='1' data-posts-per-page='3' data-type='pagination_ajax'  ><div class='rt-page-numbers'><\/div><\/div><\/div><\/p>\n<\/div>\n<\/div><\/div><\/div><\/div><div id=\"pg-7062-5\"  class=\"panel-grid panel-no-style\" ><div id=\"pgc-7062-5-0\"  class=\"panel-grid-cell\" ><div id=\"panel-7062-5-0-0\" class=\"so-panel widget widget_sow-editor panel-first-child panel-last-child\" data-index=\"10\" ><div\n\t\t\t\n\t\t\tclass=\"so-widget-sow-editor so-widget-sow-editor-base\"\n\t\t\t\n\t\t>\n<div class=\"siteorigin-widget-tinymce textwidget\">\n\t<hr \/>\n<h3 style=\"text-align: center;\">Pour aller plus loin<\/h3>\n<\/div>\n<\/div><\/div><\/div><\/div><\/div>","protected":false},"excerpt":{"rendered":"<p>Nombre de joueurs : 2 &#8211; 4 Dur\u00e9e moyenne : 120 min Age : 14 ans et plus Auteur(s) : Andrea Crespi Lorenzo Silva Illustrations : Steve Hamilton \u00c9dition : Horrible Games Edge Entertainment 2020 Version : Fran\u00e7aise<\/p>\n","protected":false},"author":2,"featured_media":6906,"parent":0,"menu_order":0,"comment_status":"closed","ping_status":"closed","template":"","meta":{"footnotes":""},"class_list":["post-7062","page","type-page","status-publish","has-post-thumbnail","hentry"],"acf":[],"rttpg_featured_image_url":{"full":["https:\/\/meeplendice.net\/wp-content\/uploads\/2020\/09\/Alone.png",350,350,false],"landscape":["https:\/\/meeplendice.net\/wp-content\/uploads\/2020\/09\/Alone.png",350,350,false],"portraits":["https:\/\/meeplendice.net\/wp-content\/uploads\/2020\/09\/Alone.png",350,350,false],"thumbnail":["https:\/\/meeplendice.net\/wp-content\/uploads\/2020\/09\/Alone-150x150.png",150,150,true],"medium":["https:\/\/meeplendice.net\/wp-content\/uploads\/2020\/09\/Alone-300x300.png",300,300,true],"large":["https:\/\/meeplendice.net\/wp-content\/uploads\/2020\/09\/Alone.png",350,350,false],"ug_big":["https:\/\/meeplendice.net\/wp-content\/uploads\/2020\/09\/Alone.png",350,350,false],"1536x1536":["https:\/\/meeplendice.net\/wp-content\/uploads\/2020\/09\/Alone.png",350,350,false],"2048x2048":["https:\/\/meeplendice.net\/wp-content\/uploads\/2020\/09\/Alone.png",350,350,false],"ashe-slider-grid-thumbnail":["https:\/\/meeplendice.net\/wp-content\/uploads\/2020\/09\/Alone.png",350,350,false],"ashe-full-thumbnail":["https:\/\/meeplendice.net\/wp-content\/uploads\/2020\/09\/Alone.png",350,350,false],"ashe-grid-thumbnail":["https:\/\/meeplendice.net\/wp-content\/uploads\/2020\/09\/Alone-350x330.png",350,330,true],"ashe-list-thumbnail":["https:\/\/meeplendice.net\/wp-content\/uploads\/2020\/09\/Alone-300x300.png",300,300,true],"ashe-single-navigation":["https:\/\/meeplendice.net\/wp-content\/uploads\/2020\/09\/Alone-75x75.png",75,75,true],"mailpoet_newsletter_max":["https:\/\/meeplendice.net\/wp-content\/uploads\/2020\/09\/Alone.png",350,350,false],"rpwe-thumbnail":["https:\/\/meeplendice.net\/wp-content\/uploads\/2020\/09\/Alone-45x45.png",45,45,true],"sow-carousel-default":["https:\/\/meeplendice.net\/wp-content\/uploads\/2020\/09\/Alone-272x182.png",272,182,true],"rt_custom":["https:\/\/meeplendice.net\/wp-content\/uploads\/2020\/09\/Alone.png",350,350,false]},"rttpg_author":{"display_name":"Karnby","author_link":"https:\/\/meeplendice.net\/?author=2"},"rttpg_comment":0,"rttpg_category":null,"rttpg_excerpt":"Nombre de joueurs : 2 - 4 Dur\u00e9e moyenne : 120 min Age : 14 ans et plus Auteur(s) : Andrea Crespi Lorenzo Silva Illustrations : Steve Hamilton \u00c9dition : Horrible Games Edge Entertainment 2020 Version : Fran\u00e7aise","_links":{"self":[{"href":"https:\/\/meeplendice.net\/index.php?rest_route=\/wp\/v2\/pages\/7062","targetHints":{"allow":["GET"]}}],"collection":[{"href":"https:\/\/meeplendice.net\/index.php?rest_route=\/wp\/v2\/pages"}],"about":[{"href":"https:\/\/meeplendice.net\/index.php?rest_route=\/wp\/v2\/types\/page"}],"author":[{"embeddable":true,"href":"https:\/\/meeplendice.net\/index.php?rest_route=\/wp\/v2\/users\/2"}],"replies":[{"embeddable":true,"href":"https:\/\/meeplendice.net\/index.php?rest_route=%2Fwp%2Fv2%2Fcomments&post=7062"}],"version-history":[{"count":13,"href":"https:\/\/meeplendice.net\/index.php?rest_route=\/wp\/v2\/pages\/7062\/revisions"}],"predecessor-version":[{"id":12743,"href":"https:\/\/meeplendice.net\/index.php?rest_route=\/wp\/v2\/pages\/7062\/revisions\/12743"}],"wp:featuredmedia":[{"embeddable":true,"href":"https:\/\/meeplendice.net\/index.php?rest_route=\/wp\/v2\/media\/6906"}],"wp:attachment":[{"href":"https:\/\/meeplendice.net\/index.php?rest_route=%2Fwp%2Fv2%2Fmedia&parent=7062"}],"curies":[{"name":"wp","href":"https:\/\/api.w.org\/{rel}","templated":true}]}}