{"id":7068,"date":"2020-09-20T17:16:02","date_gmt":"2020-09-20T16:16:02","guid":{"rendered":"http:\/\/meeplendice.net\/?page_id=7068"},"modified":"2020-09-20T17:16:21","modified_gmt":"2020-09-20T16:16:21","slug":"deep","status":"publish","type":"page","link":"https:\/\/meeplendice.net\/?page_id=7068","title":{"rendered":"Deep"},"content":{"rendered":"<p>L&rsquo;extension Deep contient 2 modules que vous pourrez utiliser pour ajouter de nouvelles r\u00e8gles et de l&rsquo;intensit\u00e9 \u00e0 vos parties d&rsquo;Alone : le module Cr\u00e9ature Sp\u00e9ciales et le module Actions Sp\u00e9ciale de Salle.<\/p>\n<p>Vous pouvez utiliser ces modules seuls ou avec les modules d&rsquo;autres extensions.<\/p>\n<p>Vous trouverez \u00e9galement dans cette extension de nouvelles Missions et de nouveaux H\u00e9ros.<\/p>\n","protected":false},"excerpt":{"rendered":"<p>L&rsquo;extension Deep contient 2 modules que vous pourrez utiliser pour ajouter de nouvelles r\u00e8gles et de l&rsquo;intensit\u00e9 \u00e0 vos parties d&rsquo;Alone : le module Cr\u00e9ature Sp\u00e9ciales et le module Actions Sp\u00e9ciale de Salle. Vous pouvez utiliser ces modules seuls ou avec les modules d&rsquo;autres extensions. Vous trouverez \u00e9galement dans cette extension de nouvelles Missions et de nouveaux H\u00e9ros.<\/p>\n","protected":false},"author":2,"featured_media":6914,"parent":7062,"menu_order":2,"comment_status":"closed","ping_status":"closed","template":"","meta":{"footnotes":""},"class_list":["post-7068","page","type-page","status-publish","has-post-thumbnail","hentry"],"acf":[],"rttpg_featured_image_url":{"full":["https:\/\/meeplendice.net\/wp-content\/uploads\/2020\/09\/Alone_Deep.png",350,350,false],"landscape":["https:\/\/meeplendice.net\/wp-content\/uploads\/2020\/09\/Alone_Deep.png",350,350,false],"portraits":["https:\/\/meeplendice.net\/wp-content\/uploads\/2020\/09\/Alone_Deep.png",350,350,false],"thumbnail":["https:\/\/meeplendice.net\/wp-content\/uploads\/2020\/09\/Alone_Deep-150x150.png",150,150,true],"medium":["https:\/\/meeplendice.net\/wp-content\/uploads\/2020\/09\/Alone_Deep-300x300.png",300,300,true],"large":["https:\/\/meeplendice.net\/wp-content\/uploads\/2020\/09\/Alone_Deep.png",350,350,false],"ug_big":["https:\/\/meeplendice.net\/wp-content\/uploads\/2020\/09\/Alone_Deep.png",350,350,false],"1536x1536":["https:\/\/meeplendice.net\/wp-content\/uploads\/2020\/09\/Alone_Deep.png",350,350,false],"2048x2048":["https:\/\/meeplendice.net\/wp-content\/uploads\/2020\/09\/Alone_Deep.png",350,350,false],"ashe-slider-grid-thumbnail":["https:\/\/meeplendice.net\/wp-content\/uploads\/2020\/09\/Alone_Deep.png",350,350,false],"ashe-full-thumbnail":["https:\/\/meeplendice.net\/wp-content\/uploads\/2020\/09\/Alone_Deep.png",350,350,false],"ashe-grid-thumbnail":["https:\/\/meeplendice.net\/wp-content\/uploads\/2020\/09\/Alone_Deep-350x330.png",350,330,true],"ashe-list-thumbnail":["https:\/\/meeplendice.net\/wp-content\/uploads\/2020\/09\/Alone_Deep-300x300.png",300,300,true],"ashe-single-navigation":["https:\/\/meeplendice.net\/wp-content\/uploads\/2020\/09\/Alone_Deep-75x75.png",75,75,true],"mailpoet_newsletter_max":["https:\/\/meeplendice.net\/wp-content\/uploads\/2020\/09\/Alone_Deep.png",350,350,false],"rpwe-thumbnail":["https:\/\/meeplendice.net\/wp-content\/uploads\/2020\/09\/Alone_Deep-45x45.png",45,45,true],"sow-carousel-default":["https:\/\/meeplendice.net\/wp-content\/uploads\/2020\/09\/Alone_Deep-272x182.png",272,182,true],"rt_custom":["https:\/\/meeplendice.net\/wp-content\/uploads\/2020\/09\/Alone_Deep.png",350,350,false]},"rttpg_author":{"display_name":"Karnby","author_link":"https:\/\/meeplendice.net\/?author=2"},"rttpg_comment":0,"rttpg_category":null,"rttpg_excerpt":"L&rsquo;extension Deep contient 2 modules que vous pourrez utiliser pour ajouter de nouvelles r\u00e8gles et de l&rsquo;intensit\u00e9 \u00e0 vos parties d&rsquo;Alone : le module Cr\u00e9ature Sp\u00e9ciales et le module Actions Sp\u00e9ciale de Salle. Vous pouvez utiliser ces modules seuls ou avec les modules d&rsquo;autres extensions. Vous trouverez \u00e9galement dans cette extension de nouvelles Missions et\u2026","_links":{"self":[{"href":"https:\/\/meeplendice.net\/index.php?rest_route=\/wp\/v2\/pages\/7068","targetHints":{"allow":["GET"]}}],"collection":[{"href":"https:\/\/meeplendice.net\/index.php?rest_route=\/wp\/v2\/pages"}],"about":[{"href":"https:\/\/meeplendice.net\/index.php?rest_route=\/wp\/v2\/types\/page"}],"author":[{"embeddable":true,"href":"https:\/\/meeplendice.net\/index.php?rest_route=\/wp\/v2\/users\/2"}],"replies":[{"embeddable":true,"href":"https:\/\/meeplendice.net\/index.php?rest_route=%2Fwp%2Fv2%2Fcomments&post=7068"}],"version-history":[{"count":1,"href":"https:\/\/meeplendice.net\/index.php?rest_route=\/wp\/v2\/pages\/7068\/revisions"}],"predecessor-version":[{"id":7069,"href":"https:\/\/meeplendice.net\/index.php?rest_route=\/wp\/v2\/pages\/7068\/revisions\/7069"}],"up":[{"embeddable":true,"href":"https:\/\/meeplendice.net\/index.php?rest_route=\/wp\/v2\/pages\/7062"}],"wp:featuredmedia":[{"embeddable":true,"href":"https:\/\/meeplendice.net\/index.php?rest_route=\/wp\/v2\/media\/6914"}],"wp:attachment":[{"href":"https:\/\/meeplendice.net\/index.php?rest_route=%2Fwp%2Fv2%2Fmedia&parent=7068"}],"curies":[{"name":"wp","href":"https:\/\/api.w.org\/{rel}","templated":true}]}}