{"id":7073,"date":"2020-09-20T17:25:38","date_gmt":"2020-09-20T16:25:38","guid":{"rendered":"http:\/\/meeplendice.net\/?page_id=7073"},"modified":"2023-04-11T10:37:58","modified_gmt":"2023-04-11T09:37:58","slug":"7073-2","status":"publish","type":"page","link":"https:\/\/meeplendice.net\/?page_id=7073","title":{"rendered":"Living Planet"},"content":{"rendered":"<div id=\"pl-7073\"  class=\"panel-layout\" ><div id=\"pg-7073-0\"  class=\"panel-grid panel-no-style\" ><div id=\"pgc-7073-0-0\"  class=\"panel-grid-cell\" ><div id=\"panel-7073-0-0-0\" class=\"so-panel widget widget_sow-editor panel-first-child panel-last-child\" data-index=\"0\" ><div\n\t\t\t\n\t\t\tclass=\"so-widget-sow-editor so-widget-sow-editor-base\"\n\t\t\t\n\t\t>\n<div class=\"siteorigin-widget-tinymce textwidget\">\n\t<p style=\"text-align: center;\"><strong>Nombre de joueurs :<\/strong><br \/>\n2 - 4<\/p>\n<\/div>\n<\/div><\/div><\/div><div id=\"pgc-7073-0-1\"  class=\"panel-grid-cell\" ><div id=\"panel-7073-0-1-0\" class=\"so-panel widget widget_sow-editor panel-first-child panel-last-child\" data-index=\"1\" ><div\n\t\t\t\n\t\t\tclass=\"so-widget-sow-editor so-widget-sow-editor-base\"\n\t\t\t\n\t\t>\n<div class=\"siteorigin-widget-tinymce textwidget\">\n\t<p style=\"text-align: center;\"><strong>Dur\u00e9e moyenne :<\/strong><br \/>\n120 min<\/p>\n<\/div>\n<\/div><\/div><\/div><div id=\"pgc-7073-0-2\"  class=\"panel-grid-cell\" ><div id=\"panel-7073-0-2-0\" class=\"so-panel widget widget_sow-editor panel-first-child panel-last-child\" data-index=\"2\" ><div\n\t\t\t\n\t\t\tclass=\"so-widget-sow-editor so-widget-sow-editor-base\"\n\t\t\t\n\t\t>\n<div class=\"siteorigin-widget-tinymce textwidget\">\n\t<p style=\"text-align: center;\"><strong>Age :<\/strong><br \/>\n14 ans et plus<\/p>\n<\/div>\n<\/div><\/div><\/div><\/div><div id=\"pg-7073-1\"  class=\"panel-grid panel-no-style\" ><div id=\"pgc-7073-1-0\"  class=\"panel-grid-cell\" ><div id=\"panel-7073-1-0-0\" class=\"so-panel widget widget_sow-editor panel-first-child panel-last-child\" data-index=\"3\" ><div\n\t\t\t\n\t\t\tclass=\"so-widget-sow-editor so-widget-sow-editor-base\"\n\t\t\t\n\t\t>\n<div class=\"siteorigin-widget-tinymce textwidget\">\n\t<p style=\"text-align: center;\"><strong>Auteur(s) :<br \/>\n<\/strong>Christophe Boelinger<\/p>\n<\/div>\n<\/div><\/div><\/div><div id=\"pgc-7073-1-1\"  class=\"panel-grid-cell\" ><div id=\"panel-7073-1-1-0\" class=\"so-panel widget widget_sow-editor panel-first-child panel-last-child\" data-index=\"4\" ><div\n\t\t\t\n\t\t\tclass=\"so-widget-sow-editor so-widget-sow-editor-base\"\n\t\t\t\n\t\t>\n<div class=\"siteorigin-widget-tinymce textwidget\">\n\t<p style=\"text-align: center;\"><strong>Illustrations :<\/strong><br \/>\nBertand Beno\u00eet<br \/>\nIsma\u00ebl<br \/>\nIrvin<br \/>\nSt\u00e9phane Gantiez<\/p>\n<\/div>\n<\/div><\/div><\/div><div id=\"pgc-7073-1-2\"  class=\"panel-grid-cell\" ><div id=\"panel-7073-1-2-0\" class=\"so-panel widget widget_sow-editor panel-first-child panel-last-child\" data-index=\"5\" ><div\n\t\t\t\n\t\t\tclass=\"so-widget-sow-editor so-widget-sow-editor-base\"\n\t\t\t\n\t\t>\n<div class=\"siteorigin-widget-tinymce textwidget\">\n\t<p style=\"text-align: center;\"><strong>\u00c9dition :<\/strong><br \/>\nLudically<br \/>\n2019<\/p>\n<\/div>\n<\/div><\/div><\/div><div id=\"pgc-7073-1-3\"  class=\"panel-grid-cell\" ><div id=\"panel-7073-1-3-0\" class=\"so-panel widget widget_sow-editor panel-first-child panel-last-child\" data-index=\"6\" ><div\n\t\t\t\n\t\t\tclass=\"so-widget-sow-editor so-widget-sow-editor-base\"\n\t\t\t\n\t\t>\n<div class=\"siteorigin-widget-tinymce textwidget\">\n\t<p style=\"text-align: center;\"><strong>Version :<\/strong><br \/>\nFran\u00e7aise<\/p>\n<\/div>\n<\/div><\/div><\/div><\/div><div id=\"pg-7073-2\"  class=\"panel-grid panel-no-style\" ><div id=\"pgc-7073-2-0\"  class=\"panel-grid-cell\" ><div id=\"panel-7073-2-0-0\" class=\"so-panel widget widget_sow-editor panel-first-child panel-last-child\" data-index=\"7\" ><div\n\t\t\t\n\t\t\tclass=\"so-widget-sow-editor so-widget-sow-editor-base\"\n\t\t\t\n\t\t>\n<div class=\"siteorigin-widget-tinymce textwidget\">\n\t<hr \/>\n<p>Dans Living Planet, chaque joueur est responsable de la destin\u00e9e d\u2019une Corporation Galactique tentant d'exploiter au maximum la plan\u00e8te Myc\u00e9liandre. Dans ce monde o\u00f9 l'avidit\u00e9 de chaque joueur est pousser \u00e0 son paroxysme, la course aux profits est lanc\u00e9e. Industrialisation, exploitation intense, etc. Tout est bon pour parvenir \u00e0 vos fins.<\/p>\n<p>Mais plus les corporations exploitent les ressources de Myc\u00e9liandre, plus la plan\u00e8te se rebelle cr\u00e9ant des cataclysmes en surface pour se d\u00e9barrasser de cette humanit\u00e9 canc\u00e9reuse qui l\u2019exploite.<\/p>\n<\/div>\n<\/div><\/div><\/div><\/div><div id=\"pg-7073-3\"  class=\"panel-grid panel-no-style\" ><div id=\"pgc-7073-3-0\"  class=\"panel-grid-cell\" ><div id=\"panel-7073-3-0-0\" class=\"so-panel widget widget_sow-editor panel-first-child panel-last-child\" data-index=\"8\" ><div\n\t\t\t\n\t\t\tclass=\"so-widget-sow-editor so-widget-sow-editor-base\"\n\t\t\t\n\t\t>\n<div class=\"siteorigin-widget-tinymce textwidget\">\n\t<hr \/>\n<h3 style=\"text-align: center;\">En vid\u00e9o<\/h3>\n<p><a href=\"https:\/\/www.trictrac.net\/video\/Living_Planet_De_Lexplication\" target=\"_blank\" rel=\"noopener\"><img loading=\"lazy\" decoding=\"async\" class=\"alignnone size-full wp-image-9090\" src=\"https:\/\/meeplendice.net\/wp-content\/uploads\/2022\/01\/Link_CJ_v2.png\" alt=\"\" width=\"200\" height=\"170\" \/><\/a><\/p>\n<\/div>\n<\/div><\/div><\/div><\/div><div id=\"pg-7073-4\"  class=\"panel-grid panel-no-style\" ><div id=\"pgc-7073-4-0\"  class=\"panel-grid-cell\" ><div id=\"panel-7073-4-0-0\" class=\"so-panel widget widget_sow-editor panel-first-child panel-last-child\" data-index=\"9\" ><div\n\t\t\t\n\t\t\tclass=\"so-widget-sow-editor so-widget-sow-editor-base\"\n\t\t\t\n\t\t>\n<div class=\"siteorigin-widget-tinymce textwidget\">\n\t<hr \/>\n<h3 style=\"text-align: center;\">Extension(s)<\/h3>\n<p style=\"text-align: center;\"><style type='text\/css' media='all'>#rt-tpg-container-2624418787 .read-more a{border-radius:px;}#rt-tpg-container-2624418787 .rt-img-holder img.rt-img-responsive,#rt-tpg-container-2624418787 .rt-img-holder,\n\t\t\t\t\t#rt-tpg-container-2624418787 .rt-post-overlay .post-img,\n\t\t\t\t\t#rt-tpg-container-2624418787 .post-sm .post-img,\n\t\t\t\t\t#rt-tpg-container-2624418787 .rt-post-grid .post-img,\n\t\t\t\t\t#rt-tpg-container-2624418787 .post-img img {border-radius:px;}#rt-tpg-container-2624418787 .layout9 .rt-holder h2.entry-title,\n\t\t\t\t\t#rt-tpg-container-2624418787 .layout9 .rt-holder h3.entry-title,\n\t\t\t\t\t#rt-tpg-container-2624418787 .layout9 .rt-holder h4.entry-title,\n\t\t\t\t\t#rt-tpg-container-2624418787 .layout9 .rt-holder h2.entry-title a,\n\t\t\t\t\t#rt-tpg-container-2624418787 .layout9 .rt-holder h3.entry-title a,\n\t\t\t\t\t#rt-tpg-container-2624418787 .layout9 .rt-holder h4.entry-title a,\n\t\t\t\t\t#rt-tpg-container-2624418787 .rt-holder .rt-woo-info h2 a,\n\t\t\t\t\t#rt-tpg-container-2624418787 .rt-holder .rt-woo-info h3 a,\n\t\t\t\t\t#rt-tpg-container-2624418787 .rt-holder .rt-woo-info h4 a,\n\t\t\t\t\t#rt-tpg-container-2624418787 .post-content .post-title,\n\t\t\t\t\t#rt-tpg-container-2624418787 .rt-post-grid .post-title,\n\t\t\t\t\t#rt-tpg-container-2624418787 .rt-post-grid .post-title a,\n\t\t\t\t\t#rt-tpg-container-2624418787 .post-content .post-title a,\n\t\t\t\t\t#rt-tpg-container-2624418787 .rt-holder .rt-woo-info h2,\n\t\t\t\t\t#rt-tpg-container-2624418787 .rt-holder .rt-woo-info h3,\n\t\t\t\t\t#rt-tpg-container-2624418787 .rt-holder .rt-woo-info h4{font-size:16px;line-height:26px;font-weight:normal;text-align:center;}#rt-tpg-container-2624418787 .post-grid-lg-style-1 .post-title,\n\t\t\t\t\t\t#rt-tpg-container-2624418787 .post-grid-lg-style-1 .post-title a,\n\t\t\t\t\t\t#rt-tpg-container-2624418787 .big-layout .post-title,\n\t\t\t\t\t\t#rt-tpg-container-2624418787 .big-layout .post-title a,\n\t\t\t\t\t\t#rt-tpg-container-2624418787 .post-grid-lg-style-1 .post-title,\n\t\t\t\t\t\t#rt-tpg-container-2624418787 .post-grid-lg-style-1 .post-title a {font-size:24px;line-height:34px;}<\/style><div class='rt-container-fluid rt-tpg-container tpg-shortcode-main-wrapper ' id='rt-tpg-container-2624418787'   data-layout='layout9' data-grid-style='even' data-desktop-col='3'  data-tab-col='2'  data-mobile-col='1' data-sc-id='7078'><div data-title='Loading ...' class='rt-row rt-content-loader   layout9 tpg-even '><div class=\"rt-col-md-4 rt-col-sm-6 rt-col-xs-12 even-grid-item rt-grid-item img_zoom_in\" data-id=\"7084\"><div class=\"rt-holder\"><div class='overlay'><a data-id='7084' class=' tpg-single-popup' href='https:\/\/meeplendice.net\/?page_id=7084'><img loading=\"lazy\" decoding=\"async\" width=\"350\" height=\"350\" src=\"https:\/\/meeplendice.net\/wp-content\/uploads\/2020\/09\/LP_Aquarius.png\" class=\"rt-img-responsive \" alt=\"\" \/><\/a><\/div><div class='post-info'><h2 class=\"entry-title\"><a data-id=\"7084\" class=\" tpg-single-popup\" href=\"https:\/\/meeplendice.net\/?page_id=7084\">Aquarius<\/a><\/h2><div class='post-meta-user '><\/div><\/div><\/div><\/div><div class=\"rt-col-md-4 rt-col-sm-6 rt-col-xs-12 even-grid-item rt-grid-item img_zoom_in\" data-id=\"7082\"><div class=\"rt-holder\"><div class='overlay'><a data-id='7082' class=' tpg-single-popup' href='https:\/\/meeplendice.net\/?page_id=7082'><img loading=\"lazy\" decoding=\"async\" width=\"350\" height=\"350\" src=\"https:\/\/meeplendice.net\/wp-content\/uploads\/2020\/09\/LP_Arboria.png\" class=\"rt-img-responsive \" alt=\"\" \/><\/a><\/div><div class='post-info'><h2 class=\"entry-title\"><a data-id=\"7082\" class=\" tpg-single-popup\" href=\"https:\/\/meeplendice.net\/?page_id=7082\">Arboria<\/a><\/h2><div class='post-meta-user '><\/div><\/div><\/div><\/div><div class=\"rt-col-md-4 rt-col-sm-6 rt-col-xs-12 even-grid-item rt-grid-item img_zoom_in\" data-id=\"7080\"><div class=\"rt-holder\"><div class='overlay'><a data-id='7080' class=' tpg-single-popup' href='https:\/\/meeplendice.net\/?page_id=7080'><img loading=\"lazy\" decoding=\"async\" width=\"350\" height=\"350\" src=\"https:\/\/meeplendice.net\/wp-content\/uploads\/2020\/09\/LP_Industria.png\" class=\"rt-img-responsive \" alt=\"\" \/><\/a><\/div><div class='post-info'><h2 class=\"entry-title\"><a data-id=\"7080\" class=\" tpg-single-popup\" href=\"https:\/\/meeplendice.net\/?page_id=7080\">Industria<\/a><\/h2><div class='post-meta-user '><\/div><\/div><\/div><\/div><\/div><div class='rt-pagination-wrap' data-total-pages='1' data-posts-per-page='3' data-type='pagination_ajax'  ><div class='rt-page-numbers'><\/div><\/div><\/div><\/p>\n<\/div>\n<\/div><\/div><\/div><\/div><div id=\"pg-7073-5\"  class=\"panel-grid panel-no-style\" ><div id=\"pgc-7073-5-0\"  class=\"panel-grid-cell\" ><div id=\"panel-7073-5-0-0\" class=\"so-panel widget widget_sow-editor panel-first-child panel-last-child\" data-index=\"10\" ><div\n\t\t\t\n\t\t\tclass=\"so-widget-sow-editor so-widget-sow-editor-base\"\n\t\t\t\n\t\t>\n<div class=\"siteorigin-widget-tinymce textwidget\">\n\t<hr \/>\n<h3 style=\"text-align: center;\">Pour aller plus loin<\/h3>\n<\/div>\n<\/div><\/div><\/div><\/div><\/div>","protected":false},"excerpt":{"rendered":"<p>Nombre de joueurs : 2 &#8211; 4 Dur\u00e9e moyenne : 120 min Age : 14 ans et plus Auteur(s) : Christophe Boelinger Illustrations : Bertand Beno\u00eet Isma\u00ebl Irvin St\u00e9phane Gantiez \u00c9dition : Ludically 2019 Version : Fran\u00e7aise<\/p>\n","protected":false},"author":2,"featured_media":6900,"parent":0,"menu_order":0,"comment_status":"closed","ping_status":"closed","template":"","meta":{"footnotes":""},"class_list":["post-7073","page","type-page","status-publish","has-post-thumbnail","hentry"],"acf":[],"rttpg_featured_image_url":{"full":["https:\/\/meeplendice.net\/wp-content\/uploads\/2020\/09\/Living_planet.png",350,350,false],"landscape":["https:\/\/meeplendice.net\/wp-content\/uploads\/2020\/09\/Living_planet.png",350,350,false],"portraits":["https:\/\/meeplendice.net\/wp-content\/uploads\/2020\/09\/Living_planet.png",350,350,false],"thumbnail":["https:\/\/meeplendice.net\/wp-content\/uploads\/2020\/09\/Living_planet-150x150.png",150,150,true],"medium":["https:\/\/meeplendice.net\/wp-content\/uploads\/2020\/09\/Living_planet-300x300.png",300,300,true],"large":["https:\/\/meeplendice.net\/wp-content\/uploads\/2020\/09\/Living_planet.png",350,350,false],"ug_big":["https:\/\/meeplendice.net\/wp-content\/uploads\/2020\/09\/Living_planet.png",350,350,false],"1536x1536":["https:\/\/meeplendice.net\/wp-content\/uploads\/2020\/09\/Living_planet.png",350,350,false],"2048x2048":["https:\/\/meeplendice.net\/wp-content\/uploads\/2020\/09\/Living_planet.png",350,350,false],"ashe-slider-grid-thumbnail":["https:\/\/meeplendice.net\/wp-content\/uploads\/2020\/09\/Living_planet.png",350,350,false],"ashe-full-thumbnail":["https:\/\/meeplendice.net\/wp-content\/uploads\/2020\/09\/Living_planet.png",350,350,false],"ashe-grid-thumbnail":["https:\/\/meeplendice.net\/wp-content\/uploads\/2020\/09\/Living_planet-350x330.png",350,330,true],"ashe-list-thumbnail":["https:\/\/meeplendice.net\/wp-content\/uploads\/2020\/09\/Living_planet-300x300.png",300,300,true],"ashe-single-navigation":["https:\/\/meeplendice.net\/wp-content\/uploads\/2020\/09\/Living_planet-75x75.png",75,75,true],"mailpoet_newsletter_max":["https:\/\/meeplendice.net\/wp-content\/uploads\/2020\/09\/Living_planet.png",350,350,false],"rpwe-thumbnail":["https:\/\/meeplendice.net\/wp-content\/uploads\/2020\/09\/Living_planet-45x45.png",45,45,true],"sow-carousel-default":["https:\/\/meeplendice.net\/wp-content\/uploads\/2020\/09\/Living_planet-272x182.png",272,182,true],"rt_custom":["https:\/\/meeplendice.net\/wp-content\/uploads\/2020\/09\/Living_planet.png",350,350,false]},"rttpg_author":{"display_name":"Karnby","author_link":"https:\/\/meeplendice.net\/?author=2"},"rttpg_comment":0,"rttpg_category":null,"rttpg_excerpt":"Nombre de joueurs : 2 - 4 Dur\u00e9e moyenne : 120 min Age : 14 ans et plus Auteur(s) : Christophe Boelinger Illustrations : Bertand Beno\u00eet Isma\u00ebl Irvin St\u00e9phane Gantiez \u00c9dition : Ludically 2019 Version : Fran\u00e7aise","_links":{"self":[{"href":"https:\/\/meeplendice.net\/index.php?rest_route=\/wp\/v2\/pages\/7073","targetHints":{"allow":["GET"]}}],"collection":[{"href":"https:\/\/meeplendice.net\/index.php?rest_route=\/wp\/v2\/pages"}],"about":[{"href":"https:\/\/meeplendice.net\/index.php?rest_route=\/wp\/v2\/types\/page"}],"author":[{"embeddable":true,"href":"https:\/\/meeplendice.net\/index.php?rest_route=\/wp\/v2\/users\/2"}],"replies":[{"embeddable":true,"href":"https:\/\/meeplendice.net\/index.php?rest_route=%2Fwp%2Fv2%2Fcomments&post=7073"}],"version-history":[{"count":7,"href":"https:\/\/meeplendice.net\/index.php?rest_route=\/wp\/v2\/pages\/7073\/revisions"}],"predecessor-version":[{"id":10697,"href":"https:\/\/meeplendice.net\/index.php?rest_route=\/wp\/v2\/pages\/7073\/revisions\/10697"}],"wp:featuredmedia":[{"embeddable":true,"href":"https:\/\/meeplendice.net\/index.php?rest_route=\/wp\/v2\/media\/6900"}],"wp:attachment":[{"href":"https:\/\/meeplendice.net\/index.php?rest_route=%2Fwp%2Fv2%2Fmedia&parent=7073"}],"curies":[{"name":"wp","href":"https:\/\/api.w.org\/{rel}","templated":true}]}}