{"id":7080,"date":"2020-09-20T17:37:48","date_gmt":"2020-09-20T16:37:48","guid":{"rendered":"http:\/\/meeplendice.net\/?page_id=7080"},"modified":"2020-09-20T17:37:48","modified_gmt":"2020-09-20T16:37:48","slug":"industria","status":"publish","type":"page","link":"https:\/\/meeplendice.net\/?page_id=7080","title":{"rendered":"Industria"},"content":{"rendered":"<p>Contrairement aux autres extensions comme Plan\u00e8te Aquarius ou Plan\u00e8te Arboria, qui sont focalis\u00e9es sur la composition et les dangers des plan\u00e8tes elles-m\u00eames, Plan\u00e8te Industria se concentre sur le d\u00e9veloppement de la production et de l\u2019\u00e9conomie des corporations.Gr\u00e2ce \u00e0 cette extension les joueurs auront acc\u00e8s \u00e0 des raffineries qui devront \u00eatre reli\u00e9es aux b\u00e2timents de production via des pipelines. Une fois connect\u00e9e, chacune de ces nouvelles constructions apporte des avantages diverses et vari\u00e9s. Les joueurs s\u2019affrontent alors pour r\u00e9aliser le r\u00e9seau de pipelines le plus efficace pour dynamiser leur \u00e9conomie et leur production.<\/p>\n","protected":false},"excerpt":{"rendered":"<p>Contrairement aux autres extensions comme Plan\u00e8te Aquarius ou Plan\u00e8te Arboria, qui sont focalis\u00e9es sur la composition et les dangers des plan\u00e8tes elles-m\u00eames, Plan\u00e8te Industria se concentre sur le d\u00e9veloppement de la production et de l\u2019\u00e9conomie des corporations.Gr\u00e2ce \u00e0 cette extension les joueurs auront acc\u00e8s \u00e0 des raffineries qui devront \u00eatre reli\u00e9es aux b\u00e2timents de production via des pipelines. Une fois connect\u00e9e, chacune de ces nouvelles constructions apporte des avantages diverses et vari\u00e9s. Les joueurs s\u2019affrontent alors pour r\u00e9aliser le r\u00e9seau de pipelines le plus efficace pour dynamiser leur \u00e9conomie et leur production.<\/p>\n","protected":false},"author":2,"featured_media":6908,"parent":7073,"menu_order":3,"comment_status":"closed","ping_status":"closed","template":"","meta":{"footnotes":""},"class_list":["post-7080","page","type-page","status-publish","has-post-thumbnail","hentry"],"acf":[],"rttpg_featured_image_url":{"full":["https:\/\/meeplendice.net\/wp-content\/uploads\/2020\/09\/LP_Industria.png",350,350,false],"landscape":["https:\/\/meeplendice.net\/wp-content\/uploads\/2020\/09\/LP_Industria.png",350,350,false],"portraits":["https:\/\/meeplendice.net\/wp-content\/uploads\/2020\/09\/LP_Industria.png",350,350,false],"thumbnail":["https:\/\/meeplendice.net\/wp-content\/uploads\/2020\/09\/LP_Industria-150x150.png",150,150,true],"medium":["https:\/\/meeplendice.net\/wp-content\/uploads\/2020\/09\/LP_Industria-300x300.png",300,300,true],"large":["https:\/\/meeplendice.net\/wp-content\/uploads\/2020\/09\/LP_Industria.png",350,350,false],"ug_big":["https:\/\/meeplendice.net\/wp-content\/uploads\/2020\/09\/LP_Industria.png",350,350,false],"1536x1536":["https:\/\/meeplendice.net\/wp-content\/uploads\/2020\/09\/LP_Industria.png",350,350,false],"2048x2048":["https:\/\/meeplendice.net\/wp-content\/uploads\/2020\/09\/LP_Industria.png",350,350,false],"ashe-slider-grid-thumbnail":["https:\/\/meeplendice.net\/wp-content\/uploads\/2020\/09\/LP_Industria.png",350,350,false],"ashe-full-thumbnail":["https:\/\/meeplendice.net\/wp-content\/uploads\/2020\/09\/LP_Industria.png",350,350,false],"ashe-grid-thumbnail":["https:\/\/meeplendice.net\/wp-content\/uploads\/2020\/09\/LP_Industria-350x330.png",350,330,true],"ashe-list-thumbnail":["https:\/\/meeplendice.net\/wp-content\/uploads\/2020\/09\/LP_Industria-300x300.png",300,300,true],"ashe-single-navigation":["https:\/\/meeplendice.net\/wp-content\/uploads\/2020\/09\/LP_Industria-75x75.png",75,75,true],"mailpoet_newsletter_max":["https:\/\/meeplendice.net\/wp-content\/uploads\/2020\/09\/LP_Industria.png",350,350,false],"rpwe-thumbnail":["https:\/\/meeplendice.net\/wp-content\/uploads\/2020\/09\/LP_Industria-45x45.png",45,45,true],"sow-carousel-default":["https:\/\/meeplendice.net\/wp-content\/uploads\/2020\/09\/LP_Industria-272x182.png",272,182,true],"rt_custom":["https:\/\/meeplendice.net\/wp-content\/uploads\/2020\/09\/LP_Industria.png",350,350,false]},"rttpg_author":{"display_name":"Karnby","author_link":"https:\/\/meeplendice.net\/?author=2"},"rttpg_comment":0,"rttpg_category":null,"rttpg_excerpt":"Contrairement aux autres extensions comme Plan\u00e8te Aquarius ou Plan\u00e8te Arboria, qui sont focalis\u00e9es sur la composition et les dangers des plan\u00e8tes elles-m\u00eames, Plan\u00e8te Industria se concentre sur le d\u00e9veloppement de la production et de l\u2019\u00e9conomie des corporations.Gr\u00e2ce \u00e0 cette extension les joueurs auront acc\u00e8s \u00e0 des raffineries qui devront \u00eatre reli\u00e9es aux b\u00e2timents de production\u2026","_links":{"self":[{"href":"https:\/\/meeplendice.net\/index.php?rest_route=\/wp\/v2\/pages\/7080","targetHints":{"allow":["GET"]}}],"collection":[{"href":"https:\/\/meeplendice.net\/index.php?rest_route=\/wp\/v2\/pages"}],"about":[{"href":"https:\/\/meeplendice.net\/index.php?rest_route=\/wp\/v2\/types\/page"}],"author":[{"embeddable":true,"href":"https:\/\/meeplendice.net\/index.php?rest_route=\/wp\/v2\/users\/2"}],"replies":[{"embeddable":true,"href":"https:\/\/meeplendice.net\/index.php?rest_route=%2Fwp%2Fv2%2Fcomments&post=7080"}],"version-history":[{"count":1,"href":"https:\/\/meeplendice.net\/index.php?rest_route=\/wp\/v2\/pages\/7080\/revisions"}],"predecessor-version":[{"id":7081,"href":"https:\/\/meeplendice.net\/index.php?rest_route=\/wp\/v2\/pages\/7080\/revisions\/7081"}],"up":[{"embeddable":true,"href":"https:\/\/meeplendice.net\/index.php?rest_route=\/wp\/v2\/pages\/7073"}],"wp:featuredmedia":[{"embeddable":true,"href":"https:\/\/meeplendice.net\/index.php?rest_route=\/wp\/v2\/media\/6908"}],"wp:attachment":[{"href":"https:\/\/meeplendice.net\/index.php?rest_route=%2Fwp%2Fv2%2Fmedia&parent=7080"}],"curies":[{"name":"wp","href":"https:\/\/api.w.org\/{rel}","templated":true}]}}