{"id":7082,"date":"2020-09-20T17:38:28","date_gmt":"2020-09-20T16:38:28","guid":{"rendered":"http:\/\/meeplendice.net\/?page_id=7082"},"modified":"2020-09-20T17:38:28","modified_gmt":"2020-09-20T16:38:28","slug":"arboria","status":"publish","type":"page","link":"https:\/\/meeplendice.net\/?page_id=7082","title":{"rendered":"Arboria"},"content":{"rendered":"<p>La plan\u00e8te Arboria est la plan\u00e8te la plus proche du soleil dans la Living Galaxie. Son cycle de rotation autour du soleil est tr\u00e8s acc\u00e9l\u00e9r\u00e9. Les saisons s\u2019encha\u00eenent \u00e0 une vitesse incroyable. La plan\u00e8te est constamment sous des pluies diluviennes causant des inondations d\u00e9vastatrices suivies de feux de for\u00eats r\u00e9duisant en cendre des pans entiers de v\u00e9g\u00e9tation en quelques jours. A cause d\u2019un cycle de saisons acc\u00e9l\u00e9r\u00e9, la flore locale pousse \u00e0 une vitesse exponentielle. Rapide, immense, vaste, forte et solide. Plan\u00e8te Arboria apporte une nouvelle ressource, le bois d\u2019Arboria, ainsi que 8 nouvelles tuiles Terrain, de nouveaux b\u00e2timents, des cartes de bourse et une extension au plateau de bourse.<\/p>\n","protected":false},"excerpt":{"rendered":"<p>La plan\u00e8te Arboria est la plan\u00e8te la plus proche du soleil dans la Living Galaxie. Son cycle de rotation autour du soleil est tr\u00e8s acc\u00e9l\u00e9r\u00e9. Les saisons s\u2019encha\u00eenent \u00e0 une vitesse incroyable. La plan\u00e8te est constamment sous des pluies diluviennes causant des inondations d\u00e9vastatrices suivies de feux de for\u00eats r\u00e9duisant en cendre des pans entiers de v\u00e9g\u00e9tation en quelques jours. A cause d\u2019un cycle de saisons acc\u00e9l\u00e9r\u00e9, la flore locale pousse \u00e0 une vitesse exponentielle. Rapide, immense, vaste, forte et solide. Plan\u00e8te Arboria apporte une nouvelle ressource, le bois d\u2019Arboria, ainsi que 8 nouvelles tuiles Terrain, de nouveaux b\u00e2timents, des cartes de bourse et une extension au plateau de bourse.<\/p>\n","protected":false},"author":2,"featured_media":6910,"parent":7073,"menu_order":2,"comment_status":"closed","ping_status":"closed","template":"","meta":{"footnotes":""},"class_list":["post-7082","page","type-page","status-publish","has-post-thumbnail","hentry"],"acf":[],"rttpg_featured_image_url":{"full":["https:\/\/meeplendice.net\/wp-content\/uploads\/2020\/09\/LP_Arboria.png",350,350,false],"landscape":["https:\/\/meeplendice.net\/wp-content\/uploads\/2020\/09\/LP_Arboria.png",350,350,false],"portraits":["https:\/\/meeplendice.net\/wp-content\/uploads\/2020\/09\/LP_Arboria.png",350,350,false],"thumbnail":["https:\/\/meeplendice.net\/wp-content\/uploads\/2020\/09\/LP_Arboria-150x150.png",150,150,true],"medium":["https:\/\/meeplendice.net\/wp-content\/uploads\/2020\/09\/LP_Arboria-300x300.png",300,300,true],"large":["https:\/\/meeplendice.net\/wp-content\/uploads\/2020\/09\/LP_Arboria.png",350,350,false],"ug_big":["https:\/\/meeplendice.net\/wp-content\/uploads\/2020\/09\/LP_Arboria.png",350,350,false],"1536x1536":["https:\/\/meeplendice.net\/wp-content\/uploads\/2020\/09\/LP_Arboria.png",350,350,false],"2048x2048":["https:\/\/meeplendice.net\/wp-content\/uploads\/2020\/09\/LP_Arboria.png",350,350,false],"ashe-slider-grid-thumbnail":["https:\/\/meeplendice.net\/wp-content\/uploads\/2020\/09\/LP_Arboria.png",350,350,false],"ashe-full-thumbnail":["https:\/\/meeplendice.net\/wp-content\/uploads\/2020\/09\/LP_Arboria.png",350,350,false],"ashe-grid-thumbnail":["https:\/\/meeplendice.net\/wp-content\/uploads\/2020\/09\/LP_Arboria-350x330.png",350,330,true],"ashe-list-thumbnail":["https:\/\/meeplendice.net\/wp-content\/uploads\/2020\/09\/LP_Arboria-300x300.png",300,300,true],"ashe-single-navigation":["https:\/\/meeplendice.net\/wp-content\/uploads\/2020\/09\/LP_Arboria-75x75.png",75,75,true],"mailpoet_newsletter_max":["https:\/\/meeplendice.net\/wp-content\/uploads\/2020\/09\/LP_Arboria.png",350,350,false],"rpwe-thumbnail":["https:\/\/meeplendice.net\/wp-content\/uploads\/2020\/09\/LP_Arboria-45x45.png",45,45,true],"sow-carousel-default":["https:\/\/meeplendice.net\/wp-content\/uploads\/2020\/09\/LP_Arboria-272x182.png",272,182,true],"rt_custom":["https:\/\/meeplendice.net\/wp-content\/uploads\/2020\/09\/LP_Arboria.png",350,350,false]},"rttpg_author":{"display_name":"Karnby","author_link":"https:\/\/meeplendice.net\/?author=2"},"rttpg_comment":0,"rttpg_category":null,"rttpg_excerpt":"La plan\u00e8te Arboria est la plan\u00e8te la plus proche du soleil dans la Living Galaxie. Son cycle de rotation autour du soleil est tr\u00e8s acc\u00e9l\u00e9r\u00e9. Les saisons s\u2019encha\u00eenent \u00e0 une vitesse incroyable. La plan\u00e8te est constamment sous des pluies diluviennes causant des inondations d\u00e9vastatrices suivies de feux de for\u00eats r\u00e9duisant en cendre des pans entiers\u2026","_links":{"self":[{"href":"https:\/\/meeplendice.net\/index.php?rest_route=\/wp\/v2\/pages\/7082","targetHints":{"allow":["GET"]}}],"collection":[{"href":"https:\/\/meeplendice.net\/index.php?rest_route=\/wp\/v2\/pages"}],"about":[{"href":"https:\/\/meeplendice.net\/index.php?rest_route=\/wp\/v2\/types\/page"}],"author":[{"embeddable":true,"href":"https:\/\/meeplendice.net\/index.php?rest_route=\/wp\/v2\/users\/2"}],"replies":[{"embeddable":true,"href":"https:\/\/meeplendice.net\/index.php?rest_route=%2Fwp%2Fv2%2Fcomments&post=7082"}],"version-history":[{"count":1,"href":"https:\/\/meeplendice.net\/index.php?rest_route=\/wp\/v2\/pages\/7082\/revisions"}],"predecessor-version":[{"id":7083,"href":"https:\/\/meeplendice.net\/index.php?rest_route=\/wp\/v2\/pages\/7082\/revisions\/7083"}],"up":[{"embeddable":true,"href":"https:\/\/meeplendice.net\/index.php?rest_route=\/wp\/v2\/pages\/7073"}],"wp:featuredmedia":[{"embeddable":true,"href":"https:\/\/meeplendice.net\/index.php?rest_route=\/wp\/v2\/media\/6910"}],"wp:attachment":[{"href":"https:\/\/meeplendice.net\/index.php?rest_route=%2Fwp%2Fv2%2Fmedia&parent=7082"}],"curies":[{"name":"wp","href":"https:\/\/api.w.org\/{rel}","templated":true}]}}