{"id":7084,"date":"2020-09-20T17:39:01","date_gmt":"2020-09-20T16:39:01","guid":{"rendered":"http:\/\/meeplendice.net\/?page_id=7084"},"modified":"2020-09-20T17:39:01","modified_gmt":"2020-09-20T16:39:01","slug":"aquarius","status":"publish","type":"page","link":"https:\/\/meeplendice.net\/?page_id=7084","title":{"rendered":"Aquarius"},"content":{"rendered":"<p>Aquarius est la premi\u00e8re plan\u00e8te aquatique de la Living Galaxie d\u00e9couverte par la race humaine. Ici, la surface de la plan\u00e8te est ravag\u00e9e par des tsunamis, des siphons et de violentes temp\u00eates. Aquarius apporte l\u2019\u00e9l\u00e9ment liquide aux tuiles Terrain. Ceci rend les explorations un peu plus difficiles et p\u00e9rilleuses. Les joueurs contr\u00f4lent aussi d\u00e9sormais des navires \u00e9quip\u00e9s de moteurs mais aussi de voiles leur permettant d\u2019utiliser les vents des temp\u00eates pour se d\u00e9placer. De nouveaux b\u00e2timents pouvant \u00eatre construits sur l\u2019eau sont aussi de la partie.<\/p>\n","protected":false},"excerpt":{"rendered":"<p>Aquarius est la premi\u00e8re plan\u00e8te aquatique de la Living Galaxie d\u00e9couverte par la race humaine. Ici, la surface de la plan\u00e8te est ravag\u00e9e par des tsunamis, des siphons et de violentes temp\u00eates. Aquarius apporte l\u2019\u00e9l\u00e9ment liquide aux tuiles Terrain. Ceci rend les explorations un peu plus difficiles et p\u00e9rilleuses. Les joueurs contr\u00f4lent aussi d\u00e9sormais des navires \u00e9quip\u00e9s de moteurs mais aussi de voiles leur permettant d\u2019utiliser les vents des temp\u00eates pour se d\u00e9placer. De nouveaux b\u00e2timents pouvant \u00eatre construits sur l\u2019eau sont aussi de la partie.<\/p>\n","protected":false},"author":2,"featured_media":6909,"parent":7073,"menu_order":1,"comment_status":"closed","ping_status":"closed","template":"","meta":{"footnotes":""},"class_list":["post-7084","page","type-page","status-publish","has-post-thumbnail","hentry"],"acf":[],"rttpg_featured_image_url":{"full":["https:\/\/meeplendice.net\/wp-content\/uploads\/2020\/09\/LP_Aquarius.png",350,350,false],"landscape":["https:\/\/meeplendice.net\/wp-content\/uploads\/2020\/09\/LP_Aquarius.png",350,350,false],"portraits":["https:\/\/meeplendice.net\/wp-content\/uploads\/2020\/09\/LP_Aquarius.png",350,350,false],"thumbnail":["https:\/\/meeplendice.net\/wp-content\/uploads\/2020\/09\/LP_Aquarius-150x150.png",150,150,true],"medium":["https:\/\/meeplendice.net\/wp-content\/uploads\/2020\/09\/LP_Aquarius-300x300.png",300,300,true],"large":["https:\/\/meeplendice.net\/wp-content\/uploads\/2020\/09\/LP_Aquarius.png",350,350,false],"ug_big":["https:\/\/meeplendice.net\/wp-content\/uploads\/2020\/09\/LP_Aquarius.png",350,350,false],"1536x1536":["https:\/\/meeplendice.net\/wp-content\/uploads\/2020\/09\/LP_Aquarius.png",350,350,false],"2048x2048":["https:\/\/meeplendice.net\/wp-content\/uploads\/2020\/09\/LP_Aquarius.png",350,350,false],"ashe-slider-grid-thumbnail":["https:\/\/meeplendice.net\/wp-content\/uploads\/2020\/09\/LP_Aquarius.png",350,350,false],"ashe-full-thumbnail":["https:\/\/meeplendice.net\/wp-content\/uploads\/2020\/09\/LP_Aquarius.png",350,350,false],"ashe-grid-thumbnail":["https:\/\/meeplendice.net\/wp-content\/uploads\/2020\/09\/LP_Aquarius-350x330.png",350,330,true],"ashe-list-thumbnail":["https:\/\/meeplendice.net\/wp-content\/uploads\/2020\/09\/LP_Aquarius-300x300.png",300,300,true],"ashe-single-navigation":["https:\/\/meeplendice.net\/wp-content\/uploads\/2020\/09\/LP_Aquarius-75x75.png",75,75,true],"mailpoet_newsletter_max":["https:\/\/meeplendice.net\/wp-content\/uploads\/2020\/09\/LP_Aquarius.png",350,350,false],"rpwe-thumbnail":["https:\/\/meeplendice.net\/wp-content\/uploads\/2020\/09\/LP_Aquarius-45x45.png",45,45,true],"sow-carousel-default":["https:\/\/meeplendice.net\/wp-content\/uploads\/2020\/09\/LP_Aquarius-272x182.png",272,182,true],"rt_custom":["https:\/\/meeplendice.net\/wp-content\/uploads\/2020\/09\/LP_Aquarius.png",350,350,false]},"rttpg_author":{"display_name":"Karnby","author_link":"https:\/\/meeplendice.net\/?author=2"},"rttpg_comment":0,"rttpg_category":null,"rttpg_excerpt":"Aquarius est la premi\u00e8re plan\u00e8te aquatique de la Living Galaxie d\u00e9couverte par la race humaine. Ici, la surface de la plan\u00e8te est ravag\u00e9e par des tsunamis, des siphons et de violentes temp\u00eates. Aquarius apporte l\u2019\u00e9l\u00e9ment liquide aux tuiles Terrain. Ceci rend les explorations un peu plus difficiles et p\u00e9rilleuses. Les joueurs contr\u00f4lent aussi d\u00e9sormais des\u2026","_links":{"self":[{"href":"https:\/\/meeplendice.net\/index.php?rest_route=\/wp\/v2\/pages\/7084","targetHints":{"allow":["GET"]}}],"collection":[{"href":"https:\/\/meeplendice.net\/index.php?rest_route=\/wp\/v2\/pages"}],"about":[{"href":"https:\/\/meeplendice.net\/index.php?rest_route=\/wp\/v2\/types\/page"}],"author":[{"embeddable":true,"href":"https:\/\/meeplendice.net\/index.php?rest_route=\/wp\/v2\/users\/2"}],"replies":[{"embeddable":true,"href":"https:\/\/meeplendice.net\/index.php?rest_route=%2Fwp%2Fv2%2Fcomments&post=7084"}],"version-history":[{"count":1,"href":"https:\/\/meeplendice.net\/index.php?rest_route=\/wp\/v2\/pages\/7084\/revisions"}],"predecessor-version":[{"id":7085,"href":"https:\/\/meeplendice.net\/index.php?rest_route=\/wp\/v2\/pages\/7084\/revisions\/7085"}],"up":[{"embeddable":true,"href":"https:\/\/meeplendice.net\/index.php?rest_route=\/wp\/v2\/pages\/7073"}],"wp:featuredmedia":[{"embeddable":true,"href":"https:\/\/meeplendice.net\/index.php?rest_route=\/wp\/v2\/media\/6909"}],"wp:attachment":[{"href":"https:\/\/meeplendice.net\/index.php?rest_route=%2Fwp%2Fv2%2Fmedia&parent=7084"}],"curies":[{"name":"wp","href":"https:\/\/api.w.org\/{rel}","templated":true}]}}