{"id":7099,"date":"2020-09-20T17:57:10","date_gmt":"2020-09-20T16:57:10","guid":{"rendered":"http:\/\/meeplendice.net\/?page_id=7099"},"modified":"2020-09-20T17:57:10","modified_gmt":"2020-09-20T16:57:10","slug":"roll-with-the-punches","status":"publish","type":"page","link":"https:\/\/meeplendice.net\/?page_id=7099","title":{"rendered":"Roll with the Punches"},"content":{"rendered":"<p>Roll with the Punches est une extension pour Dicetopia qui apporte une toute nouvelle couche de contr\u00f4le au jeu avec des d\u00e9s Magmacorium immuables, des jetons de protection et une manipulation de l&rsquo;ordre des tours ! Il ajoute \u00e9galement un nouveau plateau de terrain vague avec trois nouveaux emplacements, la possibilit\u00e9 de jouer \u00e0 5 joueurs, des objectifs de tour court, ainsi que plus de factions, de missions et de sc\u00e9narios !<\/p>\n","protected":false},"excerpt":{"rendered":"<p>Roll with the Punches est une extension pour Dicetopia qui apporte une toute nouvelle couche de contr\u00f4le au jeu avec des d\u00e9s Magmacorium immuables, des jetons de protection et une manipulation de l&rsquo;ordre des tours ! Il ajoute \u00e9galement un nouveau plateau de terrain vague avec trois nouveaux emplacements, la possibilit\u00e9 de jouer \u00e0 5 joueurs, des objectifs de tour court, ainsi que plus de factions, de missions et de sc\u00e9narios !<\/p>\n","protected":false},"author":2,"featured_media":7091,"parent":4541,"menu_order":4,"comment_status":"closed","ping_status":"closed","template":"","meta":{"footnotes":""},"class_list":["post-7099","page","type-page","status-publish","has-post-thumbnail","hentry"],"acf":[],"rttpg_featured_image_url":{"full":["https:\/\/meeplendice.net\/wp-content\/uploads\/2020\/09\/Dicetopia_RWTP.png",350,350,false],"landscape":["https:\/\/meeplendice.net\/wp-content\/uploads\/2020\/09\/Dicetopia_RWTP.png",350,350,false],"portraits":["https:\/\/meeplendice.net\/wp-content\/uploads\/2020\/09\/Dicetopia_RWTP.png",350,350,false],"thumbnail":["https:\/\/meeplendice.net\/wp-content\/uploads\/2020\/09\/Dicetopia_RWTP-150x150.png",150,150,true],"medium":["https:\/\/meeplendice.net\/wp-content\/uploads\/2020\/09\/Dicetopia_RWTP-300x300.png",300,300,true],"large":["https:\/\/meeplendice.net\/wp-content\/uploads\/2020\/09\/Dicetopia_RWTP.png",350,350,false],"ug_big":["https:\/\/meeplendice.net\/wp-content\/uploads\/2020\/09\/Dicetopia_RWTP.png",350,350,false],"1536x1536":["https:\/\/meeplendice.net\/wp-content\/uploads\/2020\/09\/Dicetopia_RWTP.png",350,350,false],"2048x2048":["https:\/\/meeplendice.net\/wp-content\/uploads\/2020\/09\/Dicetopia_RWTP.png",350,350,false],"ashe-slider-grid-thumbnail":["https:\/\/meeplendice.net\/wp-content\/uploads\/2020\/09\/Dicetopia_RWTP.png",350,350,false],"ashe-full-thumbnail":["https:\/\/meeplendice.net\/wp-content\/uploads\/2020\/09\/Dicetopia_RWTP.png",350,350,false],"ashe-grid-thumbnail":["https:\/\/meeplendice.net\/wp-content\/uploads\/2020\/09\/Dicetopia_RWTP-350x330.png",350,330,true],"ashe-list-thumbnail":["https:\/\/meeplendice.net\/wp-content\/uploads\/2020\/09\/Dicetopia_RWTP-300x300.png",300,300,true],"ashe-single-navigation":["https:\/\/meeplendice.net\/wp-content\/uploads\/2020\/09\/Dicetopia_RWTP-75x75.png",75,75,true],"mailpoet_newsletter_max":["https:\/\/meeplendice.net\/wp-content\/uploads\/2020\/09\/Dicetopia_RWTP.png",350,350,false],"rpwe-thumbnail":["https:\/\/meeplendice.net\/wp-content\/uploads\/2020\/09\/Dicetopia_RWTP-45x45.png",45,45,true],"sow-carousel-default":["https:\/\/meeplendice.net\/wp-content\/uploads\/2020\/09\/Dicetopia_RWTP-272x182.png",272,182,true],"rt_custom":["https:\/\/meeplendice.net\/wp-content\/uploads\/2020\/09\/Dicetopia_RWTP.png",350,350,false]},"rttpg_author":{"display_name":"Karnby","author_link":"https:\/\/meeplendice.net\/?author=2"},"rttpg_comment":0,"rttpg_category":null,"rttpg_excerpt":"Roll with the Punches est une extension pour Dicetopia qui apporte une toute nouvelle couche de contr\u00f4le au jeu avec des d\u00e9s Magmacorium immuables, des jetons de protection et une manipulation de l&rsquo;ordre des tours ! Il ajoute \u00e9galement un nouveau plateau de terrain vague avec trois nouveaux emplacements, la possibilit\u00e9 de jouer \u00e0 5\u2026","_links":{"self":[{"href":"https:\/\/meeplendice.net\/index.php?rest_route=\/wp\/v2\/pages\/7099","targetHints":{"allow":["GET"]}}],"collection":[{"href":"https:\/\/meeplendice.net\/index.php?rest_route=\/wp\/v2\/pages"}],"about":[{"href":"https:\/\/meeplendice.net\/index.php?rest_route=\/wp\/v2\/types\/page"}],"author":[{"embeddable":true,"href":"https:\/\/meeplendice.net\/index.php?rest_route=\/wp\/v2\/users\/2"}],"replies":[{"embeddable":true,"href":"https:\/\/meeplendice.net\/index.php?rest_route=%2Fwp%2Fv2%2Fcomments&post=7099"}],"version-history":[{"count":1,"href":"https:\/\/meeplendice.net\/index.php?rest_route=\/wp\/v2\/pages\/7099\/revisions"}],"predecessor-version":[{"id":7100,"href":"https:\/\/meeplendice.net\/index.php?rest_route=\/wp\/v2\/pages\/7099\/revisions\/7100"}],"up":[{"embeddable":true,"href":"https:\/\/meeplendice.net\/index.php?rest_route=\/wp\/v2\/pages\/4541"}],"wp:featuredmedia":[{"embeddable":true,"href":"https:\/\/meeplendice.net\/index.php?rest_route=\/wp\/v2\/media\/7091"}],"wp:attachment":[{"href":"https:\/\/meeplendice.net\/index.php?rest_route=%2Fwp%2Fv2%2Fmedia&parent=7099"}],"curies":[{"name":"wp","href":"https:\/\/api.w.org\/{rel}","templated":true}]}}