{"id":7113,"date":"2020-09-20T19:22:27","date_gmt":"2020-09-20T18:22:27","guid":{"rendered":"http:\/\/meeplendice.net\/?page_id=7113"},"modified":"2020-09-20T19:36:45","modified_gmt":"2020-09-20T18:36:45","slug":"terminator-genisys-leveil-de-la-resistance","status":"publish","type":"page","link":"https:\/\/meeplendice.net\/?page_id=7113","title":{"rendered":"Terminator Genisys : l&rsquo;Eveil de la R\u00e9sistance"},"content":{"rendered":"<div id=\"pl-7113\"  class=\"panel-layout\" ><div id=\"pg-7113-0\"  class=\"panel-grid panel-no-style\" ><div id=\"pgc-7113-0-0\"  class=\"panel-grid-cell\" ><div id=\"panel-7113-0-0-0\" class=\"so-panel widget widget_sow-editor panel-first-child panel-last-child\" data-index=\"0\" ><div\n\t\t\t\n\t\t\tclass=\"so-widget-sow-editor so-widget-sow-editor-base\"\n\t\t\t\n\t\t>\n<div class=\"siteorigin-widget-tinymce textwidget\">\n\t<p style=\"text-align: center;\"><strong>Nombre de joueurs :<\/strong><br \/>\n2 - 4 (5 avec extension)<\/p>\n<\/div>\n<\/div><\/div><\/div><div id=\"pgc-7113-0-1\"  class=\"panel-grid-cell\" ><div id=\"panel-7113-0-1-0\" class=\"so-panel widget widget_sow-editor panel-first-child panel-last-child\" data-index=\"1\" ><div\n\t\t\t\n\t\t\tclass=\"so-widget-sow-editor so-widget-sow-editor-base\"\n\t\t\t\n\t\t>\n<div class=\"siteorigin-widget-tinymce textwidget\">\n\t<p style=\"text-align: center;\"><strong>Dur\u00e9e moyenne :<\/strong><br \/>\n90 min<\/p>\n<\/div>\n<\/div><\/div><\/div><div id=\"pgc-7113-0-2\"  class=\"panel-grid-cell\" ><div id=\"panel-7113-0-2-0\" class=\"so-panel widget widget_sow-editor panel-first-child panel-last-child\" data-index=\"2\" ><div\n\t\t\t\n\t\t\tclass=\"so-widget-sow-editor so-widget-sow-editor-base\"\n\t\t\t\n\t\t>\n<div class=\"siteorigin-widget-tinymce textwidget\">\n\t<p style=\"text-align: center;\"><strong>Age :<\/strong><br \/>\n14 ans et plus<\/p>\n<\/div>\n<\/div><\/div><\/div><\/div><div id=\"pg-7113-1\"  class=\"panel-grid panel-no-style\" ><div id=\"pgc-7113-1-0\"  class=\"panel-grid-cell\" ><div id=\"panel-7113-1-0-0\" class=\"so-panel widget widget_sow-editor panel-first-child panel-last-child\" data-index=\"3\" ><div\n\t\t\t\n\t\t\tclass=\"so-widget-sow-editor so-widget-sow-editor-base\"\n\t\t\t\n\t\t>\n<div class=\"siteorigin-widget-tinymce textwidget\">\n\t<p style=\"text-align: center;\"><strong>Auteur(s) :<br \/>\n<\/strong>Aron Murch<br \/>\nJosh Derksen<br \/>\nThomas M Gofton<\/p>\n<\/div>\n<\/div><\/div><\/div><div id=\"pgc-7113-1-1\"  class=\"panel-grid-cell\" ><div id=\"panel-7113-1-1-0\" class=\"so-panel widget widget_sow-editor panel-first-child panel-last-child\" data-index=\"4\" ><div\n\t\t\t\n\t\t\tclass=\"so-widget-sow-editor so-widget-sow-editor-base\"\n\t\t\t\n\t\t>\n<div class=\"siteorigin-widget-tinymce textwidget\">\n\t<p style=\"text-align: center;\"><strong>Illustrations :<\/strong><br \/>\nSteve Argyle<br \/>\nJosh Derksen<\/p>\n<\/div>\n<\/div><\/div><\/div><div id=\"pgc-7113-1-2\"  class=\"panel-grid-cell\" ><div id=\"panel-7113-1-2-0\" class=\"so-panel widget widget_sow-editor panel-first-child panel-last-child\" data-index=\"5\" ><div\n\t\t\t\n\t\t\tclass=\"so-widget-sow-editor so-widget-sow-editor-base\"\n\t\t\t\n\t\t>\n<div class=\"siteorigin-widget-tinymce textwidget\">\n\t<p style=\"text-align: center;\"><strong>\u00c9dition :<\/strong><br \/>\nBlack Book Editions<br \/>\n2018<\/p>\n<\/div>\n<\/div><\/div><\/div><div id=\"pgc-7113-1-3\"  class=\"panel-grid-cell\" ><div id=\"panel-7113-1-3-0\" class=\"so-panel widget widget_sow-editor panel-first-child panel-last-child\" data-index=\"6\" ><div\n\t\t\t\n\t\t\tclass=\"so-widget-sow-editor so-widget-sow-editor-base\"\n\t\t\t\n\t\t>\n<div class=\"siteorigin-widget-tinymce textwidget\">\n\t<p style=\"text-align: center;\"><strong>Version :<\/strong><br \/>\nFran\u00e7aise<\/p>\n<\/div>\n<\/div><\/div><\/div><\/div><div id=\"pg-7113-2\"  class=\"panel-grid panel-no-style\" ><div id=\"pgc-7113-2-0\"  class=\"panel-grid-cell\" ><div id=\"panel-7113-2-0-0\" class=\"so-panel widget widget_sow-editor panel-first-child panel-last-child\" data-index=\"7\" ><div\n\t\t\t\n\t\t\tclass=\"so-widget-sow-editor so-widget-sow-editor-base\"\n\t\t\t\n\t\t>\n<div class=\"siteorigin-widget-tinymce textwidget\">\n\t<hr \/>\n<p>Rejoignez la R\u00e9sistance !<\/p>\n<p>Terminator G\u00e9nisys : L'Eveil de la R\u00e9sistance est un jeu coop\u00e9ratif pour 1 \u00e0 4 joueurs, dont l'intrigue se situe dans l\u2019ann\u00e9e post-apocalyptique de 2029.<br \/>\nLes joueurs endossent le r\u00f4le des ultimes h\u00e9ros de l'humanit\u00e9 oppos\u00e9s aux forces quasi-indestructibles de Skynet, dans une campagne narrative de 7 missions qui a pour but de s'emparer de l'arme secr\u00e8te de Skynet : la Machine Temporelle.<\/p>\n<\/div>\n<\/div><\/div><\/div><\/div><div id=\"pg-7113-3\"  class=\"panel-grid panel-no-style\" ><div id=\"pgc-7113-3-0\"  class=\"panel-grid-cell\" ><div id=\"panel-7113-3-0-0\" class=\"so-panel widget widget_sow-editor panel-first-child panel-last-child\" data-index=\"8\" ><div\n\t\t\t\n\t\t\tclass=\"so-widget-sow-editor so-widget-sow-editor-base\"\n\t\t\t\n\t\t>\n<div class=\"siteorigin-widget-tinymce textwidget\">\n\t<hr \/>\n<p style=\"text-align: center;\"><strong>En vid\u00e9o<\/strong><\/p>\n<\/div>\n<\/div><\/div><\/div><div id=\"pgc-7113-3-1\"  class=\"panel-grid-cell\" ><div id=\"panel-7113-3-1-0\" class=\"so-panel widget widget_sow-editor panel-first-child panel-last-child\" data-index=\"9\" ><div\n\t\t\t\n\t\t\tclass=\"so-widget-sow-editor so-widget-sow-editor-base\"\n\t\t\t\n\t\t>\n<div class=\"siteorigin-widget-tinymce textwidget\">\n\t<hr \/>\n<p style=\"text-align: center;\"><strong>Extension(s)<\/strong><\/p>\n<p style=\"text-align: center;\"><style type='text\/css' media='all'>#rt-tpg-container-3039038416 .read-more a{border-radius:px;}#rt-tpg-container-3039038416 .rt-img-holder img.rt-img-responsive,#rt-tpg-container-3039038416 .rt-img-holder,\n\t\t\t\t\t#rt-tpg-container-3039038416 .rt-post-overlay .post-img,\n\t\t\t\t\t#rt-tpg-container-3039038416 .post-sm .post-img,\n\t\t\t\t\t#rt-tpg-container-3039038416 .rt-post-grid .post-img,\n\t\t\t\t\t#rt-tpg-container-3039038416 .post-img img {border-radius:px;}#rt-tpg-container-3039038416 .layout9 .rt-holder h2.entry-title,\n\t\t\t\t\t#rt-tpg-container-3039038416 .layout9 .rt-holder h3.entry-title,\n\t\t\t\t\t#rt-tpg-container-3039038416 .layout9 .rt-holder h4.entry-title,\n\t\t\t\t\t#rt-tpg-container-3039038416 .layout9 .rt-holder h2.entry-title a,\n\t\t\t\t\t#rt-tpg-container-3039038416 .layout9 .rt-holder h3.entry-title a,\n\t\t\t\t\t#rt-tpg-container-3039038416 .layout9 .rt-holder h4.entry-title a,\n\t\t\t\t\t#rt-tpg-container-3039038416 .rt-holder .rt-woo-info h2 a,\n\t\t\t\t\t#rt-tpg-container-3039038416 .rt-holder .rt-woo-info h3 a,\n\t\t\t\t\t#rt-tpg-container-3039038416 .rt-holder .rt-woo-info h4 a,\n\t\t\t\t\t#rt-tpg-container-3039038416 .post-content .post-title,\n\t\t\t\t\t#rt-tpg-container-3039038416 .rt-post-grid .post-title,\n\t\t\t\t\t#rt-tpg-container-3039038416 .rt-post-grid .post-title a,\n\t\t\t\t\t#rt-tpg-container-3039038416 .post-content .post-title a,\n\t\t\t\t\t#rt-tpg-container-3039038416 .rt-holder .rt-woo-info h2,\n\t\t\t\t\t#rt-tpg-container-3039038416 .rt-holder .rt-woo-info h3,\n\t\t\t\t\t#rt-tpg-container-3039038416 .rt-holder .rt-woo-info h4{font-size:16px;line-height:26px;font-weight:normal;text-align:center;}#rt-tpg-container-3039038416 .post-grid-lg-style-1 .post-title,\n\t\t\t\t\t\t#rt-tpg-container-3039038416 .post-grid-lg-style-1 .post-title a,\n\t\t\t\t\t\t#rt-tpg-container-3039038416 .big-layout .post-title,\n\t\t\t\t\t\t#rt-tpg-container-3039038416 .big-layout .post-title a,\n\t\t\t\t\t\t#rt-tpg-container-3039038416 .post-grid-lg-style-1 .post-title,\n\t\t\t\t\t\t#rt-tpg-container-3039038416 .post-grid-lg-style-1 .post-title a {font-size:24px;line-height:34px;}<\/style><div class='rt-container-fluid rt-tpg-container tpg-shortcode-main-wrapper ' id='rt-tpg-container-3039038416'   data-layout='layout9' data-grid-style='even' data-desktop-col='3'  data-tab-col='2'  data-mobile-col='1' data-sc-id='7115'><div data-title='Loading ...' class='rt-row rt-content-loader   layout9 tpg-even '><div class=\"rt-col-md-4 rt-col-sm-6 rt-col-xs-12 even-grid-item rt-grid-item img_zoom_in\" data-id=\"7117\"><div class=\"rt-holder\"><div class='overlay'><a data-id='7117' class=' tpg-single-popup' href='https:\/\/meeplendice.net\/?page_id=7117'><img loading=\"lazy\" decoding=\"async\" width=\"350\" height=\"350\" src=\"https:\/\/meeplendice.net\/wp-content\/uploads\/2020\/09\/TG_Chuteskynet.png\" class=\"rt-img-responsive \" alt=\"\" \/><\/a><\/div><div class='post-info'><h2 class=\"entry-title\"><a data-id=\"7117\" class=\" tpg-single-popup\" href=\"https:\/\/meeplendice.net\/?page_id=7117\">La chute de Skynet<\/a><\/h2><div class='post-meta-user '><\/div><\/div><\/div><\/div><\/div><div class='rt-pagination-wrap' data-total-pages='1' data-posts-per-page='3' data-type='pagination_ajax'  ><div class='rt-page-numbers'><\/div><\/div><\/div><\/p>\n<\/div>\n<\/div><\/div><\/div><\/div><div id=\"pg-7113-4\"  class=\"panel-grid panel-no-style\" ><div id=\"pgc-7113-4-0\"  class=\"panel-grid-cell\" ><div id=\"panel-7113-4-0-0\" class=\"so-panel widget widget_sow-editor panel-first-child panel-last-child\" data-index=\"10\" ><div\n\t\t\t\n\t\t\tclass=\"so-widget-sow-editor so-widget-sow-editor-base\"\n\t\t\t\n\t\t>\n<div class=\"siteorigin-widget-tinymce textwidget\">\n\t<hr \/>\n<p style=\"text-align: center;\"><strong>Pour aller plus loin<\/strong><\/p>\n<\/div>\n<\/div><\/div><\/div><\/div><\/div>","protected":false},"excerpt":{"rendered":"<p>Nombre de joueurs : 2 &#8211; 4 (5 avec extension) Dur\u00e9e moyenne : 90 min Age : 14 ans et plus Auteur(s) : Aron Murch Josh Derksen Thomas M Gofton Illustrations : Steve Argyle Josh Derksen \u00c9dition : Black Book Editions 2018 Version : Fran\u00e7aise<\/p>\n","protected":false},"author":2,"featured_media":6892,"parent":0,"menu_order":0,"comment_status":"closed","ping_status":"closed","template":"","meta":{"footnotes":""},"class_list":["post-7113","page","type-page","status-publish","has-post-thumbnail","hentry"],"acf":[],"rttpg_featured_image_url":{"full":["https:\/\/meeplendice.net\/wp-content\/uploads\/2020\/09\/Terminator_Genisys_eveil.png",350,350,false],"landscape":["https:\/\/meeplendice.net\/wp-content\/uploads\/2020\/09\/Terminator_Genisys_eveil.png",350,350,false],"portraits":["https:\/\/meeplendice.net\/wp-content\/uploads\/2020\/09\/Terminator_Genisys_eveil.png",350,350,false],"thumbnail":["https:\/\/meeplendice.net\/wp-content\/uploads\/2020\/09\/Terminator_Genisys_eveil-150x150.png",150,150,true],"medium":["https:\/\/meeplendice.net\/wp-content\/uploads\/2020\/09\/Terminator_Genisys_eveil-300x300.png",300,300,true],"large":["https:\/\/meeplendice.net\/wp-content\/uploads\/2020\/09\/Terminator_Genisys_eveil.png",350,350,false],"ug_big":["https:\/\/meeplendice.net\/wp-content\/uploads\/2020\/09\/Terminator_Genisys_eveil.png",350,350,false],"1536x1536":["https:\/\/meeplendice.net\/wp-content\/uploads\/2020\/09\/Terminator_Genisys_eveil.png",350,350,false],"2048x2048":["https:\/\/meeplendice.net\/wp-content\/uploads\/2020\/09\/Terminator_Genisys_eveil.png",350,350,false],"ashe-slider-grid-thumbnail":["https:\/\/meeplendice.net\/wp-content\/uploads\/2020\/09\/Terminator_Genisys_eveil.png",350,350,false],"ashe-full-thumbnail":["https:\/\/meeplendice.net\/wp-content\/uploads\/2020\/09\/Terminator_Genisys_eveil.png",350,350,false],"ashe-grid-thumbnail":["https:\/\/meeplendice.net\/wp-content\/uploads\/2020\/09\/Terminator_Genisys_eveil-350x330.png",350,330,true],"ashe-list-thumbnail":["https:\/\/meeplendice.net\/wp-content\/uploads\/2020\/09\/Terminator_Genisys_eveil-300x300.png",300,300,true],"ashe-single-navigation":["https:\/\/meeplendice.net\/wp-content\/uploads\/2020\/09\/Terminator_Genisys_eveil-75x75.png",75,75,true],"mailpoet_newsletter_max":["https:\/\/meeplendice.net\/wp-content\/uploads\/2020\/09\/Terminator_Genisys_eveil.png",350,350,false],"rpwe-thumbnail":["https:\/\/meeplendice.net\/wp-content\/uploads\/2020\/09\/Terminator_Genisys_eveil-45x45.png",45,45,true],"sow-carousel-default":["https:\/\/meeplendice.net\/wp-content\/uploads\/2020\/09\/Terminator_Genisys_eveil-272x182.png",272,182,true],"rt_custom":["https:\/\/meeplendice.net\/wp-content\/uploads\/2020\/09\/Terminator_Genisys_eveil.png",350,350,false]},"rttpg_author":{"display_name":"Karnby","author_link":"https:\/\/meeplendice.net\/?author=2"},"rttpg_comment":0,"rttpg_category":null,"rttpg_excerpt":"Nombre de joueurs : 2 - 4 (5 avec extension) Dur\u00e9e moyenne : 90 min Age : 14 ans et plus Auteur(s) : Aron Murch Josh Derksen Thomas M Gofton Illustrations : Steve Argyle Josh Derksen \u00c9dition : Black Book Editions 2018 Version : Fran\u00e7aise","_links":{"self":[{"href":"https:\/\/meeplendice.net\/index.php?rest_route=\/wp\/v2\/pages\/7113","targetHints":{"allow":["GET"]}}],"collection":[{"href":"https:\/\/meeplendice.net\/index.php?rest_route=\/wp\/v2\/pages"}],"about":[{"href":"https:\/\/meeplendice.net\/index.php?rest_route=\/wp\/v2\/types\/page"}],"author":[{"embeddable":true,"href":"https:\/\/meeplendice.net\/index.php?rest_route=\/wp\/v2\/users\/2"}],"replies":[{"embeddable":true,"href":"https:\/\/meeplendice.net\/index.php?rest_route=%2Fwp%2Fv2%2Fcomments&post=7113"}],"version-history":[{"count":2,"href":"https:\/\/meeplendice.net\/index.php?rest_route=\/wp\/v2\/pages\/7113\/revisions"}],"predecessor-version":[{"id":7116,"href":"https:\/\/meeplendice.net\/index.php?rest_route=\/wp\/v2\/pages\/7113\/revisions\/7116"}],"wp:featuredmedia":[{"embeddable":true,"href":"https:\/\/meeplendice.net\/index.php?rest_route=\/wp\/v2\/media\/6892"}],"wp:attachment":[{"href":"https:\/\/meeplendice.net\/index.php?rest_route=%2Fwp%2Fv2%2Fmedia&parent=7113"}],"curies":[{"name":"wp","href":"https:\/\/api.w.org\/{rel}","templated":true}]}}