{"id":7117,"date":"2020-09-20T19:38:43","date_gmt":"2020-09-20T18:38:43","guid":{"rendered":"http:\/\/meeplendice.net\/?page_id=7117"},"modified":"2020-09-20T19:38:43","modified_gmt":"2020-09-20T18:38:43","slug":"la-chute-de-skynet","status":"publish","type":"page","link":"https:\/\/meeplendice.net\/?page_id=7117","title":{"rendered":"La chute de Skynet"},"content":{"rendered":"<p>La Chute de Skynet est une extension qui vous permet d&rsquo;ajouter un cinqui\u00e8me joueur pour rejoindre la r\u00e9sistance pendant que votre \u00e9quipe assi\u00e8ge Cheyenne Mountain, le noyau central de Skynet.<\/p>\n<p>Cette extension comprend \u00e9galement six nouvelles missions, ainsi qu&rsquo;un g\u00e9n\u00e9rateur de missions pour vous permettre de cr\u00e9er vos propres sc\u00e9narios. Avec cet ajout, vous obtenez une version \u00ab\u00a0mode arcade\u00a0\u00bb du jeu qui se concentre sur des escarmouches ponctuelles, cr\u00e9ant ainsi des centaines de missions possibles \u00e0 jouer !<\/p>\n","protected":false},"excerpt":{"rendered":"<p>La Chute de Skynet est une extension qui vous permet d&rsquo;ajouter un cinqui\u00e8me joueur pour rejoindre la r\u00e9sistance pendant que votre \u00e9quipe assi\u00e8ge Cheyenne Mountain, le noyau central de Skynet. Cette extension comprend \u00e9galement six nouvelles missions, ainsi qu&rsquo;un g\u00e9n\u00e9rateur de missions pour vous permettre de cr\u00e9er vos propres sc\u00e9narios. Avec cet ajout, vous obtenez une version \u00ab\u00a0mode arcade\u00a0\u00bb du jeu qui se concentre sur des escarmouches ponctuelles, cr\u00e9ant ainsi des centaines de missions possibles \u00e0 jouer !<\/p>\n","protected":false},"author":2,"featured_media":7118,"parent":7113,"menu_order":1,"comment_status":"closed","ping_status":"closed","template":"","meta":{"footnotes":""},"class_list":["post-7117","page","type-page","status-publish","has-post-thumbnail","hentry"],"acf":[],"rttpg_featured_image_url":{"full":["https:\/\/meeplendice.net\/wp-content\/uploads\/2020\/09\/TG_Chuteskynet.png",350,350,false],"landscape":["https:\/\/meeplendice.net\/wp-content\/uploads\/2020\/09\/TG_Chuteskynet.png",350,350,false],"portraits":["https:\/\/meeplendice.net\/wp-content\/uploads\/2020\/09\/TG_Chuteskynet.png",350,350,false],"thumbnail":["https:\/\/meeplendice.net\/wp-content\/uploads\/2020\/09\/TG_Chuteskynet-150x150.png",150,150,true],"medium":["https:\/\/meeplendice.net\/wp-content\/uploads\/2020\/09\/TG_Chuteskynet-300x300.png",300,300,true],"large":["https:\/\/meeplendice.net\/wp-content\/uploads\/2020\/09\/TG_Chuteskynet.png",350,350,false],"ug_big":["https:\/\/meeplendice.net\/wp-content\/uploads\/2020\/09\/TG_Chuteskynet.png",350,350,false],"1536x1536":["https:\/\/meeplendice.net\/wp-content\/uploads\/2020\/09\/TG_Chuteskynet.png",350,350,false],"2048x2048":["https:\/\/meeplendice.net\/wp-content\/uploads\/2020\/09\/TG_Chuteskynet.png",350,350,false],"ashe-slider-grid-thumbnail":["https:\/\/meeplendice.net\/wp-content\/uploads\/2020\/09\/TG_Chuteskynet.png",350,350,false],"ashe-full-thumbnail":["https:\/\/meeplendice.net\/wp-content\/uploads\/2020\/09\/TG_Chuteskynet.png",350,350,false],"ashe-grid-thumbnail":["https:\/\/meeplendice.net\/wp-content\/uploads\/2020\/09\/TG_Chuteskynet-350x330.png",350,330,true],"ashe-list-thumbnail":["https:\/\/meeplendice.net\/wp-content\/uploads\/2020\/09\/TG_Chuteskynet-300x300.png",300,300,true],"ashe-single-navigation":["https:\/\/meeplendice.net\/wp-content\/uploads\/2020\/09\/TG_Chuteskynet-75x75.png",75,75,true],"mailpoet_newsletter_max":["https:\/\/meeplendice.net\/wp-content\/uploads\/2020\/09\/TG_Chuteskynet.png",350,350,false],"rpwe-thumbnail":["https:\/\/meeplendice.net\/wp-content\/uploads\/2020\/09\/TG_Chuteskynet-45x45.png",45,45,true],"sow-carousel-default":["https:\/\/meeplendice.net\/wp-content\/uploads\/2020\/09\/TG_Chuteskynet-272x182.png",272,182,true],"rt_custom":["https:\/\/meeplendice.net\/wp-content\/uploads\/2020\/09\/TG_Chuteskynet.png",350,350,false]},"rttpg_author":{"display_name":"Karnby","author_link":"https:\/\/meeplendice.net\/?author=2"},"rttpg_comment":0,"rttpg_category":null,"rttpg_excerpt":"La Chute de Skynet est une extension qui vous permet d&rsquo;ajouter un cinqui\u00e8me joueur pour rejoindre la r\u00e9sistance pendant que votre \u00e9quipe assi\u00e8ge Cheyenne Mountain, le noyau central de Skynet. Cette extension comprend \u00e9galement six nouvelles missions, ainsi qu&rsquo;un g\u00e9n\u00e9rateur de missions pour vous permettre de cr\u00e9er vos propres sc\u00e9narios. Avec cet ajout, vous obtenez\u2026","_links":{"self":[{"href":"https:\/\/meeplendice.net\/index.php?rest_route=\/wp\/v2\/pages\/7117","targetHints":{"allow":["GET"]}}],"collection":[{"href":"https:\/\/meeplendice.net\/index.php?rest_route=\/wp\/v2\/pages"}],"about":[{"href":"https:\/\/meeplendice.net\/index.php?rest_route=\/wp\/v2\/types\/page"}],"author":[{"embeddable":true,"href":"https:\/\/meeplendice.net\/index.php?rest_route=\/wp\/v2\/users\/2"}],"replies":[{"embeddable":true,"href":"https:\/\/meeplendice.net\/index.php?rest_route=%2Fwp%2Fv2%2Fcomments&post=7117"}],"version-history":[{"count":1,"href":"https:\/\/meeplendice.net\/index.php?rest_route=\/wp\/v2\/pages\/7117\/revisions"}],"predecessor-version":[{"id":7119,"href":"https:\/\/meeplendice.net\/index.php?rest_route=\/wp\/v2\/pages\/7117\/revisions\/7119"}],"up":[{"embeddable":true,"href":"https:\/\/meeplendice.net\/index.php?rest_route=\/wp\/v2\/pages\/7113"}],"wp:featuredmedia":[{"embeddable":true,"href":"https:\/\/meeplendice.net\/index.php?rest_route=\/wp\/v2\/media\/7118"}],"wp:attachment":[{"href":"https:\/\/meeplendice.net\/index.php?rest_route=%2Fwp%2Fv2%2Fmedia&parent=7117"}],"curies":[{"name":"wp","href":"https:\/\/api.w.org\/{rel}","templated":true}]}}