{"id":7122,"date":"2020-09-20T20:51:54","date_gmt":"2020-09-20T19:51:54","guid":{"rendered":"http:\/\/meeplendice.net\/?page_id=7122"},"modified":"2022-02-01T20:37:18","modified_gmt":"2022-02-01T19:37:18","slug":"harry-potter-hogwarts-battle","status":"publish","type":"page","link":"https:\/\/meeplendice.net\/?page_id=7122","title":{"rendered":"Harry Potter : Bataille \u00e0 Poudlard"},"content":{"rendered":"<div id=\"pl-7122\"  class=\"panel-layout\" ><div id=\"pg-7122-0\"  class=\"panel-grid panel-no-style\" ><div id=\"pgc-7122-0-0\"  class=\"panel-grid-cell\" ><div id=\"panel-7122-0-0-0\" class=\"so-panel widget widget_sow-editor panel-first-child panel-last-child\" data-index=\"0\" ><div\n\t\t\t\n\t\t\tclass=\"so-widget-sow-editor so-widget-sow-editor-base\"\n\t\t\t\n\t\t>\n<div class=\"siteorigin-widget-tinymce textwidget\">\n\t<p style=\"text-align: center;\"><strong>Nombre de joueurs :<\/strong><br \/>\n2 - 4 (5 avec extension)<\/p>\n<\/div>\n<\/div><\/div><\/div><div id=\"pgc-7122-0-1\"  class=\"panel-grid-cell\" ><div id=\"panel-7122-0-1-0\" class=\"so-panel widget widget_sow-editor panel-first-child panel-last-child\" data-index=\"1\" ><div\n\t\t\t\n\t\t\tclass=\"so-widget-sow-editor so-widget-sow-editor-base\"\n\t\t\t\n\t\t>\n<div class=\"siteorigin-widget-tinymce textwidget\">\n\t<p style=\"text-align: center;\"><strong>Dur\u00e9e moyenne :<\/strong><br \/>\n60 min<\/p>\n<\/div>\n<\/div><\/div><\/div><div id=\"pgc-7122-0-2\"  class=\"panel-grid-cell\" ><div id=\"panel-7122-0-2-0\" class=\"so-panel widget widget_sow-editor panel-first-child panel-last-child\" data-index=\"2\" ><div\n\t\t\t\n\t\t\tclass=\"so-widget-sow-editor so-widget-sow-editor-base\"\n\t\t\t\n\t\t>\n<div class=\"siteorigin-widget-tinymce textwidget\">\n\t<p style=\"text-align: center;\"><strong>Age :<\/strong><br \/>\n10 ans et plus<\/p>\n<\/div>\n<\/div><\/div><\/div><\/div><div id=\"pg-7122-1\"  class=\"panel-grid panel-no-style\" ><div id=\"pgc-7122-1-0\"  class=\"panel-grid-cell\" ><div id=\"panel-7122-1-0-0\" class=\"so-panel widget widget_sow-editor panel-first-child panel-last-child\" data-index=\"3\" ><div\n\t\t\t\n\t\t\tclass=\"so-widget-sow-editor so-widget-sow-editor-base\"\n\t\t\t\n\t\t>\n<div class=\"siteorigin-widget-tinymce textwidget\">\n\t<p style=\"text-align: center;\"><strong>Auteur(s) :<br \/>\n<\/strong>Forrest-Pruzan Creative<br \/>\nKami Mandell<br \/>\nAndrew Wolf<\/p>\n<\/div>\n<\/div><\/div><\/div><div id=\"pgc-7122-1-1\"  class=\"panel-grid-cell\" ><div id=\"panel-7122-1-1-0\" class=\"so-panel widget widget_sow-editor panel-first-child panel-last-child\" data-index=\"4\" ><div\n\t\t\t\n\t\t\tclass=\"so-widget-sow-editor so-widget-sow-editor-base\"\n\t\t\t\n\t\t>\n<div class=\"siteorigin-widget-tinymce textwidget\">\n\t<p style=\"text-align: center;\"><strong>Illustrations :<\/strong><br \/>\n<span class=\"data-siloing\" title=\"D\u00e9couvrez tous ces jeux\" data-siloing=\"https:\/\/www.philibertnet.com\/fr\/recherche?feature=41&amp;feature_value=Joe Van Wetering\">Joe Van Wetering<\/span><\/p>\n<\/div>\n<\/div><\/div><\/div><div id=\"pgc-7122-1-2\"  class=\"panel-grid-cell\" ><div id=\"panel-7122-1-2-0\" class=\"so-panel widget widget_sow-editor panel-first-child panel-last-child\" data-index=\"5\" ><div\n\t\t\t\n\t\t\tclass=\"so-widget-sow-editor so-widget-sow-editor-base\"\n\t\t\t\n\t\t>\n<div class=\"siteorigin-widget-tinymce textwidget\">\n\t<p style=\"text-align: center;\"><strong>\u00c9dition :<\/strong><br \/>\nUSAopoly<br \/>\n2017<\/p>\n<\/div>\n<\/div><\/div><\/div><div id=\"pgc-7122-1-3\"  class=\"panel-grid-cell\" ><div id=\"panel-7122-1-3-0\" class=\"so-panel widget widget_sow-editor panel-first-child panel-last-child\" data-index=\"6\" ><div\n\t\t\t\n\t\t\tclass=\"so-widget-sow-editor so-widget-sow-editor-base\"\n\t\t\t\n\t\t>\n<div class=\"siteorigin-widget-tinymce textwidget\">\n\t<p style=\"text-align: center;\"><strong>Version :<\/strong><br \/>\nFran\u00e7aise<\/p>\n<\/div>\n<\/div><\/div><\/div><\/div><div id=\"pg-7122-2\"  class=\"panel-grid panel-no-style\" ><div id=\"pgc-7122-2-0\"  class=\"panel-grid-cell\" ><div id=\"panel-7122-2-0-0\" class=\"so-panel widget widget_sow-editor panel-first-child panel-last-child\" data-index=\"7\" ><div\n\t\t\t\n\t\t\tclass=\"so-widget-sow-editor so-widget-sow-editor-base\"\n\t\t\t\n\t\t>\n<div class=\"siteorigin-widget-tinymce textwidget\">\n\t<hr \/>\n<p>C'est \u00e0 quatre \u00e9l\u00e8ves d'assurer la s\u00e9curit\u00e9 de l'\u00e9cole en vainquant les m\u00e9chants et en consolidant leurs d\u00e9fenses. Dans le jeu, les joueurs jouent le r\u00f4le d'un \u00e9l\u00e8ve de Poudlard : Ron Weasley, Hermione Granger, Neville Londubat ou bien s\u00fbr Harry Potter. Chaque personnage dispose de son propre jeu de cartes qui est utilis\u00e9 pour acqu\u00e9rir des ressources.<\/p>\n<p>En gagnant de l'influence, les joueurs ajoutent plus de cartes \u00e0 leur jeu sous la forme de personnages iconiques (Hagrid, Severus Rogue, Sirius Black, Dumbledore...), de sorts et d'objets magiques. D'autres cartes leur permettent de recouvrer leurs points de sant\u00e9 ou de lutter contre Voldemort et ses alli\u00e9s (Bellatrix Strange, Dolores Ombrage, Draco Malefoy et bien d'autres encore), les emp\u00eachant ainsi de gagner du pouvoir. Les m\u00e9chants contrecarrent les joueurs avec leurs attaques et l'art de la magie noire. Ce n'est qu'en travaillant ensemble que les joueurs pourront vaincre tous les m\u00e9chants et prot\u00e9ger le ch\u00e2teau des forces du mal.<\/p>\n<\/div>\n<\/div><\/div><\/div><\/div><div id=\"pg-7122-3\"  class=\"panel-grid panel-no-style\" ><div id=\"pgc-7122-3-0\"  class=\"panel-grid-cell\" ><div id=\"panel-7122-3-0-0\" class=\"so-panel widget widget_sow-editor panel-first-child panel-last-child\" data-index=\"8\" ><div\n\t\t\t\n\t\t\tclass=\"so-widget-sow-editor so-widget-sow-editor-base\"\n\t\t\t\n\t\t>\n<div class=\"siteorigin-widget-tinymce textwidget\">\n\t<hr \/>\n<h3 style=\"text-align: center;\">En vid\u00e9o<\/h3>\n<\/div>\n<\/div><\/div><\/div><\/div><div id=\"pg-7122-4\"  class=\"panel-grid panel-no-style\" ><div id=\"pgc-7122-4-0\"  class=\"panel-grid-cell\" ><div id=\"panel-7122-4-0-0\" class=\"so-panel widget widget_sow-editor panel-first-child panel-last-child\" data-index=\"9\" ><div\n\t\t\t\n\t\t\tclass=\"so-widget-sow-editor so-widget-sow-editor-base\"\n\t\t\t\n\t\t>\n<div class=\"siteorigin-widget-tinymce textwidget\">\n\t<hr \/>\n<h3 style=\"text-align: center;\">Extension(s)<\/h3>\n<p style=\"text-align: center;\"><style type='text\/css' media='all'>#rt-tpg-container-2892980027 .read-more a{border-radius:px;}#rt-tpg-container-2892980027 .rt-img-holder img.rt-img-responsive,#rt-tpg-container-2892980027 .rt-img-holder,\n\t\t\t\t\t#rt-tpg-container-2892980027 .rt-post-overlay .post-img,\n\t\t\t\t\t#rt-tpg-container-2892980027 .post-sm .post-img,\n\t\t\t\t\t#rt-tpg-container-2892980027 .rt-post-grid .post-img,\n\t\t\t\t\t#rt-tpg-container-2892980027 .post-img img {border-radius:px;}#rt-tpg-container-2892980027 .layout9 .rt-holder h2.entry-title,\n\t\t\t\t\t#rt-tpg-container-2892980027 .layout9 .rt-holder h3.entry-title,\n\t\t\t\t\t#rt-tpg-container-2892980027 .layout9 .rt-holder h4.entry-title,\n\t\t\t\t\t#rt-tpg-container-2892980027 .layout9 .rt-holder h2.entry-title a,\n\t\t\t\t\t#rt-tpg-container-2892980027 .layout9 .rt-holder h3.entry-title a,\n\t\t\t\t\t#rt-tpg-container-2892980027 .layout9 .rt-holder h4.entry-title a,\n\t\t\t\t\t#rt-tpg-container-2892980027 .rt-holder .rt-woo-info h2 a,\n\t\t\t\t\t#rt-tpg-container-2892980027 .rt-holder .rt-woo-info h3 a,\n\t\t\t\t\t#rt-tpg-container-2892980027 .rt-holder .rt-woo-info h4 a,\n\t\t\t\t\t#rt-tpg-container-2892980027 .post-content .post-title,\n\t\t\t\t\t#rt-tpg-container-2892980027 .rt-post-grid .post-title,\n\t\t\t\t\t#rt-tpg-container-2892980027 .rt-post-grid .post-title a,\n\t\t\t\t\t#rt-tpg-container-2892980027 .post-content .post-title a,\n\t\t\t\t\t#rt-tpg-container-2892980027 .rt-holder .rt-woo-info h2,\n\t\t\t\t\t#rt-tpg-container-2892980027 .rt-holder .rt-woo-info h3,\n\t\t\t\t\t#rt-tpg-container-2892980027 .rt-holder .rt-woo-info h4{font-size:16px;line-height:26px;font-weight:normal;text-align:center;}#rt-tpg-container-2892980027 .post-grid-lg-style-1 .post-title,\n\t\t\t\t\t\t#rt-tpg-container-2892980027 .post-grid-lg-style-1 .post-title a,\n\t\t\t\t\t\t#rt-tpg-container-2892980027 .big-layout .post-title,\n\t\t\t\t\t\t#rt-tpg-container-2892980027 .big-layout .post-title a,\n\t\t\t\t\t\t#rt-tpg-container-2892980027 .post-grid-lg-style-1 .post-title,\n\t\t\t\t\t\t#rt-tpg-container-2892980027 .post-grid-lg-style-1 .post-title a {font-size:24px;line-height:34px;}<\/style><div class='rt-container-fluid rt-tpg-container tpg-shortcode-main-wrapper ' id='rt-tpg-container-2892980027'   data-layout='layout9' data-grid-style='even' data-desktop-col='3'  data-tab-col='2'  data-mobile-col='1' data-sc-id='9434'><div data-title='Loading ...' class='rt-row rt-content-loader   layout9 tpg-even '><div class=\"rt-col-md-4 rt-col-sm-6 rt-col-xs-12 even-grid-item rt-grid-item img_zoom_in\" data-id=\"9435\"><div class=\"rt-holder\"><div class='overlay'><a data-id='9435' class=' tpg-single-popup' href='https:\/\/meeplendice.net\/?page_id=9435'><img loading=\"lazy\" decoding=\"async\" width=\"350\" height=\"350\" src=\"https:\/\/meeplendice.net\/wp-content\/uploads\/2022\/01\/HPHB_monstres.png\" class=\"rt-img-responsive \" alt=\"\" \/><\/a><\/div><div class='post-info'><h3 class=\"entry-title\"><a data-id=\"9435\" class=\" tpg-single-popup\" href=\"https:\/\/meeplendice.net\/?page_id=9435\">La Monstrueuse Boite des Monstres<\/a><\/h3><div class='post-meta-user '><\/div><\/div><\/div><\/div><div class=\"rt-col-md-4 rt-col-sm-6 rt-col-xs-12 even-grid-item rt-grid-item img_zoom_in\" data-id=\"9544\"><div class=\"rt-holder\"><div class='overlay'><a data-id='9544' class=' tpg-single-popup' href='https:\/\/meeplendice.net\/?page_id=9544'><img loading=\"lazy\" decoding=\"async\" width=\"350\" height=\"350\" src=\"https:\/\/meeplendice.net\/wp-content\/uploads\/2022\/02\/HPHB_sortileges.png\" class=\"rt-img-responsive \" alt=\"\" \/><\/a><\/div><div class='post-info'><h3 class=\"entry-title\"><a data-id=\"9544\" class=\" tpg-single-popup\" href=\"https:\/\/meeplendice.net\/?page_id=9544\">Sortil\u00e8ges et Potions<\/a><\/h3><div class='post-meta-user '><\/div><\/div><\/div><\/div><\/div><div class='rt-pagination-wrap' data-total-pages='1' data-posts-per-page='3' data-type='pagination_ajax'  ><div class='rt-page-numbers'><\/div><\/div><\/div><\/p>\n<\/div>\n<\/div><\/div><\/div><\/div><div id=\"pg-7122-5\"  class=\"panel-grid panel-no-style\" ><div id=\"pgc-7122-5-0\"  class=\"panel-grid-cell\" ><div id=\"panel-7122-5-0-0\" class=\"so-panel widget widget_sow-editor panel-first-child panel-last-child\" data-index=\"10\" ><div\n\t\t\t\n\t\t\tclass=\"so-widget-sow-editor so-widget-sow-editor-base\"\n\t\t\t\n\t\t>\n<div class=\"siteorigin-widget-tinymce textwidget\">\n\t<hr \/>\n<h3 style=\"text-align: center;\">Pour aller plus loin<\/h3>\n<\/div>\n<\/div><\/div><\/div><\/div><\/div>","protected":false},"excerpt":{"rendered":"<p>Nombre de joueurs : 2 &#8211; 4 (5 avec extension) Dur\u00e9e moyenne : 60 min Age : 10 ans et plus Auteur(s) : Forrest-Pruzan Creative Kami Mandell Andrew Wolf Illustrations : Joe Van Wetering \u00c9dition : USAopoly 2017 Version : Fran\u00e7aise<\/p>\n","protected":false},"author":2,"featured_media":7121,"parent":0,"menu_order":0,"comment_status":"closed","ping_status":"closed","template":"","meta":{"footnotes":""},"class_list":["post-7122","page","type-page","status-publish","has-post-thumbnail","hentry"],"acf":[],"rttpg_featured_image_url":{"full":["https:\/\/meeplendice.net\/wp-content\/uploads\/2020\/09\/HP_Hogwarts_Battle.png",350,350,false],"landscape":["https:\/\/meeplendice.net\/wp-content\/uploads\/2020\/09\/HP_Hogwarts_Battle.png",350,350,false],"portraits":["https:\/\/meeplendice.net\/wp-content\/uploads\/2020\/09\/HP_Hogwarts_Battle.png",350,350,false],"thumbnail":["https:\/\/meeplendice.net\/wp-content\/uploads\/2020\/09\/HP_Hogwarts_Battle-150x150.png",150,150,true],"medium":["https:\/\/meeplendice.net\/wp-content\/uploads\/2020\/09\/HP_Hogwarts_Battle-300x300.png",300,300,true],"large":["https:\/\/meeplendice.net\/wp-content\/uploads\/2020\/09\/HP_Hogwarts_Battle.png",350,350,false],"ug_big":["https:\/\/meeplendice.net\/wp-content\/uploads\/2020\/09\/HP_Hogwarts_Battle.png",350,350,false],"1536x1536":["https:\/\/meeplendice.net\/wp-content\/uploads\/2020\/09\/HP_Hogwarts_Battle.png",350,350,false],"2048x2048":["https:\/\/meeplendice.net\/wp-content\/uploads\/2020\/09\/HP_Hogwarts_Battle.png",350,350,false],"ashe-slider-grid-thumbnail":["https:\/\/meeplendice.net\/wp-content\/uploads\/2020\/09\/HP_Hogwarts_Battle.png",350,350,false],"ashe-full-thumbnail":["https:\/\/meeplendice.net\/wp-content\/uploads\/2020\/09\/HP_Hogwarts_Battle.png",350,350,false],"ashe-grid-thumbnail":["https:\/\/meeplendice.net\/wp-content\/uploads\/2020\/09\/HP_Hogwarts_Battle-350x330.png",350,330,true],"ashe-list-thumbnail":["https:\/\/meeplendice.net\/wp-content\/uploads\/2020\/09\/HP_Hogwarts_Battle-300x300.png",300,300,true],"ashe-single-navigation":["https:\/\/meeplendice.net\/wp-content\/uploads\/2020\/09\/HP_Hogwarts_Battle-75x75.png",75,75,true],"mailpoet_newsletter_max":["https:\/\/meeplendice.net\/wp-content\/uploads\/2020\/09\/HP_Hogwarts_Battle.png",350,350,false],"rpwe-thumbnail":["https:\/\/meeplendice.net\/wp-content\/uploads\/2020\/09\/HP_Hogwarts_Battle-45x45.png",45,45,true],"sow-carousel-default":["https:\/\/meeplendice.net\/wp-content\/uploads\/2020\/09\/HP_Hogwarts_Battle-272x182.png",272,182,true],"rt_custom":["https:\/\/meeplendice.net\/wp-content\/uploads\/2020\/09\/HP_Hogwarts_Battle.png",350,350,false]},"rttpg_author":{"display_name":"Karnby","author_link":"https:\/\/meeplendice.net\/?author=2"},"rttpg_comment":0,"rttpg_category":null,"rttpg_excerpt":"Nombre de joueurs : 2 - 4 (5 avec extension) Dur\u00e9e moyenne : 60 min Age : 10 ans et plus Auteur(s) : Forrest-Pruzan Creative Kami Mandell Andrew Wolf Illustrations : Joe Van Wetering \u00c9dition : USAopoly 2017 Version : Fran\u00e7aise","_links":{"self":[{"href":"https:\/\/meeplendice.net\/index.php?rest_route=\/wp\/v2\/pages\/7122","targetHints":{"allow":["GET"]}}],"collection":[{"href":"https:\/\/meeplendice.net\/index.php?rest_route=\/wp\/v2\/pages"}],"about":[{"href":"https:\/\/meeplendice.net\/index.php?rest_route=\/wp\/v2\/types\/page"}],"author":[{"embeddable":true,"href":"https:\/\/meeplendice.net\/index.php?rest_route=\/wp\/v2\/users\/2"}],"replies":[{"embeddable":true,"href":"https:\/\/meeplendice.net\/index.php?rest_route=%2Fwp%2Fv2%2Fcomments&post=7122"}],"version-history":[{"count":11,"href":"https:\/\/meeplendice.net\/index.php?rest_route=\/wp\/v2\/pages\/7122\/revisions"}],"predecessor-version":[{"id":9558,"href":"https:\/\/meeplendice.net\/index.php?rest_route=\/wp\/v2\/pages\/7122\/revisions\/9558"}],"wp:featuredmedia":[{"embeddable":true,"href":"https:\/\/meeplendice.net\/index.php?rest_route=\/wp\/v2\/media\/7121"}],"wp:attachment":[{"href":"https:\/\/meeplendice.net\/index.php?rest_route=%2Fwp%2Fv2%2Fmedia&parent=7122"}],"curies":[{"name":"wp","href":"https:\/\/api.w.org\/{rel}","templated":true}]}}