{"id":7130,"date":"2020-11-12T14:50:24","date_gmt":"2020-11-12T13:50:24","guid":{"rendered":"http:\/\/meeplendice.net\/?page_id=7130"},"modified":"2022-01-24T14:43:24","modified_gmt":"2022-01-24T13:43:24","slug":"atlantes","status":"publish","type":"page","link":"https:\/\/meeplendice.net\/?page_id=7130","title":{"rendered":"Atlantes"},"content":{"rendered":"<div id=\"pl-7130\"  class=\"panel-layout\" ><div id=\"pg-7130-0\"  class=\"panel-grid panel-no-style\" ><div id=\"pgc-7130-0-0\"  class=\"panel-grid-cell\" ><div id=\"panel-7130-0-0-0\" class=\"so-panel widget widget_sow-editor panel-first-child panel-last-child\" data-index=\"0\" ><div\n\t\t\t\n\t\t\tclass=\"so-widget-sow-editor so-widget-sow-editor-base\"\n\t\t\t\n\t\t>\n<div class=\"siteorigin-widget-tinymce textwidget\">\n\t<p style=\"text-align: center;\"><strong>Nombre de joueurs :<\/strong><br \/>\n1 - 4<\/p>\n<\/div>\n<\/div><\/div><\/div><div id=\"pgc-7130-0-1\"  class=\"panel-grid-cell\" ><div id=\"panel-7130-0-1-0\" class=\"so-panel widget widget_sow-editor panel-first-child panel-last-child\" data-index=\"1\" ><div\n\t\t\t\n\t\t\tclass=\"so-widget-sow-editor so-widget-sow-editor-base\"\n\t\t\t\n\t\t>\n<div class=\"siteorigin-widget-tinymce textwidget\">\n\t<p style=\"text-align: center;\"><strong>Dur\u00e9e moyenne :<\/strong><br \/>\n60 min<\/p>\n<\/div>\n<\/div><\/div><\/div><div id=\"pgc-7130-0-2\"  class=\"panel-grid-cell\" ><div id=\"panel-7130-0-2-0\" class=\"so-panel widget widget_sow-editor panel-first-child panel-last-child\" data-index=\"2\" ><div\n\t\t\t\n\t\t\tclass=\"so-widget-sow-editor so-widget-sow-editor-base\"\n\t\t\t\n\t\t>\n<div class=\"siteorigin-widget-tinymce textwidget\">\n\t<p style=\"text-align: center;\"><strong>Age :<\/strong><br \/>\n14 ans et plus<\/p>\n<\/div>\n<\/div><\/div><\/div><\/div><div id=\"pg-7130-1\"  class=\"panel-grid panel-no-style\" ><div id=\"pgc-7130-1-0\"  class=\"panel-grid-cell\" ><div id=\"panel-7130-1-0-0\" class=\"so-panel widget widget_sow-editor panel-first-child panel-last-child\" data-index=\"3\" ><div\n\t\t\t\n\t\t\tclass=\"so-widget-sow-editor so-widget-sow-editor-base\"\n\t\t\t\n\t\t>\n<div class=\"siteorigin-widget-tinymce textwidget\">\n\t<p style=\"text-align: center;\"><strong>Auteur(s) :<br \/>\n<\/strong>Ivan Tuzovsky<\/p>\n<\/div>\n<\/div><\/div><\/div><div id=\"pgc-7130-1-1\"  class=\"panel-grid-cell\" ><div id=\"panel-7130-1-1-0\" class=\"so-panel widget widget_sow-editor panel-first-child panel-last-child\" data-index=\"4\" ><div\n\t\t\t\n\t\t\tclass=\"so-widget-sow-editor so-widget-sow-editor-base\"\n\t\t\t\n\t\t>\n<div class=\"siteorigin-widget-tinymce textwidget\">\n\t<p style=\"text-align: center;\"><strong>Illustrations :<\/strong><br \/>\nIrina Kuzmina<br \/>\nAndrew Modestov<br \/>\nOleg Proshin<\/p>\n<\/div>\n<\/div><\/div><\/div><div id=\"pgc-7130-1-2\"  class=\"panel-grid-cell\" ><div id=\"panel-7130-1-2-0\" class=\"so-panel widget widget_sow-editor panel-first-child panel-last-child\" data-index=\"5\" ><div\n\t\t\t\n\t\t\tclass=\"so-widget-sow-editor so-widget-sow-editor-base\"\n\t\t\t\n\t\t>\n<div class=\"siteorigin-widget-tinymce textwidget\">\n\t<p style=\"text-align: center;\"><strong>\u00c9dition :<\/strong><br \/>\nGigamic<br \/>\n2020<\/p>\n<\/div>\n<\/div><\/div><\/div><div id=\"pgc-7130-1-3\"  class=\"panel-grid-cell\" ><div id=\"panel-7130-1-3-0\" class=\"so-panel widget widget_sow-editor panel-first-child panel-last-child\" data-index=\"6\" ><div\n\t\t\t\n\t\t\tclass=\"so-widget-sow-editor so-widget-sow-editor-base\"\n\t\t\t\n\t\t>\n<div class=\"siteorigin-widget-tinymce textwidget\">\n\t<p style=\"text-align: center;\"><strong>Version :<\/strong><br \/>\nFran\u00e7aise<\/p>\n<\/div>\n<\/div><\/div><\/div><\/div><div id=\"pg-7130-2\"  class=\"panel-grid panel-no-style\" ><div id=\"pgc-7130-2-0\"  class=\"panel-grid-cell\" ><div id=\"panel-7130-2-0-0\" class=\"so-panel widget widget_sow-editor panel-first-child panel-last-child\" data-index=\"7\" ><div\n\t\t\t\n\t\t\tclass=\"so-widget-sow-editor so-widget-sow-editor-base\"\n\t\t\t\n\t\t>\n<div class=\"siteorigin-widget-tinymce textwidget\">\n\t<hr \/>\n<p><em>Les eaux\u00a0 profondes de l'oc\u00e9an abritent nombre de secrets et de formes de vie inconnues. Depuis des si\u00e8cles, les Grands Royaumes des Atlantes prosp\u00e8rent sous la surface : une civilisation sous-marine qui \u00e9l\u00e8ve ses enfants et construit son monde parmi les requins, les baleines et les coraux. Apr\u00e8s une fabuleuse \u00e8re de paix et de prosp\u00e9rit\u00e9, les ressources viennent \u00e0 manquer. Pour en trouver de nouvelles, une seule solution : explorer les tr\u00e9fonds des abysses de l'oc\u00e9an.<\/em><\/p>\n<p>Devenez l'un des puissants rois des oc\u00e9ans, luttant pour apporter la gloire \u00e0 son royaume. Pour gagner, vous devez conqu\u00e9rir ou acheter des lieux, recruter de nouveaux personnages et atteindre vos objectifs. Pour cela, jouez des cartes de vos mains (chacune avec un ensemble d'actions uniques) et combinez-les au mieux : avec une bonne strat\u00e9gie, vous pourrez effectuer jusqu'\u00e0 10 actions d'affil\u00e9e durant votre tour. Vous rencontrerez de nombreuses cr\u00e9atures oc\u00e9aniques myst\u00e9rieuses. Gr\u00e2ce \u00e0 leur aide, vous explorerez les lieux inconnus et ferez remonter les ressources trouv\u00e9es dans le profondeurs de l'oc\u00e9an jusqu'\u00e0 votre royaume. Cette remont\u00e9e m\u00e9caniquement \u00e0 l'aide d'un plateau de jeu unique permettant de faire progresser les cartes.<\/p>\n<p>Atlantes est un jeu de gestion de main et de combo profond mais simple \u00e0 appr\u00e9hender dans un univers particuli\u00e8rement immersif.<\/p>\n<\/div>\n<\/div><\/div><\/div><\/div><div id=\"pg-7130-3\"  class=\"panel-grid panel-no-style\" ><div id=\"pgc-7130-3-0\"  class=\"panel-grid-cell\" ><div id=\"panel-7130-3-0-0\" class=\"so-panel widget widget_sow-editor panel-first-child panel-last-child\" data-index=\"8\" ><div\n\t\t\t\n\t\t\tclass=\"so-widget-sow-editor so-widget-sow-editor-base\"\n\t\t\t\n\t\t>\n<div class=\"siteorigin-widget-tinymce textwidget\">\n\t<hr \/>\n<h3 style=\"text-align: center;\">En vid\u00e9o<\/h3>\n<\/div>\n<\/div><\/div><\/div><\/div><div id=\"pg-7130-4\"  class=\"panel-grid panel-no-style\" ><div id=\"pgc-7130-4-0\"  class=\"panel-grid-cell\" ><div id=\"panel-7130-4-0-0\" class=\"so-panel widget widget_sow-editor panel-first-child panel-last-child\" data-index=\"9\" ><div\n\t\t\t\n\t\t\tclass=\"so-widget-sow-editor so-widget-sow-editor-base\"\n\t\t\t\n\t\t>\n<div class=\"siteorigin-widget-tinymce textwidget\">\n\t<hr \/>\n<h3 style=\"text-align: center;\">Extension(s)<style type='text\/css' media='all'>#rt-tpg-container-3859698911 .read-more a{border-radius:px;}#rt-tpg-container-3859698911 .rt-img-holder img.rt-img-responsive,#rt-tpg-container-3859698911 .rt-img-holder,\n\t\t\t\t\t#rt-tpg-container-3859698911 .rt-post-overlay .post-img,\n\t\t\t\t\t#rt-tpg-container-3859698911 .post-sm .post-img,\n\t\t\t\t\t#rt-tpg-container-3859698911 .rt-post-grid .post-img,\n\t\t\t\t\t#rt-tpg-container-3859698911 .post-img img {border-radius:px;}#rt-tpg-container-3859698911 .layout9 .rt-holder h2.entry-title,\n\t\t\t\t\t#rt-tpg-container-3859698911 .layout9 .rt-holder h3.entry-title,\n\t\t\t\t\t#rt-tpg-container-3859698911 .layout9 .rt-holder h4.entry-title,\n\t\t\t\t\t#rt-tpg-container-3859698911 .layout9 .rt-holder h2.entry-title a,\n\t\t\t\t\t#rt-tpg-container-3859698911 .layout9 .rt-holder h3.entry-title a,\n\t\t\t\t\t#rt-tpg-container-3859698911 .layout9 .rt-holder h4.entry-title a,\n\t\t\t\t\t#rt-tpg-container-3859698911 .rt-holder .rt-woo-info h2 a,\n\t\t\t\t\t#rt-tpg-container-3859698911 .rt-holder .rt-woo-info h3 a,\n\t\t\t\t\t#rt-tpg-container-3859698911 .rt-holder .rt-woo-info h4 a,\n\t\t\t\t\t#rt-tpg-container-3859698911 .post-content .post-title,\n\t\t\t\t\t#rt-tpg-container-3859698911 .rt-post-grid .post-title,\n\t\t\t\t\t#rt-tpg-container-3859698911 .rt-post-grid .post-title a,\n\t\t\t\t\t#rt-tpg-container-3859698911 .post-content .post-title a,\n\t\t\t\t\t#rt-tpg-container-3859698911 .rt-holder .rt-woo-info h2,\n\t\t\t\t\t#rt-tpg-container-3859698911 .rt-holder .rt-woo-info h3,\n\t\t\t\t\t#rt-tpg-container-3859698911 .rt-holder .rt-woo-info h4{font-size:16px;line-height:26px;font-weight:normal;text-align:center;}#rt-tpg-container-3859698911 .post-grid-lg-style-1 .post-title,\n\t\t\t\t\t\t#rt-tpg-container-3859698911 .post-grid-lg-style-1 .post-title a,\n\t\t\t\t\t\t#rt-tpg-container-3859698911 .big-layout .post-title,\n\t\t\t\t\t\t#rt-tpg-container-3859698911 .big-layout .post-title a,\n\t\t\t\t\t\t#rt-tpg-container-3859698911 .post-grid-lg-style-1 .post-title,\n\t\t\t\t\t\t#rt-tpg-container-3859698911 .post-grid-lg-style-1 .post-title a {font-size:24px;line-height:34px;}<\/style><div class='rt-container-fluid rt-tpg-container tpg-shortcode-main-wrapper ' id='rt-tpg-container-3859698911'   data-layout='layout9' data-grid-style='even' data-desktop-col='3'  data-tab-col='2'  data-mobile-col='1' data-sc-id='9314'><div data-title='Loading ...' class='rt-row rt-content-loader   layout9 tpg-even '><div class=\"rt-col-md-4 rt-col-sm-6 rt-col-xs-12 even-grid-item rt-grid-item img_zoom_in\" data-id=\"9329\"><div class=\"rt-holder\"><div class='overlay'><a data-id='9329' class=' tpg-single-popup' href='https:\/\/meeplendice.net\/?page_id=9329'><img loading=\"lazy\" decoding=\"async\" width=\"350\" height=\"350\" src=\"https:\/\/meeplendice.net\/wp-content\/uploads\/2021\/12\/Atlantes_Eauxglacees.png\" class=\"rt-img-responsive \" alt=\"\" \/><\/a><\/div><div class='post-info'><h3 class=\"entry-title\"><a data-id=\"9329\" class=\" tpg-single-popup\" href=\"https:\/\/meeplendice.net\/?page_id=9329\">Eaux Glac\u00e9es<\/a><\/h3><div class='post-meta-user '><\/div><\/div><\/div><\/div><\/div><div class='rt-pagination-wrap' data-total-pages='1' data-posts-per-page='3' data-type='pagination_ajax'  ><div class='rt-page-numbers'><\/div><\/div><\/div><\/h3>\n<\/div>\n<\/div><\/div><\/div><\/div><div id=\"pg-7130-5\"  class=\"panel-grid panel-no-style\" ><div id=\"pgc-7130-5-0\"  class=\"panel-grid-cell\" ><div id=\"panel-7130-5-0-0\" class=\"so-panel widget widget_sow-editor panel-first-child panel-last-child\" data-index=\"10\" ><div\n\t\t\t\n\t\t\tclass=\"so-widget-sow-editor so-widget-sow-editor-base\"\n\t\t\t\n\t\t>\n<div class=\"siteorigin-widget-tinymce textwidget\">\n\t<hr \/>\n<h3 style=\"text-align: center;\">Pour aller plus loin<\/h3>\n<\/div>\n<\/div><\/div><\/div><\/div><\/div>","protected":false},"excerpt":{"rendered":"<p>Nombre de joueurs : 1 &#8211; 4 Dur\u00e9e moyenne : 60 min Age : 14 ans et plus Auteur(s) : Ivan Tuzovsky Illustrations : Irina Kuzmina Andrew Modestov Oleg Proshin \u00c9dition : Gigamic 2020 Version : Fran\u00e7aise<\/p>\n","protected":false},"author":2,"featured_media":7140,"parent":0,"menu_order":0,"comment_status":"closed","ping_status":"closed","template":"","meta":{"footnotes":""},"class_list":["post-7130","page","type-page","status-publish","has-post-thumbnail","hentry"],"acf":[],"rttpg_featured_image_url":{"full":["https:\/\/meeplendice.net\/wp-content\/uploads\/2020\/11\/Atlantes.png",350,350,false],"landscape":["https:\/\/meeplendice.net\/wp-content\/uploads\/2020\/11\/Atlantes.png",350,350,false],"portraits":["https:\/\/meeplendice.net\/wp-content\/uploads\/2020\/11\/Atlantes.png",350,350,false],"thumbnail":["https:\/\/meeplendice.net\/wp-content\/uploads\/2020\/11\/Atlantes-150x150.png",150,150,true],"medium":["https:\/\/meeplendice.net\/wp-content\/uploads\/2020\/11\/Atlantes-300x300.png",300,300,true],"large":["https:\/\/meeplendice.net\/wp-content\/uploads\/2020\/11\/Atlantes.png",350,350,false],"ug_big":["https:\/\/meeplendice.net\/wp-content\/uploads\/2020\/11\/Atlantes.png",350,350,false],"1536x1536":["https:\/\/meeplendice.net\/wp-content\/uploads\/2020\/11\/Atlantes.png",350,350,false],"2048x2048":["https:\/\/meeplendice.net\/wp-content\/uploads\/2020\/11\/Atlantes.png",350,350,false],"ashe-slider-grid-thumbnail":["https:\/\/meeplendice.net\/wp-content\/uploads\/2020\/11\/Atlantes.png",350,350,false],"ashe-full-thumbnail":["https:\/\/meeplendice.net\/wp-content\/uploads\/2020\/11\/Atlantes.png",350,350,false],"ashe-grid-thumbnail":["https:\/\/meeplendice.net\/wp-content\/uploads\/2020\/11\/Atlantes-350x330.png",350,330,true],"ashe-list-thumbnail":["https:\/\/meeplendice.net\/wp-content\/uploads\/2020\/11\/Atlantes-300x300.png",300,300,true],"ashe-single-navigation":["https:\/\/meeplendice.net\/wp-content\/uploads\/2020\/11\/Atlantes-75x75.png",75,75,true],"mailpoet_newsletter_max":["https:\/\/meeplendice.net\/wp-content\/uploads\/2020\/11\/Atlantes.png",350,350,false],"rpwe-thumbnail":["https:\/\/meeplendice.net\/wp-content\/uploads\/2020\/11\/Atlantes-45x45.png",45,45,true],"sow-carousel-default":["https:\/\/meeplendice.net\/wp-content\/uploads\/2020\/11\/Atlantes-272x182.png",272,182,true],"rt_custom":["https:\/\/meeplendice.net\/wp-content\/uploads\/2020\/11\/Atlantes.png",350,350,false]},"rttpg_author":{"display_name":"Karnby","author_link":"https:\/\/meeplendice.net\/?author=2"},"rttpg_comment":0,"rttpg_category":null,"rttpg_excerpt":"Nombre de joueurs : 1 - 4 Dur\u00e9e moyenne : 60 min Age : 14 ans et plus Auteur(s) : Ivan Tuzovsky Illustrations : Irina Kuzmina Andrew Modestov Oleg Proshin \u00c9dition : Gigamic 2020 Version : Fran\u00e7aise","_links":{"self":[{"href":"https:\/\/meeplendice.net\/index.php?rest_route=\/wp\/v2\/pages\/7130","targetHints":{"allow":["GET"]}}],"collection":[{"href":"https:\/\/meeplendice.net\/index.php?rest_route=\/wp\/v2\/pages"}],"about":[{"href":"https:\/\/meeplendice.net\/index.php?rest_route=\/wp\/v2\/types\/page"}],"author":[{"embeddable":true,"href":"https:\/\/meeplendice.net\/index.php?rest_route=\/wp\/v2\/users\/2"}],"replies":[{"embeddable":true,"href":"https:\/\/meeplendice.net\/index.php?rest_route=%2Fwp%2Fv2%2Fcomments&post=7130"}],"version-history":[{"count":12,"href":"https:\/\/meeplendice.net\/index.php?rest_route=\/wp\/v2\/pages\/7130\/revisions"}],"predecessor-version":[{"id":9497,"href":"https:\/\/meeplendice.net\/index.php?rest_route=\/wp\/v2\/pages\/7130\/revisions\/9497"}],"wp:featuredmedia":[{"embeddable":true,"href":"https:\/\/meeplendice.net\/index.php?rest_route=\/wp\/v2\/media\/7140"}],"wp:attachment":[{"href":"https:\/\/meeplendice.net\/index.php?rest_route=%2Fwp%2Fv2%2Fmedia&parent=7130"}],"curies":[{"name":"wp","href":"https:\/\/api.w.org\/{rel}","templated":true}]}}