{"id":7164,"date":"2020-11-13T14:21:22","date_gmt":"2020-11-13T13:21:22","guid":{"rendered":"http:\/\/meeplendice.net\/?page_id=7164"},"modified":"2020-11-13T14:37:25","modified_gmt":"2020-11-13T13:37:25","slug":"7164-2","status":"publish","type":"page","link":"https:\/\/meeplendice.net\/?page_id=7164","title":{"rendered":"Kitara"},"content":{"rendered":"<div id=\"pl-7164\"  class=\"panel-layout\" ><div id=\"pg-7164-0\"  class=\"panel-grid panel-no-style\" ><div id=\"pgc-7164-0-0\"  class=\"panel-grid-cell\" ><div id=\"panel-7164-0-0-0\" class=\"so-panel widget widget_sow-editor panel-first-child panel-last-child\" data-index=\"0\" ><div\n\t\t\t\n\t\t\tclass=\"so-widget-sow-editor so-widget-sow-editor-base\"\n\t\t\t\n\t\t>\n<div class=\"siteorigin-widget-tinymce textwidget\">\n\t<p style=\"text-align: center;\"><strong>Nombre de joueurs :<\/strong><br \/>\n2 - 4<\/p>\n<\/div>\n<\/div><\/div><\/div><div id=\"pgc-7164-0-1\"  class=\"panel-grid-cell\" ><div id=\"panel-7164-0-1-0\" class=\"so-panel widget widget_sow-editor panel-first-child panel-last-child\" data-index=\"1\" ><div\n\t\t\t\n\t\t\tclass=\"so-widget-sow-editor so-widget-sow-editor-base\"\n\t\t\t\n\t\t>\n<div class=\"siteorigin-widget-tinymce textwidget\">\n\t<p style=\"text-align: center;\"><strong>Dur\u00e9e moyenne :<\/strong><br \/>\n40 min<\/p>\n<\/div>\n<\/div><\/div><\/div><div id=\"pgc-7164-0-2\"  class=\"panel-grid-cell\" ><div id=\"panel-7164-0-2-0\" class=\"so-panel widget widget_sow-editor panel-first-child panel-last-child\" data-index=\"2\" ><div\n\t\t\t\n\t\t\tclass=\"so-widget-sow-editor so-widget-sow-editor-base\"\n\t\t\t\n\t\t>\n<div class=\"siteorigin-widget-tinymce textwidget\">\n\t<p style=\"text-align: center;\"><strong>Age :<\/strong><br \/>\n10 ans et plus<\/p>\n<\/div>\n<\/div><\/div><\/div><\/div><div id=\"pg-7164-1\"  class=\"panel-grid panel-no-style\" ><div id=\"pgc-7164-1-0\"  class=\"panel-grid-cell\" ><div id=\"panel-7164-1-0-0\" class=\"so-panel widget widget_sow-editor panel-first-child panel-last-child\" data-index=\"3\" ><div\n\t\t\t\n\t\t\tclass=\"so-widget-sow-editor so-widget-sow-editor-base\"\n\t\t\t\n\t\t>\n<div class=\"siteorigin-widget-tinymce textwidget\">\n\t<p style=\"text-align: center;\"><strong>Auteur(s) :<br \/>\n<\/strong>Eric B. Vogel<\/p>\n<\/div>\n<\/div><\/div><\/div><div id=\"pgc-7164-1-1\"  class=\"panel-grid-cell\" ><div id=\"panel-7164-1-1-0\" class=\"so-panel widget widget_sow-editor panel-first-child panel-last-child\" data-index=\"4\" ><div\n\t\t\t\n\t\t\tclass=\"so-widget-sow-editor so-widget-sow-editor-base\"\n\t\t\t\n\t\t>\n<div class=\"siteorigin-widget-tinymce textwidget\">\n\t<p style=\"text-align: center;\"><strong>Illustrations :<\/strong><br \/>\nMiguel Coimbra<\/p>\n<\/div>\n<\/div><\/div><\/div><div id=\"pgc-7164-1-2\"  class=\"panel-grid-cell\" ><div id=\"panel-7164-1-2-0\" class=\"so-panel widget widget_sow-editor panel-first-child panel-last-child\" data-index=\"5\" ><div\n\t\t\t\n\t\t\tclass=\"so-widget-sow-editor so-widget-sow-editor-base\"\n\t\t\t\n\t\t>\n<div class=\"siteorigin-widget-tinymce textwidget\">\n\t<p style=\"text-align: center;\"><strong>\u00c9dition :<\/strong><br \/>\nIello<br \/>\n2020<\/p>\n<\/div>\n<\/div><\/div><\/div><div id=\"pgc-7164-1-3\"  class=\"panel-grid-cell\" ><div id=\"panel-7164-1-3-0\" class=\"so-panel widget widget_sow-editor panel-first-child panel-last-child\" data-index=\"6\" ><div\n\t\t\t\n\t\t\tclass=\"so-widget-sow-editor so-widget-sow-editor-base\"\n\t\t\t\n\t\t>\n<div class=\"siteorigin-widget-tinymce textwidget\">\n\t<p style=\"text-align: center;\"><strong>Version :<\/strong><br \/>\nFran\u00e7aise<\/p>\n<\/div>\n<\/div><\/div><\/div><\/div><div id=\"pg-7164-2\"  class=\"panel-grid panel-no-style\" ><div id=\"pgc-7164-2-0\"  class=\"panel-grid-cell\" ><div id=\"panel-7164-2-0-0\" class=\"so-panel widget widget_sow-editor panel-first-child panel-last-child\" data-index=\"7\" ><div\n\t\t\t\n\t\t\tclass=\"so-widget-sow-editor so-widget-sow-editor-base\"\n\t\t\t\n\t\t>\n<div class=\"siteorigin-widget-tinymce textwidget\">\n\t<hr \/>\n<p><em>\" \u00c9coute, Msafiri, l\u2019histoire de Kitara... \"<br \/>\n<\/em><\/p>\n<p><em>Il y a bien des si\u00e8cles de cela, un vaste Empire prosp\u00e9rait sur les terres des Grands Lacs d\u2019Afrique. Fond\u00e9 par la dynastie des Rois Bacwezi, l\u2019Empire Kitara avait apport\u00e9 la paix, l\u2019architecture, le travail du fer et l\u2019\u00e9levage des troupeaux de vaches Ankol\u00e9. H\u00e9las, apr\u00e8s trois g\u00e9n\u00e9rations, les Bacwezi disparurent. Comme un triste symbole de l\u2019Empire morcel\u00e9 en Royaumes ind\u00e9pendants, les somptueux Palais tomb\u00e8rent peu \u00e0 peu en ruines. Aujourd\u2019hui, les Royaumes se d\u00e9chirent et luttent pour s\u2019\u00e9tendre. Lequel d\u2019entre eux parviendra \u00e0 faire rena\u00eetre Kitara, l\u2019Empire de Lumi\u00e8re, sur les cendres des Bacwezi ?<\/em><\/p>\n<p>Kitara est un jeu de strat\u00e9gie fluide et accessible bas\u00e9 sur le mouvement des troupes et le choix de la meilleure strat\u00e9gie \u00e0 adopter pour chaque tour de jeu. D\u00e9fiez vos adversaires, repoussez vos fronti\u00e8res, et imposez-vous comme nouvel Empereur !<\/p>\n<\/div>\n<\/div><\/div><\/div><\/div><div id=\"pg-7164-3\"  class=\"panel-grid panel-no-style\" ><div id=\"pgc-7164-3-0\"  class=\"panel-grid-cell\" ><div id=\"panel-7164-3-0-0\" class=\"so-panel widget widget_sow-editor panel-first-child panel-last-child\" data-index=\"8\" ><div\n\t\t\t\n\t\t\tclass=\"so-widget-sow-editor so-widget-sow-editor-base\"\n\t\t\t\n\t\t>\n<div class=\"siteorigin-widget-tinymce textwidget\">\n\t<hr \/>\n<p style=\"text-align: center;\"><strong>En vid\u00e9o<\/strong><\/p>\n<\/div>\n<\/div><\/div><\/div><\/div><div id=\"pg-7164-4\"  class=\"panel-grid panel-no-style\" ><div id=\"pgc-7164-4-0\"  class=\"panel-grid-cell\" ><div id=\"panel-7164-4-0-0\" class=\"so-panel widget widget_sow-editor panel-first-child panel-last-child\" data-index=\"9\" ><div\n\t\t\t\n\t\t\tclass=\"so-widget-sow-editor so-widget-sow-editor-base\"\n\t\t\t\n\t\t>\n<div class=\"siteorigin-widget-tinymce textwidget\">\n\t<hr \/>\n<p style=\"text-align: center;\"><strong>Pour aller plus loin<\/strong><\/p>\n<\/div>\n<\/div><\/div><\/div><\/div><\/div>","protected":false},"excerpt":{"rendered":"<p>Nombre de joueurs : 2 &#8211; 4 Dur\u00e9e moyenne : 40 min Age : 10 ans et plus Auteur(s) : Eric B. Vogel Illustrations : Miguel Coimbra \u00c9dition : Iello 2020 Version : Fran\u00e7aise<\/p>\n","protected":false},"author":2,"featured_media":7136,"parent":0,"menu_order":0,"comment_status":"closed","ping_status":"closed","template":"","meta":{"footnotes":""},"class_list":["post-7164","page","type-page","status-publish","has-post-thumbnail","hentry"],"acf":[],"rttpg_featured_image_url":{"full":["https:\/\/meeplendice.net\/wp-content\/uploads\/2020\/11\/Kitara.png",350,350,false],"landscape":["https:\/\/meeplendice.net\/wp-content\/uploads\/2020\/11\/Kitara.png",350,350,false],"portraits":["https:\/\/meeplendice.net\/wp-content\/uploads\/2020\/11\/Kitara.png",350,350,false],"thumbnail":["https:\/\/meeplendice.net\/wp-content\/uploads\/2020\/11\/Kitara-150x150.png",150,150,true],"medium":["https:\/\/meeplendice.net\/wp-content\/uploads\/2020\/11\/Kitara-300x300.png",300,300,true],"large":["https:\/\/meeplendice.net\/wp-content\/uploads\/2020\/11\/Kitara.png",350,350,false],"ug_big":["https:\/\/meeplendice.net\/wp-content\/uploads\/2020\/11\/Kitara.png",350,350,false],"1536x1536":["https:\/\/meeplendice.net\/wp-content\/uploads\/2020\/11\/Kitara.png",350,350,false],"2048x2048":["https:\/\/meeplendice.net\/wp-content\/uploads\/2020\/11\/Kitara.png",350,350,false],"ashe-slider-grid-thumbnail":["https:\/\/meeplendice.net\/wp-content\/uploads\/2020\/11\/Kitara.png",350,350,false],"ashe-full-thumbnail":["https:\/\/meeplendice.net\/wp-content\/uploads\/2020\/11\/Kitara.png",350,350,false],"ashe-grid-thumbnail":["https:\/\/meeplendice.net\/wp-content\/uploads\/2020\/11\/Kitara-350x330.png",350,330,true],"ashe-list-thumbnail":["https:\/\/meeplendice.net\/wp-content\/uploads\/2020\/11\/Kitara-300x300.png",300,300,true],"ashe-single-navigation":["https:\/\/meeplendice.net\/wp-content\/uploads\/2020\/11\/Kitara-75x75.png",75,75,true],"mailpoet_newsletter_max":["https:\/\/meeplendice.net\/wp-content\/uploads\/2020\/11\/Kitara.png",350,350,false],"rpwe-thumbnail":["https:\/\/meeplendice.net\/wp-content\/uploads\/2020\/11\/Kitara-45x45.png",45,45,true],"sow-carousel-default":["https:\/\/meeplendice.net\/wp-content\/uploads\/2020\/11\/Kitara-272x182.png",272,182,true],"rt_custom":["https:\/\/meeplendice.net\/wp-content\/uploads\/2020\/11\/Kitara.png",350,350,false]},"rttpg_author":{"display_name":"Karnby","author_link":"https:\/\/meeplendice.net\/?author=2"},"rttpg_comment":0,"rttpg_category":null,"rttpg_excerpt":"Nombre de joueurs : 2 - 4 Dur\u00e9e moyenne : 40 min Age : 10 ans et plus Auteur(s) : Eric B. Vogel Illustrations : Miguel Coimbra \u00c9dition : Iello 2020 Version : Fran\u00e7aise","_links":{"self":[{"href":"https:\/\/meeplendice.net\/index.php?rest_route=\/wp\/v2\/pages\/7164","targetHints":{"allow":["GET"]}}],"collection":[{"href":"https:\/\/meeplendice.net\/index.php?rest_route=\/wp\/v2\/pages"}],"about":[{"href":"https:\/\/meeplendice.net\/index.php?rest_route=\/wp\/v2\/types\/page"}],"author":[{"embeddable":true,"href":"https:\/\/meeplendice.net\/index.php?rest_route=\/wp\/v2\/users\/2"}],"replies":[{"embeddable":true,"href":"https:\/\/meeplendice.net\/index.php?rest_route=%2Fwp%2Fv2%2Fcomments&post=7164"}],"version-history":[{"count":6,"href":"https:\/\/meeplendice.net\/index.php?rest_route=\/wp\/v2\/pages\/7164\/revisions"}],"predecessor-version":[{"id":7171,"href":"https:\/\/meeplendice.net\/index.php?rest_route=\/wp\/v2\/pages\/7164\/revisions\/7171"}],"wp:featuredmedia":[{"embeddable":true,"href":"https:\/\/meeplendice.net\/index.php?rest_route=\/wp\/v2\/media\/7136"}],"wp:attachment":[{"href":"https:\/\/meeplendice.net\/index.php?rest_route=%2Fwp%2Fv2%2Fmedia&parent=7164"}],"curies":[{"name":"wp","href":"https:\/\/api.w.org\/{rel}","templated":true}]}}